{"id":7471,"date":"2021-12-03T07:24:27","date_gmt":"2021-12-03T07:24:27","guid":{"rendered":"https:\/\/www.inventec.dehon.com\/informations-juridiques-et-avis-de-confidentialite\/"},"modified":"2021-12-03T07:48:42","modified_gmt":"2021-12-03T07:48:42","slug":"informations-juridiques-et-avis-de-confidentialite","status":"publish","type":"page","link":"https:\/\/www.inventec.dehon.com\/fr\/informations-juridiques-et-avis-de-confidentialite\/","title":{"rendered":"Informations juridiques et avis de confidentialit\u00e9"},"content":{"rendered":"<p><strong>Le site que vous consultez actuellement est la propri\u00e9t\u00e9 de :  <\/strong><br \/>\nINVENTEC PERFORMANCE CHEMICALS SAS &#8211; 26 Rue des Coulons 94 360 Bry sur marne, France<br \/>\nCapital social : 600 000 \u20ac.<br \/>\nN\u00b0 de SIREN : 964 500 706 Creteil<br \/>\nAdresse \u00e9lectronique de contact : dpo@ dehon.com<br \/>\nN\u00b0 de TVA intracommunautaire FR 84 964 500 706<\/p>\n<p><span style=\"text-decoration: underline;\">Liens vers d&rsquo;autres sites<\/span><br \/>\nLes sites propos\u00e9s en liens sur le site de Inventec sont cr\u00e9\u00e9s par des soci\u00e9t\u00e9s ou des personnes sur lesquelles Inventec n&rsquo;a aucun contr\u00f4le. Par cons\u00e9quent, ces sites peuvent placer leurs propres cookies sur les ordinateurs des personnes qui visitent le site Inventec et peuvent collecter (ou solliciter) des donn\u00e9es personnelles. La soci\u00e9t\u00e9 Inventec ne peut \u00eatre tenue responsable du contenu de ces sites et de l&rsquo;usage qui peut en \u00eatre fait par les utilisateurs. Propri\u00e9t\u00e9 intellectuelle L&rsquo;acc\u00e8s \u00e0 notre site vous conf\u00e8re un droit priv\u00e9 et non exclusif d&rsquo;utiliser ce site. L&rsquo;ensemble des \u00e9l\u00e9ments \u00e9dit\u00e9s sur ce site, notamment les textes, photographies, graphismes, logos, marques&#8230; constituent des \u0153uvres au sens du Code de la propri\u00e9t\u00e9 intellectuelle. En cons\u00e9quence, toute repr\u00e9sentation ou reproduction, int\u00e9grale ou partielle, qui pourrait \u00eatre faite sans le consentement de leurs auteurs ou de leurs ayants droit, est illicite.<\/p>\n<p>H\u00e9bergement : SAS en ligne<br \/>\nSoci\u00e9t\u00e9 par Actions Simplifi\u00e9e au capital de 214 410,50 Euros<br \/>\nSIREN : 433 115 904 RCS Paris &#8211; N\u00b0 TVA : FR 35 433115904<br \/>\nSi\u00e8ge social : 8 rue de la Ville l&rsquo;Ev\u00eaque, 75008 Paris, France<\/p>\n<p>&nbsp;<\/p>\n<h3>Politique de confidentialit\u00e9<\/h3>\n<h5>1. L&rsquo;importance de la protection des donn\u00e9es \u00e0 caract\u00e8re personnel<\/h5>\n<p>INVENTEC PERFORMANCE CHEMICALS SAS (\u00e9tablie 26 rue des Coulons &#8211; 94 360 Bry Sur Marne et immatricul\u00e9e sous le num\u00e9ro 964 500 706 au registre du commerce de Cr\u00e9teil) s&rsquo;engage \u00e0 respecter votre vie priv\u00e9e. Ce document est donc destin\u00e9 \u00e0 vous informer de nos pratiques en mati\u00e8re de collecte, d&rsquo;utilisation et de partage des donn\u00e9es personnelles (les Donn\u00e9es). Si vous avez des questions sur notre politique, vous pouvez \u00e9galement nous contacter \u00e0 l&rsquo;adresse postale ci-dessus ou \u00e0 l&rsquo;adresse \u00e9lectronique suivante : dpo@ dehon.com.<\/p>\n<h5>2. Les donn\u00e9es trait\u00e9es<\/h5>\n<p>Dans le cadre de nos activit\u00e9s et en fonction de la nature des services que nous sommes susceptibles de vous fournir, nous pouvons \u00eatre amen\u00e9s \u00e0 traiter les Donn\u00e9es suivantes vous concernant : le nom et le pr\u00e9nom ; la fonction occup\u00e9e dans l&rsquo;entreprise ; la raison sociale ; votre adresse e-mail ; le num\u00e9ro de t\u00e9l\u00e9phone professionnel ; l&rsquo;adresse professionnelle ; la ville ; le code postal ; le pays et, de mani\u00e8re g\u00e9n\u00e9rale, toute information que vous pourriez nous fournir volontairement.<\/p>\n<h5>3. Les finalit\u00e9s du traitement de ces donn\u00e9es<\/h5>\n<p>Nous traitons vos donn\u00e9es aux fins suivantes :<\/p>\n<ul>\n<li>Analyser et am\u00e9liorer en permanence nos services et nos offres ;<\/li>\n<li>Effectuer les op\u00e9rations li\u00e9es \u00e0 la gestion de nos clients et de nos commandes ;<\/li>\n<li>Communiquer avec vous pour vous fournir des informations sur nos produits et services ;<\/li>\n<li>\u00c9valuer la satisfaction des utilisateurs de notre site web ou de nos services ;<\/li>\n<li>\u00c9laborer des statistiques commerciales ;<\/li>\n<li>G\u00e9rer et prot\u00e9ger nos activit\u00e9s et nos sites ;<\/li>\n<li>G\u00e9rer et administrer nos activit\u00e9s ;<\/li>\n<li>G\u00e9rer et maintenir nos bases de donn\u00e9es ;<\/li>\n<li>Respecter et \u00e9valuer la conformit\u00e9 r\u00e9glementaire. Outre les cas o\u00f9 votre consentement a \u00e9t\u00e9 obtenu, le traitement de vos donn\u00e9es pour les diff\u00e9rentes finalit\u00e9s mentionn\u00e9es ci-dessus est n\u00e9cessaire :\n<ul>\n<li>pour assurer l&rsquo;ex\u00e9cution d&rsquo;un contrat,<\/li>\n<li>pour se conformer \u00e0 une obligation l\u00e9gale,<\/li>\n<li>aux fins d&rsquo;int\u00e9r\u00eats commerciaux l\u00e9gitimes (notamment le d\u00e9veloppement de nouveaux services et offres, l&rsquo;am\u00e9lioration du service \u00e0 la client\u00e8le, la communication avec nos clients et partenaires, la s\u00e9curisation de nos biens et personnes&#8230;).<\/li>\n<\/ul>\n<\/li>\n<\/ul>\n<h5>4. Vos droits<\/h5>\n<p>Sur votre demande, nous vous fournirons une copie de toutes vos donn\u00e9es et de toutes les informations l\u00e9galement requises. Dans le cas o\u00f9 la collecte de vos donn\u00e9es est bas\u00e9e sur votre consentement, vous pouvez retirer ce consentement \u00e0 tout moment. Vous pouvez aussi demander :<\/p>\n<ul>\n<li>de corriger vos Donn\u00e9es si elles s&rsquo;av\u00e8rent inexactes, incompl\u00e8tes ou obsol\u00e8tes ;<\/li>\n<li>de supprimer vos donn\u00e9es dans certaines circonstances. Veuillez noter que nous pouvons nous y opposer, notamment en cas d&rsquo;int\u00e9r\u00eat l\u00e9gitime ou pour satisfaire \u00e0 une obligation l\u00e9gale ;<\/li>\n<li>de limiter le traitement de vos Donn\u00e9es, notamment en cas de contestation de l&rsquo;exactitude des Donn\u00e9es ou en cas d&rsquo;utilisation illicite.<\/li>\n<\/ul>\n<p>Vous pouvez toujours vous opposer, sans avoir \u00e0 le justifier, au traitement de vos Donn\u00e9es \u00e0 des fins de prospection commerciale et, sous r\u00e9serve de motifs l\u00e9gitimes, \u00e0 tout traitement.<\/p>\n<p>Vous pouvez exercer vos droits en envoyant simplement un courrier \u00e9lectronique \u00e0 l&rsquo;adresse indiqu\u00e9e ci-dessus, qui doit comprendre une copie lisible de votre pi\u00e8ce d&rsquo;identit\u00e9 et, pour l&rsquo;exercice du droit d&rsquo;opposition, une description des motifs de l&rsquo;opposition. Vous avez \u00e9galement le droit de porter plainte aupr\u00e8s des autorit\u00e9s locales de protection des donn\u00e9es en cas de violation des r\u00e9glementations applicables en mati\u00e8re de protection des donn\u00e9es personnelles, en particulier le R\u00e8glement g\u00e9n\u00e9ral sur la protection des donn\u00e9es de l&rsquo;UE n\u00b0 2016\/679.<\/p>\n<h5>5. Confidentialit\u00e9, transferts internationaux et s\u00e9curit\u00e9<\/h5>\n<p>Nous mettons en \u0153uvre des mesures techniques et organisationnelles pour assurer la s\u00e9curit\u00e9 du traitement de vos informations personnelles et leur confidentialit\u00e9.<\/p>\n<p>Vos donn\u00e9es ne seront transmises \u00e0 aucun tiers sans votre consentement, \u00e0 l&rsquo;exception de nos Processeurs et des autres entit\u00e9s du groupe DEHON. Les sous-traitants n&rsquo;agiront que sur nos instructions et pour notre compte dans le cadre du contrat conclu avec ces derniers.<\/p>\n<p>Toutefois, nous nous r\u00e9servons le droit de divulguer vos Donn\u00e9es \u00e0 la demande d&rsquo;une autorit\u00e9 administrative ou judiciaire ou si nous estimons de bonne foi qu&rsquo;une telle divulgation est n\u00e9cessaire pour se conformer \u00e0 toute loi ou r\u00e9glementation applicable.<\/p>\n<p>Dans l&rsquo;hypoth\u00e8se o\u00f9 nous transf\u00e9rons certaines de vos Donn\u00e9es en dehors de l&rsquo;Union europ\u00e9enne, nous nous assurons que ce transfert est r\u00e9alis\u00e9 conform\u00e9ment \u00e0 la r\u00e9glementation applicable (pays disposant de d\u00e9cisions d&rsquo;ad\u00e9quation, CCN&#8230;) et vous garantit un niveau de protection suffisant de votre vie priv\u00e9e et des droits fondamentaux des personnes conform\u00e9ment au GDPR.<\/p>\n<h5>6. Dur\u00e9e de conservation<\/h5>\n<p>La dur\u00e9e de conservation de vos donn\u00e9es personnelles varie et est d\u00e9termin\u00e9e par les crit\u00e8res suivants :<\/p>\n<ul>\n<li>la finalit\u00e9 pour laquelle nous les utilisons &#8211; nous conserverons les donn\u00e9es aussi longtemps que n\u00e9cessaire pour cette finalit\u00e9 ;<\/li>\n<li>obligations l\u00e9gales &#8211; les lois ou r\u00e8glements peuvent fixer une p\u00e9riode minimale pour le stockage de vos donn\u00e9es personnelles.<\/li>\n<\/ul>\n","protected":false},"excerpt":{"rendered":"<p>Le site que vous consultez actuellement est la propri\u00e9t\u00e9 de : INVENTEC PERFORMANCE CHEMICALS SAS &#8211; 26 Rue des Coulons 94 360 Bry sur marne, France Capital social : 600 000 \u20ac. N\u00b0 de SIREN : 964 500 706 Creteil Adresse \u00e9lectronique de contact : dpo@ dehon.com N\u00b0 de TVA intracommunautaire FR 84 964 500<\/p>\n","protected":false},"author":2,"featured_media":0,"parent":0,"menu_order":0,"comment_status":"closed","ping_status":"closed","template":"","meta":{"_acf_changed":false,"inline_featured_image":false,"footnotes":""},"class_list":["post-7471","page","type-page","status-publish","hentry"],"acf":[],"_links":{"self":[{"href":"https:\/\/www.inventec.dehon.com\/fr\/wp-json\/wp\/v2\/pages\/7471","targetHints":{"allow":["GET"]}}],"collection":[{"href":"https:\/\/www.inventec.dehon.com\/fr\/wp-json\/wp\/v2\/pages"}],"about":[{"href":"https:\/\/www.inventec.dehon.com\/fr\/wp-json\/wp\/v2\/types\/page"}],"author":[{"embeddable":true,"href":"https:\/\/www.inventec.dehon.com\/fr\/wp-json\/wp\/v2\/users\/2"}],"replies":[{"embeddable":true,"href":"https:\/\/www.inventec.dehon.com\/fr\/wp-json\/wp\/v2\/comments?post=7471"}],"version-history":[{"count":0,"href":"https:\/\/www.inventec.dehon.com\/fr\/wp-json\/wp\/v2\/pages\/7471\/revisions"}],"wp:attachment":[{"href":"https:\/\/www.inventec.dehon.com\/fr\/wp-json\/wp\/v2\/media?parent=7471"}],"curies":[{"name":"wp","href":"https:\/\/api.w.org\/{rel}","templated":true}]}}