{"id":7467,"date":"2021-12-03T07:24:27","date_gmt":"2021-12-03T07:24:27","guid":{"rendered":"https:\/\/www.inventec.dehon.com\/services\/"},"modified":"2025-01-27T12:41:56","modified_gmt":"2025-01-27T12:41:56","slug":"services","status":"publish","type":"page","link":"https:\/\/www.inventec.dehon.com\/fr\/services\/","title":{"rendered":"Services"},"content":{"rendered":"<h1 style=\"color:#ffffff; font-size:16px; margin-bottom:1px\">Nos services sont destin\u00e9s \u00e0 aider nos clients \u00e0 s\u00e9lectionner, g\u00e9rer et mettre en \u0153uvre des proc\u00e9d\u00e9s.<\/h1>\n<p> Pour am\u00e9liorer la durabilit\u00e9 de l&rsquo;ensemble du proc\u00e9d\u00e9 ou m\u00eame pour nous sous-traiter certaines op\u00e9rations de nettoyage et de rev\u00eatement.<\/p>\n","protected":false},"excerpt":{"rendered":"<p>Nos services sont destin\u00e9s \u00e0 aider nos clients \u00e0 s\u00e9lectionner, g\u00e9rer et mettre en \u0153uvre des proc\u00e9d\u00e9s. Pour am\u00e9liorer la durabilit\u00e9 de l&rsquo;ensemble du proc\u00e9d\u00e9 ou m\u00eame pour nous sous-traiter certaines op\u00e9rations de nettoyage et de rev\u00eatement.<\/p>\n","protected":false},"author":19,"featured_media":0,"parent":0,"menu_order":0,"comment_status":"closed","ping_status":"closed","template":"page-templates\/template-services.php","meta":{"_acf_changed":false,"inline_featured_image":false,"footnotes":""},"class_list":["post-7467","page","type-page","status-publish","hentry"],"acf":[],"_links":{"self":[{"href":"https:\/\/www.inventec.dehon.com\/fr\/wp-json\/wp\/v2\/pages\/7467","targetHints":{"allow":["GET"]}}],"collection":[{"href":"https:\/\/www.inventec.dehon.com\/fr\/wp-json\/wp\/v2\/pages"}],"about":[{"href":"https:\/\/www.inventec.dehon.com\/fr\/wp-json\/wp\/v2\/types\/page"}],"author":[{"embeddable":true,"href":"https:\/\/www.inventec.dehon.com\/fr\/wp-json\/wp\/v2\/users\/19"}],"replies":[{"embeddable":true,"href":"https:\/\/www.inventec.dehon.com\/fr\/wp-json\/wp\/v2\/comments?post=7467"}],"version-history":[{"count":3,"href":"https:\/\/www.inventec.dehon.com\/fr\/wp-json\/wp\/v2\/pages\/7467\/revisions"}],"predecessor-version":[{"id":24466,"href":"https:\/\/www.inventec.dehon.com\/fr\/wp-json\/wp\/v2\/pages\/7467\/revisions\/24466"}],"wp:attachment":[{"href":"https:\/\/www.inventec.dehon.com\/fr\/wp-json\/wp\/v2\/media?parent=7467"}],"curies":[{"name":"wp","href":"https:\/\/api.w.org\/{rel}","templated":true}]}}