{"id":9992,"date":"2021-05-14T12:32:38","date_gmt":"2021-05-14T12:32:38","guid":{"rendered":"https:\/\/www.inventec.dehon.com\/product\/topklean-el-10f\/"},"modified":"2026-03-16T14:42:17","modified_gmt":"2026-03-16T13:42:17","slug":"topklean-el-10f","status":"publish","type":"product","link":"https:\/\/www.inventec.dehon.com\/es\/product\/topklean-el-10f\/","title":{"rendered":"TOPKLEAN EL 10F"},"content":{"rendered":"<p><img decoding=\"async\" src=\"https:\/\/www.inventec.dehon.com\/wp-content\/uploads\/2021\/03\/TOPKLEAN-canister-yellow-1-600x600.jpg\" alt=\"TOPKLEAN EL 10F\" class=\"responsive-img\" align=\"right\" style=\"border-radius:10px; margin-bottom:10px; margin-top:-10px; margin-left:15px; width:300px\" \/><\/p>\n<h2 style=\"color:#9bc947; margin-bottom:15px\">Eliminaci\u00f3n de flux, pastas de soldadura y colas no curadas<\/h2>\n<ul>\n<li>Limpieza de pasta de soldadura, adhesivos no curados y residuos de flux refluido<\/li>\n<li>Proceso manual<\/li>\n<li>Punto de inflamaci\u00f3n m\u00e1s alto que el IPA y bajo olor<\/li>\n<\/ul>\n<h5>TOPKLEAN EL 10F<\/h5>\n<p>Es un limpiador electr\u00f3nico multiusos para la eliminaci\u00f3n de residuos de flux, pastas de soldadura no refluidas y colas no curadas en un proceso de limpieza manual por pulverizaci\u00f3n o inmersi\u00f3n a temperatura ambiente. Funciona r\u00e1pida y eficazmente gracias a su excelente capacidad para disolver contaminantes org\u00e1nicos y minerales. Su mayor punto de inflamaci\u00f3n en comparaci\u00f3n con el isopropanol (IPA) lo convierte en una soluci\u00f3n lista para usar, m\u00e1s segura y que reduce el consumo de manera sustancial.<\/p>\n<p>Es libre de CMR, arom\u00e1ticos y hal\u00f3genos, sin potencial de calentamiento global. Como es un disolvente, el producto no tiene pH y, por lo tanto, no da\u00f1a metales o aleaciones sensibles.<\/p>\n<p>Es un producto listo para usar que no necesita ser diluido.<\/p>\n<p><!-- SPECIFICATIONS Section --><\/p>\n<div style=\"font-weight:bold; text-transform:uppercase; border-bottom:2px solid #9DBB2F; padding-bottom:6px; margin-bottom:10px;\">\n  ESPECIFICACIONES\n<\/div>\n<table width=\"100%\" cellpadding=\"0\" cellspacing=\"0\" style=\"border-collapse:collapse; width:100%; max-width:100%;\">\n<tr>\n<th align=\"left\" style=\"background:#7A7A7A; color:#fff; padding:8px 12px; border:1px solid #BDBDBD;\">ESPECIFICACIONES<\/th>\n<th align=\"left\" style=\"background:#7A7A7A; color:#fff; padding:8px 12px; border:1px solid #BDBDBD;\">VALORES<\/th>\n<th align=\"left\" style=\"background:#7A7A7A; color:#fff; padding:8px 12px; border:1px solid #BDBDBD;\">M\u00c9TODOS<\/th>\n<\/tr>\n<tr>\n<td style=\"padding:8px 12px; border:1px solid #BDBDBD;\">Aspecto<\/td>\n<td style=\"padding:8px 12px; border:1px solid #BDBDBD;\">Incoloro claro<\/td>\n<td style=\"padding:8px 12px; border:1px solid #BDBDBD;\">Visual<\/td>\n<\/tr>\n<tr style=\"background:#E6E6E6;\">\n<td style=\"padding:8px 12px; border:1px solid #BDBDBD;\">Densidad a 20 \u00b0C (g\/ml)<\/td>\n<td style=\"padding:8px 12px; border:1px solid #BDBDBD;\">0,830 \u00b1 0,010<\/td>\n<td style=\"padding:8px 12px; border:1px solid #BDBDBD;\">BRY-MO-028<\/td>\n<\/tr>\n<\/table>\n<p><!-- CHARACTERISTICS Section --><\/p>\n<div style=\"font-weight:bold; text-transform:uppercase; border-bottom:2px solid #9DBB2F; padding-bottom:6px; margin:30px 0 10px 0;\">\n  CARACTER\u00cdSTICAS\n<\/div>\n<table width=\"100%\" cellpadding=\"0\" cellspacing=\"0\" style=\"border-collapse:collapse; width:100%; max-width:100%;\">\n<tr>\n<th align=\"left\" style=\"background:#7A7A7A; color:#fff; padding:8px 12px; border:1px solid #BDBDBD;\">CARACTER\u00cdSTICAS<\/th>\n<th align=\"left\" style=\"background:#7A7A7A; color:#fff; padding:8px 12px; border:1px solid #BDBDBD;\">VALORES<\/th>\n<\/tr>\n<tr>\n<td style=\"padding:8px 12px; border:1px solid #BDBDBD;\">Punto de inflamaci\u00f3n<\/td>\n<td style=\"padding:8px 12px; border:1px solid #BDBDBD;\">38\u00b0C \/ 100\u00b0F<\/td>\n<\/tr>\n<tr style=\"background:#E6E6E6;\">\n<td style=\"padding:8px 12px; border:1px solid #BDBDBD;\">Tasa de evaporaci\u00f3n relativa (nBuAc=1)<\/td>\n<td style=\"padding:8px 12px; border:1px solid #BDBDBD;\">0,15<\/td>\n<\/tr>\n<tr>\n<td style=\"padding:8px 12px; border:1px solid #BDBDBD;\">Solubilidad en agua<\/td>\n<td style=\"padding:8px 12px; border:1px solid #BDBDBD;\">Parcialmente soluble<\/td>\n<\/tr>\n<tr style=\"background:#E6E6E6;\">\n<td style=\"padding:8px 12px; border:1px solid #BDBDBD;\">Contenido de agua (% peso)<\/td>\n<td style=\"padding:8px 12px; border:1px solid #BDBDBD;\">&lt;0,1<\/td>\n<\/tr>\n<tr>\n<td style=\"padding:8px 12px; border:1px solid #BDBDBD;\">Contenido de arom\u00e1ticos (% peso)<\/td>\n<td style=\"padding:8px 12px; border:1px solid #BDBDBD;\">&lt;0,01<\/td>\n<\/tr>\n<tr style=\"background:#E6E6E6;\">\n<td style=\"padding:8px 12px; border:1px solid #BDBDBD;\">Residuos no vol\u00e1tiles (g\/100 ml)<\/td>\n<td style=\"padding:8px 12px; border:1px solid #BDBDBD;\">&lt;0,01<\/td>\n<\/tr>\n<tr>\n<td style=\"padding:8px 12px; border:1px solid #BDBDBD;\">Viscosidad a 25\u00b0C \/ 77\u00b0F<\/td>\n<td style=\"padding:8px 12px; border:1px solid #BDBDBD;\">302 (mm\u00b2\/s) 1,2<\/td>\n<\/tr>\n<tr style=\"background:#E6E6E6;\">\n<td style=\"padding:8px 12px; border:1px solid #BDBDBD;\">Presi\u00f3n de vapor a 20\u00b0C \/ 68\u00b0F (hPa)<\/td>\n<td style=\"padding:8px 12px; border:1px solid #BDBDBD;\">2,8<\/td>\n<\/tr>\n<tr>\n<td style=\"padding:8px 12px; border:1px solid #BDBDBD;\">Rango de ebullici\u00f3n (\u00b0C\/\u00b0F)<\/td>\n<td style=\"padding:8px 12px; border:1px solid #BDBDBD;\">150-170 \/ 302-338<\/td>\n<\/tr>\n<\/table>\n","protected":false},"excerpt":{"rendered":"<ul>\n<li>Eliminaci\u00f3n de la pasta de soldadura, de los adhesivos no curados y de los residuos de fundentes reutilizados<\/li>\n<li>Proceso manual<\/li>\n<li>Punto de inflamaci\u00f3n m\u00e1s alto que el IPA y bajo olor<\/li>\n<\/ul>\n<p><a href=\"https:\/\/www.inventec.dehon.com\/wp-content\/uploads\/2021\/05\/Capture-decran-GWP-65.png\"><img decoding=\"async\" class=\"alignnone size-full wp-image-17203\" src=\"https:\/\/www.inventec.dehon.com\/wp-content\/uploads\/2021\/05\/Capture-decran-GWP-65.png\" alt=\"\" width=\"328\" height=\"274\" srcset=\"https:\/\/www.inventec.dehon.com\/wp-content\/uploads\/2021\/05\/Capture-decran-GWP-65.png 328w, https:\/\/www.inventec.dehon.com\/wp-content\/uploads\/2021\/05\/Capture-decran-GWP-65-300x251.png 300w\" sizes=\"(max-width: 328px) 100vw, 328px\" \/><\/a><\/p>\n","protected":false},"featured_media":24451,"comment_status":"closed","ping_status":"closed","template":"","meta":{"_acf_changed":false,"inline_featured_image":false},"product_brand":[],"product_cat":[2893,616,2897,2896,2898],"product_tag":[2562,2109,2561,4287,588,4186,4399,4427,4363,4407,4367,4319,4459,4773,4279,2046,2560],"class_list":{"0":"post-9992","1":"product","2":"type-product","3":"status-publish","4":"has-post-thumbnail","6":"industries-asistencia-y-confort-adas","7":"industries-electronica-y-sistemas-electricos","8":"industries-equipos-medico-y-escaneres","9":"product_cat-eliminacion-de-residuos-de-fundente-y-limpieza-de-pcb-para-electronica-y-semiconductores","10":"product_cat-limpieza","11":"product_cat-limpieza-de-adhesivos-smt-para-electronica-y-semiconductores","12":"product_cat-limpieza-de-mantenimiento-para-electronica-y-semiconductores","13":"product_cat-limpieza-de-plantillas-y-de-impresiones-defectuosas-para-electronica-y-semiconductores","14":"product_tag-10f-es","15":"product_tag-el-es","16":"product_tag-el-10f-es","17":"product_tag-eliminacion-de-fundente-es","18":"product_tag-fluido","19":"product_tag-fluidos-de-limpieza-con-solvente","20":"product_tag-horno","21":"product_tag-horno-de-reflujo","22":"product_tag-impresion-defectuosa","23":"product_tag-pallets","24":"product_tag-pcb-mal-impreso-es","25":"product_tag-pegamento","26":"product_tag-plantilla","27":"product_tag-portadores-de-ondas","28":"product_tag-proteccion-es","29":"product_tag-topklean-es","30":"product_tag-topklean-el-10f-es","31":"pa_application-eliminacion-de-fundente","32":"pa_application-horno-de-refusion","33":"pa_application-pegamentos-y-recubrimientos","34":"pa_application-plantillas-y-fallos-de-impresion","35":"pa_application-portadores-y-paletas-de-ola","36":"pa_brand-topklean-es-2","37":"pa_processes-manual-es","38":"pa_product-category-fluidos-de-limpieza-con-solvente","40":"first","41":"instock","42":"shipping-taxable","43":"product-type-simple"},"acf":[],"_links":{"self":[{"href":"https:\/\/www.inventec.dehon.com\/es\/wp-json\/wp\/v2\/product\/9992","targetHints":{"allow":["GET"]}}],"collection":[{"href":"https:\/\/www.inventec.dehon.com\/es\/wp-json\/wp\/v2\/product"}],"about":[{"href":"https:\/\/www.inventec.dehon.com\/es\/wp-json\/wp\/v2\/types\/product"}],"replies":[{"embeddable":true,"href":"https:\/\/www.inventec.dehon.com\/es\/wp-json\/wp\/v2\/comments?post=9992"}],"wp:featuredmedia":[{"embeddable":true,"href":"https:\/\/www.inventec.dehon.com\/es\/wp-json\/wp\/v2\/media\/24451"}],"wp:attachment":[{"href":"https:\/\/www.inventec.dehon.com\/es\/wp-json\/wp\/v2\/media?parent=9992"}],"wp:term":[{"taxonomy":"product_brand","embeddable":true,"href":"https:\/\/www.inventec.dehon.com\/es\/wp-json\/wp\/v2\/product_brand?post=9992"},{"taxonomy":"product_cat","embeddable":true,"href":"https:\/\/www.inventec.dehon.com\/es\/wp-json\/wp\/v2\/product_cat?post=9992"},{"taxonomy":"product_tag","embeddable":true,"href":"https:\/\/www.inventec.dehon.com\/es\/wp-json\/wp\/v2\/product_tag?post=9992"}],"curies":[{"name":"wp","href":"https:\/\/api.w.org\/{rel}","templated":true}]}}