{"id":9989,"date":"2021-05-14T09:16:33","date_gmt":"2021-05-14T09:16:33","guid":{"rendered":"https:\/\/www.inventec.dehon.com\/product\/promoclean-disper-707\/"},"modified":"2026-03-16T14:32:14","modified_gmt":"2026-03-16T13:32:14","slug":"promoclean-disper-707","status":"publish","type":"product","link":"https:\/\/www.inventec.dehon.com\/es\/product\/promoclean-disper-707\/","title":{"rendered":"PROMOCLEAN DISPER 707"},"content":{"rendered":"<p><img decoding=\"async\" src=\"https:\/\/www.inventec.dehon.com\/wp-content\/uploads\/2021\/04\/PROMOCLEAN-canister-blue.png\" alt=\"PROMOCLEAN DISPER 707\" class=\"responsive-img\" align=\"right\" style=\"border-radius:10px; margin-bottom:10px; margin-top:-10px; margin-left:15px; width:300px\" \/><\/p>\n<h2 style=\"color:#9bc947; margin-bottom:15px\">Eliminaci\u00f3n de residuos de flux en la fabricaci\u00f3n de electr\u00f3nicos<\/h2>\n<ul>\n<li>Limpiador acuoso para eliminar los residuos de fundente<\/li>\n<li>Proceso de pulverizaci\u00f3n en aire, pulverizaci\u00f3n en l\u00ednea y chorro de inmersi\u00f3n<\/li>\n<li>Excelente rendimiento incluso a baja concentraci\u00f3n<\/li>\n<\/ul>\n<h5>PROMOCLEAN DISPER 707<\/h5>\n<p>Especialmente dise\u00f1ado para eliminar todo tipo de residuos de fundente en PCBA&#8217;s, m\u00f3dulos de potencia, marcos de plomo, BGA&#8217;s, aplicaciones PoP o SIP y ensamblajes de LED. Su baja tensi\u00f3n superficial permite limpiar y enjuagar muy bien los componentes de baja altura y los espacios de dif\u00edcil acceso. Gracias a sus excelentes propiedades antiespumantes, est\u00e1 dedicado a los procesos de chorro de inmersi\u00f3n en agua, pulverizaci\u00f3n en aire y pulverizaci\u00f3n en l\u00ednea. <\/p>\n<p>La alcalinidad controlada asegura que este producto sea compatible con aluminio y otros materiales sensibles y al mismo tiempo proporciona un alto poder de limpieza.<\/p>\n<p>Es un producto concentrado que se utiliza diluido en agua destilada y tiene un excelente poder de limpieza incluso al 10% de dilluci\u00f3n.<\/p>\n<div style=\"font-family:Lato; color:#333;\">\n<div style=\"font-weight:bold; text-transform:uppercase; border-bottom:2px solid #9DBB2F; padding-bottom:6px; margin-bottom:10px;\">\n    ESPECIFICACIONES\n  <\/div>\n<table width=\"100%\" cellpadding=\"0\" cellspacing=\"0\" style=\"border-collapse:collapse; width:100%; max-width:100%;\">\n<tr>\n<th align=\"left\" style=\"background:#7A7A7A; color:#fff; padding:8px 12px; border:1px solid #BDBDBD;\">\n        ESPECIFICACIONES\n      <\/th>\n<th align=\"left\" style=\"background:#7A7A7A; color:#fff; padding:8px 12px; border:1px solid #BDBDBD;\">\n        VALORES\n      <\/th>\n<th align=\"left\" style=\"background:#7A7A7A; color:#fff; padding:8px 12px; border:1px solid #BDBDBD;\">\n        M\u00c9TODOS\n      <\/th>\n<\/tr>\n<tr>\n<td style=\"padding:8px 12px; border:1px solid #BDBDBD;\">Aspecto<\/td>\n<td style=\"padding:8px 12px; border:1px solid #BDBDBD;\">L\u00edquido entre incoloro y ligeramente amarillo<\/td>\n<td style=\"padding:8px 12px; border:1px solid #BDBDBD;\">Visual<\/td>\n<\/tr>\n<tr style=\"background:#E6E6E6;\">\n<td style=\"padding:8px 12px; border:1px solid #BDBDBD;\">Densidad a 20 \u00b0C (g\/ml)<\/td>\n<td style=\"padding:8px 12px; border:1px solid #BDBDBD;\">0,98 \u00b1 0,01<\/td>\n<td style=\"padding:8px 12px; border:1px solid #BDBDBD;\">BRY-MO-028<\/td>\n<\/tr>\n<tr>\n<td style=\"padding:8px 12px; border:1px solid #BDBDBD;\">pH del producto puro<\/td>\n<td style=\"padding:8px 12px; border:1px solid #BDBDBD;\">10,9 \u00b1 0,5<\/td>\n<td style=\"padding:8px 12px; border:1px solid #BDBDBD;\">BRY-MO-011<\/td>\n<\/tr>\n<tr style=\"background:#E6E6E6;\">\n<td style=\"padding:8px 12px; border:1px solid #BDBDBD;\">pH al 1%<\/td>\n<td style=\"padding:8px 12px; border:1px solid #BDBDBD;\">10,1 \u00b1 0,5<\/td>\n<td style=\"padding:8px 12px; border:1px solid #BDBDBD;\">BRY-MO-011<\/td>\n<\/tr>\n<\/table>\n<\/div>\n<div style=\"font-family:Lato; color:#333;\">\n<div style=\"font-weight:bold; text-transform:uppercase; border-bottom:2px solid #9DBB2F; padding-bottom:6px; margin:30px 0 10px;\">\n    CARACTER\u00cdSTICAS\n  <\/div>\n<table width=\"100%\" cellpadding=\"0\" cellspacing=\"0\" style=\"border-collapse:collapse; width:100%; max-width:100%;\">\n<tr>\n<th align=\"left\" style=\"background:#7A7A7A; color:#fff; padding:8px 12px; border:1px solid #BDBDBD;\">\n        CARACTER\u00cdSTICAS\n      <\/th>\n<th align=\"left\" style=\"background:#7A7A7A; color:#fff; padding:8px 12px; border:1px solid #BDBDBD;\">\n        VALORES\n      <\/th>\n<\/tr>\n<tr>\n<td style=\"padding:8px 12px; border:1px solid #BDBDBD;\">Punto de inflamaci\u00f3n<\/td>\n<td style=\"padding:8px 12px; border:1px solid #BDBDBD;\">ninguno<\/td>\n<\/tr>\n<tr style=\"background:#E6E6E6;\">\n<td style=\"padding:8px 12px; border:1px solid #BDBDBD;\">Solubilidad en agua<\/td>\n<td style=\"padding:8px 12px; border:1px solid #BDBDBD;\">totalmente soluble<\/td>\n<\/tr>\n<tr>\n<td style=\"padding:8px 12px; border:1px solid #BDBDBD;\">Tensi\u00f3n superficial (dinas\/cm)<\/td>\n<td style=\"padding:8px 12px; border:1px solid #BDBDBD;\">28<\/td>\n<\/tr>\n<\/table>\n<\/div>\n","protected":false},"excerpt":{"rendered":"<ul>\n<li>Limpiador acuoso para eliminar los residuos de fundente<\/li>\n<li>Proceso de pulverizaci\u00f3n en aire, pulverizaci\u00f3n en l\u00ednea y chorro de inmersi\u00f3n<\/li>\n<li>Excelente rendimiento incluso a baja concentraci\u00f3n<\/li>\n<\/ul>\n","protected":false},"featured_media":2433,"comment_status":"closed","ping_status":"closed","template":"","meta":{"_acf_changed":false,"inline_featured_image":false},"product_brand":[],"product_cat":[2893,616],"product_tag":[2225,2028,2224,4287,4327,4255,4407,4773,2011,2223,4455,4267],"class_list":{"0":"post-9989","1":"product","2":"type-product","3":"status-publish","4":"has-post-thumbnail","6":"industries-asistencia-y-confort-adas","7":"industries-electronica-y-sistemas-electricos","8":"industries-equipos-medico-y-escaneres","9":"product_cat-eliminacion-de-residuos-de-fundente-y-limpieza-de-pcb-para-electronica-y-semiconductores","10":"product_cat-limpieza","11":"product_tag-707-es","12":"product_tag-disper-es","13":"product_tag-disper-707-es","14":"product_tag-eliminacion-de-fundente-es","15":"product_tag-greenway","16":"product_tag-liquidos-de-limpieza-acuosos","17":"product_tag-pallets","18":"product_tag-portadores-de-ondas","19":"product_tag-promoclean-es","20":"product_tag-promoclean-disper-707-es","21":"product_tag-spray","22":"product_tag-spray-acuoso","23":"pa_application-eliminacion-de-fundente","24":"pa_application-portadores-y-paletas-de-ola","25":"pa_brand-promoclean-es","26":"pa_features-greenway","27":"pa_processes-spray-a-base-de-agua","28":"pa_product-category-fluidos-de-limpieza-acuosos","30":"first","31":"instock","32":"shipping-taxable","33":"product-type-simple"},"acf":[],"_links":{"self":[{"href":"https:\/\/www.inventec.dehon.com\/es\/wp-json\/wp\/v2\/product\/9989","targetHints":{"allow":["GET"]}}],"collection":[{"href":"https:\/\/www.inventec.dehon.com\/es\/wp-json\/wp\/v2\/product"}],"about":[{"href":"https:\/\/www.inventec.dehon.com\/es\/wp-json\/wp\/v2\/types\/product"}],"replies":[{"embeddable":true,"href":"https:\/\/www.inventec.dehon.com\/es\/wp-json\/wp\/v2\/comments?post=9989"}],"wp:featuredmedia":[{"embeddable":true,"href":"https:\/\/www.inventec.dehon.com\/es\/wp-json\/wp\/v2\/media\/2433"}],"wp:attachment":[{"href":"https:\/\/www.inventec.dehon.com\/es\/wp-json\/wp\/v2\/media?parent=9989"}],"wp:term":[{"taxonomy":"product_brand","embeddable":true,"href":"https:\/\/www.inventec.dehon.com\/es\/wp-json\/wp\/v2\/product_brand?post=9989"},{"taxonomy":"product_cat","embeddable":true,"href":"https:\/\/www.inventec.dehon.com\/es\/wp-json\/wp\/v2\/product_cat?post=9989"},{"taxonomy":"product_tag","embeddable":true,"href":"https:\/\/www.inventec.dehon.com\/es\/wp-json\/wp\/v2\/product_tag?post=9989"}],"curies":[{"name":"wp","href":"https:\/\/api.w.org\/{rel}","templated":true}]}}