{"id":9987,"date":"2021-05-14T08:17:02","date_gmt":"2021-05-14T08:17:02","guid":{"rendered":"https:\/\/www.inventec.dehon.com\/product\/promosolv-70es\/"},"modified":"2026-03-16T14:35:23","modified_gmt":"2026-03-16T13:35:23","slug":"promosolv-70es","status":"publish","type":"product","link":"https:\/\/www.inventec.dehon.com\/es\/product\/promosolv-70es\/","title":{"rendered":"PROMOSOLV 70ES"},"content":{"rendered":"<p><img decoding=\"async\" src=\"https:\/\/www.inventec.dehon.com\/wp-content\/uploads\/2021\/03\/PROMOSOLV-drum-colorless-Ecoprog-600x600.png\" alt=\"PROMOSOLV 70ES\" class=\"responsive-img\" align=\"right\" style=\"border-radius:10px; margin-bottom:10px; margin-top:-10px; margin-left:15px; width:300px\" \/><\/p>\n<h2 style=\"color:#9bc947; margin-bottom:15px\">Eliminaci\u00f3n de residuos de flujo y contaminantes<\/h2>\n<ul>\n<li>Limpiador con disolvente para eliminar los residuos de fundente<\/li>\n<li>Proceso en fase de vapor (monosolvente)<\/li>\n<li>Excelente rendimiento de limpieza y bajo impacto HSE<\/li>\n<\/ul>\n<h5>PROMOSOLV 70ES<\/h5>\n<p>Se ha desarrollado como un sustituto directo del tricloroetileno, el NPB y otros disolventes con un alto impacto en la salud, la seguridad y el medio ambiente.<\/p>\n<p>Est\u00e1 dise\u00f1ado para eliminar los residuos de flujo de reflujo y otros contaminantes en PCBAs, m\u00f3dulos de potencia, marcos de plomo, BGAs, aplicaciones PoP o SIP y conjuntos de LEDs. Su baja tensi\u00f3n superficial permite limpiar y enjuagar muy bien los componentes de baja altura y los espacios de dif\u00edcil acceso. Tiene muy buena compatibilidad con todos los metales, incluidos los muy sensibles, y tambi\u00e9n con la mayor\u00eda de los pl\u00e1sticos y elast\u00f3meros, aunque se recomienda validar antes de su uso.<\/p>\n<p><strong>PROMOSOLV 70ES<\/strong> est\u00e1 formulado pensando en la seguridad. Su composici\u00f3n le confiere unas excelentes propiedades de supresi\u00f3n de la inflamabilidad, lo que proporciona una gran estabilidad cuando se utiliza en un equipo. Algunos productos del mercado pueden perder su compuesto supresor de la inflamabilidad debido a la evaporaci\u00f3n cuando se utilizan en un equipo.<\/p>\n<p>Este producto tambi\u00e9n existe en una versi\u00f3n reciclada (fabricada con disolvente reciclado) bajo el nombre de <strong>PROMOSOLV 70ES T<\/strong>.<\/p>\n<p><strong>PROMOSOLV 70ES<\/strong> es un reemplazo directo de 3M Novec 71DA y Novec 72DA, que se retirar\u00e1n voluntariamente a finales de 2025. Haga clic en el enlace para obtener m\u00e1s informaci\u00f3n sobre el anuncio de la <a href=\"https:\/\/www.inventec.dehon.com\/es\/elimine-gradualmente-los-disolventes-3m\/\">eliminaci\u00f3n de 3M Novec<\/a>.<\/p>\n<div style=\"font-family:Lato; color:#333;\">\n<div style=\"font-weight:bold; text-transform:uppercase; border-bottom:2px solid #9DBB2F; padding-bottom:6px; margin-bottom:10px;\">\n    Especificaciones\n  <\/div>\n<table width=\"100%\" cellpadding=\"0\" cellspacing=\"0\" style=\"border-collapse:collapse; width:100%; max-width:100%;\">\n<tr>\n<th align=\"left\" style=\"background:#7A7A7A; color:#fff; padding:8px 12px; border:1px solid #BDBDBD;\">\n        Especificaciones\n      <\/th>\n<th align=\"left\" style=\"background:#7A7A7A; color:#fff; padding:8px 12px; border:1px solid #BDBDBD;\">\n        Valores\n      <\/th>\n<th align=\"left\" style=\"background:#7A7A7A; color:#fff; padding:8px 12px; border:1px solid #BDBDBD;\">\n        M\u00e9todos\n      <\/th>\n<\/tr>\n<tr>\n<td style=\"padding:8px 12px; border:1px solid #BDBDBD;\">Aspecto<\/td>\n<td style=\"padding:8px 12px; border:1px solid #BDBDBD;\">Incoloro, claro<\/td>\n<td style=\"padding:8px 12px; border:1px solid #BDBDBD;\">Visual<\/td>\n<\/tr>\n<tr style=\"background:#E6E6E6;\">\n<td style=\"padding:8px 12px; border:1px solid #BDBDBD;\">Pureza (% peso)<\/td>\n<td style=\"padding:8px 12px; border:1px solid #BDBDBD;\">> 99,5<\/td>\n<td style=\"padding:8px 12px; border:1px solid #BDBDBD;\">Interno \/ MO.SB.10033<\/td>\n<\/tr>\n<tr>\n<td style=\"padding:8px 12px; border:1px solid #BDBDBD;\">Alcohol (% peso)<\/td>\n<td style=\"padding:8px 12px; border:1px solid #BDBDBD;\">< 3<\/td>\n<td style=\"padding:8px 12px; border:1px solid #BDBDBD;\">Interno \/ MO.SB.10033<\/td>\n<\/tr>\n<\/table>\n<\/div>\n<div style=\"font-family:Lato; color:#333;\">\n<div style=\"font-weight:bold; text-transform:uppercase; border-bottom:2px solid #9DBB2F; padding-bottom:6px; margin:30px 0 10px;\">\n    Caracter\u00edsticas\n  <\/div>\n<table width=\"100%\" cellpadding=\"0\" cellspacing=\"0\" style=\"border-collapse:collapse; width:100%; max-width:100%;\">\n<tr>\n<th align=\"left\" style=\"background:#7A7A7A; color:#fff; padding:8px 12px; border:1px solid #BDBDBD;\">\n        Caracter\u00edsticas\n      <\/th>\n<th align=\"left\" style=\"background:#7A7A7A; color:#fff; padding:8px 12px; border:1px solid #BDBDBD;\">\n        Valores\n      <\/th>\n<\/tr>\n<tr>\n<td style=\"padding:8px 12px; border:1px solid #BDBDBD;\">Punto de ebullici\u00f3n (\u00b0C\/\u00b0F)<\/td>\n<td style=\"padding:8px 12px; border:1px solid #BDBDBD;\">43 \/ 109<\/td>\n<\/tr>\n<tr style=\"background:#E6E6E6;\">\n<td style=\"padding:8px 12px; border:1px solid #BDBDBD;\">Tensi\u00f3n superficial (dinas\/cm)<\/td>\n<td style=\"padding:8px 12px; border:1px solid #BDBDBD;\">14<\/td>\n<\/tr>\n<tr>\n<td style=\"padding:8px 12px; border:1px solid #BDBDBD;\">Punto de inflamabilidad<\/td>\n<td style=\"padding:8px 12px; border:1px solid #BDBDBD;\">Ninguno<\/td>\n<\/tr>\n<tr style=\"background:#E6E6E6;\">\n<td style=\"padding:8px 12px; border:1px solid #BDBDBD;\">Densidad (g\/cm\u00b3)<\/td>\n<td style=\"padding:8px 12px; border:1px solid #BDBDBD;\">1,28<\/td>\n<\/tr>\n<tr>\n<td style=\"padding:8px 12px; border:1px solid #BDBDBD;\">Viscosidad din\u00e1mica (mPa.s)<\/td>\n<td style=\"padding:8px 12px; border:1px solid #BDBDBD;\">0,50<\/td>\n<\/tr>\n<tr style=\"background:#E6E6E6;\">\n<td style=\"padding:8px 12px; border:1px solid #BDBDBD;\">Presi\u00f3n de vapor (kPa)<\/td>\n<td style=\"padding:8px 12px; border:1px solid #BDBDBD;\">65<\/td>\n<\/tr>\n<\/table>\n<\/div>\n","protected":false},"excerpt":{"rendered":"<ul>\n<li>Limpieza de residuos de fundentes<\/li>\n<li>Proceso en fase de vapor (monosolvente)<\/li>\n<li>Excelente rendimiento de limpieza y bajo impacto HSE<\/li>\n<\/ul>\n<p><a href=\"https:\/\/www.inventec.dehon.com\/wp-content\/uploads\/2021\/04\/GW-Score-40-e1717773466307.png\"><img decoding=\"async\" class=\"alignnone size-full wp-image-15225\" src=\"https:\/\/www.inventec.dehon.com\/wp-content\/uploads\/2021\/04\/GW-Score-40-e1717773466307.png\" alt=\"\" width=\"200\" height=\"170\" \/><\/a><\/p>\n","protected":false},"featured_media":2278,"comment_status":"closed","ping_status":"closed","template":"","meta":{"_acf_changed":false,"inline_featured_image":false},"product_brand":[],"product_cat":[2893,616],"product_tag":[2547,4287,4769,588,4186,4371,4319,1829,2546,4279,4600],"class_list":{"0":"post-9987","1":"product","2":"type-product","3":"status-publish","4":"has-post-thumbnail","6":"industries-asistencia-y-confort-adas","7":"industries-electronica-y-sistemas-electricos","8":"industries-equipos-medico-y-escaneres","9":"product_cat-eliminacion-de-residuos-de-fundente-y-limpieza-de-pcb-para-electronica-y-semiconductores","10":"product_cat-limpieza","11":"product_tag-70es-es","12":"product_tag-eliminacion-de-fundente-es","13":"product_tag-fase-de-vapor","14":"product_tag-fluido","15":"product_tag-fluidos-de-limpieza-con-solvente","16":"product_tag-mono-disolvente","17":"product_tag-pegamento","18":"product_tag-promosolv-es","19":"product_tag-promosolv-70es-es","20":"product_tag-proteccion-es","21":"product_tag-reciclable","22":"pa_application-eliminacion-de-fundente","23":"pa_application-pegamentos-y-recubrimientos","24":"pa_brand-promosolv-es-2","25":"pa_features-reciclable","26":"pa_processes-mono-solvente","27":"pa_product-category-fluidos-de-limpieza-con-solvente","29":"first","30":"instock","31":"shipping-taxable","32":"product-type-simple"},"acf":[],"_links":{"self":[{"href":"https:\/\/www.inventec.dehon.com\/es\/wp-json\/wp\/v2\/product\/9987","targetHints":{"allow":["GET"]}}],"collection":[{"href":"https:\/\/www.inventec.dehon.com\/es\/wp-json\/wp\/v2\/product"}],"about":[{"href":"https:\/\/www.inventec.dehon.com\/es\/wp-json\/wp\/v2\/types\/product"}],"replies":[{"embeddable":true,"href":"https:\/\/www.inventec.dehon.com\/es\/wp-json\/wp\/v2\/comments?post=9987"}],"wp:featuredmedia":[{"embeddable":true,"href":"https:\/\/www.inventec.dehon.com\/es\/wp-json\/wp\/v2\/media\/2278"}],"wp:attachment":[{"href":"https:\/\/www.inventec.dehon.com\/es\/wp-json\/wp\/v2\/media?parent=9987"}],"wp:term":[{"taxonomy":"product_brand","embeddable":true,"href":"https:\/\/www.inventec.dehon.com\/es\/wp-json\/wp\/v2\/product_brand?post=9987"},{"taxonomy":"product_cat","embeddable":true,"href":"https:\/\/www.inventec.dehon.com\/es\/wp-json\/wp\/v2\/product_cat?post=9987"},{"taxonomy":"product_tag","embeddable":true,"href":"https:\/\/www.inventec.dehon.com\/es\/wp-json\/wp\/v2\/product_tag?post=9987"}],"curies":[{"name":"wp","href":"https:\/\/api.w.org\/{rel}","templated":true}]}}