{"id":9984,"date":"2021-05-12T14:17:11","date_gmt":"2021-05-12T14:17:11","guid":{"rendered":"https:\/\/www.inventec.dehon.com\/product\/topklean-el-20a\/"},"modified":"2026-03-16T14:42:27","modified_gmt":"2026-03-16T13:42:27","slug":"topklean-el-20a","status":"publish","type":"product","link":"https:\/\/www.inventec.dehon.com\/es\/product\/topklean-el-20a\/","title":{"rendered":"TOPKLEAN EL 20A"},"content":{"rendered":"<p><img decoding=\"async\" src=\"https:\/\/www.inventec.dehon.com\/wp-content\/uploads\/2021\/03\/TOPKLEAN-canister-yellow-1-600x600.jpg\" alt=\"TOPKLEAN EL 20A\" class=\"responsive-img\" align=\"right\" style=\"border-radius:10px; margin-bottom:10px; margin-top:-10px; margin-left:15px; width:300px\" \/><\/p>\n<h2 style=\"color: #9bc947; margin-bottom: 15px;\">Fluido de limpieza co-solvente<\/h2>\n<ul>\n<li>Agente de limpieza para eliminar los residuos de fundente<\/li>\n<li>Proceso de co-solvencia<\/li>\n<li>Proceso de limpieza m\u00e1s r\u00e1pido y soluci\u00f3n sostenible<\/li>\n<\/ul>\n<h5>TOPKLEAN EL 20A<\/h5>\n<p>Es un producto legado utilizado durante m\u00e1s de 15 a\u00f1os por muchos actores en la industria electr\u00f3nica y de semiconductores para limpiar los residuos de flujo de soldadura despu\u00e9s del reflow. En INVENTEC, constantemente nos desafiamos a mejorar un gran producto. Hoy recomendamos <a href=\"https:\/\/www.inventec.dehon.com\/es\/product\/topklean-el-80\/\"><strong>TOPKLEAN EL 80<\/strong><\/a>, que no solo ofrece un rendimiento a\u00fan mejor, sino que tambi\u00e9n sobresale desde el punto de vista sostenible.<\/p>\n<p>Se utiliza en el proceso de cosolvente para ofrecer un proceso de limpieza r\u00e1pido y sostenible con una eficiencia de limpieza muy alta. En este proceso, <strong>TOPKLEAN EL 20A<\/strong> se enjuaga perfectamente con los solventes de nuestra gama <strong>PROMOSOLV<\/strong>.<\/p>\n<p>El proceso de cosolvente ha sido un cambio de juego durante m\u00e1s de 15 a\u00f1os. Ha sido desarrollado para reemplazar los solventes con un alto impacto en HSE con una soluci\u00f3n m\u00e1s sostenible y con un rendimiento de limpieza igualmente fuerte. Se destaca especialmente al abordar componentes de bajo stand-off. En contraste, un sistema de limpieza a base de agua corre el riesgo de que la qu\u00edmica de limpieza no se elimine adecuadamente debido a la tensi\u00f3n superficial significativamente m\u00e1s alta del agua.<\/p>\n<p><!-- ESPECIFICACIONES Section --><\/p>\n<div style=\"font-weight:bold; text-transform:uppercase; border-bottom:2px solid #9DBB2F; padding-bottom:6px; margin-bottom:10px;\">\n  ESPECIFICACIONES\n<\/div>\n<table width=\"100%\" cellpadding=\"0\" cellspacing=\"0\" style=\"border-collapse:collapse; width:100%; max-width:100%;\">\n<tr>\n<th align=\"left\" style=\"background:#7A7A7A; color:#fff; padding:8px 12px; border:1px solid #BDBDBD;\">ESPECIFICACIONES<\/th>\n<th align=\"left\" style=\"background:#7A7A7A; color:#fff; padding:8px 12px; border:1px solid #BDBDBD;\">VALORES<\/th>\n<th align=\"left\" style=\"background:#7A7A7A; color:#fff; padding:8px 12px; border:1px solid #BDBDBD;\">M\u00c9TODO<\/th>\n<\/tr>\n<tr>\n<td style=\"padding:8px 12px; border:1px solid #BDBDBD;\">Aspecto<\/td>\n<td style=\"padding:8px 12px; border:1px solid #BDBDBD;\">Transparente, incoloro<\/td>\n<td style=\"padding:8px 12px; border:1px solid #BDBDBD;\">Visual<\/td>\n<\/tr>\n<tr style=\"background:#E6E6E6;\">\n<td style=\"padding:8px 12px; border:1px solid #BDBDBD;\">Densidad (g\/ml @20\u00b0C)<\/td>\n<td style=\"padding:8px 12px; border:1px solid #BDBDBD;\">0.790 \u00b1 0.010<\/td>\n<td style=\"padding:8px 12px; border:1px solid #BDBDBD;\">BRY MO 028<\/td>\n<\/tr>\n<\/table>\n<p><!-- CARACTER\u00cdSTICAS Section --><\/p>\n<div style=\"font-weight:bold; text-transform:uppercase; border-bottom:2px solid #9DBB2F; padding-bottom:6px; margin:30px 0 10px 0;\">\n  CARACTER\u00cdSTICAS\n<\/div>\n<table width=\"100%\" cellpadding=\"0\" cellspacing=\"0\" style=\"border-collapse:collapse; width:100%; max-width:100%;\">\n<tr>\n<th align=\"left\" style=\"background:#7A7A7A; color:#fff; padding:8px 12px; border:1px solid #BDBDBD;\">CARACTER\u00cdSTICAS<\/th>\n<th align=\"left\" style=\"background:#7A7A7A; color:#fff; padding:8px 12px; border:1px solid #BDBDBD;\">VALORES<\/th>\n<th align=\"left\" style=\"background:#7A7A7A; color:#fff; padding:8px 12px; border:1px solid #BDBDBD;\">M\u00c9TODO<\/th>\n<\/tr>\n<tr>\n<td style=\"padding:8px 12px; border:1px solid #BDBDBD;\">Punto de ebullici\u00f3n (\u00b0C\/\u00b0F)<\/td>\n<td style=\"padding:8px 12px; border:1px solid #BDBDBD;\">&gt;170\u00b0C \/ &gt;338\u00b0F<\/td>\n<td style=\"padding:8px 12px; border:1px solid #BDBDBD;\">ASTM D1078<\/td>\n<\/tr>\n<tr style=\"background:#E6E6E6;\">\n<td style=\"padding:8px 12px; border:1px solid #BDBDBD;\">Punto de inflamaci\u00f3n (PMCC)<\/td>\n<td style=\"padding:8px 12px; border:1px solid #BDBDBD;\">65\u00b0C \/ 149\u00b0F<\/td>\n<td style=\"padding:8px 12px; border:1px solid #BDBDBD;\">ASTM D93<\/td>\n<\/tr>\n<tr>\n<td style=\"padding:8px 12px; border:1px solid #BDBDBD;\">Tensi\u00f3n superficial (dynas\/cm @ 20\u00b0C)<\/td>\n<td style=\"padding:8px 12px; border:1px solid #BDBDBD;\">41<\/td>\n<td style=\"padding:8px 12px; border:1px solid #BDBDBD;\">ASTM D971<\/td>\n<\/tr>\n<tr style=\"background:#E6E6E6;\">\n<td style=\"padding:8px 12px; border:1px solid #BDBDBD;\">Miscibilidad en agua<\/td>\n<td style=\"padding:8px 12px; border:1px solid #BDBDBD;\">No miscible<\/td>\n<td style=\"padding:8px 12px; border:1px solid #BDBDBD;\">Interno<\/td>\n<\/tr>\n<tr>\n<td style=\"padding:8px 12px; border:1px solid #BDBDBD;\">Presencia de compuestos arom\u00e1ticos (% peso)<\/td>\n<td style=\"padding:8px 12px; border:1px solid #BDBDBD;\">&lt;0.01%<\/td>\n<td style=\"padding:8px 12px; border:1px solid #BDBDBD;\">SMS 2728<\/td>\n<\/tr>\n<\/table>\n","protected":false},"excerpt":{"rendered":"<ul>\n<li>Limpieza de residuos de fundentes<\/li>\n<li>Proceso de co-solvencia<\/li>\n<li>Proceso de limpieza m\u00e1s r\u00e1pido y soluci\u00f3n sostenible<\/li>\n<\/ul>\n<p><a href=\"https:\/\/www.inventec.dehon.com\/wp-content\/uploads\/2023\/07\/GW-Score-47.png\"><img decoding=\"async\" class=\"alignnone size-full wp-image-15530\" src=\"https:\/\/www.inventec.dehon.com\/wp-content\/uploads\/2023\/07\/GW-Score-47.png\" alt=\"\" width=\"278\" height=\"236\" \/><\/a><\/p>\n","protected":false},"featured_media":21573,"comment_status":"closed","ping_status":"closed","template":"","meta":{"_acf_changed":false,"inline_featured_image":false},"product_brand":[],"product_cat":[2893,616],"product_tag":[2693,4283,2109,2692,4287,588,4186,4315,2046,2691],"class_list":{"0":"post-9984","1":"product","2":"type-product","3":"status-publish","4":"has-post-thumbnail","6":"industries-asistencia-y-confort-adas","7":"industries-equipos-medico-y-escaneres","8":"product_cat-eliminacion-de-residuos-de-fundente-y-limpieza-de-pcb-para-electronica-y-semiconductores","9":"product_cat-limpieza","10":"product_tag-20a-es","11":"product_tag-co-disolvente","12":"product_tag-el-es","13":"product_tag-el-20a-es","14":"product_tag-eliminacion-de-fundente-es","15":"product_tag-fluido","16":"product_tag-fluidos-de-limpieza-con-solvente","17":"product_tag-residuos-de-flux","18":"product_tag-topklean-es","19":"product_tag-topklean-el-20a-es","20":"pa_application-eliminacion-de-fundente","21":"pa_brand-topklean-es-2","22":"pa_processes-co-solvente","23":"pa_product-category-fluidos-de-limpieza-con-solvente","25":"first","26":"instock","27":"shipping-taxable","28":"product-type-simple"},"acf":[],"_links":{"self":[{"href":"https:\/\/www.inventec.dehon.com\/es\/wp-json\/wp\/v2\/product\/9984","targetHints":{"allow":["GET"]}}],"collection":[{"href":"https:\/\/www.inventec.dehon.com\/es\/wp-json\/wp\/v2\/product"}],"about":[{"href":"https:\/\/www.inventec.dehon.com\/es\/wp-json\/wp\/v2\/types\/product"}],"replies":[{"embeddable":true,"href":"https:\/\/www.inventec.dehon.com\/es\/wp-json\/wp\/v2\/comments?post=9984"}],"wp:featuredmedia":[{"embeddable":true,"href":"https:\/\/www.inventec.dehon.com\/es\/wp-json\/wp\/v2\/media\/21573"}],"wp:attachment":[{"href":"https:\/\/www.inventec.dehon.com\/es\/wp-json\/wp\/v2\/media?parent=9984"}],"wp:term":[{"taxonomy":"product_brand","embeddable":true,"href":"https:\/\/www.inventec.dehon.com\/es\/wp-json\/wp\/v2\/product_brand?post=9984"},{"taxonomy":"product_cat","embeddable":true,"href":"https:\/\/www.inventec.dehon.com\/es\/wp-json\/wp\/v2\/product_cat?post=9984"},{"taxonomy":"product_tag","embeddable":true,"href":"https:\/\/www.inventec.dehon.com\/es\/wp-json\/wp\/v2\/product_tag?post=9984"}],"curies":[{"name":"wp","href":"https:\/\/api.w.org\/{rel}","templated":true}]}}