{"id":9983,"date":"2021-04-27T06:18:02","date_gmt":"2021-12-21T12:33:53","guid":{"rendered":"https:\/\/www.inventec.dehon.com\/product\/ecorel-free-0307-vm\/"},"modified":"2023-05-09T09:20:17","modified_gmt":"2023-05-09T09:20:17","slug":"ecorel-free-0307-vm","status":"publish","type":"product","link":"https:\/\/www.inventec.dehon.com\/es\/product\/ecorel-free-0307-vm\/","title":{"rendered":"Ecorel\u2122 Free 0307-VM"},"content":{"rendered":"<ul>\n<li>SAC0307 pasta de soldadura de aleaci\u00f3n sin plomo<\/li>\n<li>No hay proceso de impresi\u00f3n limpia de smt<\/li>\n<li>Producci\u00f3n de gran volumen y montaje robusto<\/li>\n<\/ul>\n<p>ECOREL Free 0307-VM (\u00abValued Manufacturing\u00bb) \u00ab) est\u00e1 especialmente dise\u00f1ado para abastecer a la electr\u00f3nica de alto volumen con un rendimiento global equilibrado de la pasta de soldadura para garantizar un proceso de montaje estable. Es una pasta de soldadura No Clean que combina las propiedades metal\u00fargicas y las ventajas de coste de una aleaci\u00f3n de baja plata con la qu\u00edmica de alto rendimiento de la gama ECOREL\u2122. Adem\u00e1s proporciona una aleaci\u00f3n de plata baja una mejor resistencia a los golpes.<\/p>\n","protected":false},"excerpt":{"rendered":"<ul>\n<li>SAC0307 pasta de soldadura de aleaci\u00f3n sin plomo<\/li>\n<li>No hay proceso de impresi\u00f3n limpia de smt<\/li>\n<li>Producci\u00f3n de gran volumen y montaje robusto<\/li>\n<\/ul>\n","protected":false},"featured_media":2228,"comment_status":"closed","ping_status":"closed","template":"","meta":{"_acf_changed":false,"inline_featured_image":false},"product_brand":[],"product_cat":[905],"product_tag":[],"class_list":{"0":"post-9983","1":"product","2":"type-product","3":"status-publish","4":"has-post-thumbnail","6":"product_cat-sin-categoria","7":"pa_brand-ecorel-es-2","8":"pa_features-aleacion-sin-o-bajo-contenido-de-plata","9":"pa_features-montaje-robusto","10":"pa_processes-impresion","11":"pa_product-category-pastas-de-soldadura","13":"first","14":"instock","15":"shipping-taxable","16":"product-type-simple"},"acf":[],"_links":{"self":[{"href":"https:\/\/www.inventec.dehon.com\/es\/wp-json\/wp\/v2\/product\/9983","targetHints":{"allow":["GET"]}}],"collection":[{"href":"https:\/\/www.inventec.dehon.com\/es\/wp-json\/wp\/v2\/product"}],"about":[{"href":"https:\/\/www.inventec.dehon.com\/es\/wp-json\/wp\/v2\/types\/product"}],"replies":[{"embeddable":true,"href":"https:\/\/www.inventec.dehon.com\/es\/wp-json\/wp\/v2\/comments?post=9983"}],"wp:featuredmedia":[{"embeddable":true,"href":"https:\/\/www.inventec.dehon.com\/es\/wp-json\/wp\/v2\/media\/2228"}],"wp:attachment":[{"href":"https:\/\/www.inventec.dehon.com\/es\/wp-json\/wp\/v2\/media?parent=9983"}],"wp:term":[{"taxonomy":"product_brand","embeddable":true,"href":"https:\/\/www.inventec.dehon.com\/es\/wp-json\/wp\/v2\/product_brand?post=9983"},{"taxonomy":"product_cat","embeddable":true,"href":"https:\/\/www.inventec.dehon.com\/es\/wp-json\/wp\/v2\/product_cat?post=9983"},{"taxonomy":"product_tag","embeddable":true,"href":"https:\/\/www.inventec.dehon.com\/es\/wp-json\/wp\/v2\/product_tag?post=9983"}],"curies":[{"name":"wp","href":"https:\/\/api.w.org\/{rel}","templated":true}]}}