{"id":9979,"date":"2021-05-14T11:31:40","date_gmt":"2021-05-14T11:31:40","guid":{"rendered":"https:\/\/www.inventec.dehon.com\/product\/quicksolv-def90\/"},"modified":"2026-03-16T14:37:14","modified_gmt":"2026-03-16T13:37:14","slug":"quicksolv-def-90","status":"publish","type":"product","link":"https:\/\/www.inventec.dehon.com\/es\/product\/quicksolv-def-90\/","title":{"rendered":"QUICKSOLV DEF 90"},"content":{"rendered":"<p><img decoding=\"async\" src=\"https:\/\/www.inventec.dehon.com\/wp-content\/uploads\/2021\/05\/QUICKSOLV-drum-colorless-1-600x600.png\" alt=\"QUICKSOLV DEF 90\" class=\"responsive-img\" align=\"right\" style=\"border-radius:10px; margin-bottom:10px; margin-top:-10px; margin-left:15px; width:300px\" \/><\/p>\n<h2 style=\"color:#9bc947; margin-bottom:15px\">Soluci\u00f3n limpiadora multiusos<\/h2>\n<ul>\n<li>Limpiador multiusos para desengrasar y desinfectar<\/li>\n<li>Limpieza manual<\/li>\n<li>No inflamable y de r\u00e1pida evaporaci\u00f3n<\/li>\n<\/ul>\n<h5>QUICKSOLV DEF 90<\/h5>\n<p>Es un limpiador industrial polivalente para la limpieza manual de aceites, grasas, residuos org\u00e1nicos y residuos de fundentes de soldadura. Gracias a su baja tensi\u00f3n superficial y a sus sustancias reactivas, permite solubilizar la mayor\u00eda de los contaminantes org\u00e1nicos. Su r\u00e1pida evaporaci\u00f3n permite reducir sustancialmente el tiempo de limpieza.<\/p>\n<p><strong>QUICKSOLV DEF 90<\/strong> es un producto no inflamable y es un sustituto directo de los disolventes inflamables como la gasolina, el isopropanol o la acetona o cualquier producto de limpieza inflamable. Est\u00e1 formulado pensando en la seguridad, la salud de los operarios y el medio ambiente.<\/p>\n<p>Puede utilizarse para muchas aplicaciones:<\/p>\n<ul>\n<li>Mantenimiento de piezas mec\u00e1nicas<\/li>\n<li>Desengrasado de piezas met\u00e1licas de bajo volumen de producci\u00f3n en la industria micromec\u00e1nica y mec\u00e1nica<\/li>\n<li>Desflecado de circuitos impresos en retrabajo o producci\u00f3n de bajo volumen.<\/li>\n<li>Eliminaci\u00f3n de part\u00edculas met\u00e1licas en la fabricaci\u00f3n aditiva<\/li>\n<li>Tambi\u00e9n puede eliminar ciertos residuos de cola, barniz, revestimientos o materiales polimerizados, pero a condici\u00f3n de realizar pruebas previas.<\/li>\n<\/ul>\n<p><!-- ESPECIFICACIONES Section --><\/p>\n<div style=\"font-weight:bold; text-transform:uppercase; border-bottom:2px solid #9DBB2F; padding-bottom:6px; margin-bottom:10px;\">\n  ESPECIFICACIONES\n<\/div>\n<table width=\"100%\" cellpadding=\"0\" cellspacing=\"0\" style=\"border-collapse:collapse; width:100%; max-width:100%;\">\n<tr>\n<th align=\"left\" style=\"background:#7A7A7A; color:#fff; padding:8px 12px; border:1px solid #BDBDBD;\">ESPECIFICACIONES<\/th>\n<th align=\"left\" style=\"background:#7A7A7A; color:#fff; padding:8px 12px; border:1px solid #BDBDBD;\">VALORES<\/th>\n<th align=\"left\" style=\"background:#7A7A7A; color:#fff; padding:8px 12px; border:1px solid #BDBDBD;\">M\u00c9TODOS<\/th>\n<\/tr>\n<tr>\n<td style=\"padding:8px 12px; border:1px solid #BDBDBD;\">Aspecto<\/td>\n<td style=\"padding:8px 12px; border:1px solid #BDBDBD;\">L\u00edquido incoloro<\/td>\n<td style=\"padding:8px 12px; border:1px solid #BDBDBD;\">Visual<\/td>\n<\/tr>\n<tr style=\"background:#E6E6E6;\">\n<td style=\"padding:8px 12px; border:1px solid #BDBDBD;\">Pureza (% peso)<\/td>\n<td style=\"padding:8px 12px; border:1px solid #BDBDBD;\">&gt;99,0<\/td>\n<td style=\"padding:8px 12px; border:1px solid #BDBDBD;\">Interno \/ MO.SB.10033<\/td>\n<\/tr>\n<\/table>\n<p><!-- CARACTER\u00cdSTICAS Section --><\/p>\n<div style=\"font-weight:bold; text-transform:uppercase; border-bottom:2px solid #9DBB2F; padding-bottom:6px; margin:30px 0 10px 0;\">\n  CARACTER\u00cdSTICAS\n<\/div>\n<table width=\"100%\" cellpadding=\"0\" cellspacing=\"0\" style=\"border-collapse:collapse; width:100%; max-width:100%;\">\n<tr>\n<th align=\"left\" style=\"background:#7A7A7A; color:#fff; padding:8px 12px; border:1px solid #BDBDBD;\">CARACTER\u00cdSTICAS<\/th>\n<th align=\"left\" style=\"background:#7A7A7A; color:#fff; padding:8px 12px; border:1px solid #BDBDBD;\">VALORES<\/th>\n<\/tr>\n<tr>\n<td style=\"padding:8px 12px; border:1px solid #BDBDBD;\">Punto de inflamaci\u00f3n<\/td>\n<td style=\"padding:8px 12px; border:1px solid #BDBDBD;\">Ninguno<\/td>\n<\/tr>\n<tr style=\"background:#E6E6E6;\">\n<td style=\"padding:8px 12px; border:1px solid #BDBDBD;\">Punto de ebullici\u00f3n (\u00b0C\/\u00b0F)<\/td>\n<td style=\"padding:8px 12px; border:1px solid #BDBDBD;\">48\u00b0C \/ 118\u00b0F<\/td>\n<\/tr>\n<tr>\n<td style=\"padding:8px 12px; border:1px solid #BDBDBD;\">Punto de fusi\u00f3n (\u00b0C)<\/td>\n<td style=\"padding:8px 12px; border:1px solid #BDBDBD;\">-135\u00b0C \/ -211\u00b0F<\/td>\n<\/tr>\n<tr style=\"background:#E6E6E6;\">\n<td style=\"padding:8px 12px; border:1px solid #BDBDBD;\">Densidad a 20 \u00b0C (g\/ml)<\/td>\n<td style=\"padding:8px 12px; border:1px solid #BDBDBD;\">1,27<\/td>\n<\/tr>\n<tr>\n<td style=\"padding:8px 12px; border:1px solid #BDBDBD;\">Tensi\u00f3n superficial (dinas\/cm)<\/td>\n<td style=\"padding:8px 12px; border:1px solid #BDBDBD;\">13.6<\/td>\n<\/tr>\n<tr style=\"background:#E6E6E6;\">\n<td style=\"padding:8px 12px; border:1px solid #BDBDBD;\">IKB (Kauri-Butanol)<\/td>\n<td style=\"padding:8px 12px; border:1px solid #BDBDBD;\">&gt;100<\/td>\n<\/tr>\n<tr>\n<td style=\"padding:8px 12px; border:1px solid #BDBDBD;\">Presi\u00f3n de vapor a 20 \u00b0C<\/td>\n<td style=\"padding:8px 12px; border:1px solid #BDBDBD;\">65 kPa<\/td>\n<\/tr>\n<tr style=\"background:#E6E6E6;\">\n<td style=\"padding:8px 12px; border:1px solid #BDBDBD;\">Viscosidad din\u00e1mica a 25 \u00b0C<\/td>\n<td style=\"padding:8px 12px; border:1px solid #BDBDBD;\">0,4 mPa.s<\/td>\n<\/tr>\n<tr>\n<td style=\"padding:8px 12px; border:1px solid #BDBDBD;\">Solubilidad en agua<\/td>\n<td style=\"padding:8px 12px; border:1px solid #BDBDBD;\">Insoluble<\/td>\n<\/tr>\n<\/table>\n","protected":false},"excerpt":{"rendered":"<ul>\n<li>Limpiador multiusos para desengrasar y desinfectar<\/li>\n<li>Limpieza manual<\/li>\n<li>No inflamable y de r\u00e1pida evaporaci\u00f3n<\/li>\n<\/ul>\n<p><a href=\"https:\/\/www.inventec.dehon.com\/wp-content\/uploads\/2021\/05\/GW-Score-35.png\"><img decoding=\"async\" class=\"alignnone wp-image-15275\" src=\"https:\/\/www.inventec.dehon.com\/wp-content\/uploads\/2021\/05\/GW-Score-35.png\" alt=\"\" width=\"40\" height=\"34\" \/><\/a><\/p>\n","protected":false},"featured_media":3296,"comment_status":"closed","ping_status":"closed","template":"","meta":{"_acf_changed":false,"inline_featured_image":false},"product_brand":[],"product_cat":[698,2902,2901,762,2893,616,2897,2906,617],"product_tag":[2273,4483,2272,2271,5415,4395,4487,4287,4323,4411,4239,588,4186,4327,4407,4319,4773,4279,2270,2269,4600],"class_list":{"0":"post-9979","1":"product","2":"type-product","3":"status-publish","4":"has-post-thumbnail","6":"industries-aerosistemas","7":"industries-chasis-conduccion-y-direccion","8":"industries-asistencia-y-confort-adas","9":"industries-electronica-y-sistemas-electricos","10":"industries-equipos-medico-y-escaneres","11":"industries-motores","12":"industries-sistemas-de-aterrizaje","13":"industries-tren-motriz","14":"product_cat-decapado-y-desoxidacion","15":"product_cat-desengrase-de-diversos-componentes-metalicos","16":"product_cat-eliminacion-de-aceite-en-diversos-componentes-metalicos","17":"product_cat-eliminacion-de-particulas","18":"product_cat-eliminacion-de-residuos-de-fundente-y-limpieza-de-pcb-para-electronica-y-semiconductores","19":"product_cat-limpieza","20":"product_cat-limpieza-de-adhesivos-smt-para-electronica-y-semiconductores","21":"product_cat-proceso-de-eliminacion-de-cera","22":"product_cat-soluciones-de-fabricacion-aditiva","23":"product_tag-90-es","24":"product_tag-cera-es","25":"product_tag-def-es","26":"product_tag-def-90-es","27":"product_tag-desengrasado","28":"product_tag-eliminacion-de-aceite-es","29":"product_tag-eliminacion-de-cera-es","30":"product_tag-eliminacion-de-fundente-es","31":"product_tag-eliminacion-de-grasa-es","32":"product_tag-eliminacion-de-particulas-es","33":"product_tag-fabricacion-aditiva-3","34":"product_tag-fluido","35":"product_tag-fluidos-de-limpieza-con-solvente","36":"product_tag-greenway","37":"product_tag-pallets","38":"product_tag-pegamento","39":"product_tag-portadores-de-ondas","40":"product_tag-proteccion-es","41":"product_tag-quicksolv-es","42":"product_tag-quicksolv-def-90-es","43":"product_tag-reciclable","44":"pa_application-eliminacion-de-aceites","45":"pa_application-eliminacion-de-cera","46":"pa_application-eliminacion-de-fundente","47":"pa_application-eliminacion-de-grasas","48":"pa_application-eliminacion-de-particulas","49":"pa_application-pegamentos-y-recubrimientos","50":"pa_application-portadores-y-paletas-de-ola","51":"pa_application-soluciones-para-fabricacion-aditiva","52":"pa_brand-quicksolv-es","53":"pa_features-adecuado-para-hidrocarburos","54":"pa_features-greenway","55":"pa_features-reciclable","56":"pa_processes-manual-es","57":"pa_product-category-fluidos-de-limpieza-con-solvente","59":"first","60":"instock","61":"shipping-taxable","62":"product-type-simple"},"acf":[],"_links":{"self":[{"href":"https:\/\/www.inventec.dehon.com\/es\/wp-json\/wp\/v2\/product\/9979","targetHints":{"allow":["GET"]}}],"collection":[{"href":"https:\/\/www.inventec.dehon.com\/es\/wp-json\/wp\/v2\/product"}],"about":[{"href":"https:\/\/www.inventec.dehon.com\/es\/wp-json\/wp\/v2\/types\/product"}],"replies":[{"embeddable":true,"href":"https:\/\/www.inventec.dehon.com\/es\/wp-json\/wp\/v2\/comments?post=9979"}],"wp:featuredmedia":[{"embeddable":true,"href":"https:\/\/www.inventec.dehon.com\/es\/wp-json\/wp\/v2\/media\/3296"}],"wp:attachment":[{"href":"https:\/\/www.inventec.dehon.com\/es\/wp-json\/wp\/v2\/media?parent=9979"}],"wp:term":[{"taxonomy":"product_brand","embeddable":true,"href":"https:\/\/www.inventec.dehon.com\/es\/wp-json\/wp\/v2\/product_brand?post=9979"},{"taxonomy":"product_cat","embeddable":true,"href":"https:\/\/www.inventec.dehon.com\/es\/wp-json\/wp\/v2\/product_cat?post=9979"},{"taxonomy":"product_tag","embeddable":true,"href":"https:\/\/www.inventec.dehon.com\/es\/wp-json\/wp\/v2\/product_tag?post=9979"}],"curies":[{"name":"wp","href":"https:\/\/api.w.org\/{rel}","templated":true}]}}