{"id":9965,"date":"2021-05-14T13:04:07","date_gmt":"2021-05-14T13:04:07","guid":{"rendered":"https:\/\/www.inventec.dehon.com\/product\/quicksolv-def70\/"},"modified":"2026-03-16T14:37:20","modified_gmt":"2026-03-16T13:37:20","slug":"quicksolv-def-70","status":"publish","type":"product","link":"https:\/\/www.inventec.dehon.com\/es\/product\/quicksolv-def-70\/","title":{"rendered":"QUICKSOLV DEF 70"},"content":{"rendered":"<p><img decoding=\"async\" src=\"https:\/\/www.inventec.dehon.com\/wp-content\/uploads\/2021\/05\/QUICKSOLV-Aerosol-colorless-600x600.png\" alt=\"QUICKSOLV DEF 70\" class=\"responsive-img\" align=\"right\" style=\"border-radius:10px; margin-bottom:10px; margin-top:-10px; margin-left:15px; width:300px\" \/><\/p>\n<h2 style=\"color:#9bc947; margin-bottom:15px\">El limpiador m\u00e1s seguro y vers\u00e1til<\/h2>\n<ul>\n<li>Limpiador multiusos para desengrasar y desinfectar<\/li>\n<li>Limpiador manual en envases de aerosol<\/li>\n<li>No inflamable y de r\u00e1pida evaporaci\u00f3n<\/li>\n<\/ul>\n<h5>QUICKSOLV DEF 70<\/h5>\n<p>Es un limpiador industrial multiprop\u00f3sito en un envase de aerosol para la limpieza manual de aceites, grasas, residuos org\u00e1nicos y residuos de fundente de soldadura. Gracias a su baja tensi\u00f3n superficial y a sus sustancias reactivas, permite solubilizar la mayor\u00eda de los contaminantes org\u00e1nicos. Su r\u00e1pida evaporaci\u00f3n permite reducir sustancialmente el tiempo de limpieza.<\/p>\n<p><strong>QUICKSOLV DEF 70<\/strong> es un producto no inflamable y es un reemplazo directo para solventes inflamables como gasolina, isopropanol o acetona o cualquier aerosol de limpieza inflamable. Est\u00e1 formulado pensando en la seguridad, la salud de los operarios y el medio ambiente.<\/p>\n<p>Puede utilizarse para muchas aplicaciones:<\/p>\n<ul>\n<li>Mantenimiento de piezas mec\u00e1nicas<\/li>\n<li>Desengrasado de piezas met\u00e1licas de bajo volumen de producci\u00f3n en la industria micromec\u00e1nica y mec\u00e1nica<\/li>\n<li>Desflecado de circuitos impresos en retrabajo o producci\u00f3n de bajo volumen.<\/li>\n<li>Eliminaci\u00f3n de part\u00edculas met\u00e1licas en la fabricaci\u00f3n aditiva<\/li>\n<li>Tambi\u00e9n puede eliminar ciertos residuos de cola, barniz, revestimientos o materiales polimerizados, pero sujeto a una prueba previa<\/li>\n<\/ul>\n<p><!-- ESPECIFICACIONES --><\/p>\n<div style=\"font-weight:bold; text-transform:uppercase; border-bottom:2px solid #9DBB2F; padding-bottom:6px; margin-bottom:10px;\">\n  ESPECIFICACIONES\n<\/div>\n<table width=\"100%\" cellpadding=\"0\" cellspacing=\"0\" style=\"border-collapse:collapse; width:100%; max-width:100%;\">\n<tr>\n<th align=\"left\" style=\"background:#7A7A7A; color:#fff; padding:8px 12px; border:1px solid #BDBDBD;\">ESPECIFICACIONES<\/th>\n<th align=\"left\" style=\"background:#7A7A7A; color:#fff; padding:8px 12px; border:1px solid #BDBDBD;\">VALORES<\/th>\n<th align=\"left\" style=\"background:#7A7A7A; color:#fff; padding:8px 12px; border:1px solid #BDBDBD;\">M\u00c9TODOS<\/th>\n<\/tr>\n<tr>\n<td style=\"padding:8px 12px; border:1px solid #BDBDBD;\">Aspecto<\/td>\n<td style=\"padding:8px 12px; border:1px solid #BDBDBD;\">L\u00edquido incoloro<\/td>\n<td style=\"padding:8px 12px; border:1px solid #BDBDBD;\">Visual<\/td>\n<\/tr>\n<tr style=\"background:#E6E6E6;\">\n<td style=\"padding:8px 12px; border:1px solid #BDBDBD;\">Densidad a 20&nbsp;\u00b0C (g\/ml)<\/td>\n<td style=\"padding:8px 12px; border:1px solid #BDBDBD;\">1.28 \u00b1 0.01<\/td>\n<td style=\"padding:8px 12px; border:1px solid #BDBDBD;\">BRY-MO-028<\/td>\n<\/tr>\n<tr>\n<td style=\"padding:8px 12px; border:1px solid #BDBDBD;\">Porcentaje de materia activa (% peso)<\/td>\n<td style=\"padding:8px 12px; border:1px solid #BDBDBD;\">94%<\/td>\n<td style=\"padding:8px 12px; border:1px solid #BDBDBD;\">Interno<\/td>\n<\/tr>\n<tr style=\"background:#E6E6E6;\">\n<td style=\"padding:8px 12px; border:1px solid #BDBDBD;\">Cantidad de propelente \/ lata de aerosol (% peso)<\/td>\n<td style=\"padding:8px 12px; border:1px solid #BDBDBD;\">6%<\/td>\n<td style=\"padding:8px 12px; border:1px solid #BDBDBD;\">Interno<\/td>\n<\/tr>\n<\/table>\n<p><!-- CARACTER\u00cdSTICAS --><\/p>\n<div style=\"font-weight:bold; text-transform:uppercase; border-bottom:2px solid #9DBB2F; padding-bottom:6px; margin:30px 0 10px 0;\">\n  CARACTER\u00cdSTICAS\n<\/div>\n<table width=\"100%\" cellpadding=\"0\" cellspacing=\"0\" style=\"border-collapse:collapse; width:100%; max-width:100%;\">\n<tr>\n<th align=\"left\" style=\"background:#7A7A7A; color:#fff; padding:8px 12px; border:1px solid #BDBDBD;\">CARACTER\u00cdSTICAS<\/th>\n<th align=\"left\" style=\"background:#7A7A7A; color:#fff; padding:8px 12px; border:1px solid #BDBDBD;\">VALORES<\/th>\n<\/tr>\n<tr>\n<td style=\"padding:8px 12px; border:1px solid #BDBDBD;\">Punto de inflamaci\u00f3n<\/td>\n<td style=\"padding:8px 12px; border:1px solid #BDBDBD;\">Ninguno<\/td>\n<\/tr>\n<tr style=\"background:#E6E6E6;\">\n<td style=\"padding:8px 12px; border:1px solid #BDBDBD;\">Punto de ebullici\u00f3n<\/td>\n<td style=\"padding:8px 12px; border:1px solid #BDBDBD;\">48\u00b0C \/ 118\u00b0F<\/td>\n<\/tr>\n<tr>\n<td style=\"padding:8px 12px; border:1px solid #BDBDBD;\">Solubilidad en agua<\/td>\n<td style=\"padding:8px 12px; border:1px solid #BDBDBD;\">Insoluble<\/td>\n<\/tr>\n<tr style=\"background:#E6E6E6;\">\n<td style=\"padding:8px 12px; border:1px solid #BDBDBD;\">Tensi\u00f3n superficial (dyn\/cm)<\/td>\n<td style=\"padding:8px 12px; border:1px solid #BDBDBD;\">14<\/td>\n<\/tr>\n<tr>\n<td style=\"padding:8px 12px; border:1px solid #BDBDBD;\">Viscosidad (mPa.s)<\/td>\n<td style=\"padding:8px 12px; border:1px solid #BDBDBD;\">0.5<\/td>\n<\/tr>\n<tr style=\"background:#E6E6E6;\">\n<td style=\"padding:8px 12px; border:1px solid #BDBDBD;\">Presi\u00f3n de vapor a 25&nbsp;\u00b0C (kPa)<\/td>\n<td style=\"padding:8px 12px; border:1px solid #BDBDBD;\">65<\/td>\n<\/tr>\n<tr>\n<td style=\"padding:8px 12px; border:1px solid #BDBDBD;\">Punto de congelaci\u00f3n<\/td>\n<td style=\"padding:8px 12px; border:1px solid #BDBDBD;\">-125\u00b0C \/ -193\u00b0F<\/td>\n<\/tr>\n<\/table>\n","protected":false},"excerpt":{"rendered":"<ul>\n<li>Limpiador multiusos para desengrasar y desinfectar<\/li>\n<li>Limpiador manual en envases de aerosol<\/li>\n<li>No inflamable y de r\u00e1pida evaporaci\u00f3n<\/li>\n<\/ul>\n<p><a href=\"https:\/\/www.inventec.dehon.com\/wp-content\/uploads\/2021\/05\/GW-quick-DEF70-e1683719526746.png\"><img decoding=\"async\" class=\"alignnone wp-image-14659\" src=\"https:\/\/www.inventec.dehon.com\/wp-content\/uploads\/2021\/05\/GW-quick-DEF70-e1683719526746.png\" alt=\"Greenway\" width=\"40\" height=\"34\" \/><\/a><\/p>\n","protected":false},"featured_media":3291,"comment_status":"closed","ping_status":"closed","template":"","meta":{"_acf_changed":false,"inline_featured_image":false},"product_brand":[],"product_cat":[698,2902,2901,762,2893,616,2897,2906,617],"product_tag":[2211,4483,2272,2286,4487,4287,4323,4411,4239,588,4186,4327,4319,4279,2270,2285],"class_list":{"0":"post-9965","1":"product","2":"type-product","3":"status-publish","4":"has-post-thumbnail","6":"industries-aerosistemas","7":"industries-chasis-conduccion-y-direccion","8":"industries-asistencia-y-confort-adas","9":"industries-electronica-y-sistemas-electricos","10":"industries-equipos-medico-y-escaneres","11":"industries-motores","12":"industries-sistemas-de-aterrizaje","13":"industries-tren-motriz","14":"product_cat-decapado-y-desoxidacion","15":"product_cat-desengrase-de-diversos-componentes-metalicos","16":"product_cat-eliminacion-de-aceite-en-diversos-componentes-metalicos","17":"product_cat-eliminacion-de-particulas","18":"product_cat-eliminacion-de-residuos-de-fundente-y-limpieza-de-pcb-para-electronica-y-semiconductores","19":"product_cat-limpieza","20":"product_cat-limpieza-de-adhesivos-smt-para-electronica-y-semiconductores","21":"product_cat-proceso-de-eliminacion-de-cera","22":"product_cat-soluciones-de-fabricacion-aditiva","23":"product_tag-70-es","24":"product_tag-cera-es","25":"product_tag-def-es","26":"product_tag-def-70-es","27":"product_tag-eliminacion-de-cera-es","28":"product_tag-eliminacion-de-fundente-es","29":"product_tag-eliminacion-de-grasa-es","30":"product_tag-eliminacion-de-particulas-es","31":"product_tag-fabricacion-aditiva-3","32":"product_tag-fluido","33":"product_tag-fluidos-de-limpieza-con-solvente","34":"product_tag-greenway","35":"product_tag-pegamento","36":"product_tag-proteccion-es","37":"product_tag-quicksolv-es","38":"product_tag-quicksolv-def-70-es","39":"pa_application-eliminacion-de-cera","40":"pa_application-eliminacion-de-fundente","41":"pa_application-eliminacion-de-grasas","42":"pa_application-eliminacion-de-particulas","43":"pa_application-soluciones-para-fabricacion-aditiva","44":"pa_brand-quicksolv-es","45":"pa_features-greenway","46":"pa_processes-manual-es","47":"pa_product-category-fluidos-de-limpieza-con-solvente","49":"first","50":"instock","51":"shipping-taxable","52":"product-type-simple"},"acf":[],"_links":{"self":[{"href":"https:\/\/www.inventec.dehon.com\/es\/wp-json\/wp\/v2\/product\/9965","targetHints":{"allow":["GET"]}}],"collection":[{"href":"https:\/\/www.inventec.dehon.com\/es\/wp-json\/wp\/v2\/product"}],"about":[{"href":"https:\/\/www.inventec.dehon.com\/es\/wp-json\/wp\/v2\/types\/product"}],"replies":[{"embeddable":true,"href":"https:\/\/www.inventec.dehon.com\/es\/wp-json\/wp\/v2\/comments?post=9965"}],"wp:featuredmedia":[{"embeddable":true,"href":"https:\/\/www.inventec.dehon.com\/es\/wp-json\/wp\/v2\/media\/3291"}],"wp:attachment":[{"href":"https:\/\/www.inventec.dehon.com\/es\/wp-json\/wp\/v2\/media?parent=9965"}],"wp:term":[{"taxonomy":"product_brand","embeddable":true,"href":"https:\/\/www.inventec.dehon.com\/es\/wp-json\/wp\/v2\/product_brand?post=9965"},{"taxonomy":"product_cat","embeddable":true,"href":"https:\/\/www.inventec.dehon.com\/es\/wp-json\/wp\/v2\/product_cat?post=9965"},{"taxonomy":"product_tag","embeddable":true,"href":"https:\/\/www.inventec.dehon.com\/es\/wp-json\/wp\/v2\/product_tag?post=9965"}],"curies":[{"name":"wp","href":"https:\/\/api.w.org\/{rel}","templated":true}]}}