{"id":9963,"date":"2021-06-09T16:16:00","date_gmt":"2021-06-09T16:16:00","guid":{"rendered":"https:\/\/www.inventec.dehon.com\/product\/ecorel-free-300-31a\/"},"modified":"2026-03-16T14:53:50","modified_gmt":"2026-03-16T13:53:50","slug":"ecorel-free-300-31a","status":"publish","type":"product","link":"https:\/\/www.inventec.dehon.com\/es\/product\/ecorel-free-300-31a\/","title":{"rendered":"ECOREL FREE 300-31A"},"content":{"rendered":"<p><img decoding=\"async\" src=\"https:\/\/www.inventec.dehon.com\/wp-content\/uploads\/2021\/01\/Ecorel-Free-600x600.png\" alt=\"ECOREL FREE 300-31A\" class=\"responsive-img\" align=\"right\" style=\"border-radius:10px; margin-bottom:10px; margin-top:-10px; margin-left:15px; width:300px\" \/><\/p>\n<h2 style=\"color:#9bc947; margin-bottom:15px\">Muy buena humectaci\u00f3n, especialmente en superficies de cobre<\/h2>\n<ul>\n<li>Pasta de soldadura sin plomo esta\u00f1o\/plata<\/li>\n<li>Proceso de impresi\u00f3n SMT no limpio<\/li>\n<li>Excelente bajo vaciado para DCB<\/li>\n<\/ul>\n<h5>ECOREL FREE 300-31A<\/h5>\n<p>Es una pasta de soldadura sin plomo y sin hal\u00f3genos desarrollada con la qu\u00edmica fiable de la gama ECOREL. Est\u00e1 dise\u00f1ado para minimizar las salpicaduras de fundente, las fugas de soldadura y los vac\u00edos para conseguir un grosor de l\u00ednea de uni\u00f3n (BLT) consistente entre los chips grandes y el sustrato DCB.<\/p>\n<p>La aleaci\u00f3n Sn96.5Ag3.5 es una excelente opci\u00f3n para materiales DCB debido a sus buenas propiedades de humectaci\u00f3n, lo que permite un flujo f\u00e1cil y una fuerte uni\u00f3n. Adem\u00e1s, se ha demostrado que tiene una mayor fiabilidad en comparaci\u00f3n con otras aleaciones, lo que la hace m\u00e1s resistente a la fatiga t\u00e9rmica y factores de estr\u00e9s. Su uni\u00f3n fuerte y d\u00factil puede soportar el estr\u00e9s mec\u00e1nico y las vibraciones. Su punto de fusi\u00f3n m\u00e1s bajo, en comparaci\u00f3n con aleaciones como SnSb o pastas con plomo, la hace adecuada para soldar componentes sensibles al calor.<\/p>\n<p>La qu\u00edmica de este producto tambi\u00e9n est\u00e1 disponible con otras aleaciones o tama\u00f1os de part\u00edculas bajo solicitud.<\/p>\n<p><!-- CARACTER\u00cdSTICAS Section --><\/p>\n<div style=\"font-weight:bold; text-transform:uppercase; border-bottom:2px solid #9DBB2F; padding-bottom:6px; margin-bottom:10px;\">\n  PROPIEDADES\n<\/div>\n<p><!-- OPCIONES EST\u00c1NDAR Table --><\/p>\n<table width=\"100%\" cellpadding=\"0\" cellspacing=\"0\" style=\"border-collapse:collapse; width:100%; max-width:100%;\">\n<tr>\n<th align=\"left\" style=\"background:#7A7A7A; color:#fff; padding:8px 12px; border:1px solid #BDBDBD;\">\n      ESPECIFICACIONES\n    <\/th>\n<th align=\"left\" style=\"background:#7A7A7A; color:#fff; padding:8px 12px; border:1px solid #BDBDBD;\">\n      ECOREL FREE 300-31A\n    <\/th>\n<\/tr>\n<tr>\n<td style=\"padding:8px 12px; border:1px solid #BDBDBD;\">Aleaci\u00f3n<\/td>\n<td style=\"padding:8px 12px; border:1px solid #BDBDBD;\">Sn96,5Ag3,5<\/td>\n<\/tr>\n<tr style=\"background:#E6E6E6;\">\n<td style=\"padding:8px 12px; border:1px solid #BDBDBD;\">Punto de fusi\u00f3n (\u00b0C\/\u00b0F)<\/td>\n<td style=\"padding:8px 12px; border:1px solid #BDBDBD;\">221 \/ 426<\/td>\n<\/tr>\n<tr>\n<td style=\"padding:8px 12px; border:1px solid #BDBDBD;\">Contenido en metales (%)<\/td>\n<td style=\"padding:8px 12px; border:1px solid #BDBDBD;\">89 +\/- 0,5<\/td>\n<\/tr>\n<tr style=\"background:#E6E6E6;\">\n<td style=\"padding:8px 12px; border:1px solid #BDBDBD;\">Residuos tras reflujo<\/td>\n<td style=\"padding:8px 12px; border:1px solid #BDBDBD;\">Aproximadamente 5 % p\/p<\/td>\n<\/tr>\n<tr>\n<td style=\"padding:8px 12px; border:1px solid #BDBDBD;\">Contenido de hal\u00f3geno<\/td>\n<td style=\"padding:8px 12px; border:1px solid #BDBDBD;\">Sin hal\u00f3geno<\/td>\n<\/tr>\n<tr style=\"background:#E6E6E6;\">\n<td style=\"padding:8px 12px; border:1px solid #BDBDBD;\">Tama\u00f1o del polvo<\/td>\n<td style=\"padding:8px 12px; border:1px solid #BDBDBD;\">25-45 micras \/ Tipo 3<\/td>\n<\/tr>\n<tr>\n<td style=\"padding:8px 12px; border:1px solid #BDBDBD;\">Bomba espiral* Viscosidad (Pa.s 25 \u00b0C)<\/td>\n<td style=\"padding:8px 12px; border:1px solid #BDBDBD;\">T\u00edpico 145<\/td>\n<\/tr>\n<\/table>\n<p style=\"font-size:0.85em;\">*El equipo utilizado para probar la viscosidad de la bomba espiral es Malcom a una velocidad de rotaci\u00f3n de 10 rpm.<\/p>\n<p><!-- CARACTER\u00cdSTICAS DETALLADAS Section --><\/p>\n<div style=\"font-weight:bold; text-transform:uppercase; border-bottom:2px solid #9DBB2F; padding-bottom:6px; margin-bottom:10px;\">\n  CARACTER\u00cdSTICAS\n<\/div>\n<table width=\"100%\" cellpadding=\"0\" cellspacing=\"0\" style=\"border-collapse:collapse; width:100%; max-width:100%;\">\n<tr>\n<th align=\"left\" style=\"background:#7A7A7A; color:#fff; padding:8px 12px; border:1px solid #BDBDBD;\">\n      CARACTER\u00cdSTICAS\n    <\/th>\n<th align=\"left\" style=\"background:#7A7A7A; color:#fff; padding:8px 12px; border:1px solid #BDBDBD;\">\n      VALORES\n    <\/th>\n<th align=\"left\" style=\"background:#7A7A7A; color:#fff; padding:8px 12px; border:1px solid #BDBDBD;\">\n      M\u00c9TODO DE PRUEBA\n    <\/th>\n<\/tr>\n<tr>\n<td style=\"padding:8px 12px; border:1px solid #BDBDBD;\">Clasificaci\u00f3n del flux<\/td>\n<td style=\"padding:8px 12px; border:1px solid #BDBDBD;\">ROL0<\/td>\n<td style=\"padding:8px 12px; border:1px solid #BDBDBD;\">ANSI\/J-STD-004<\/td>\n<\/tr>\n<tr style=\"background:#E6E6E6;\">\n<td style=\"padding:8px 12px; border:1px solid #BDBDBD;\">Clasificaci\u00f3n del flux<\/td>\n<td style=\"padding:8px 12px; border:1px solid #BDBDBD;\">113<\/td>\n<td style=\"padding:8px 12px; border:1px solid #BDBDBD;\">ISO 9454<\/td>\n<\/tr>\n<tr>\n<td style=\"padding:8px 12px; border:1px solid #BDBDBD;\">Ensayo de soldadura<\/td>\n<td style=\"padding:8px 12px; border:1px solid #BDBDBD;\">Pasar<\/td>\n<td style=\"padding:8px 12px; border:1px solid #BDBDBD;\">ANSI\/J-STD-005<\/td>\n<\/tr>\n<tr style=\"background:#E6E6E6;\">\n<td style=\"padding:8px 12px; border:1px solid #BDBDBD;\">Espejo de cobre<\/td>\n<td style=\"padding:8px 12px; border:1px solid #BDBDBD;\">Pasar<\/td>\n<td style=\"padding:8px 12px; border:1px solid #BDBDBD;\">ANSI\/J-STD-004<\/td>\n<\/tr>\n<tr>\n<td style=\"padding:8px 12px; border:1px solid #BDBDBD;\">Corrosi\u00f3n del cobre<\/td>\n<td style=\"padding:8px 12px; border:1px solid #BDBDBD;\">Pasar<\/td>\n<td style=\"padding:8px 12px; border:1px solid #BDBDBD;\">ANSI\/J-STD-004<\/td>\n<\/tr>\n<tr style=\"background:#E6E6E6;\">\n<td style=\"padding:8px 12px; border:1px solid #BDBDBD;\">SIR (IPC)<\/td>\n<td style=\"padding:8px 12px; border:1px solid #BDBDBD;\">Pasar<\/td>\n<td style=\"padding:8px 12px; border:1px solid #BDBDBD;\">ANSI\/J-STD-004<\/td>\n<\/tr>\n<tr>\n<td style=\"padding:8px 12px; border:1px solid #BDBDBD;\">SIR (Bellcore)<\/td>\n<td style=\"padding:8px 12px; border:1px solid #BDBDBD;\">Pasar<\/td>\n<td style=\"padding:8px 12px; border:1px solid #BDBDBD;\">Bellcore<\/td>\n<\/tr>\n<tr style=\"background:#E6E6E6;\">\n<td style=\"padding:8px 12px; border:1px solid #BDBDBD;\">Electromigraci\u00f3n (IPC \/ Bellcore)<\/td>\n<td style=\"padding:8px 12px; border:1px solid #BDBDBD;\">Pasar<\/td>\n<td style=\"padding:8px 12px; border:1px solid #BDBDBD;\">ANSI\/J-STD-004 \/ Bellcore<\/td>\n<\/tr>\n<tr>\n<td style=\"padding:8px 12px; border:1px solid #BDBDBD;\">Prueba Bono Corrosion (85\u00b0C \/ 85% HR \u2013 15 d\u00edas)<\/td>\n<td style=\"padding:8px 12px; border:1px solid #BDBDBD;\">Factor de corrosi\u00f3n al paso &lt;8%<\/td>\n<td style=\"padding:8px 12px; border:1px solid #BDBDBD;\">Procedimiento Inventec<\/td>\n<\/tr>\n<\/table>\n","protected":false},"excerpt":{"rendered":"<ul>\n<li>Pasta de soldadura sin plomo esta\u00f1o\/plata<\/li>\n<li>Proceso de impresi\u00f3n SMT no limpio<\/li>\n<li>Excelente bajo vaciado para DCB<\/li>\n<\/ul>\n","protected":false},"featured_media":2228,"comment_status":"closed","ping_status":"closed","template":"","meta":{"_acf_changed":false,"inline_featured_image":false},"product_brand":[],"product_cat":[2889,2877],"product_tag":[1439,1438,1409,5088,5128,5048,1437,5052,5027,5147,5139,1287,5191,5143,5215,5092,5168,5169,5084,5219,1688,5248,5251],"class_list":{"0":"post-9963","1":"product","2":"type-product","3":"status-publish","4":"has-post-thumbnail","6":"industries-baterias-y-postes-de-carga","7":"industries-equipos-medico-y-escaneres","8":"industries-estaciones-de-carga","9":"industries-tren-motriz","10":"product_cat-proceso-sip-para-encapsulado-de-semiconductores","11":"product_cat-soluciones-de-pasta-de-soldadura-de-baja-porosidad","12":"product_tag-300-es","13":"product_tag-300-31a-es","14":"product_tag-31a-es","15":"product_tag-aleacion-sin-plomo","16":"product_tag-baja-porosidad-es","17":"product_tag-disipador-de-calor","18":"product_tag-ecorel-free-300-31a-es","19":"product_tag-fijacion-de-disipador","20":"product_tag-fijacion-de-dispositivo","21":"product_tag-fijacion-de-dispositivo-optoelectronico","22":"product_tag-fijacion-de-modulo","23":"product_tag-free-es","24":"product_tag-impresion","25":"product_tag-optoelectronica","26":"product_tag-pasta-de-soldadura-es","27":"product_tag-pasta-de-soldadura-sin-plomo","28":"product_tag-polvo-tipo-3","29":"product_tag-polvo-tipo-4","30":"product_tag-sin-plomo","31":"product_tag-t3","32":"product_tag-t4-es","33":"product_tag-tipo-3","34":"product_tag-tipo-4","35":"pa_application-die-attach-es","36":"pa_application-fijacion-de-dispositivo-optoelectronico","37":"pa_application-montaje-de-modulo-y-disipador-termico","38":"pa_brand-ecorel-es-2","39":"pa_features-aleacion-sin-o-bajo-contenido-de-plata","40":"pa_features-aleacion-sin-plomo","41":"pa_features-low-voiding","42":"pa_features-polvo-tipo-3-4","43":"pa_processes-impresion","44":"pa_product-category-pastas-de-soldadura","46":"first","47":"instock","48":"shipping-taxable","49":"product-type-simple"},"acf":[],"_links":{"self":[{"href":"https:\/\/www.inventec.dehon.com\/es\/wp-json\/wp\/v2\/product\/9963","targetHints":{"allow":["GET"]}}],"collection":[{"href":"https:\/\/www.inventec.dehon.com\/es\/wp-json\/wp\/v2\/product"}],"about":[{"href":"https:\/\/www.inventec.dehon.com\/es\/wp-json\/wp\/v2\/types\/product"}],"replies":[{"embeddable":true,"href":"https:\/\/www.inventec.dehon.com\/es\/wp-json\/wp\/v2\/comments?post=9963"}],"wp:featuredmedia":[{"embeddable":true,"href":"https:\/\/www.inventec.dehon.com\/es\/wp-json\/wp\/v2\/media\/2228"}],"wp:attachment":[{"href":"https:\/\/www.inventec.dehon.com\/es\/wp-json\/wp\/v2\/media?parent=9963"}],"wp:term":[{"taxonomy":"product_brand","embeddable":true,"href":"https:\/\/www.inventec.dehon.com\/es\/wp-json\/wp\/v2\/product_brand?post=9963"},{"taxonomy":"product_cat","embeddable":true,"href":"https:\/\/www.inventec.dehon.com\/es\/wp-json\/wp\/v2\/product_cat?post=9963"},{"taxonomy":"product_tag","embeddable":true,"href":"https:\/\/www.inventec.dehon.com\/es\/wp-json\/wp\/v2\/product_tag?post=9963"}],"curies":[{"name":"wp","href":"https:\/\/api.w.org\/{rel}","templated":true}]}}