{"id":9955,"date":"2021-05-17T15:12:16","date_gmt":"2021-05-17T15:12:16","guid":{"rendered":"https:\/\/www.inventec.dehon.com\/product\/3m-novec-73de\/"},"modified":"2026-01-19T11:47:53","modified_gmt":"2026-01-19T10:47:53","slug":"3m-novec-73de","status":"publish","type":"product","link":"https:\/\/www.inventec.dehon.com\/es\/product\/3m-novec-73de\/","title":{"rendered":"3M NOVEC 73DE"},"content":{"rendered":"<p><img decoding=\"async\" src=\"https:\/\/www.inventec.dehon.com\/wp-content\/uploads\/2021\/04\/Novec-drum-colorless.phase-outpng-1-600x600.jpg\" alt=\"3M NOVEC 73DE\" class=\"responsive-img\" align=\"right\" style=\"border-radius:10px; margin-bottom:10px; margin-top:-10px; margin-left:15px; width:300px\" \/><\/p>\n<h2 style=\"color: #9bc947; margin-bottom: 15px;\">L\u00edquido de limpieza a base de disolvente<\/h2>\n<ul>\n<li>Limpieza de grasas, aceites, siliconas<\/li>\n<li>Disolvente para el proceso monosolvente (limpieza por vapor e inmersi\u00f3n)<\/li>\n<li>Muy bajo impacto HSE y muy baja tensi\u00f3n superficial <span style=\"color:#FFFFFF;\">3M NOVEC 73DE<\/span><\/li>\n<\/ul>\n<hr \/>\n<h4>AVISO IMPORTANTE:<BR> DESCONTINUACI\u00d3N DE PRODUCTOS 3M\u2122<\/h4>\n<p>\u26a0\ufe0f 3M\u2122 anunci\u00f3 en diciembre de 2022 que todos los productos Novec\u2122 ser\u00e1n descontinuados y no estar\u00e1n disponibles para finales de 2025. No se preocupe, Inventec tiene un reemplazo directo para este producto, pero le recomendamos que nos contacte lo antes posible para minimizar las interrupciones en el suministro.<\/p>\n<p>Si desea obtener m\u00e1s informaci\u00f3n sobre la descontinuaci\u00f3n de los productos 3M\u2122, haga clic en este <a href=\"https:\/\/www.inventec.dehon.com\/es\/buscando-un-reemplazo-para-3m-novec\/\">enlace<\/a>.<\/p>\n<p>NUESTRA(S) ALTERNATIVA(S):<\/p>\n<ul>\n<li><a href=\"https:\/\/www.inventec.dehon.com\/es\/product\/promosolv-neo-b1\/\">PROMOSOLV 70<\/a> -> Propiedades y aplicaciones similares<\/li>\n<li><a href=\"https:\/\/www.inventec.dehon.com\/es\/product\/promosolv-neo-a1\/\">PROMOSOLV NEO B1<\/a> -> Propiedades y aplicaciones similares + SIN GWP &amp; LIBRE DE PFAS<\/li>\n<\/ul>\n<hr \/>\n<h5>3M NOVEC 73DE<\/h5>\n<p><a href=\"https:\/\/www.inventec.dehon.com\/wp-content\/uploads\/2021\/05\/generic-3m-73de-precision-cleaning-bottle.png\" rel=\"inv-colorbox\" title=\"3M NOVEC 73DE\"><img decoding=\"async\" class=\"wp-image-15453 size-medium alignleft\" src=\"https:\/\/www.inventec.dehon.com\/wp-content\/uploads\/2021\/05\/generic-3m-73de-precision-cleaning-bottle-300x300.png\" alt=\"3M Novec 73DE\" width=\"300\" height=\"300\" srcset=\"https:\/\/www.inventec.dehon.com\/wp-content\/uploads\/2021\/05\/generic-3m-73de-precision-cleaning-bottle-300x300.png 300w, https:\/\/www.inventec.dehon.com\/wp-content\/uploads\/2021\/05\/generic-3m-73de-precision-cleaning-bottle-150x150.png 150w, https:\/\/www.inventec.dehon.com\/wp-content\/uploads\/2021\/05\/generic-3m-73de-precision-cleaning-bottle-340x340.png 340w, https:\/\/www.inventec.dehon.com\/wp-content\/uploads\/2021\/05\/generic-3m-73de-precision-cleaning-bottle-100x100.png 100w, https:\/\/www.inventec.dehon.com\/wp-content\/uploads\/2021\/05\/generic-3m-73de-precision-cleaning-bottle.png 400w\" sizes=\"(max-width: 300px) 100vw, 300px\" \/><\/a><strong>3M Novec 73DE<\/strong> Engineered Fluid est\u00e1 dise\u00f1ado principalmente para el desengrase por vapor o la limpieza por inmersi\u00f3n de uso intensivo, presentando una alta solvencia, baja tensi\u00f3n superficial, no inflamabilidad y estabilidad del fluido. <\/p>\n<p>El fluido <strong>Novec 73DE<\/strong> es un sustituto rentable y de alto rendimiento del bromuro de n-propilo (nPB o 1-bromopropano), del tricloroetileno (TCE), de los hidroclorofluorocarbonos (HCFC) que agotan la capa de ozono, como el HCFC-225 (Asahiklin AK-225) y el HCFC-141b, y de los hidrofluorocarbonos (HFC) de alto potencial de calentamiento global (GWP) para una amplia gama de aplicaciones de limpieza. <\/p>\n<p>El desengrase por vapor con el fluido <strong>Novec 73DE<\/strong> tambi\u00e9n puede ayudarle a ahorrar tiempo y dinero con respecto a la limpieza acuosa, ya que ofrece tiempos de ciclo m\u00e1s r\u00e1pidos, un menor uso de energ\u00eda y una mejor limpieza de piezas con geometr\u00edas complejas.<\/p>\n<p><a title=\"Letter from 3M - Inventec authorized distributor for EMEA area\" href=\"https:\/\/www.inventec.dehon.com\/wp-content\/uploads\/2021\/10\/3M-Authorized-EMEA-Distributor_Inventec.pdf\" target=\"_blank\" rel=\"noopener\">Letter from 3M &#8211; Inventec authorized distributor for EMEA area<\/a><\/p>\n<p><a href=\"https:\/\/inventec.dehon.com\/wp-content\/uploads\/2021\/04\/LOGO-3M-Novec.png\" rel=\"inv-colorbox\" title=\"3M NOVEC 73DE\"><img decoding=\"async\" class=\"alignnone wp-image-2102 size-medium\" src=\"https:\/\/inventec.dehon.com\/wp-content\/uploads\/2021\/04\/LOGO-3M-Novec-300x150.png\" alt=\"\" width=\"300\" height=\"150\" srcset=\"https:\/\/www.inventec.dehon.com\/wp-content\/uploads\/2021\/04\/LOGO-3M-Novec-300x150.png 300w, https:\/\/www.inventec.dehon.com\/wp-content\/uploads\/2021\/04\/LOGO-3M-Novec.png 318w\" sizes=\"(max-width: 300px) 100vw, 300px\" \/><\/a><\/p>\n<p><a href=\"https:\/\/inventec.dehon.com\/wp-content\/uploads\/2021\/05\/environmental-data-novec-73DE.jpg\" rel=\"inv-colorbox\" title=\"3M NOVEC 73DE\"><img decoding=\"async\" class=\"alignnone wp-image-3384 size-full\" src=\"https:\/\/inventec.dehon.com\/wp-content\/uploads\/2021\/05\/environmental-data-novec-73DE.jpg\" alt=\"\" width=\"1542\" height=\"450\" srcset=\"https:\/\/www.inventec.dehon.com\/wp-content\/uploads\/2021\/05\/environmental-data-novec-73DE.jpg 1542w, https:\/\/www.inventec.dehon.com\/wp-content\/uploads\/2021\/05\/environmental-data-novec-73DE-300x88.jpg 300w, https:\/\/www.inventec.dehon.com\/wp-content\/uploads\/2021\/05\/environmental-data-novec-73DE-1024x299.jpg 1024w, https:\/\/www.inventec.dehon.com\/wp-content\/uploads\/2021\/05\/environmental-data-novec-73DE-768x224.jpg 768w, https:\/\/www.inventec.dehon.com\/wp-content\/uploads\/2021\/05\/environmental-data-novec-73DE-1536x448.jpg 1536w, https:\/\/www.inventec.dehon.com\/wp-content\/uploads\/2021\/05\/environmental-data-novec-73DE-600x175.jpg 600w\" sizes=\"(max-width: 1542px) 100vw, 1542px\" \/><\/a><\/p>\n","protected":false},"excerpt":{"rendered":"<ul>\n<li>Grasa, aceite y silicona<\/li>\n<li>Proceso en fase de vapor (monosolvente)<\/li>\n<li>Muy bajo impacto HSE y muy baja tensi\u00f3n superficial<\/li>\n<\/ul>\n<p><span style=\"color: #99cc00;\">Alternativa:<\/span> <a href=\"https:\/\/www.inventec.dehon.com\/es\/product\/promosolv-neo-b1\/\"><small>PROMOSOLV NEO B1<\/small><\/a><\/p>\n<p><a href=\"https:\/\/www.inventec.dehon.com\/es\/buscando-un-reemplazo-para-3m-novec\/\" class=\"btn btn-lg btn-primary rounded-pill\" style=\"margin-top:5px; color:#FFFFFF;\">Ver todos los reemplazos de 3M Novec<\/a><\/p>\n","protected":false},"featured_media":15446,"comment_status":"closed","ping_status":"closed","template":"","meta":{"_acf_changed":false,"inline_featured_image":false},"product_brand":[],"product_cat":[2902,2901,762,616,2906],"product_tag":[],"class_list":{"0":"post-9955","1":"product","2":"type-product","3":"status-publish","4":"has-post-thumbnail","6":"industries-aerosistemas","7":"product_cat-desengrase-de-diversos-componentes-metalicos","8":"product_cat-eliminacion-de-aceite-en-diversos-componentes-metalicos","9":"product_cat-eliminacion-de-particulas","10":"product_cat-limpieza","11":"product_cat-proceso-de-eliminacion-de-cera","12":"pa_application-eliminacion-de-aceites","13":"pa_application-eliminacion-de-cera","14":"pa_application-eliminacion-de-grasas","15":"pa_brand-3m-novec-es-2","16":"pa_features-adecuado-para-hidrocarburos","17":"pa_features-reciclable","18":"pa_processes-mono-solvente","19":"pa_product-category-fluidos-de-limpieza-con-solvente","21":"first","22":"instock","23":"shipping-taxable","24":"product-type-simple"},"acf":[],"_links":{"self":[{"href":"https:\/\/www.inventec.dehon.com\/es\/wp-json\/wp\/v2\/product\/9955","targetHints":{"allow":["GET"]}}],"collection":[{"href":"https:\/\/www.inventec.dehon.com\/es\/wp-json\/wp\/v2\/product"}],"about":[{"href":"https:\/\/www.inventec.dehon.com\/es\/wp-json\/wp\/v2\/types\/product"}],"replies":[{"embeddable":true,"href":"https:\/\/www.inventec.dehon.com\/es\/wp-json\/wp\/v2\/comments?post=9955"}],"wp:featuredmedia":[{"embeddable":true,"href":"https:\/\/www.inventec.dehon.com\/es\/wp-json\/wp\/v2\/media\/15446"}],"wp:attachment":[{"href":"https:\/\/www.inventec.dehon.com\/es\/wp-json\/wp\/v2\/media?parent=9955"}],"wp:term":[{"taxonomy":"product_brand","embeddable":true,"href":"https:\/\/www.inventec.dehon.com\/es\/wp-json\/wp\/v2\/product_brand?post=9955"},{"taxonomy":"product_cat","embeddable":true,"href":"https:\/\/www.inventec.dehon.com\/es\/wp-json\/wp\/v2\/product_cat?post=9955"},{"taxonomy":"product_tag","embeddable":true,"href":"https:\/\/www.inventec.dehon.com\/es\/wp-json\/wp\/v2\/product_tag?post=9955"}],"curies":[{"name":"wp","href":"https:\/\/api.w.org\/{rel}","templated":true}]}}