{"id":9952,"date":"2021-06-16T13:41:25","date_gmt":"2021-06-16T13:41:25","guid":{"rendered":"https:\/\/www.inventec.dehon.com\/product\/ecofrec-202\/"},"modified":"2026-01-20T15:06:34","modified_gmt":"2026-01-20T14:06:34","slug":"ecofrec-202","status":"publish","type":"product","link":"https:\/\/www.inventec.dehon.com\/es\/product\/ecofrec-202\/","title":{"rendered":"ECOFREC 202"},"content":{"rendered":"<p><img decoding=\"async\" src=\"https:\/\/www.inventec.dehon.com\/wp-content\/uploads\/2021\/04\/ECOFREC-canister-solvent-based-600x600.png\" alt=\"ECOFREC 202\" class=\"responsive-img\" align=\"right\" style=\"border-radius:10px; margin-bottom:10px; margin-top:-10px; margin-left:15px; width:300px\" \/><\/p>\n<h2 style=\"color: #9bc947; margin-bottom: 15px;\">Flux de soldadura con disolvente de primera clase<\/h2>\n<ul>\n<li>Fundente l\u00edquido no limpiador con base de disolvente<\/li>\n<li>Soldadura con aire o con atm\u00f3sfera controlada de nitr\u00f3geno<\/li>\n<li>Alta fiabilidad y ausencia de residuos visuales<\/li>\n<\/ul>\n<h5>ECOFREC 202<\/h5>\n<p>Desarrollado para tener una buena humectabilidad en diferentes acabados de PCB sin plomo como OSP, Ni\/Au, Sn, Ag. <strong>ECOFREC 202<\/strong> es un fundente de muy bajo extracto seco que puede utilizarse para la soldadura sin plomo, por espuma o por pulverizaci\u00f3n. <\/p>\n<p>Su sistema de activaci\u00f3n, sin ning\u00fan haluro (fluoruro, cloruro o bromuro) y sin amina, se elimina despu\u00e9s de la soldadura por ola, sin dejar ning\u00fan residuo visible en los circuitos impresos.<\/p>\n<p><!-- CARACTER\u00cdSTICAS Section --><\/p>\n<div style=\"font-weight:bold; border-bottom:2px solid #9DBB2F; padding-bottom:6px; margin-bottom:10px;\">\n  CARACTER\u00cdSTICAS\n<\/div>\n<table width=\"100%\" cellpadding=\"0\" cellspacing=\"0\" style=\"border-collapse:collapse; width:100%; max-width:100%;\">\n<tr>\n<th align=\"left\" style=\"background:#7A7A7A; color:#fff; padding:8px 12px; border:1px solid #BDBDBD;\">ESPECIFICACIONES<\/th>\n<th align=\"left\" style=\"background:#7A7A7A; color:#fff; padding:8px 12px; border:1px solid #BDBDBD;\">ECOFREC 202<\/th>\n<\/tr>\n<tr>\n<td style=\"padding:8px 12px; border:1px solid #BDBDBD;\">Apariencia<\/td>\n<td style=\"padding:8px 12px; border:1px solid #BDBDBD;\">L\u00edquido incoloro<\/td>\n<\/tr>\n<tr style=\"background:#E6E6E6;\">\n<td style=\"padding:8px 12px; border:1px solid #BDBDBD;\">Densidad a 20\u00b0C<\/td>\n<td style=\"padding:8px 12px; border:1px solid #BDBDBD;\">0,814 \u2013 0,822<\/td>\n<\/tr>\n<tr>\n<td style=\"padding:8px 12px; border:1px solid #BDBDBD;\">Punto de inflamaci\u00f3n<\/td>\n<td style=\"padding:8px 12px; border:1px solid #BDBDBD;\">16\u00b0C<\/td>\n<\/tr>\n<tr style=\"background:#E6E6E6;\">\n<td style=\"padding:8px 12px; border:1px solid #BDBDBD;\">Extracto seco, 3 h a 105\u00b0C<\/td>\n<td style=\"padding:8px 12px; border:1px solid #BDBDBD;\">1,9 %<\/td>\n<\/tr>\n<tr>\n<td style=\"padding:8px 12px; border:1px solid #BDBDBD;\">Contenido de hal\u00f3genos<\/td>\n<td style=\"padding:8px 12px; border:1px solid #BDBDBD;\">Sin hal\u00f3genos<\/td>\n<\/tr>\n<tr style=\"background:#E6E6E6;\">\n<td style=\"padding:8px 12px; border:1px solid #BDBDBD;\">\u00cdndice de acidez (mg KOH\/g de soluci\u00f3n)<\/td>\n<td style=\"padding:8px 12px; border:1px solid #BDBDBD;\">19<\/td>\n<\/tr>\n<\/table>\n<p><!-- PRUEBAS FUNCIONALES Section --><\/p>\n<div style=\"font-weight:bold; border-bottom:2px solid #9DBB2F; padding-bottom:6px; margin:30px 0 10px 0;\">\n  PRUEBAS FUNCIONALES\n<\/div>\n<table width=\"100%\" cellpadding=\"0\" cellspacing=\"0\" style=\"border-collapse:collapse; width:100%; max-width:100%;\">\n<tr>\n<th align=\"left\" style=\"background:#7A7A7A; color:#fff; padding:8px 12px; border:1px solid #BDBDBD;\">PRUEBAS FUNCIONALES<\/th>\n<th align=\"left\" style=\"background:#7A7A7A; color:#fff; padding:8px 12px; border:1px solid #BDBDBD;\">Resultados<\/th>\n<th align=\"left\" style=\"background:#7A7A7A; color:#fff; padding:8px 12px; border:1px solid #BDBDBD;\">Procedimiento<\/th>\n<\/tr>\n<tr>\n<td style=\"padding:8px 12px; border:1px solid #BDBDBD;\">Clasificaci\u00f3n<\/td>\n<td style=\"padding:8px 12px; border:1px solid #BDBDBD;\">ORL0<\/td>\n<td style=\"padding:8px 12px; border:1px solid #BDBDBD;\">ANSI\/J-STD-004<\/td>\n<\/tr>\n<tr style=\"background:#E6E6E6;\">\n<td style=\"padding:8px 12px; border:1px solid #BDBDBD;\">Prueba espejo de cobre<\/td>\n<td style=\"padding:8px 12px; border:1px solid #BDBDBD;\">Aprobado<\/td>\n<td style=\"padding:8px 12px; border:1px solid #BDBDBD;\">ANSI\/J-STD-004<\/td>\n<\/tr>\n<tr>\n<td style=\"padding:8px 12px; border:1px solid #BDBDBD;\">Papel de cromato de plata<\/td>\n<td style=\"padding:8px 12px; border:1px solid #BDBDBD;\">Aprobado<\/td>\n<td style=\"padding:8px 12px; border:1px solid #BDBDBD;\">ANSI\/J-STD-004<\/td>\n<\/tr>\n<tr style=\"background:#E6E6E6;\">\n<td style=\"padding:8px 12px; border:1px solid #BDBDBD;\">SIR<\/td>\n<td style=\"padding:8px 12px; border:1px solid #BDBDBD;\">Aprobado (ver curva abajo)<\/td>\n<td style=\"padding:8px 12px; border:1px solid #BDBDBD;\">IPC TM 650<\/td>\n<\/tr>\n<tr>\n<td style=\"padding:8px 12px; border:1px solid #BDBDBD;\">Prueba Bono<\/td>\n<td style=\"padding:8px 12px; border:1px solid #BDBDBD;\">Aprobado<\/td>\n<td style=\"padding:8px 12px; border:1px solid #BDBDBD;\">INVENTEC MO.SB.10029<\/td>\n<\/tr>\n<\/table>\n","protected":false},"excerpt":{"rendered":"<ul>\n<li>Fundente l\u00edquido no limpiador con base de disolvente<\/li>\n<li>Soldadura con aire o con atm\u00f3sfera controlada de nitr\u00f3geno<\/li>\n<li>Alta fiabilidad y ausencia de residuos visuales<\/li>\n<\/ul>\n","protected":false},"featured_media":3049,"comment_status":"closed","ping_status":"closed","template":"","meta":{"_acf_changed":false,"inline_featured_image":false},"product_brand":[],"product_cat":[2884,2881,2882],"product_tag":[1703,4612,5056,4644,1702,5315,5295,5299,5303,5307,5084,5311,589,947,4455],"class_list":{"0":"post-9952","1":"product","2":"type-product","3":"status-publish","4":"has-post-thumbnail","6":"product_cat-soluciones-de-fundentes-para-estanado","7":"product_cat-soluciones-de-fundentes-para-soldadura-por-ola","8":"product_cat-soluciones-de-fundentes-para-soldadura-selectiva","9":"product_tag-202-es","10":"product_tag-a-base-de-disolvente","11":"product_tag-alta-fiabilidad","12":"product_tag-aplicar-por-pulverizacion-selectiva","13":"product_tag-ecofrec-202-es","14":"product_tag-espuma","15":"product_tag-flux-liquido","16":"product_tag-ola","17":"product_tag-selectivo","18":"product_tag-sin-limpieza","19":"product_tag-sin-plomo","20":"product_tag-sin-residuos-visibles","21":"product_tag-soldadura-por-ola","22":"product_tag-soldadura-selectiva","23":"product_tag-spray","24":"pa_brand-ecofrec-es-2","25":"pa_features-a-base-de-disolvente","26":"pa_processes-aplicacion-por-pulverizacion-selectiva","27":"pa_processes-soldadura-por-ola-y-selectiva","28":"pa_product-category-fundente-liquido","30":"first","31":"instock","32":"shipping-taxable","33":"product-type-simple"},"acf":[],"_links":{"self":[{"href":"https:\/\/www.inventec.dehon.com\/es\/wp-json\/wp\/v2\/product\/9952","targetHints":{"allow":["GET"]}}],"collection":[{"href":"https:\/\/www.inventec.dehon.com\/es\/wp-json\/wp\/v2\/product"}],"about":[{"href":"https:\/\/www.inventec.dehon.com\/es\/wp-json\/wp\/v2\/types\/product"}],"replies":[{"embeddable":true,"href":"https:\/\/www.inventec.dehon.com\/es\/wp-json\/wp\/v2\/comments?post=9952"}],"wp:featuredmedia":[{"embeddable":true,"href":"https:\/\/www.inventec.dehon.com\/es\/wp-json\/wp\/v2\/media\/3049"}],"wp:attachment":[{"href":"https:\/\/www.inventec.dehon.com\/es\/wp-json\/wp\/v2\/media?parent=9952"}],"wp:term":[{"taxonomy":"product_brand","embeddable":true,"href":"https:\/\/www.inventec.dehon.com\/es\/wp-json\/wp\/v2\/product_brand?post=9952"},{"taxonomy":"product_cat","embeddable":true,"href":"https:\/\/www.inventec.dehon.com\/es\/wp-json\/wp\/v2\/product_cat?post=9952"},{"taxonomy":"product_tag","embeddable":true,"href":"https:\/\/www.inventec.dehon.com\/es\/wp-json\/wp\/v2\/product_tag?post=9952"}],"curies":[{"name":"wp","href":"https:\/\/api.w.org\/{rel}","templated":true}]}}