{"id":9948,"date":"2021-05-17T11:20:59","date_gmt":"2021-05-17T11:20:59","guid":{"rendered":"https:\/\/www.inventec.dehon.com\/product\/blue-gold\/"},"modified":"2026-02-04T16:33:26","modified_gmt":"2026-02-04T15:33:26","slug":"blue-gold","status":"publish","type":"product","link":"https:\/\/www.inventec.dehon.com\/es\/product\/blue-gold\/","title":{"rendered":"BLUE GOLD"},"content":{"rendered":"<p><img decoding=\"async\" src=\"https:\/\/www.inventec.dehon.com\/wp-content\/uploads\/2021\/05\/Blue-gold-canister-blue-1-600x600.png\" alt=\"BLUE GOLD\" class=\"responsive-img\" align=\"right\" style=\"border-radius:10px; margin-bottom:10px; margin-top:-10px; margin-left:15px; width:300px\" \/><\/p>\n<h2 style=\"color:#9bc947; margin-bottom:15px\">Eliminaci\u00f3n de part\u00edculas de superficies en contacto con ox\u00edgeno<\/h2>\n<ul>\n<li>Desengrasado y eliminaci\u00f3n de part\u00edculas de materiales y equipos en contacto con el ox\u00edgeno<\/li>\n<li>Detergente para procesos de pulverizaci\u00f3n e inmersi\u00f3n<\/li>\n<li>Alta eficiencia incluso a baja concentraci\u00f3n<\/li>\n<\/ul>\n<h5>BLUE GOLD de Modern Chemical<\/h5>\n<p>Est\u00e1 especialmente dise\u00f1ado para la eliminaci\u00f3n de aceite, grasa o part\u00edculas en contacto con materiales &amp; equipos en contacto con el Ox\u00edgeno. Es un producto homologado por la Compressed Gas Association, Inc. y NSF international. Supera la norma ASTM F-495 y ARP 1775A.<\/p>\n<p>Gracias a sus excelentes propiedades antiespumantes, est\u00e1 dedicado a los procesos de pulverizaci\u00f3n acuosa, chorro de agua o inmersi\u00f3n, pero tambi\u00e9n puede utilizarse en un proceso de inmersi\u00f3n. A pesar de tener un pH elevado, no da\u00f1a los metales o aleaciones sensibles, como el Inox, el Lat\u00f3n, las aleaciones ferrosas y el Titanio, el Aluminio, el Cobre o el Lat\u00f3n. Es un producto concentrado que se utiliza diluido en agua destilada.<\/p>\n<p><strong>BLUE GOLD<\/strong> calificado y utilizado por varios actores de la industria aeroespacial.<\/p>\n<p><!-- SECCI\u00d3N ESPECIFICACIONES --><\/p>\n<div style=\"font-weight:bold; text-transform:uppercase; border-bottom:2px solid #9DBB2F; padding-bottom:6px; margin-bottom:10px;\">\n  ESPECIFICACIONES\n<\/div>\n<table width=\"100%\" cellpadding=\"0\" cellspacing=\"0\" style=\"border-collapse:collapse; width:100%; max-width:100%;\">\n<tr>\n<th align=\"left\" style=\"background:#7A7A7A; color:#fff; padding:8px 12px; border:1px solid #BDBDBD;\">Propiedad<\/th>\n<th align=\"left\" style=\"background:#7A7A7A; color:#fff; padding:8px 12px; border:1px solid #BDBDBD;\">Valores<\/th>\n<th align=\"left\" style=\"background:#7A7A7A; color:#fff; padding:8px 12px; border:1px solid #BDBDBD;\">M\u00e9todos<\/th>\n<\/tr>\n<tr>\n<td style=\"padding:8px 12px; border:1px solid #BDBDBD;\">Apariencia<\/td>\n<td style=\"padding:8px 12px; border:1px solid #BDBDBD;\">Azul &#8211; Claro<\/td>\n<td style=\"padding:8px 12px; border:1px solid #BDBDBD;\">Visual<\/td>\n<\/tr>\n<tr style=\"background:#E6E6E6;\">\n<td style=\"padding:8px 12px; border:1px solid #BDBDBD;\">Densidad a 20\u00b0C (g\/ml)<\/td>\n<td style=\"padding:8px 12px; border:1px solid #BDBDBD;\">1,082 \u00b1 0,015<\/td>\n<td style=\"padding:8px 12px; border:1px solid #BDBDBD;\">MO 028<\/td>\n<\/tr>\n<tr>\n<td style=\"padding:8px 12px; border:1px solid #BDBDBD;\">pH del producto puro<\/td>\n<td style=\"padding:8px 12px; border:1px solid #BDBDBD;\">13,0 \u00b1 0,5<\/td>\n<td style=\"padding:8px 12px; border:1px solid #BDBDBD;\">MO 011<\/td>\n<\/tr>\n<tr style=\"background:#E6E6E6;\">\n<td style=\"padding:8px 12px; border:1px solid #BDBDBD;\">pH al 1%<\/td>\n<td style=\"padding:8px 12px; border:1px solid #BDBDBD;\">11,0 \u00b1 0,5<\/td>\n<td style=\"padding:8px 12px; border:1px solid #BDBDBD;\">MO 011<\/td>\n<\/tr>\n<\/table>\n<p><!-- SECCI\u00d3N CARACTER\u00cdSTICAS --><\/p>\n<div style=\"font-weight:bold; text-transform:uppercase; border-bottom:2px solid #9DBB2F; padding-bottom:6px; margin:30px 0 10px 0;\">\n  CARACTER\u00cdSTICAS\n<\/div>\n<table width=\"100%\" cellpadding=\"0\" cellspacing=\"0\" style=\"border-collapse:collapse; width:100%; max-width:100%;\">\n<tr>\n<th align=\"left\" style=\"background:#7A7A7A; color:#fff; padding:8px 12px; border:1px solid #BDBDBD;\">Propiedad<\/th>\n<th align=\"left\" style=\"background:#7A7A7A; color:#fff; padding:8px 12px; border:1px solid #BDBDBD;\">Valores<\/th>\n<th align=\"left\" style=\"background:#7A7A7A; color:#fff; padding:8px 12px; border:1px solid #BDBDBD;\">M\u00e9todos<\/th>\n<\/tr>\n<tr>\n<td style=\"padding:8px 12px; border:1px solid #BDBDBD;\">Tensi\u00f3n superficial (din\/cm)<\/td>\n<td style=\"padding:8px 12px; border:1px solid #BDBDBD;\">42,55<\/td>\n<td style=\"padding:8px 12px; border:1px solid #BDBDBD;\">Interno<\/td>\n<\/tr>\n<tr style=\"background:#E6E6E6;\">\n<td style=\"padding:8px 12px; border:1px solid #BDBDBD;\">\u00cdndice de refracci\u00f3n a 20\u00b0C<\/td>\n<td style=\"padding:8px 12px; border:1px solid #BDBDBD;\">1,37<\/td>\n<td style=\"padding:8px 12px; border:1px solid #BDBDBD;\">Interno<\/td>\n<\/tr>\n<tr>\n<td style=\"padding:8px 12px; border:1px solid #BDBDBD;\">Solubilidad en agua<\/td>\n<td style=\"padding:8px 12px; border:1px solid #BDBDBD;\">Completa<\/td>\n<td style=\"padding:8px 12px; border:1px solid #BDBDBD;\">Interno<\/td>\n<\/tr>\n<tr style=\"background:#E6E6E6;\">\n<td style=\"padding:8px 12px; border:1px solid #BDBDBD;\">Extracto seco (%)<\/td>\n<td style=\"padding:8px 12px; border:1px solid #BDBDBD;\">15<\/td>\n<td style=\"padding:8px 12px; border:1px solid #BDBDBD;\">Interno<\/td>\n<\/tr>\n<\/table>\n","protected":false},"excerpt":{"rendered":"<ul>\n<li>Desengrasado y eliminaci\u00f3n de part\u00edculas de materiales y equipos en contacto con el ox\u00edgeno<\/li>\n<li>Detergente para procesos de pulverizaci\u00f3n e inmersi\u00f3n<\/li>\n<li>Alta eficiencia incluso a baja concentraci\u00f3n<\/li>\n<\/ul>\n","protected":false},"featured_media":3396,"comment_status":"closed","ping_status":"closed","template":"","meta":{"_acf_changed":false,"inline_featured_image":false},"product_brand":[],"product_cat":[2902,2901,762,616,763],"product_tag":[2576,2575,4800,3920,5415,4395,4323,4411,4796,2577,4327,4259,4788,4263,4741,4733,4255,4729,4737,4455,4267,4471],"class_list":{"0":"post-9948","1":"product","2":"type-product","3":"status-publish","4":"has-post-thumbnail","6":"industries-aerosistemas","7":"industries-instalaciones-de-oxigeno","8":"product_cat-desengrase-de-diversos-componentes-metalicos","9":"product_cat-eliminacion-de-aceite-en-diversos-componentes-metalicos","10":"product_cat-eliminacion-de-particulas","11":"product_cat-limpieza","12":"product_cat-limpieza-de-piezas-en-contacto-con-oxigeno","13":"product_tag-blue-es","14":"product_tag-blue-gold-es","15":"product_tag-chorro-de-inmersion","16":"product_tag-co2-es","17":"product_tag-desengrasado","18":"product_tag-eliminacion-de-aceite-es","19":"product_tag-eliminacion-de-grasa-es","20":"product_tag-eliminacion-de-particulas-es","21":"product_tag-enjuague","22":"product_tag-gold-es","23":"product_tag-greenway","24":"product_tag-inmersion-acuosa","25":"product_tag-inmersion-acuosa-por-chorro","26":"product_tag-inmersion-acuosa-ultrasonica","27":"product_tag-limpieza-de-sistemas-de-oxigeno-es","28":"product_tag-limpieza-oxigeno","29":"product_tag-liquidos-de-limpieza-acuosos","30":"product_tag-oxigeno-es","31":"product_tag-sistemas-de-oxigeno","32":"product_tag-spray","33":"product_tag-spray-acuoso","34":"product_tag-ultrasonido","35":"pa_application-eliminacion-de-aceites","36":"pa_application-eliminacion-de-grasas","37":"pa_application-eliminacion-de-particulas","38":"pa_application-limpieza-de-sistemas-de-oxigeno","39":"pa_brand-blue-gold-es-2","40":"pa_features-greenway","41":"pa_processes-chorro-por-inmersion-acuosa","42":"pa_processes-enjuagando","43":"pa_processes-inmersion-ultrasonica-acuosa","44":"pa_processes-spray-a-base-de-agua","45":"pa_product-category-fluidos-de-limpieza-acuosos","47":"first","48":"instock","49":"shipping-taxable","50":"product-type-simple"},"acf":[],"_links":{"self":[{"href":"https:\/\/www.inventec.dehon.com\/es\/wp-json\/wp\/v2\/product\/9948","targetHints":{"allow":["GET"]}}],"collection":[{"href":"https:\/\/www.inventec.dehon.com\/es\/wp-json\/wp\/v2\/product"}],"about":[{"href":"https:\/\/www.inventec.dehon.com\/es\/wp-json\/wp\/v2\/types\/product"}],"replies":[{"embeddable":true,"href":"https:\/\/www.inventec.dehon.com\/es\/wp-json\/wp\/v2\/comments?post=9948"}],"wp:featuredmedia":[{"embeddable":true,"href":"https:\/\/www.inventec.dehon.com\/es\/wp-json\/wp\/v2\/media\/3396"}],"wp:attachment":[{"href":"https:\/\/www.inventec.dehon.com\/es\/wp-json\/wp\/v2\/media?parent=9948"}],"wp:term":[{"taxonomy":"product_brand","embeddable":true,"href":"https:\/\/www.inventec.dehon.com\/es\/wp-json\/wp\/v2\/product_brand?post=9948"},{"taxonomy":"product_cat","embeddable":true,"href":"https:\/\/www.inventec.dehon.com\/es\/wp-json\/wp\/v2\/product_cat?post=9948"},{"taxonomy":"product_tag","embeddable":true,"href":"https:\/\/www.inventec.dehon.com\/es\/wp-json\/wp\/v2\/product_tag?post=9948"}],"curies":[{"name":"wp","href":"https:\/\/api.w.org\/{rel}","templated":true}]}}