{"id":9936,"date":"2021-05-20T15:41:10","date_gmt":"2021-05-20T15:41:10","guid":{"rendered":"https:\/\/www.inventec.dehon.com\/product\/ecorel-libre-387-28\/"},"modified":"2026-03-16T14:53:49","modified_gmt":"2026-03-16T13:53:49","slug":"ecorel-free-387-28","status":"publish","type":"product","link":"https:\/\/www.inventec.dehon.com\/es\/product\/ecorel-free-387-28\/","title":{"rendered":"ECOREL FREE 387-28"},"content":{"rendered":"<p><img decoding=\"async\" src=\"https:\/\/www.inventec.dehon.com\/wp-content\/uploads\/2021\/01\/Ecorel-Free-600x600.png\" alt=\"ECOREL FREE 387-28\" class=\"responsive-img\" align=\"right\" style=\"border-radius:10px; margin-bottom:10px; margin-top:-10px; margin-left:15px; width:300px\" \/><\/p>\n<h2 style=\"color:#9bc947; margin-bottom:15px\">Pasta de soldadura para ensamblaje de placas de alto volumen y complejas<\/h2>\n<ul>\n<li>Pasta de soldar sin plomo SAC387<\/li>\n<li>Proceso de impresi\u00f3n SMT no limpio<\/li>\n<li>Proceso de montaje robusto<\/li>\n<\/ul>\n<h5>ECOREL FREE 387-28<\/h5>\n<p>Est\u00e1 especialmente dise\u00f1ado para el montaje de grandes vol\u00famenes y placas complejas. La pasta tiene un muy buen rendimiento pin-in-paste dentro de una amplia ventana de proceso para lograr un funcionamiento impecable, reproducible y estable. Adem\u00e1s, muestra un rendimiento ideal al soldar placas medianas y grandes.<\/p>\n<p>La formulaci\u00f3n <strong>ECOREL FREE 387-28<\/strong> tambi\u00e9n est\u00e1 disponible en otras aleaciones y tama\u00f1os de part\u00edcula a petici\u00f3n.<\/p>\n<p><!-- FEATURES Section --><\/p>\n<div style=\"font-weight:bold; text-transform:uppercase; border-bottom:2px solid #9DBB2F; padding-bottom:6px; margin-bottom:10px;\">\n  PROPIEDADES\n<\/div>\n<p><!-- STANDARD OPTIONS Table --><\/p>\n<table width=\"100%\" cellpadding=\"0\" cellspacing=\"0\" style=\"border-collapse:collapse; width:100%; max-width:100%;\">\n<tr>\n<th align=\"left\" style=\"background:#7A7A7A; color:#fff; padding:8px 12px; border:1px solid #BDBDBD;\">\n      ESPECIFICACIONES\n    <\/th>\n<th align=\"left\" style=\"background:#7A7A7A; color:#fff; padding:8px 12px; border:1px solid #BDBDBD;\">\n      ECOREL FREE 387-28 88.5T4\n    <\/th>\n<\/tr>\n<tr>\n<td style=\"padding:8px 12px; border:1px solid #BDBDBD;\">Aleaci\u00f3n<\/td>\n<td style=\"padding:8px 12px; border:1px solid #BDBDBD;\">Sn95,5Ag3,8Cu0,7<\/td>\n<\/tr>\n<tr style=\"background:#E6E6E6;\">\n<td style=\"padding:8px 12px; border:1px solid #BDBDBD;\">Punto de fusi\u00f3n (\u00b0C\/\u00b0F)<\/td>\n<td style=\"padding:8px 12px; border:1px solid #BDBDBD;\">217 \/ 422<\/td>\n<\/tr>\n<tr>\n<td style=\"padding:8px 12px; border:1px solid #BDBDBD;\">Contenido en metales (%)<\/td>\n<td style=\"padding:8px 12px; border:1px solid #BDBDBD;\">88,5<\/td>\n<\/tr>\n<tr style=\"background:#E6E6E6;\">\n<td style=\"padding:8px 12px; border:1px solid #BDBDBD;\">Residuos posteriores al reflujo<\/td>\n<td style=\"padding:8px 12px; border:1px solid #BDBDBD;\">Aproximadamente 5 % p\/p<\/td>\n<\/tr>\n<tr>\n<td style=\"padding:8px 12px; border:1px solid #BDBDBD;\">Contenido de hal\u00f3geno<\/td>\n<td style=\"padding:8px 12px; border:1px solid #BDBDBD;\">Sin hal\u00f3geno<\/td>\n<\/tr>\n<tr style=\"background:#E6E6E6;\">\n<td style=\"padding:8px 12px; border:1px solid #BDBDBD;\">Tama\u00f1o del polvo<\/td>\n<td style=\"padding:8px 12px; border:1px solid #BDBDBD;\">15\u201325 micras \/ Tipo 5<\/td>\n<\/tr>\n<tr>\n<td style=\"padding:8px 12px; border:1px solid #BDBDBD;\">Bomba espiral* Viscosidad (Pa.s 25 \u00b0C)<\/td>\n<td style=\"padding:8px 12px; border:1px solid #BDBDBD;\">T\u00edpico 130\u2013190<\/td>\n<\/tr>\n<\/table>\n<p style=\"font-size:0.85em;\">*El equipo utilizado para probar la viscosidad de la bomba espiral es Malcom a una velocidad de rotaci\u00f3n de 10 rpm.<\/p>\n<p><!-- CHARACTERISTICS Section --><\/p>\n<div style=\"font-weight:bold; text-transform:uppercase; border-bottom:2px solid #9DBB2F; padding-bottom:6px; margin-bottom:10px;\">\n  CARACTER\u00cdSTICAS\n<\/div>\n<table width=\"100%\" cellpadding=\"0\" cellspacing=\"0\" style=\"border-collapse:collapse; width:100%; max-width:100%;\">\n<tr>\n<th align=\"left\" style=\"background:#7A7A7A; color:#fff; padding:8px 12px; border:1px solid #BDBDBD;\">\n      CARACTER\u00cdSTICAS\n    <\/th>\n<th align=\"left\" style=\"background:#7A7A7A; color:#fff; padding:8px 12px; border:1px solid #BDBDBD;\">\n      VALORES\n    <\/th>\n<th align=\"left\" style=\"background:#7A7A7A; color:#fff; padding:8px 12px; border:1px solid #BDBDBD;\">\n      M\u00c9TODO DE PRUEBA\n    <\/th>\n<\/tr>\n<tr>\n<td style=\"padding:8px 12px; border:1px solid #BDBDBD;\">Clasificaci\u00f3n del flux<\/td>\n<td style=\"padding:8px 12px; border:1px solid #BDBDBD;\">ROL0<\/td>\n<td style=\"padding:8px 12px; border:1px solid #BDBDBD;\">ANSI\/J-STD-004<\/td>\n<\/tr>\n<tr style=\"background:#E6E6E6;\">\n<td style=\"padding:8px 12px; border:1px solid #BDBDBD;\">Clasificaci\u00f3n del flux<\/td>\n<td style=\"padding:8px 12px; border:1px solid #BDBDBD;\">113<\/td>\n<td style=\"padding:8px 12px; border:1px solid #BDBDBD;\">ISO 9454<\/td>\n<\/tr>\n<tr>\n<td style=\"padding:8px 12px; border:1px solid #BDBDBD;\">Ensayo de soldadura<\/td>\n<td style=\"padding:8px 12px; border:1px solid #BDBDBD;\">Pasar<\/td>\n<td style=\"padding:8px 12px; border:1px solid #BDBDBD;\">ANSI\/J-STD-005<\/td>\n<\/tr>\n<tr style=\"background:#E6E6E6;\">\n<td style=\"padding:8px 12px; border:1px solid #BDBDBD;\">Espejo de cobre<\/td>\n<td style=\"padding:8px 12px; border:1px solid #BDBDBD;\">Pasar<\/td>\n<td style=\"padding:8px 12px; border:1px solid #BDBDBD;\">ANSI\/J-STD-004<\/td>\n<\/tr>\n<tr>\n<td style=\"padding:8px 12px; border:1px solid #BDBDBD;\">Corrosi\u00f3n del cobre<\/td>\n<td style=\"padding:8px 12px; border:1px solid #BDBDBD;\">Pasar<\/td>\n<td style=\"padding:8px 12px; border:1px solid #BDBDBD;\">ANSI\/J-STD-004<\/td>\n<\/tr>\n<tr style=\"background:#E6E6E6;\">\n<td style=\"padding:8px 12px; border:1px solid #BDBDBD;\">SIR (IPC)<\/td>\n<td style=\"padding:8px 12px; border:1px solid #BDBDBD;\">Pasar<\/td>\n<td style=\"padding:8px 12px; border:1px solid #BDBDBD;\">ANSI\/J-STD-004<\/td>\n<\/tr>\n<tr>\n<td style=\"padding:8px 12px; border:1px solid #BDBDBD;\">SIR (Bellcore)<\/td>\n<td style=\"padding:8px 12px; border:1px solid #BDBDBD;\">Pasar<\/td>\n<td style=\"padding:8px 12px; border:1px solid #BDBDBD;\">Bellcore<\/td>\n<\/tr>\n<tr style=\"background:#E6E6E6;\">\n<td style=\"padding:8px 12px; border:1px solid #BDBDBD;\">Electromigraci\u00f3n (IPC \/ Bellcore)<\/td>\n<td style=\"padding:8px 12px; border:1px solid #BDBDBD;\">Pasar<\/td>\n<td style=\"padding:8px 12px; border:1px solid #BDBDBD;\">ANSI\/J-STD-004 \/ Bellcore<\/td>\n<\/tr>\n<\/table>\n","protected":false},"excerpt":{"rendered":"<ul>\n<li>Pasta de soldar sin plomo SAC387<\/li>\n<li>Proceso de impresi\u00f3n SMT no limpio<\/li>\n<li>Proceso de montaje robusto<\/li>\n<\/ul>\n","protected":false},"featured_media":2228,"comment_status":"closed","ping_status":"closed","template":"","meta":{"_acf_changed":false,"inline_featured_image":false},"product_brand":[],"product_cat":[2873,2879],"product_tag":[1424,1423,5060,5088,5056,1422,1287,5191,5215,5092,5155,5168,5169,5084,4005,5211,5231,5219,1688,4006,5248,5251],"class_list":{"0":"post-9936","1":"product","2":"type-product","3":"status-publish","4":"has-post-thumbnail","6":"industries-equipos-medico-y-escaneres","7":"product_cat-soluciones-de-pasta-de-soldadura-de-alta-fiabilidad","8":"product_cat-soluciones-de-pasta-de-soldadura-para-ensamblaje-de-pcbs-de-alto-volumen","9":"product_tag-387-es","10":"product_tag-387-28-es","11":"product_tag-aleacion-de-alta-fiabilidad","12":"product_tag-aleacion-sin-plomo","13":"product_tag-alta-fiabilidad","14":"product_tag-ecorel-free-387-28-es","15":"product_tag-free-es","16":"product_tag-impresion","17":"product_tag-pasta-de-soldadura-es","18":"product_tag-pasta-de-soldadura-sin-plomo","19":"product_tag-polvo","20":"product_tag-polvo-tipo-3","21":"product_tag-polvo-tipo-4","22":"product_tag-sin-plomo","23":"product_tag-smt-es","24":"product_tag-soldadura-smt-es","25":"product_tag-soldadura-tht-es","26":"product_tag-t3","27":"product_tag-t4-es","28":"product_tag-tht-es","29":"product_tag-tipo-3","30":"product_tag-tipo-4","31":"pa_application-soldadura-smt-tht","32":"pa_brand-ecorel-es-2","33":"pa_features-aleacion-alta-fiabilidad","34":"pa_features-aleacion-sin-plomo","35":"pa_features-polvo-tipo-3-4","36":"pa_processes-impresion","37":"pa_product-category-pastas-de-soldadura","39":"first","40":"instock","41":"shipping-taxable","42":"product-type-simple"},"acf":[],"_links":{"self":[{"href":"https:\/\/www.inventec.dehon.com\/es\/wp-json\/wp\/v2\/product\/9936","targetHints":{"allow":["GET"]}}],"collection":[{"href":"https:\/\/www.inventec.dehon.com\/es\/wp-json\/wp\/v2\/product"}],"about":[{"href":"https:\/\/www.inventec.dehon.com\/es\/wp-json\/wp\/v2\/types\/product"}],"replies":[{"embeddable":true,"href":"https:\/\/www.inventec.dehon.com\/es\/wp-json\/wp\/v2\/comments?post=9936"}],"wp:featuredmedia":[{"embeddable":true,"href":"https:\/\/www.inventec.dehon.com\/es\/wp-json\/wp\/v2\/media\/2228"}],"wp:attachment":[{"href":"https:\/\/www.inventec.dehon.com\/es\/wp-json\/wp\/v2\/media?parent=9936"}],"wp:term":[{"taxonomy":"product_brand","embeddable":true,"href":"https:\/\/www.inventec.dehon.com\/es\/wp-json\/wp\/v2\/product_brand?post=9936"},{"taxonomy":"product_cat","embeddable":true,"href":"https:\/\/www.inventec.dehon.com\/es\/wp-json\/wp\/v2\/product_cat?post=9936"},{"taxonomy":"product_tag","embeddable":true,"href":"https:\/\/www.inventec.dehon.com\/es\/wp-json\/wp\/v2\/product_tag?post=9936"}],"curies":[{"name":"wp","href":"https:\/\/api.w.org\/{rel}","templated":true}]}}