{"id":9930,"date":"2021-06-16T12:59:34","date_gmt":"2021-06-16T12:59:34","guid":{"rendered":"https:\/\/www.inventec.dehon.com\/product\/ecofrec-303\/"},"modified":"2026-02-05T15:47:41","modified_gmt":"2026-02-05T14:47:41","slug":"ecofrec-303","status":"publish","type":"product","link":"https:\/\/www.inventec.dehon.com\/es\/product\/ecofrec-303\/","title":{"rendered":"ECOFREC 303"},"content":{"rendered":"<p><img decoding=\"async\" src=\"https:\/\/www.inventec.dehon.com\/wp-content\/uploads\/2021\/04\/ECOFREC-canister-alcohol-based-blue-600x600.png\" alt=\"ECOFREC 303\" class=\"responsive-img\" align=\"right\" style=\"border-radius:10px; margin-bottom:10px; margin-top:-10px; margin-left:15px; width:300px\" \/><\/p>\n<h2 style=\"color:#9bc947; margin-bottom:15px\">Flux l\u00edquido sin limpieza a base de agua<\/h2>\n<ul>\n<li>Fundente l\u00edquido a base de agua, sin COV y sin limpieza<\/li>\n<li>Soldadura con aire o con atm\u00f3sfera controlada de nitr\u00f3geno<\/li>\n<li>Alta fiabilidad<\/li>\n<\/ul>\n<h5>ECOFREC 303<\/h5>\n<p>Es un fundente libre de COV (Compuestos Org\u00e1nicos Vol\u00e1tiles), de bajo residuo y sin necesidad de limpieza. Dados los altos valores de SIR y la superaci\u00f3n de la prueba de corrosi\u00f3n BONO, es muy adecuado para aplicaciones que necesitan una alta fiabilidad. Es un fundente desarrollado para la soldadura por ola a trav\u00e9s de orificios, tecnolog\u00eda mixta y montajes SMT. La limpieza de la placa de circuito impreso despu\u00e9s de la soldadura no es necesaria debido a su muy bajo contenido en s\u00f3lidos.<\/p>\n<p><!-- FEATURES Section --><\/p>\n<div style=\"font-weight:bold; border-bottom:2px solid #9DBB2F; padding-bottom:6px; margin-bottom:10px;\">\n  CARACTER\u00cdSTICAS\n<\/div>\n<table width=\"100%\" cellpadding=\"0\" cellspacing=\"0\" style=\"border-collapse:collapse; width:100%; max-width:100%;\">\n<tr>\n<th align=\"left\" style=\"background:#7A7A7A; color:#fff; padding:8px 12px; border:1px solid #BDBDBD;\">ESPECIFICACIONES<\/th>\n<th align=\"left\" style=\"background:#7A7A7A; color:#fff; padding:8px 12px; border:1px solid #BDBDBD;\">ECOFREC 303<\/th>\n<\/tr>\n<tr>\n<td style=\"padding:8px 12px; border:1px solid #BDBDBD;\">Aspecto<\/td>\n<td style=\"padding:8px 12px; border:1px solid #BDBDBD;\">L\u00edquido incoloro<\/td>\n<\/tr>\n<tr style=\"background:#E6E6E6;\">\n<td style=\"padding:8px 12px; border:1px solid #BDBDBD;\">Contenido s\u00f3lido (%)<\/td>\n<td style=\"padding:8px 12px; border:1px solid #BDBDBD;\">3,5<\/td>\n<\/tr>\n<tr>\n<td style=\"padding:8px 12px; border:1px solid #BDBDBD;\">\u00cdndice de acidez (mg KOH\/g)<\/td>\n<td style=\"padding:8px 12px; border:1px solid #BDBDBD;\">32<\/td>\n<\/tr>\n<tr style=\"background:#E6E6E6;\">\n<td style=\"padding:8px 12px; border:1px solid #BDBDBD;\">Densidad a 20\u00b0C (g\/ml)<\/td>\n<td style=\"padding:8px 12px; border:1px solid #BDBDBD;\">1,005 &#8211; 1,013<\/td>\n<\/tr>\n<tr>\n<td style=\"padding:8px 12px; border:1px solid #BDBDBD;\">Contenido de hal\u00f3genos<\/td>\n<td style=\"padding:8px 12px; border:1px solid #BDBDBD;\">Sin hal\u00f3genos<\/td>\n<\/tr>\n<tr style=\"background:#E6E6E6;\">\n<td style=\"padding:8px 12px; border:1px solid #BDBDBD;\">Punto de inflamaci\u00f3n<\/td>\n<td style=\"padding:8px 12px; border:1px solid #BDBDBD;\">No<\/td>\n<\/tr>\n<\/table>\n<p><!-- CHARACTERISTICS Section --><\/p>\n<div style=\"font-weight:bold; border-bottom:2px solid #9DBB2F; padding-bottom:6px; margin:30px 0 10px 0;\">\n  CARACTER\u00cdSTICAS\n<\/div>\n<table width=\"100%\" cellpadding=\"0\" cellspacing=\"0\" style=\"border-collapse:collapse; width:100%; max-width:100%;\">\n<tr>\n<th align=\"left\" style=\"background:#7A7A7A; color:#fff; padding:8px 12px; border:1px solid #BDBDBD;\">CARACTER\u00cdSTICAS<\/th>\n<th align=\"left\" style=\"background:#7A7A7A; color:#fff; padding:8px 12px; border:1px solid #BDBDBD;\">VALORES<\/th>\n<th align=\"left\" style=\"background:#7A7A7A; color:#fff; padding:8px 12px; border:1px solid #BDBDBD;\">M\u00c9TODO<\/th>\n<\/tr>\n<tr>\n<td style=\"padding:8px 12px; border:1px solid #BDBDBD;\">Clasificaci\u00f3n del flux<\/td>\n<td style=\"padding:8px 12px; border:1px solid #BDBDBD;\">ORL0<\/td>\n<td style=\"padding:8px 12px; border:1px solid #BDBDBD;\">ANSI\/J-STD-004<\/td>\n<\/tr>\n<tr style=\"background:#E6E6E6;\">\n<td style=\"padding:8px 12px; border:1px solid #BDBDBD;\">Espejo de cobre<\/td>\n<td style=\"padding:8px 12px; border:1px solid #BDBDBD;\">Aprobado<\/td>\n<td style=\"padding:8px 12px; border:1px solid #BDBDBD;\">ANSI\/J-STD-004<\/td>\n<\/tr>\n<tr>\n<td style=\"padding:8px 12px; border:1px solid #BDBDBD;\">Papel cromado<\/td>\n<td style=\"padding:8px 12px; border:1px solid #BDBDBD;\">Aprobado<\/td>\n<td style=\"padding:8px 12px; border:1px solid #BDBDBD;\">ANSI\/J-STD-004<\/td>\n<\/tr>\n<tr style=\"background:#E6E6E6;\">\n<td style=\"padding:8px 12px; border:1px solid #BDBDBD;\">SIR (IPC)<\/td>\n<td style=\"padding:8px 12px; border:1px solid #BDBDBD;\">Aprobado<\/td>\n<td style=\"padding:8px 12px; border:1px solid #BDBDBD;\">ANSI\/J-STD-004<\/td>\n<\/tr>\n<tr>\n<td style=\"padding:8px 12px; border:1px solid #BDBDBD;\">Prueba de corrosi\u00f3n Bono (85\u00b0C \/ 85% HR \u2013 15 d\u00edas)<\/td>\n<td style=\"padding:8px 12px; border:1px solid #BDBDBD;\">Aprobado \/ Factor de corrosi\u00f3n = 1,1%<\/td>\n<td style=\"padding:8px 12px; border:1px solid #BDBDBD;\">Procedimiento Inventec<\/td>\n<\/tr>\n<\/table>\n","protected":false},"excerpt":{"rendered":"<ul>\n<li>Fundente l\u00edquido a base de agua, sin COV y sin limpieza<\/li>\n<li>Soldadura con aire o con atm\u00f3sfera controlada de nitr\u00f3geno<\/li>\n<li>Alta fiabilidad<\/li>\n<\/ul>\n<p><a href=\"https:\/\/www.inventec.dehon.com\/wp-content\/uploads\/2023\/06\/GW-ECO-FREE-305-WS12.png\"><img decoding=\"async\" class=\"alignleft size-full wp-image-14785\" src=\"https:\/\/www.inventec.dehon.com\/wp-content\/uploads\/2023\/06\/GW-ECO-FREE-305-WS12.png\" alt=\"\" width=\"278\" height=\"236\" \/><\/a><\/p>\n","protected":false},"featured_media":3033,"comment_status":"closed","ping_status":"closed","template":"","meta":{"_acf_changed":false,"inline_featured_image":false},"product_brand":[],"product_cat":[2884,2881,2882],"product_tag":[1580,5255,5323,5056,1579,5295,4327,5319,5327,5299,5303,5307,589,947],"class_list":{"0":"post-9930","1":"product","2":"type-product","3":"status-publish","4":"has-post-thumbnail","6":"product_cat-soluciones-de-fundentes-para-estanado","7":"product_cat-soluciones-de-fundentes-para-soldadura-por-ola","8":"product_cat-soluciones-de-fundentes-para-soldadura-selectiva","9":"product_tag-303-es","10":"product_tag-a-base-de-agua-es","11":"product_tag-aire","12":"product_tag-alta-fiabilidad","13":"product_tag-ecofrec-303-es","14":"product_tag-flux-liquido","15":"product_tag-greenway","16":"product_tag-libre-de-cov-es","17":"product_tag-nitrogeno","18":"product_tag-ola","19":"product_tag-selectivo","20":"product_tag-sin-limpieza","21":"product_tag-soldadura-por-ola","22":"product_tag-soldadura-selectiva","23":"pa_brand-ecofrec-es-2","24":"pa_features-a-base-de-agua","25":"pa_features-greenway","26":"pa_processes-soldadura-por-ola-y-selectiva","27":"pa_product-category-fundente-liquido","29":"first","30":"instock","31":"shipping-taxable","32":"product-type-simple"},"acf":[],"_links":{"self":[{"href":"https:\/\/www.inventec.dehon.com\/es\/wp-json\/wp\/v2\/product\/9930","targetHints":{"allow":["GET"]}}],"collection":[{"href":"https:\/\/www.inventec.dehon.com\/es\/wp-json\/wp\/v2\/product"}],"about":[{"href":"https:\/\/www.inventec.dehon.com\/es\/wp-json\/wp\/v2\/types\/product"}],"replies":[{"embeddable":true,"href":"https:\/\/www.inventec.dehon.com\/es\/wp-json\/wp\/v2\/comments?post=9930"}],"wp:featuredmedia":[{"embeddable":true,"href":"https:\/\/www.inventec.dehon.com\/es\/wp-json\/wp\/v2\/media\/3033"}],"wp:attachment":[{"href":"https:\/\/www.inventec.dehon.com\/es\/wp-json\/wp\/v2\/media?parent=9930"}],"wp:term":[{"taxonomy":"product_brand","embeddable":true,"href":"https:\/\/www.inventec.dehon.com\/es\/wp-json\/wp\/v2\/product_brand?post=9930"},{"taxonomy":"product_cat","embeddable":true,"href":"https:\/\/www.inventec.dehon.com\/es\/wp-json\/wp\/v2\/product_cat?post=9930"},{"taxonomy":"product_tag","embeddable":true,"href":"https:\/\/www.inventec.dehon.com\/es\/wp-json\/wp\/v2\/product_tag?post=9930"}],"curies":[{"name":"wp","href":"https:\/\/api.w.org\/{rel}","templated":true}]}}