{"id":9917,"date":"2021-06-16T15:14:16","date_gmt":"2021-06-16T15:14:16","guid":{"rendered":"https:\/\/www.inventec.dehon.com\/product\/ecofrec-tf49\/"},"modified":"2026-03-16T14:50:43","modified_gmt":"2026-03-16T13:50:43","slug":"ecofrec-tf49","status":"publish","type":"product","link":"https:\/\/www.inventec.dehon.com\/es\/product\/ecofrec-tf49\/","title":{"rendered":"ECOFREC TF49"},"content":{"rendered":"<p><img decoding=\"async\" src=\"https:\/\/www.inventec.dehon.com\/wp-content\/uploads\/2021\/06\/Ecofrec-syringe-tacky-flux-1-600x600.png\" alt=\"ECOFREC TF49\" class=\"responsive-img\" align=\"right\" style=\"border-radius:10px; margin-bottom:10px; margin-top:-10px; margin-left:15px; width:300px\" \/><\/p>\n<h2 style=\"color:#9bc947; margin-bottom:15px\">Flux pegajoso de alta viscosidad<\/h2>\n<ul>\n<li>No hay flujo pegajoso limpio<\/li>\n<li>Flip Chip, soldadura de esferas y retrabajo de componentes<\/li>\n<li>Residuo incoloro transparente y alta viscosidad<\/li>\n<\/ul>\n<h5>ECOFREC TF49<\/h5>\n<p>Un fundente pegajoso sin hal\u00f3genos y sin limpieza, dise\u00f1ado para aplicaciones sin plomo y con plomo. Despu\u00e9s del reflujo, el residuo no es corrosivo. La mejor de su clase para aplicaciones de dispensaci\u00f3n, inmersi\u00f3n e impresi\u00f3n. La mejor opci\u00f3n para aplicaciones donde los residuos cosm\u00e9ticos son importantes.<\/p>\n<p><!-- FEATURES Section --><\/p>\n<div style=\"font-weight:bold; border-bottom:2px solid #9DBB2F; padding-bottom:6px; margin-bottom:10px;\">\n  PROPIEDADES\n<\/div>\n<table width=\"100%\" cellpadding=\"0\" cellspacing=\"0\" style=\"border-collapse:collapse; width:100%; max-width:100%;\">\n<tr>\n<th align=\"left\" style=\"background:#7A7A7A; color:#fff; padding:8px 12px; border:1px solid #BDBDBD;\">ESPECIFICACIONES<\/th>\n<th align=\"left\" style=\"background:#7A7A7A; color:#fff; padding:8px 12px; border:1px solid #BDBDBD;\">ECOFREC TF49<\/th>\n<\/tr>\n<tr>\n<td style=\"padding:8px 12px; border:1px solid #BDBDBD;\">Apariencia<\/td>\n<td style=\"padding:8px 12px; border:1px solid #BDBDBD;\">Amarillo claro<\/td>\n<\/tr>\n<tr style=\"background:#E6E6E6;\">\n<td style=\"padding:8px 12px; border:1px solid #BDBDBD;\">Solubilidad en agua<\/td>\n<td style=\"padding:8px 12px; border:1px solid #BDBDBD;\">Insoluble<\/td>\n<\/tr>\n<tr>\n<td style=\"padding:8px 12px; border:1px solid #BDBDBD;\">Solubilidad en alcohol<\/td>\n<td style=\"padding:8px 12px; border:1px solid #BDBDBD;\">Soluble<\/td>\n<\/tr>\n<tr style=\"background:#E6E6E6;\">\n<td style=\"padding:8px 12px; border:1px solid #BDBDBD;\">Densidad a 20\u00b0C (g\/ml)<\/td>\n<td style=\"padding:8px 12px; border:1px solid #BDBDBD;\">1,0<\/td>\n<\/tr>\n<tr>\n<td style=\"padding:8px 12px; border:1px solid #BDBDBD;\">Contenido de hal\u00f3geno<\/td>\n<td style=\"padding:8px 12px; border:1px solid #BDBDBD;\">Sin hal\u00f3geno<\/td>\n<\/tr>\n<tr style=\"background:#E6E6E6;\">\n<td style=\"padding:8px 12px; border:1px solid #BDBDBD;\">Viscosidad (Pa.s a 20\u00b0C)<br \/>Brookfield RVT TF a 5 RPM<\/td>\n<td style=\"padding:8px 12px; border:1px solid #BDBDBD;\">300\u2013500<\/td>\n<\/tr>\n<\/table>\n<p><!-- CHARACTERISTICS Section --><\/p>\n<div style=\"font-weight:bold; border-bottom:2px solid #9DBB2F; padding-bottom:6px; margin:30px 0 10px 0;\">\n  CARACTER\u00cdSTICAS\n<\/div>\n<table width=\"100%\" cellpadding=\"0\" cellspacing=\"0\" style=\"border-collapse:collapse; width:100%; max-width:100%;\">\n<tr>\n<th align=\"left\" style=\"background:#7A7A7A; color:#fff; padding:8px 12px; border:1px solid #BDBDBD;\">CARACTER\u00cdSTICAS<\/th>\n<th align=\"left\" style=\"background:#7A7A7A; color:#fff; padding:8px 12px; border:1px solid #BDBDBD;\">VALORES<\/th>\n<th align=\"left\" style=\"background:#7A7A7A; color:#fff; padding:8px 12px; border:1px solid #BDBDBD;\">M\u00c9TODO<\/th>\n<\/tr>\n<tr>\n<td style=\"padding:8px 12px; border:1px solid #BDBDBD;\">Clasificaci\u00f3n de flux<\/td>\n<td style=\"padding:8px 12px; border:1px solid #BDBDBD;\">ROL0<\/td>\n<td style=\"padding:8px 12px; border:1px solid #BDBDBD;\">ANSI\/J-STD-004<\/td>\n<\/tr>\n<tr style=\"background:#E6E6E6;\">\n<td style=\"padding:8px 12px; border:1px solid #BDBDBD;\">Prueba espejo de cobre<\/td>\n<td style=\"padding:8px 12px; border:1px solid #BDBDBD;\">Aprobado<\/td>\n<td style=\"padding:8px 12px; border:1px solid #BDBDBD;\">ANSI\/J-STD-004<\/td>\n<\/tr>\n<tr>\n<td style=\"padding:8px 12px; border:1px solid #BDBDBD;\">Papel cromado<\/td>\n<td style=\"padding:8px 12px; border:1px solid #BDBDBD;\">Aprobado<\/td>\n<td style=\"padding:8px 12px; border:1px solid #BDBDBD;\">ANSI\/J-STD-004<\/td>\n<\/tr>\n<tr style=\"background:#E6E6E6;\">\n<td style=\"padding:8px 12px; border:1px solid #BDBDBD;\">SIR (IPC)<\/td>\n<td style=\"padding:8px 12px; border:1px solid #BDBDBD;\">Aprobado<\/td>\n<td style=\"padding:8px 12px; border:1px solid #BDBDBD;\">ANSI\/J-STD-004<\/td>\n<\/tr>\n<tr>\n<td style=\"padding:8px 12px; border:1px solid #BDBDBD;\">Prueba Bono corrosi\u00f3n (85\u00b0C \/ 85% HR \u2013 15 d\u00edas)<\/td>\n<td style=\"padding:8px 12px; border:1px solid #BDBDBD;\">Aprobado: Fc &lt; 1%<\/td>\n<td style=\"padding:8px 12px; border:1px solid #BDBDBD;\">Inventec: MO.SB.10029<\/td>\n<\/tr>\n<\/table>\n","protected":false},"excerpt":{"rendered":"<ul>\n<li>No hay flujo pegajoso limpio<\/li>\n<li>Flip Chip, soldadura de esferas y retrabajo de componentes<\/li>\n<li>Residuo incoloro transparente y alta viscosidad<\/li>\n<\/ul>\n","protected":false},"featured_media":4020,"comment_status":"closed","ping_status":"closed","template":"","meta":{"_acf_changed":false,"inline_featured_image":false},"product_brand":[],"product_cat":[2883,2885,2891],"product_tag":[4612,5411,4003,1484,4004,5373,5407,4383,5351,5211,5231,1485],"class_list":{"0":"post-9917","1":"product","2":"type-product","3":"status-publish","4":"has-post-thumbnail","6":"product_cat-soluciones-de-fundente-adhesivo","7":"product_cat-proceso-de-union-de-esferas-para-encapsulado-de-semiconductores","8":"product_cat-soluciones-de-fundente-para-reparacion","9":"product_tag-a-base-de-disolvente","10":"product_tag-bajos-residuos","11":"product_tag-ball-attach-es","12":"product_tag-ecofrec-tf49-es","13":"product_tag-flip-chip-es","14":"product_tag-fundente-adhesivo","15":"product_tag-libre-de-halogenos","16":"product_tag-no-corrosivo","17":"product_tag-retrabajo-de-soldadura","18":"product_tag-soldadura-smt-es","19":"product_tag-soldadura-tht-es","20":"product_tag-tf49-es","21":"pa_application-ball-attach-es","22":"pa_application-flip-chip-es","23":"pa_application-soldadura-smt-tht","24":"pa_brand-ecofrec-es-2","25":"pa_features-a-base-de-disolvente","26":"pa_processes-reparacion-y-soldadura-manual","27":"pa_product-category-fundente-pegajoso","29":"first","30":"instock","31":"shipping-taxable","32":"product-type-simple"},"acf":[],"_links":{"self":[{"href":"https:\/\/www.inventec.dehon.com\/es\/wp-json\/wp\/v2\/product\/9917","targetHints":{"allow":["GET"]}}],"collection":[{"href":"https:\/\/www.inventec.dehon.com\/es\/wp-json\/wp\/v2\/product"}],"about":[{"href":"https:\/\/www.inventec.dehon.com\/es\/wp-json\/wp\/v2\/types\/product"}],"replies":[{"embeddable":true,"href":"https:\/\/www.inventec.dehon.com\/es\/wp-json\/wp\/v2\/comments?post=9917"}],"wp:featuredmedia":[{"embeddable":true,"href":"https:\/\/www.inventec.dehon.com\/es\/wp-json\/wp\/v2\/media\/4020"}],"wp:attachment":[{"href":"https:\/\/www.inventec.dehon.com\/es\/wp-json\/wp\/v2\/media?parent=9917"}],"wp:term":[{"taxonomy":"product_brand","embeddable":true,"href":"https:\/\/www.inventec.dehon.com\/es\/wp-json\/wp\/v2\/product_brand?post=9917"},{"taxonomy":"product_cat","embeddable":true,"href":"https:\/\/www.inventec.dehon.com\/es\/wp-json\/wp\/v2\/product_cat?post=9917"},{"taxonomy":"product_tag","embeddable":true,"href":"https:\/\/www.inventec.dehon.com\/es\/wp-json\/wp\/v2\/product_tag?post=9917"}],"curies":[{"name":"wp","href":"https:\/\/api.w.org\/{rel}","templated":true}]}}