{"id":9912,"date":"2021-05-12T15:14:22","date_gmt":"2021-05-12T15:14:22","guid":{"rendered":"https:\/\/www.inventec.dehon.com\/product\/topklean-el-20p\/"},"modified":"2026-03-16T14:41:26","modified_gmt":"2026-03-16T13:41:26","slug":"topklean-el-20p","status":"publish","type":"product","link":"https:\/\/www.inventec.dehon.com\/es\/product\/topklean-el-20p\/","title":{"rendered":"TOPKLEAN EL 20P"},"content":{"rendered":"<p><img decoding=\"async\" src=\"https:\/\/www.inventec.dehon.com\/wp-content\/uploads\/2021\/03\/TOPKLEAN-canister-yellow-1-600x600.jpg\" alt=\"TOPKLEAN EL 20P\" class=\"responsive-img\" align=\"right\" style=\"border-radius:10px; margin-bottom:10px; margin-top:-10px; margin-left:15px; width:300px\" \/><\/p>\n<h2 style=\"color:#9bc947; margin-bottom:15px\">Limpiador de residuos de flujo de soldadura de alto rendimiento<\/h2>\n<ul>\n<li>Eliminaci\u00f3n de residuos de fundentes<\/li>\n<li>Proceso de co-solvencia<\/li>\n<li>Proceso de limpieza m\u00e1s r\u00e1pido y soluci\u00f3n sostenible<\/li>\n<\/ul>\n<h5>TOPKLEAN EL 20P<\/h5>\n<p>Est\u00e1 especialmente dise\u00f1ado para limpiar residuos de fundente de soldadura despu\u00e9s del reflux. Es una formulaci\u00f3n mejorada de <a href=\"https:\/\/www.inventec.dehon.com\/es\/product\/topklean-el-20a\/\">TOPKLEAN EL 20A<\/a> con sostenibilidad mejorada y una reducci\u00f3n de la tensi\u00f3n superficial para permitir una mejor limpieza en componentes con muy poca separaci\u00f3n. Su excelente capacidad para solubilizar compuestos org\u00e1nicos y minerales permite eliminar casi todos los residuos de flux de soldadura que se utilizan actualmente en la industria electr\u00f3nica. No deja residuos blancos y tambi\u00e9n proporciona un efecto brillante en aleaciones y metales.<\/p>\n<p>Se utiliza en un proceso codisolvente para ofrecer una limpieza r\u00e1pida y sostenible con muy alta eficiciencia limpiadora. En este proceso <strong>TOPKLEAN EL 20P<\/strong> se enjuaga perfectamente con l\u00edquidos de aclarado basados en hidrofluoro\u00e9teres (HFE) de 3M\u2122 Novec o nuestra propia gama PROMOSOLV\u2122 . Gracias a la tensi\u00f3n superficial muy baja de HFE, el enjuague penetra en espacios muy reducidos y con componentes de baja separaci\u00f3n. Disuelve cualquier residuo de flux restante, lo que da como resultado niveles muy bajos de contaminaci\u00f3n i\u00f3nica. Adem\u00e1s, en comparaci\u00f3n con un sistema de limpieza a base de agua, no existe riesgo de corrosi\u00f3n debido a la ausencia de agua residual que queda en las tablas.<\/p>\n<p>El proceso de cosolvente ha cambiado las reglas del juego durante m\u00e1s de 15 a\u00f1os y est\u00e1 cualificado y es utilizado por varios actores en la industria electr\u00f3nica.<\/p>\n<p><!-- SPECIFICATIONS Section --><\/p>\n<div style=\"font-weight:bold; text-transform:uppercase; border-bottom:2px solid #9DBB2F; padding-bottom:6px; margin-bottom:10px;\">\n  ESPECIFICACIONES\n<\/div>\n<table width=\"100%\" cellpadding=\"0\" cellspacing=\"0\" style=\"border-collapse:collapse; width:100%; max-width:100%;\">\n<tr>\n<th align=\"left\" style=\"background:#7A7A7A; color:#fff; padding:8px 12px; border:1px solid #BDBDBD;\">ESPECIFICACIONES<\/th>\n<th align=\"left\" style=\"background:#7A7A7A; color:#fff; padding:8px 12px; border:1px solid #BDBDBD;\">VALORES<\/th>\n<th align=\"left\" style=\"background:#7A7A7A; color:#fff; padding:8px 12px; border:1px solid #BDBDBD;\">M\u00c9TODOS<\/th>\n<\/tr>\n<tr>\n<td style=\"padding:8px 12px; border:1px solid #BDBDBD;\">Aspecto<\/td>\n<td style=\"padding:8px 12px; border:1px solid #BDBDBD;\">Transparente, incoloro<\/td>\n<td style=\"padding:8px 12px; border:1px solid #BDBDBD;\">Visual<\/td>\n<\/tr>\n<tr style=\"background:#E6E6E6;\">\n<td style=\"padding:8px 12px; border:1px solid #BDBDBD;\">Densidad a 20 \u00b0C (g\/ml)<\/td>\n<td style=\"padding:8px 12px; border:1px solid #BDBDBD;\">0.880 \u00b1 0.020<\/td>\n<td style=\"padding:8px 12px; border:1px solid #BDBDBD;\">BRY MO 028<\/td>\n<\/tr>\n<\/table>\n<p><!-- CHARACTERISTICS Section --><\/p>\n<div style=\"font-weight:bold; text-transform:uppercase; border-bottom:2px solid #9DBB2F; padding-bottom:6px; margin:30px 0 10px 0;\">\n  CARACTER\u00cdSTICAS\n<\/div>\n<table width=\"100%\" cellpadding=\"0\" cellspacing=\"0\" style=\"border-collapse:collapse; width:100%; max-width:100%;\">\n<tr>\n<th align=\"left\" style=\"background:#7A7A7A; color:#fff; padding:8px 12px; border:1px solid #BDBDBD;\">CARACTER\u00cdSTICAS<\/th>\n<th align=\"left\" style=\"background:#7A7A7A; color:#fff; padding:8px 12px; border:1px solid #BDBDBD;\">VALORES<\/th>\n<th align=\"left\" style=\"background:#7A7A7A; color:#fff; padding:8px 12px; border:1px solid #BDBDBD;\">M\u00c9TODOS<\/th>\n<\/tr>\n<tr>\n<td style=\"padding:8px 12px; border:1px solid #BDBDBD;\">Punto de inflamaci\u00f3n (PMCC)<\/td>\n<td style=\"padding:8px 12px; border:1px solid #BDBDBD;\">62.5\u00b0C \/ 144.5 \u00b0F<\/td>\n<td style=\"padding:8px 12px; border:1px solid #BDBDBD;\">ASTM D93<\/td>\n<\/tr>\n<tr style=\"background:#E6E6E6;\">\n<td style=\"padding:8px 12px; border:1px solid #BDBDBD;\">Tensi\u00f3n superficial a 20 \u00b0C (dinas\/cm)<\/td>\n<td style=\"padding:8px 12px; border:1px solid #BDBDBD;\">38<\/td>\n<td style=\"padding:8px 12px; border:1px solid #BDBDBD;\">ASTM D971<\/td>\n<\/tr>\n<tr>\n<td style=\"padding:8px 12px; border:1px solid #BDBDBD;\">Tasa de evaporaci\u00f3n relativa: nBuAc=1<\/td>\n<td style=\"padding:8px 12px; border:1px solid #BDBDBD;\">0,077<\/td>\n<td style=\"padding:8px 12px; border:1px solid #BDBDBD;\">ASTM D3539<\/td>\n<\/tr>\n<tr style=\"background:#E6E6E6;\">\n<td style=\"padding:8px 12px; border:1px solid #BDBDBD;\">Miscibilidad en agua<\/td>\n<td style=\"padding:8px 12px; border:1px solid #BDBDBD;\">Parcialmente miscible<\/td>\n<td style=\"padding:8px 12px; border:1px solid #BDBDBD;\">Interno<\/td>\n<\/tr>\n<tr>\n<td style=\"padding:8px 12px; border:1px solid #BDBDBD;\">Presencia de compuestos arom\u00e1ticos (% en peso)<\/td>\n<td style=\"padding:8px 12px; border:1px solid #BDBDBD;\">&lt;0,1<\/td>\n<td style=\"padding:8px 12px; border:1px solid #BDBDBD;\">SMS 2728<\/td>\n<\/tr>\n<tr style=\"background:#E6E6E6;\">\n<td style=\"padding:8px 12px; border:1px solid #BDBDBD;\">Contenido de agua (% de peso)<\/td>\n<td style=\"padding:8px 12px; border:1px solid #BDBDBD;\">&lt;0,1<\/td>\n<td style=\"padding:8px 12px; border:1px solid #BDBDBD;\">ASTM E1364<\/td>\n<\/tr>\n<tr>\n<td style=\"padding:8px 12px; border:1px solid #BDBDBD;\">Rango de ebullici\u00f3n (\u00b0C\/\u00b0K)<\/td>\n<td style=\"padding:8px 12px; border:1px solid #BDBDBD;\">180-210 \u00b0C \/ 356-410 \u00b0F<\/td>\n<td style=\"padding:8px 12px; border:1px solid #BDBDBD;\">ASTM D1078<\/td>\n<\/tr>\n<\/table>\n","protected":false},"excerpt":{"rendered":"<ul>\n<li>Eliminaci\u00f3n de residuos de fundentes<\/li>\n<li>Proceso de co-solvencia<\/li>\n<li>Proceso de limpieza m\u00e1s r\u00e1pido y soluci\u00f3n sostenible<\/li>\n<\/ul>\n","protected":false},"featured_media":24451,"comment_status":"closed","ping_status":"closed","template":"","meta":{"_acf_changed":false,"inline_featured_image":false},"product_brand":[],"product_cat":[2893,616],"product_tag":[2203,4283,2109,2196,4299,4287,588,4186,4327,4303,4383,4387,4391,4315,4375,2046,2195],"class_list":{"0":"post-9912","1":"product","2":"type-product","3":"status-publish","4":"has-post-thumbnail","6":"industries-asistencia-y-confort-adas","7":"industries-electronica-y-sistemas-electricos","8":"industries-equipos-medico-y-escaneres","9":"product_cat-eliminacion-de-residuos-de-fundente-y-limpieza-de-pcb-para-electronica-y-semiconductores","10":"product_cat-limpieza","11":"product_tag-20p-es","12":"product_tag-co-disolvente","13":"product_tag-el-es","14":"product_tag-el-20p-es","15":"product_tag-electronica","16":"product_tag-eliminacion-de-fundente-es","17":"product_tag-fluido","18":"product_tag-fluidos-de-limpieza-con-solvente","19":"product_tag-greenway","20":"product_tag-industria-electronica","21":"product_tag-no-corrosivo","22":"product_tag-no-inflamable","23":"product_tag-no-toxico","24":"product_tag-residuos-de-flux","25":"product_tag-sin-gwp","26":"product_tag-topklean-es","27":"product_tag-topklean-el-20p-es","28":"pa_application-eliminacion-de-fundente","29":"pa_brand-topklean-es-2","30":"pa_features-greenway","31":"pa_processes-co-solvente","32":"pa_product-category-fluidos-de-limpieza-con-solvente","34":"first","35":"instock","36":"shipping-taxable","37":"product-type-simple"},"acf":[],"_links":{"self":[{"href":"https:\/\/www.inventec.dehon.com\/es\/wp-json\/wp\/v2\/product\/9912","targetHints":{"allow":["GET"]}}],"collection":[{"href":"https:\/\/www.inventec.dehon.com\/es\/wp-json\/wp\/v2\/product"}],"about":[{"href":"https:\/\/www.inventec.dehon.com\/es\/wp-json\/wp\/v2\/types\/product"}],"replies":[{"embeddable":true,"href":"https:\/\/www.inventec.dehon.com\/es\/wp-json\/wp\/v2\/comments?post=9912"}],"wp:featuredmedia":[{"embeddable":true,"href":"https:\/\/www.inventec.dehon.com\/es\/wp-json\/wp\/v2\/media\/24451"}],"wp:attachment":[{"href":"https:\/\/www.inventec.dehon.com\/es\/wp-json\/wp\/v2\/media?parent=9912"}],"wp:term":[{"taxonomy":"product_brand","embeddable":true,"href":"https:\/\/www.inventec.dehon.com\/es\/wp-json\/wp\/v2\/product_brand?post=9912"},{"taxonomy":"product_cat","embeddable":true,"href":"https:\/\/www.inventec.dehon.com\/es\/wp-json\/wp\/v2\/product_cat?post=9912"},{"taxonomy":"product_tag","embeddable":true,"href":"https:\/\/www.inventec.dehon.com\/es\/wp-json\/wp\/v2\/product_tag?post=9912"}],"curies":[{"name":"wp","href":"https:\/\/api.w.org\/{rel}","templated":true}]}}