{"id":9838,"date":"2021-05-14T09:34:58","date_gmt":"2021-05-14T09:34:58","guid":{"rendered":"https:\/\/www.inventec.dehon.com\/product\/promoclean-disper-607\/"},"modified":"2026-03-16T14:32:05","modified_gmt":"2026-03-16T13:32:05","slug":"promoclean-disper-607","status":"publish","type":"product","link":"https:\/\/www.inventec.dehon.com\/es\/product\/promoclean-disper-607\/","title":{"rendered":"PROMOCLEAN DISPER 607"},"content":{"rendered":"<p><img decoding=\"async\" src=\"https:\/\/www.inventec.dehon.com\/wp-content\/uploads\/2021\/04\/PROMOCLEAN-canister-blue.png\" alt=\"PROMOCLEAN DISPER 607\" class=\"responsive-img\" align=\"right\" style=\"border-radius:10px; margin-bottom:10px; margin-top:-10px; margin-left:15px; width:300px\" \/><\/p>\n<h2 style=\"color: #9bc947; margin-bottom: 15px;\">Eliminaci\u00f3n eficiente de residuos de flux en PCBA y componentes<\/h2>\n<ul>\n<li>Eliminaci\u00f3n de residuos de fundentes<\/li>\n<li>Proceso acuoso de pulverizaci\u00f3n en el aire y chorro de inmersi\u00f3n<\/li>\n<li>Impacto muy bajo en HSE<\/li>\n<\/ul>\n<h5>Promoclean Disper 607<\/h5>\n<p>Est\u00e1 especialmente dise\u00f1ado para la eliminaci\u00f3n de todo tipo de residuos de fundentes. Gracias a sus excelentes propiedades antiespumantes, est\u00e1 dedicado a los procesos de pulverizaci\u00f3n en el aire y de chorro de inmersi\u00f3n a base de agua. La alcalinidad controlada hace que este producto sea compatible con el aluminio y otros materiales sensibles, pero tiene un alto poder de limpieza.<\/p>\n<p><strong>PROMOCLEAN DISPER 607<\/strong> est\u00e1 dedicado a la limpieza de PCBAs, m\u00f3dulos de potencia, marcos de plomo, BGAs, aplicaciones PoP o SIP y conjuntos de LEDs. Su baja tensi\u00f3n superficial permite limpiar y enjuagar muy bien los componentes de baja altura y los espacios de dif\u00edcil acceso.<\/p>\n<p>Es un producto concentrado que se utiliza diluido con agua desionizada y tiene un excelente poder de limpieza a partir de una diluci\u00f3n del 20% al 30%.<\/p>\n<div style=\"font-family:Lato; color:#333;\">\n<div style=\"font-weight:bold; text-transform:uppercase; border-bottom:2px solid #9DBB2F; padding-bottom:6px; margin-bottom:10px;\">\n    ESPECIFICACIONES\n  <\/div>\n<table width=\"100%\" cellpadding=\"0\" cellspacing=\"0\" style=\"border-collapse:collapse; width:100%; max-width:100%;\">\n<tr>\n<th align=\"left\" style=\"background:#7A7A7A; color:#fff; padding:8px 12px; border:1px solid #BDBDBD;\">\n        ESPECIFICACIONES\n      <\/th>\n<th align=\"left\" style=\"background:#7A7A7A; color:#fff; padding:8px 12px; border:1px solid #BDBDBD;\">\n        VALORES\n      <\/th>\n<th align=\"left\" style=\"background:#7A7A7A; color:#fff; padding:8px 12px; border:1px solid #BDBDBD;\">\n        METODO\n      <\/th>\n<\/tr>\n<tr>\n<td style=\"padding:8px 12px; border:1px solid #BDBDBD;\">Aspecto<\/td>\n<td style=\"padding:8px 12px; border:1px solid #BDBDBD;\">Incoloro hacia amarillento<\/td>\n<td style=\"padding:8px 12px; border:1px solid #BDBDBD;\">Visual<\/td>\n<\/tr>\n<tr style=\"background:#E6E6E6;\">\n<td style=\"padding:8px 12px; border:1px solid #BDBDBD;\">Densidad a 20\u00b0C (g\/ml)<\/td>\n<td style=\"padding:8px 12px; border:1px solid #BDBDBD;\">1,00 \u00b1 0,01<\/td>\n<td style=\"padding:8px 12px; border:1px solid #BDBDBD;\">BRY-MO-028<\/td>\n<\/tr>\n<tr>\n<td style=\"padding:8px 12px; border:1px solid #BDBDBD;\">pH producto puro<\/td>\n<td style=\"padding:8px 12px; border:1px solid #BDBDBD;\">10,8 \u00b1 0,5<\/td>\n<td style=\"padding:8px 12px; border:1px solid #BDBDBD;\">BRY-MO-011<\/td>\n<\/tr>\n<\/table>\n<\/div>\n<div style=\"font-family:Lato; color:#333;\">\n<div style=\"font-weight:bold; text-transform:uppercase; border-bottom:2px solid #9DBB2F; padding-bottom:6px; margin:30px 0 10px;\">\n    CARACTERISTICAS\n  <\/div>\n<table width=\"100%\" cellpadding=\"0\" cellspacing=\"0\" style=\"border-collapse:collapse; width:100%; max-width:100%;\">\n<tr>\n<th align=\"left\" style=\"background:#7A7A7A; color:#fff; padding:8px 12px; border:1px solid #BDBDBD;\">\n        CARACTERISTICAS\n      <\/th>\n<th align=\"left\" style=\"background:#7A7A7A; color:#fff; padding:8px 12px; border:1px solid #BDBDBD;\">\n        VALORES\n      <\/th>\n<\/tr>\n<tr>\n<td style=\"padding:8px 12px; border:1px solid #BDBDBD;\">Punto de Inflamaci\u00f3n<\/td>\n<td style=\"padding:8px 12px; border:1px solid #BDBDBD;\">ninguno<\/td>\n<\/tr>\n<tr style=\"background:#E6E6E6;\">\n<td style=\"padding:8px 12px; border:1px solid #BDBDBD;\">Solubilidad en el agua<\/td>\n<td style=\"padding:8px 12px; border:1px solid #BDBDBD;\">totalmente soluble<\/td>\n<\/tr>\n<tr>\n<td style=\"padding:8px 12px; border:1px solid #BDBDBD;\">Tensi\u00f3n superficial (dinas \/ cm)<\/td>\n<td style=\"padding:8px 12px; border:1px solid #BDBDBD;\">29,5<\/td>\n<\/tr>\n<tr style=\"background:#E6E6E6;\">\n<td style=\"padding:8px 12px; border:1px solid #BDBDBD;\">Mojabilidad seg\u00fan NF T73420 (segundos)<\/td>\n<td style=\"padding:8px 12px; border:1px solid #BDBDBD;\">32<\/td>\n<\/tr>\n<\/table>\n<\/div>\n","protected":false},"excerpt":{"rendered":"<ul>\n<li>Eliminaci\u00f3n de residuos de fundentes<\/li>\n<li>Proceso acuoso de pulverizaci\u00f3n en el aire y chorro de inmersi\u00f3n<\/li>\n<li>Impacto muy bajo en HSE<\/li>\n<\/ul>\n<p><a href=\"https:\/\/www.inventec.dehon.com\/wp-content\/uploads\/2023\/06\/GW-Score-26.png\"><img decoding=\"async\" class=\"alignnone wp-image-14922\" src=\"https:\/\/www.inventec.dehon.com\/wp-content\/uploads\/2023\/06\/GW-Score-26.png\" alt=\"\" width=\"40\" height=\"34\" \/><\/a><\/p>\n","protected":false},"featured_media":2433,"comment_status":"closed","ping_status":"closed","template":"","meta":{"_acf_changed":false,"inline_featured_image":false},"product_brand":[],"product_cat":[616],"product_tag":[2708,2028,2707,4287,4327,4259,4263,4255,4820,2011,2706,4455,4267,4471],"class_list":{"0":"post-9838","1":"product","2":"type-product","3":"status-publish","4":"has-post-thumbnail","6":"product_cat-limpieza","7":"product_tag-607-es","8":"product_tag-disper-es","9":"product_tag-disper-607-es","10":"product_tag-eliminacion-de-fundente-es","11":"product_tag-greenway","12":"product_tag-inmersion-acuosa","13":"product_tag-inmersion-acuosa-ultrasonica","14":"product_tag-liquidos-de-limpieza-acuosos","15":"product_tag-origen-vegetal","16":"product_tag-promoclean-es","17":"product_tag-promoclean-disper-607-es","18":"product_tag-spray","19":"product_tag-spray-acuoso","20":"product_tag-ultrasonido","21":"pa_application-eliminacion-de-fundente","22":"pa_brand-promoclean-es","23":"pa_features-greenway","24":"pa_processes-inmersion-ultrasonica-acuosa","25":"pa_processes-spray-a-base-de-agua","26":"pa_product-category-fluidos-de-limpieza-acuosos","28":"first","29":"instock","30":"shipping-taxable","31":"product-type-simple"},"acf":[],"_links":{"self":[{"href":"https:\/\/www.inventec.dehon.com\/es\/wp-json\/wp\/v2\/product\/9838","targetHints":{"allow":["GET"]}}],"collection":[{"href":"https:\/\/www.inventec.dehon.com\/es\/wp-json\/wp\/v2\/product"}],"about":[{"href":"https:\/\/www.inventec.dehon.com\/es\/wp-json\/wp\/v2\/types\/product"}],"replies":[{"embeddable":true,"href":"https:\/\/www.inventec.dehon.com\/es\/wp-json\/wp\/v2\/comments?post=9838"}],"wp:featuredmedia":[{"embeddable":true,"href":"https:\/\/www.inventec.dehon.com\/es\/wp-json\/wp\/v2\/media\/2433"}],"wp:attachment":[{"href":"https:\/\/www.inventec.dehon.com\/es\/wp-json\/wp\/v2\/media?parent=9838"}],"wp:term":[{"taxonomy":"product_brand","embeddable":true,"href":"https:\/\/www.inventec.dehon.com\/es\/wp-json\/wp\/v2\/product_brand?post=9838"},{"taxonomy":"product_cat","embeddable":true,"href":"https:\/\/www.inventec.dehon.com\/es\/wp-json\/wp\/v2\/product_cat?post=9838"},{"taxonomy":"product_tag","embeddable":true,"href":"https:\/\/www.inventec.dehon.com\/es\/wp-json\/wp\/v2\/product_tag?post=9838"}],"curies":[{"name":"wp","href":"https:\/\/api.w.org\/{rel}","templated":true}]}}