{"id":9806,"date":"2021-12-07T09:54:41","date_gmt":"2021-12-07T09:54:41","guid":{"rendered":"https:\/\/www.inventec.dehon.com\/product\/promosolv-dr3\/"},"modified":"2026-03-16T14:35:27","modified_gmt":"2026-03-16T13:35:27","slug":"promosolv-dr3","status":"publish","type":"product","link":"https:\/\/www.inventec.dehon.com\/es\/product\/promosolv-dr3\/","title":{"rendered":"PROMOSOLV DR3"},"content":{"rendered":"<p><img decoding=\"async\" src=\"https:\/\/www.inventec.dehon.com\/wp-content\/uploads\/2021\/03\/PROMOSOLV-drum-colorless-Ecoprog-600x600.png\" alt=\"PROMOSOLV DR3\" class=\"responsive-img\" align=\"right\" style=\"border-radius:10px; margin-bottom:10px; margin-top:-10px; margin-left:15px; width:300px\" \/><\/p>\n<h2 style=\"color:#9bc947; margin-bottom:15px\">Solvente de limpieza y enjuague sostenible<\/h2>\n<ul>\n<li>Limpieza y Enjuague Ligeros\n<li>Proceso Co-Solvente<\/li>\n<li>Bajo PCB<\/li>\n<li>Reemplazo del 3M Novec 7100<\/li>\n<\/ul>\n<h5>PROMOSOLV DR3<\/h5>\n<p>Es un fluido de limpieza a base de disolvente no inflamable. Puede utilizarse como medio de enjuague en combinaci\u00f3n con nuestra gama TOPKLEAN\u2122 en un proceso de limpieza co-solvente para ofrecer una soluci\u00f3n segura sin comprometer un alto rendimiento de limpieza. Adem\u00e1s, es ideal para un secado r\u00e1pido sin manchas o para eliminar aceites ligeros y part\u00edculas.<\/p>\n<p>Est\u00e1 especialmente dise\u00f1ado para reemplazar disolventes con un alto impacto en HSE y ofrecer un producto conforme a las \u00faltimas normativas medioambientales. La tensi\u00f3n superficial muy baja permite penetrar espacios muy estrechos o de dif\u00edcil acceso, garantizando la eliminaci\u00f3n completa de cualquier qu\u00edmico de limpieza.<\/p>\n<p><strong>PROMOSOLV DR3<\/strong> es compatible con todos los metales y aleaciones, incluidos los muy sensibles. Tambi\u00e9n tiene buena compatibilidad con la mayor\u00eda de los pl\u00e1sticos y elast\u00f3meros, aunque es necesario realizar pruebas antes de su uso.<\/p>\n<p><strong>PROMOSOLV DR3 T<\/strong> es la versi\u00f3n reciclada (fabricada a partir de disolvente reciclado) de PROMOSOLV DR3. Este producto es el resultado de nuestro servicio ECOPROGRAM y ofrece las mismas prestaciones que el producto original.<\/p>\n<p><strong>PROMOSOLV DR3<\/strong> es un reemplazo directo e inmediato para <strong>3M Novec 7100<\/strong>, que se retirar\u00e1 voluntariamente del mercado a finales de 2025. M\u00e1s informaci\u00f3n sobre el anuncio de 3M sobre la retirada de los productos Novec, haga clic en este <a href=\"https:\/\/www.inventec.dehon.com\/es\/elimine-gradualmente-los-disolventes-3m\/\">enlace<\/a>.<\/p>\n<div style=\"font-family:Lato; color:#333;\">\n<div style=\"font-weight:bold; text-transform:uppercase; border-bottom:2px solid #9DBB2F; padding-bottom:6px; margin-bottom:10px;\">\n    Especificaciones\n  <\/div>\n<table width=\"100%\" cellpadding=\"0\" cellspacing=\"0\" style=\"border-collapse:collapse; width:100%; max-width:100%;\">\n<tr>\n<th align=\"left\" style=\"background:#7A7A7A; color:#fff; padding:8px 12px; border:1px solid #BDBDBD;\">\n        Especificaciones\n      <\/th>\n<th align=\"left\" style=\"background:#7A7A7A; color:#fff; padding:8px 12px; border:1px solid #BDBDBD;\">\n        M\u00e9todos\n      <\/th>\n<th align=\"left\" style=\"background:#7A7A7A; color:#fff; padding:8px 12px; border:1px solid #BDBDBD;\">\n        PROMOSOLV DR3\n      <\/th>\n<th align=\"left\" style=\"background:#7A7A7A; color:#fff; padding:8px 12px; border:1px solid #BDBDBD;\">\n        PROMOSOLV DR3 T\n      <\/th>\n<\/tr>\n<tr>\n<td style=\"padding:8px 12px; border:1px solid #BDBDBD;\">Aspecto<\/td>\n<td style=\"padding:8px 12px; border:1px solid #BDBDBD;\">Visual<\/td>\n<td style=\"padding:8px 12px; border:1px solid #BDBDBD;\">Transparente, incoloro<\/td>\n<td style=\"padding:8px 12px; border:1px solid #BDBDBD;\">Transparente, incoloro<\/td>\n<\/tr>\n<tr style=\"background:#E6E6E6;\">\n<td style=\"padding:8px 12px; border:1px solid #BDBDBD;\">Pureza (% peso)<\/td>\n<td style=\"padding:8px 12px; border:1px solid #BDBDBD;\">Interno \/ BRY-MO-121<\/td>\n<td style=\"padding:8px 12px; border:1px solid #BDBDBD;\">> 99,5<\/td>\n<td style=\"padding:8px 12px; border:1px solid #BDBDBD;\">> 99,0<\/td>\n<\/tr>\n<\/table>\n<\/div>\n<div style=\"font-family:Lato; color:#333;\">\n<div style=\"font-weight:bold; text-transform:uppercase; border-bottom:2px solid #9DBB2F; padding-bottom:6px; margin:30px 0 10px;\">\n    Caracter\u00edsticas\n  <\/div>\n<table width=\"100%\" cellpadding=\"0\" cellspacing=\"0\" style=\"border-collapse:collapse; width:100%; max-width:100%;\">\n<tr>\n<th align=\"left\" style=\"background:#7A7A7A; color:#fff; padding:8px 12px; border:1px solid #BDBDBD;\">\n        Caracter\u00edsticas\n      <\/th>\n<th align=\"left\" style=\"background:#7A7A7A; color:#fff; padding:8px 12px; border:1px solid #BDBDBD;\">\n        Valores\n      <\/th>\n<\/tr>\n<tr>\n<td style=\"padding:8px 12px; border:1px solid #BDBDBD;\">Punto de ebullici\u00f3n (\u00b0C\/\u00b0F)<\/td>\n<td style=\"padding:8px 12px; border:1px solid #BDBDBD;\">61 \/ 142<\/td>\n<\/tr>\n<tr style=\"background:#E6E6E6;\">\n<td style=\"padding:8px 12px; border:1px solid #BDBDBD;\">Punto de congelaci\u00f3n (\u00b0C\/\u00b0F)<\/td>\n<td style=\"padding:8px 12px; border:1px solid #BDBDBD;\">-135 \/ -211<\/td>\n<\/tr>\n<tr>\n<td style=\"padding:8px 12px; border:1px solid #BDBDBD;\">Punto de inflamaci\u00f3n<\/td>\n<td style=\"padding:8px 12px; border:1px solid #BDBDBD;\">No<\/td>\n<\/tr>\n<tr style=\"background:#E6E6E6;\">\n<td style=\"padding:8px 12px; border:1px solid #BDBDBD;\">Densidad (g\/cm\u00b3)<\/td>\n<td style=\"padding:8px 12px; border:1px solid #BDBDBD;\">1,52<\/td>\n<\/tr>\n<tr>\n<td style=\"padding:8px 12px; border:1px solid #BDBDBD;\">Tensi\u00f3n superficial (dinas\/cm)<\/td>\n<td style=\"padding:8px 12px; border:1px solid #BDBDBD;\">13,6<\/td>\n<\/tr>\n<tr style=\"background:#E6E6E6;\">\n<td style=\"padding:8px 12px; border:1px solid #BDBDBD;\">Presi\u00f3n de vapor (mm Hg)<\/td>\n<td style=\"padding:8px 12px; border:1px solid #BDBDBD;\">202<\/td>\n<\/tr>\n<tr>\n<td style=\"padding:8px 12px; border:1px solid #BDBDBD;\">Viscosidad din\u00e1mica (mPa.s)<\/td>\n<td style=\"padding:8px 12px; border:1px solid #BDBDBD;\">0,75<\/td>\n<\/tr>\n<tr style=\"background:#E6E6E6;\">\n<td style=\"padding:8px 12px; border:1px solid #BDBDBD;\">Calor latente de vaporizaci\u00f3n (kJ\/kg @bp)<\/td>\n<td style=\"padding:8px 12px; border:1px solid #BDBDBD;\">112<\/td>\n<\/tr>\n<tr>\n<td style=\"padding:8px 12px; border:1px solid #BDBDBD;\">Calor espec\u00edfico (kJ\/kg.K)<\/td>\n<td style=\"padding:8px 12px; border:1px solid #BDBDBD;\">1,17<\/td>\n<\/tr>\n<\/table>\n<\/div>\n","protected":false},"excerpt":{"rendered":"<ul>\n<li>Limpieza y Enjuague Ligeros\n<li>Proceso Co-Solvente<\/li>\n<li>Bajo PCB<\/li>\n<li>Reemplazo del 3M Novec 7100<\/li>\n<\/ul>\n<p><a href=\"https:\/\/www.inventec.dehon.com\/wp-content\/uploads\/2021\/12\/GW-Score-10.png\"><img decoding=\"async\" class=\"alignnone wp-image-15251\" src=\"https:\/\/www.inventec.dehon.com\/wp-content\/uploads\/2021\/12\/GW-Score-10.png\" alt=\"\" width=\"40\" height=\"34\" \/><\/a><\/p>\n","protected":false},"featured_media":2278,"comment_status":"closed","ping_status":"closed","template":"","meta":{"_acf_changed":false,"inline_featured_image":false},"product_brand":[],"product_cat":[616,763,2899,2900],"product_tag":[4717,4283,2649,4411,4796,4765,4239,588,4186,4709,4713,4327,4741,4733,4729,2648,4600,4447,4737],"class_list":{"0":"post-9806","1":"product","2":"type-product","3":"status-publish","4":"has-post-thumbnail","6":"product_cat-limpieza","7":"product_cat-limpieza-de-piezas-en-contacto-con-oxigeno","8":"product_cat-soluciones-de-solventes-para-enjuague","9":"product_cat-soluciones-de-solventes-para-secado","10":"product_tag-aceite-fluorado","11":"product_tag-co-disolvente","12":"product_tag-dr3-es","13":"product_tag-eliminacion-de-particulas-es","14":"product_tag-enjuague","15":"product_tag-enjuague-con-disolvente","16":"product_tag-fabricacion-aditiva-3","17":"product_tag-fluido","18":"product_tag-fluidos-de-limpieza-con-solvente","19":"product_tag-fluorado","20":"product_tag-grasa-fluorada","21":"product_tag-greenway","22":"product_tag-limpieza-de-sistemas-de-oxigeno-es","23":"product_tag-limpieza-oxigeno","24":"product_tag-oxigeno-es","25":"product_tag-promosolv-dr3-es","26":"product_tag-reciclable","27":"product_tag-secado-con-solvente","28":"product_tag-sistemas-de-oxigeno","29":"pa_application-eliminacion-de-particulas","30":"pa_application-limpieza-de-sistemas-de-oxigeno","31":"pa_application-soluciones-para-fabricacion-aditiva","32":"pa_brand-promosolv-es-2","33":"pa_features-greenway","34":"pa_features-para-aceites-y-grasas-fluoradas","35":"pa_features-reciclable","36":"pa_processes-co-solvente","37":"pa_processes-disolvente-de-secado","38":"pa_processes-enjuagando","39":"pa_processes-enjuague-con-solvente","40":"pa_product-category-fluidos-de-limpieza-con-solvente","42":"first","43":"instock","44":"shipping-taxable","45":"product-type-simple"},"acf":[],"_links":{"self":[{"href":"https:\/\/www.inventec.dehon.com\/es\/wp-json\/wp\/v2\/product\/9806","targetHints":{"allow":["GET"]}}],"collection":[{"href":"https:\/\/www.inventec.dehon.com\/es\/wp-json\/wp\/v2\/product"}],"about":[{"href":"https:\/\/www.inventec.dehon.com\/es\/wp-json\/wp\/v2\/types\/product"}],"replies":[{"embeddable":true,"href":"https:\/\/www.inventec.dehon.com\/es\/wp-json\/wp\/v2\/comments?post=9806"}],"wp:featuredmedia":[{"embeddable":true,"href":"https:\/\/www.inventec.dehon.com\/es\/wp-json\/wp\/v2\/media\/2278"}],"wp:attachment":[{"href":"https:\/\/www.inventec.dehon.com\/es\/wp-json\/wp\/v2\/media?parent=9806"}],"wp:term":[{"taxonomy":"product_brand","embeddable":true,"href":"https:\/\/www.inventec.dehon.com\/es\/wp-json\/wp\/v2\/product_brand?post=9806"},{"taxonomy":"product_cat","embeddable":true,"href":"https:\/\/www.inventec.dehon.com\/es\/wp-json\/wp\/v2\/product_cat?post=9806"},{"taxonomy":"product_tag","embeddable":true,"href":"https:\/\/www.inventec.dehon.com\/es\/wp-json\/wp\/v2\/product_tag?post=9806"}],"curies":[{"name":"wp","href":"https:\/\/api.w.org\/{rel}","templated":true}]}}