{"id":9786,"date":"2021-12-03T12:57:31","date_gmt":"2021-12-03T12:57:31","guid":{"rendered":"https:\/\/www.inventec.dehon.com\/product\/promoclean-tp-186b\/"},"modified":"2026-03-16T14:31:48","modified_gmt":"2026-03-16T13:31:48","slug":"promoclean-tp-186b","status":"publish","type":"product","link":"https:\/\/www.inventec.dehon.com\/es\/product\/promoclean-tp-186b\/","title":{"rendered":"PROMOCLEAN TP 186B"},"content":{"rendered":"<p><img decoding=\"async\" src=\"https:\/\/www.inventec.dehon.com\/wp-content\/uploads\/2021\/04\/PROMOCLEAN-canister-blue.png\" alt=\"PROMOCLEAN TP 186B\" class=\"responsive-img\" align=\"right\" style=\"border-radius:10px; margin-bottom:10px; margin-top:-10px; margin-left:15px; width:300px\" \/><\/p>\n<h2 style=\"color:#9bc947; margin-bottom:15px\">Desengrasante de alto rendimiento<\/h2>\n<ul>\n<li>Eliminaci\u00f3n de barnices, resinas, pinturas, colas, tintas y lacas<\/li>\n<li>Proceso de inmersi\u00f3n acuosa y co-solvente<\/li>\n<li>Impacto medioambiental muy bajo<\/li>\n<\/ul>\n<h5>PROMOCLEAN TP 186B<\/h5>\n<p>Est\u00e1 especialmente dise\u00f1ado para eliminar sustancias curadas o polimerizadas dif\u00edciles de eliminar como barnices, resinas, pinturas, colas, tintas y lacas. Se trata de una formulaci\u00f3n mejorada del TP 188 por la que recibi\u00f3 la etiqueta de la V\u00eda Verde al mejorar significativamente las caracter\u00edsticas de sostenibilidad. <strong>PROMOCLEAN TP 186B<\/strong> no contiene CMR, disolventes arom\u00e1ticos ni compuestos clorados como N Pirrolidona de metilo, benceno o cloruro de metileno.<\/p>\n<p>Gracias a su buena solubilidad tanto en disolventes org\u00e1nicos como en agua, <strong>PROMOCLEAN TP 186B<\/strong> puede utilizarse en procesos acuosos de inmersi\u00f3n y lavado, pero tambi\u00e9n en un proceso de co-solventes separados. Al no tener pH, el medio de limpieza no da\u00f1a los metales o aleaciones sensibles y es seguro de usar. Es un producto que debe utilizarse puro.<\/p>\n<p><strong>PROMOCLEAN TP 186B<\/strong> tambi\u00e9n puede utilizarse en la fabricaci\u00f3n aditiva como sustituto de disolventes peligrosos e inflamables para diluir ciertas resinas y pol\u00edmeros en el mantenimiento o en la producci\u00f3n.<\/p>\n<div style=\"font-family:Lato; color:#333;\">\n<div style=\"font-weight:bold; text-transform:uppercase; border-bottom:2px solid #9DBB2F; padding-bottom:6px; margin-bottom:10px;\">\n    ESPECIFICACIONES\n  <\/div>\n<table width=\"100%\" cellpadding=\"0\" cellspacing=\"0\" style=\"border-collapse:collapse; width:100%; max-width:100%;\">\n<tr>\n<th align=\"left\" style=\"background:#7A7A7A; color:#fff; padding:8px 12px; border:1px solid #BDBDBD;\">\n        ESPECIFICACIONES\n      <\/th>\n<th align=\"left\" style=\"background:#7A7A7A; color:#fff; padding:8px 12px; border:1px solid #BDBDBD;\">\n        VALORES\n      <\/th>\n<th align=\"left\" style=\"background:#7A7A7A; color:#fff; padding:8px 12px; border:1px solid #BDBDBD;\">\n        M\u00c9TODO\n      <\/th>\n<\/tr>\n<tr>\n<td style=\"padding:8px 12px; border:1px solid #BDBDBD;\">Aspecto<\/td>\n<td style=\"padding:8px 12px; border:1px solid #BDBDBD;\">Amarillo<\/td>\n<td style=\"padding:8px 12px; border:1px solid #BDBDBD;\">Visual<\/td>\n<\/tr>\n<tr style=\"background:#E6E6E6;\">\n<td style=\"padding:8px 12px; border:1px solid #BDBDBD;\">Densidad a 20&nbsp;\u00b0C (g\/ml)<\/td>\n<td style=\"padding:8px 12px; border:1px solid #BDBDBD;\">1,01 \u00b1 0,01<\/td>\n<td style=\"padding:8px 12px; border:1px solid #BDBDBD;\">BRY MO 028<\/td>\n<\/tr>\n<tr>\n<td style=\"padding:8px 12px; border:1px solid #BDBDBD;\">Contenido de agua (% peso)<\/td>\n<td style=\"padding:8px 12px; border:1px solid #BDBDBD;\">0,01 \u2013 1<\/td>\n<td style=\"padding:8px 12px; border:1px solid #BDBDBD;\">BRY MO 044<\/td>\n<\/tr>\n<\/table>\n<\/div>\n<div style=\"font-family:Lato; color:#333;\">\n<div style=\"font-weight:bold; text-transform:uppercase; border-bottom:2px solid #9DBB2F; padding-bottom:6px; margin:30px 0 10px;\">\n    CARACTER\u00cdSTICAS\n  <\/div>\n<table width=\"100%\" cellpadding=\"0\" cellspacing=\"0\" style=\"border-collapse:collapse; width:100%; max-width:100%;\">\n<tr>\n<th align=\"left\" style=\"background:#7A7A7A; color:#fff; padding:8px 12px; border:1px solid #BDBDBD;\">\n        CARACTER\u00cdSTICAS\n      <\/th>\n<th align=\"left\" style=\"background:#7A7A7A; color:#fff; padding:8px 12px; border:1px solid #BDBDBD;\">\n        VALORES\n      <\/th>\n<\/tr>\n<tr>\n<td style=\"padding:8px 12px; border:1px solid #BDBDBD;\">Solubilidad en el agua<\/td>\n<td style=\"padding:8px 12px; border:1px solid #BDBDBD;\">Parcial<\/td>\n<\/tr>\n<tr style=\"background:#E6E6E6;\">\n<td style=\"padding:8px 12px; border:1px solid #BDBDBD;\">Solubilidad en el alcohol<\/td>\n<td style=\"padding:8px 12px; border:1px solid #BDBDBD;\">Total<\/td>\n<\/tr>\n<tr>\n<td style=\"padding:8px 12px; border:1px solid #BDBDBD;\">Punto de inflamaci\u00f3n (\u00b0C \/ \u00b0F)<\/td>\n<td style=\"padding:8px 12px; border:1px solid #BDBDBD;\">+ 95\u00b0C \/ + 203\u00b0F<\/td>\n<\/tr>\n<\/table>\n<\/div>\n","protected":false},"excerpt":{"rendered":"<ul>\n<li>Eliminaci\u00f3n de barnices, resinas, pinturas, colas, tintas y lacas<\/li>\n<li>Proceso de inmersi\u00f3n acuosa y co-solvente<\/li>\n<li>Impacto medioambiental muy bajo<\/li>\n<\/ul>\n","protected":false},"featured_media":2433,"comment_status":"closed","ping_status":"closed","template":"","meta":{"_acf_changed":false,"inline_featured_image":false},"product_brand":[],"product_cat":[698,2905,2904,617],"product_tag":[2300,4283,4749,4753,4796,4239,4327,4259,4263,4255,4423,2298,4431,2068,2299,4471],"class_list":{"0":"post-9786","1":"product","2":"type-product","3":"status-publish","4":"has-post-thumbnail","6":"product_cat-decapado-y-desoxidacion","7":"product_cat-eliminacion-de-polimeros-y-resinas","8":"product_cat-proceso-de-eliminacion-de-pasta-de-pulido","9":"product_cat-soluciones-de-fabricacion-aditiva","10":"product_tag-186b-es","11":"product_tag-co-disolvente","12":"product_tag-eliminacion-de-polimeros-es","13":"product_tag-eliminacion-de-resinas-2","14":"product_tag-enjuague","15":"product_tag-fabricacion-aditiva-3","16":"product_tag-greenway","17":"product_tag-inmersion-acuosa","18":"product_tag-inmersion-acuosa-ultrasonica","19":"product_tag-liquidos-de-limpieza-acuosos","20":"product_tag-polimero","21":"product_tag-promoclean-tp-186b-es","22":"product_tag-resinas-es","23":"product_tag-tp-es","24":"product_tag-tp-186b-es","25":"product_tag-ultrasonido","26":"pa_application-eliminacion-de-polimeros-y-resinas","27":"pa_application-soluciones-para-fabricacion-aditiva","28":"pa_brand-promoclean-es","29":"pa_features-greenway","30":"pa_processes-co-solvente","31":"pa_processes-enjuagando","32":"pa_processes-inmersion-ultrasonica-acuosa","33":"pa_product-category-fluidos-de-limpieza-acuosos","35":"first","36":"instock","37":"shipping-taxable","38":"product-type-simple"},"acf":[],"_links":{"self":[{"href":"https:\/\/www.inventec.dehon.com\/es\/wp-json\/wp\/v2\/product\/9786","targetHints":{"allow":["GET"]}}],"collection":[{"href":"https:\/\/www.inventec.dehon.com\/es\/wp-json\/wp\/v2\/product"}],"about":[{"href":"https:\/\/www.inventec.dehon.com\/es\/wp-json\/wp\/v2\/types\/product"}],"replies":[{"embeddable":true,"href":"https:\/\/www.inventec.dehon.com\/es\/wp-json\/wp\/v2\/comments?post=9786"}],"wp:featuredmedia":[{"embeddable":true,"href":"https:\/\/www.inventec.dehon.com\/es\/wp-json\/wp\/v2\/media\/2433"}],"wp:attachment":[{"href":"https:\/\/www.inventec.dehon.com\/es\/wp-json\/wp\/v2\/media?parent=9786"}],"wp:term":[{"taxonomy":"product_brand","embeddable":true,"href":"https:\/\/www.inventec.dehon.com\/es\/wp-json\/wp\/v2\/product_brand?post=9786"},{"taxonomy":"product_cat","embeddable":true,"href":"https:\/\/www.inventec.dehon.com\/es\/wp-json\/wp\/v2\/product_cat?post=9786"},{"taxonomy":"product_tag","embeddable":true,"href":"https:\/\/www.inventec.dehon.com\/es\/wp-json\/wp\/v2\/product_tag?post=9786"}],"curies":[{"name":"wp","href":"https:\/\/api.w.org\/{rel}","templated":true}]}}