{"id":9755,"date":"2021-06-17T09:41:07","date_gmt":"2021-06-17T09:41:07","guid":{"rendered":"https:\/\/www.inventec.dehon.com\/product\/ecofrec-cma-155\/"},"modified":"2026-01-21T10:01:15","modified_gmt":"2026-01-21T09:01:15","slug":"ecofrec-cma-155","status":"publish","type":"product","link":"https:\/\/www.inventec.dehon.com\/es\/product\/ecofrec-cma-155\/","title":{"rendered":"ECOFREC CMA 155"},"content":{"rendered":"<p><img decoding=\"async\" src=\"https:\/\/www.inventec.dehon.com\/wp-content\/uploads\/2021\/04\/ECOFREC-canister-solvent-based-600x600.png\" alt=\"ECOFREC CMA 155\" class=\"responsive-img\" align=\"right\" style=\"border-radius:10px; margin-bottom:10px; margin-top:-10px; margin-left:15px; width:300px\" \/><\/p>\n<h2 style=\"color: #9bc947; margin-bottom: 15px;\">Flux l\u00edquido con alta concentraci\u00f3n de colofonia<\/h2>\n<ul>\n<li>Fundente l\u00edquido de alta colofonia con base de disolvente<\/li>\n<li>adecuado para todos los procesos de fundici\u00f3n<\/li>\n<li>Muy buena humectaci\u00f3n y f\u00e1cil de limpiar<\/li>\n<\/ul>\n<h5>ECOFREC CMA 155<\/h5>\n<p>Es un fundente de alta colofonia que presenta una muy buena humectaci\u00f3n y es f\u00e1cil de limpiar en un proceso de disolvente o detergente. Contiene hal\u00f3geno , que ayuda a resolver los problemas de soldadura que se encuentran en aplicaciones profesionales y de consumo de alta calidad.<\/p>\n<p><strong>ECOFREC CMA 155<\/strong> proporciona una soldadura uniforme, brillante y ligeramente cargada.<br \/>\nEl esta\u00f1ado de las l\u00edneas el\u00e9ctricas no muestra ning\u00fan tipo de mojado. Son uniformes, sin salidas laterales ni ca\u00eddas.<\/p>\n<p><!-- PROPIEDADES Section --><\/p>\n<div style=\"font-weight:bold; text-transform:uppercase; border-bottom:2px solid #9DBB2F; padding-bottom:6px; margin-bottom:10px;\">\n  PROPIEDADES\n<\/div>\n<table width=\"100%\" cellpadding=\"0\" cellspacing=\"0\" style=\"border-collapse:collapse; width:100%; max-width:100%;\">\n<tr>\n<th align=\"left\" style=\"background:#7A7A7A; color:#fff; padding:8px 12px; border:1px solid #BDBDBD;\">\n      ESPECIFICACIONES\n    <\/th>\n<th align=\"left\" style=\"background:#7A7A7A; color:#fff; padding:8px 12px; border:1px solid #BDBDBD;\">\n      ECOFREC CMA 155\n    <\/th>\n<\/tr>\n<tr>\n<td style=\"padding:8px 12px; border:1px solid #BDBDBD;\">\n      Densidad aparente a 20\u00b0C\n    <\/td>\n<td style=\"padding:8px 12px; border:1px solid #BDBDBD;\">\n      0,832\n    <\/td>\n<\/tr>\n<tr style=\"background:#E6E6E6;\">\n<td style=\"padding:8px 12px; border:1px solid #BDBDBD;\">\n      Color\n    <\/td>\n<td style=\"padding:8px 12px; border:1px solid #BDBDBD;\">\n      Amarillo \u00e1mbar\n    <\/td>\n<\/tr>\n<tr>\n<td style=\"padding:8px 12px; border:1px solid #BDBDBD;\">\n      Solubilidad en agua\n    <\/td>\n<td style=\"padding:8px 12px; border:1px solid #BDBDBD;\">\n      Insoluble\n    <\/td>\n<\/tr>\n<tr style=\"background:#E6E6E6;\">\n<td style=\"padding:8px 12px; border:1px solid #BDBDBD;\">\n      Solubilidad en alcohol\n    <\/td>\n<td style=\"padding:8px 12px; border:1px solid #BDBDBD;\">\n      Muy soluble\n    <\/td>\n<\/tr>\n<tr>\n<td style=\"padding:8px 12px; border:1px solid #BDBDBD;\">\n      Punto de inflamaci\u00f3n (\u00b0C)\n    <\/td>\n<td style=\"padding:8px 12px; border:1px solid #BDBDBD;\">\n      21\n    <\/td>\n<\/tr>\n<tr style=\"background:#E6E6E6;\">\n<td style=\"padding:8px 12px; border:1px solid #BDBDBD;\">\n      Extracto seco % peso\/peso (3 h a 105\u00b0C)\n    <\/td>\n<td style=\"padding:8px 12px; border:1px solid #BDBDBD;\">\n      18\n    <\/td>\n<\/tr>\n<tr>\n<td style=\"padding:8px 12px; border:1px solid #BDBDBD;\">\n      Hal\u00f3genos, % respecto al extracto seco\n    <\/td>\n<td style=\"padding:8px 12px; border:1px solid #BDBDBD;\">\n      0,25\n    <\/td>\n<\/tr>\n<tr style=\"background:#E6E6E6;\">\n<td style=\"padding:8px 12px; border:1px solid #BDBDBD;\">\n      \u00cdndice \u00e1cido (mg KOH\/g)\n    <\/td>\n<td style=\"padding:8px 12px; border:1px solid #BDBDBD;\">\n      220\n    <\/td>\n<\/tr>\n<tr>\n<td style=\"padding:8px 12px; border:1px solid #BDBDBD;\">\n      Equivalente clorado\n    <\/td>\n<td style=\"padding:8px 12px; border:1px solid #BDBDBD;\">\n      0,62\n    <\/td>\n<\/tr>\n<tr style=\"background:#E6E6E6;\">\n<td style=\"padding:8px 12px; border:1px solid #BDBDBD;\">\n      Clasificaci\u00f3n seg\u00fan J-STD-004\n    <\/td>\n<td style=\"padding:8px 12px; border:1px solid #BDBDBD;\">\n      ROL1\n    <\/td>\n<\/tr>\n<\/table>\n","protected":false},"excerpt":{"rendered":"<ul>\n<li>Fundente l\u00edquido de alta colofonia con base de disolvente<\/li>\n<li>adecuado para todos los procesos de fundici\u00f3n<\/li>\n<li>Muy buena humectaci\u00f3n y f\u00e1cil de limpiar<\/li>\n<\/ul>\n","protected":false},"featured_media":3049,"comment_status":"closed","ping_status":"closed","template":"","meta":{"_acf_changed":false,"inline_featured_image":false},"product_brand":[],"product_cat":[2884,2881,2882],"product_tag":[1614,4612,1613,1612,5235,5331,5295,5343,5135,4005,5211,5231,4006],"class_list":{"0":"post-9755","1":"product","2":"type-product","3":"status-publish","4":"has-post-thumbnail","6":"product_cat-soluciones-de-fundentes-para-estanado","7":"product_cat-soluciones-de-fundentes-para-soldadura-por-ola","8":"product_cat-soluciones-de-fundentes-para-soldadura-selectiva","9":"product_tag-155-es","10":"product_tag-a-base-de-disolvente","11":"product_tag-cma-es","12":"product_tag-ecofrec-cma-155-es","13":"product_tag-estanado-es","14":"product_tag-facil-de-limpiar","15":"product_tag-flux-liquido","16":"product_tag-flux-liquido-a-base-de-colofonia","17":"product_tag-metalizacion-es","18":"product_tag-smt-es","19":"product_tag-soldadura-smt-es","20":"product_tag-soldadura-tht-es","21":"product_tag-tht-es","22":"pa_application-metalizacion-estanado","23":"pa_application-soldadura-smt-tht","24":"pa_brand-ecofrec-es-2","25":"pa_features-a-base-de-disolvente","26":"pa_product-category-fundente-liquido","28":"first","29":"instock","30":"shipping-taxable","31":"product-type-simple"},"acf":[],"_links":{"self":[{"href":"https:\/\/www.inventec.dehon.com\/es\/wp-json\/wp\/v2\/product\/9755","targetHints":{"allow":["GET"]}}],"collection":[{"href":"https:\/\/www.inventec.dehon.com\/es\/wp-json\/wp\/v2\/product"}],"about":[{"href":"https:\/\/www.inventec.dehon.com\/es\/wp-json\/wp\/v2\/types\/product"}],"replies":[{"embeddable":true,"href":"https:\/\/www.inventec.dehon.com\/es\/wp-json\/wp\/v2\/comments?post=9755"}],"wp:featuredmedia":[{"embeddable":true,"href":"https:\/\/www.inventec.dehon.com\/es\/wp-json\/wp\/v2\/media\/3049"}],"wp:attachment":[{"href":"https:\/\/www.inventec.dehon.com\/es\/wp-json\/wp\/v2\/media?parent=9755"}],"wp:term":[{"taxonomy":"product_brand","embeddable":true,"href":"https:\/\/www.inventec.dehon.com\/es\/wp-json\/wp\/v2\/product_brand?post=9755"},{"taxonomy":"product_cat","embeddable":true,"href":"https:\/\/www.inventec.dehon.com\/es\/wp-json\/wp\/v2\/product_cat?post=9755"},{"taxonomy":"product_tag","embeddable":true,"href":"https:\/\/www.inventec.dehon.com\/es\/wp-json\/wp\/v2\/product_tag?post=9755"}],"curies":[{"name":"wp","href":"https:\/\/api.w.org\/{rel}","templated":true}]}}