{"id":9749,"date":"2021-06-17T09:25:18","date_gmt":"2021-06-17T09:25:18","guid":{"rendered":"https:\/\/www.inventec.dehon.com\/product\/ecofrec-82\/"},"modified":"2026-01-20T15:39:31","modified_gmt":"2026-01-20T14:39:31","slug":"ecofrec-82","status":"publish","type":"product","link":"https:\/\/www.inventec.dehon.com\/es\/product\/ecofrec-82\/","title":{"rendered":"ECOFREC 82"},"content":{"rendered":"<p><img decoding=\"async\" src=\"https:\/\/www.inventec.dehon.com\/wp-content\/uploads\/2021\/04\/ECOFREC-canister-alcohol-based-blue-600x600.png\" alt=\"ECOFREC 82\" class=\"responsive-img\" align=\"right\" style=\"border-radius:10px; margin-bottom:10px; margin-top:-10px; margin-left:15px; width:300px\" \/><\/p>\n<h2 style=\"color: #9bc947; margin-bottom: 15px;\">Mejor flux l\u00edquido para esta\u00f1ado a base de agua<\/h2>\n<ul>\n<li>Flux l\u00edquido a base de agua<\/li>\n<li>Proceso selectivo, de onda y de esta\u00f1ado<\/li>\n<li>F\u00e1cil de limpiar<\/li>\n<\/ul>\n<h5>ECOFREC 82<\/h5>\n<p> Es un flux soluble en agua, de bajo residuo, con excelente rendimiento de soldadura en cualquier acabado. Este flux se recomienda para soldadura sin plomo y es particularmente adecuado para el esta\u00f1ado de componentes en Sn puro o SnAgCu.<\/p>\n<p>Despu\u00e9s del esta\u00f1ado, los residuos se eliminan f\u00e1cilmente usando agua desionizada o productos qu\u00edmicos de limpieza a base de agua. <strong>ECOFREC 82<\/strong> es un flux 100% libre de VOC, por lo que no es inflamable.<\/p>\n<p><!-- CARACTER\u00cdSTICAS Section --><\/p>\n<div style=\"font-weight:bold; border-bottom:2px solid #9DBB2F; padding-bottom:6px; margin-bottom:10px;\">\n  CARACTER\u00cdSTICAS\n<\/div>\n<table width=\"100%\" cellpadding=\"0\" cellspacing=\"0\" style=\"border-collapse:collapse; width:100%; max-width:100%;\">\n<tr>\n<th align=\"left\" style=\"background:#7A7A7A; color:#fff; padding:8px 12px; border:1px solid #BDBDBD;\">\n      ESPECIFICACIONES\n    <\/th>\n<th align=\"left\" style=\"background:#7A7A7A; color:#fff; padding:8px 12px; border:1px solid #BDBDBD;\">\n      ECOFREC 82\n    <\/th>\n<\/tr>\n<tr>\n<td style=\"padding:8px 12px; border:1px solid #BDBDBD;\">Aspecto<\/td>\n<td style=\"padding:8px 12px; border:1px solid #BDBDBD;\">L\u00edquido incoloro<\/td>\n<\/tr>\n<tr style=\"background:#E6E6E6;\">\n<td style=\"padding:8px 12px; border:1px solid #BDBDBD;\">Contenido s\u00f3lido (%)<\/td>\n<td style=\"padding:8px 12px; border:1px solid #BDBDBD;\">6,4<\/td>\n<\/tr>\n<tr>\n<td style=\"padding:8px 12px; border:1px solid #BDBDBD;\">\u00cdndice de acidez (mg KOH\/g)<\/td>\n<td style=\"padding:8px 12px; border:1px solid #BDBDBD;\">31,5 \u2013 34,5<\/td>\n<\/tr>\n<tr style=\"background:#E6E6E6;\">\n<td style=\"padding:8px 12px; border:1px solid #BDBDBD;\">Densidad a 20\u00b0C (g\/cm\u00b3)<\/td>\n<td style=\"padding:8px 12px; border:1px solid #BDBDBD;\">1,008 \u2013 1,016<\/td>\n<\/tr>\n<tr>\n<td style=\"padding:8px 12px; border:1px solid #BDBDBD;\">Contenido de hal\u00f3genos<\/td>\n<td style=\"padding:8px 12px; border:1px solid #BDBDBD;\">&lt; 1500 ppm<\/td>\n<\/tr>\n<tr style=\"background:#E6E6E6;\">\n<td style=\"padding:8px 12px; border:1px solid #BDBDBD;\">Punto de inflamaci\u00f3n<\/td>\n<td style=\"padding:8px 12px; border:1px solid #BDBDBD;\">Ninguno<\/td>\n<\/tr>\n<\/table>\n","protected":false},"excerpt":{"rendered":"<ul>\n<li>Fundente l\u00edquido de base acuosa sin COV<\/li>\n<li>Proceso de esta\u00f1ado de componentes sin plomo<\/li>\n<li>F\u00e1cil de limpiar<\/li>\n<\/ul>\n","protected":false},"featured_media":3033,"comment_status":"closed","ping_status":"closed","template":"","meta":{"_acf_changed":false,"inline_featured_image":false},"product_brand":[],"product_cat":[2884],"product_tag":[1600,5255,1599,5235,5331,5295,5319,5135,4387,5084,4005,5335,5339,5211,5231,4006],"class_list":{"0":"post-9749","1":"product","2":"type-product","3":"status-publish","4":"has-post-thumbnail","6":"product_cat-soluciones-de-fundentes-para-estanado","7":"product_tag-82-es","8":"product_tag-a-base-de-agua-es","9":"product_tag-ecofrec-82-es","10":"product_tag-estanado-es","11":"product_tag-facil-de-limpiar","12":"product_tag-flux-liquido","13":"product_tag-libre-de-cov-es","14":"product_tag-metalizacion-es","15":"product_tag-no-inflamable","16":"product_tag-sin-plomo","17":"product_tag-smt-es","18":"product_tag-sn","19":"product_tag-snagcu","20":"product_tag-soldadura-smt-es","21":"product_tag-soldadura-tht-es","22":"product_tag-tht-es","23":"pa_application-metalizacion-estanado","24":"pa_application-soldadura-smt-tht","25":"pa_brand-ecofrec-es-2","26":"pa_features-a-base-de-agua","27":"pa_processes-soldadura-por-ola-y-selectiva","28":"pa_product-category-fundente-liquido","30":"first","31":"instock","32":"shipping-taxable","33":"product-type-simple"},"acf":[],"_links":{"self":[{"href":"https:\/\/www.inventec.dehon.com\/es\/wp-json\/wp\/v2\/product\/9749","targetHints":{"allow":["GET"]}}],"collection":[{"href":"https:\/\/www.inventec.dehon.com\/es\/wp-json\/wp\/v2\/product"}],"about":[{"href":"https:\/\/www.inventec.dehon.com\/es\/wp-json\/wp\/v2\/types\/product"}],"replies":[{"embeddable":true,"href":"https:\/\/www.inventec.dehon.com\/es\/wp-json\/wp\/v2\/comments?post=9749"}],"wp:featuredmedia":[{"embeddable":true,"href":"https:\/\/www.inventec.dehon.com\/es\/wp-json\/wp\/v2\/media\/3033"}],"wp:attachment":[{"href":"https:\/\/www.inventec.dehon.com\/es\/wp-json\/wp\/v2\/media?parent=9749"}],"wp:term":[{"taxonomy":"product_brand","embeddable":true,"href":"https:\/\/www.inventec.dehon.com\/es\/wp-json\/wp\/v2\/product_brand?post=9749"},{"taxonomy":"product_cat","embeddable":true,"href":"https:\/\/www.inventec.dehon.com\/es\/wp-json\/wp\/v2\/product_cat?post=9749"},{"taxonomy":"product_tag","embeddable":true,"href":"https:\/\/www.inventec.dehon.com\/es\/wp-json\/wp\/v2\/product_tag?post=9749"}],"curies":[{"name":"wp","href":"https:\/\/api.w.org\/{rel}","templated":true}]}}