{"id":9744,"date":"2021-06-17T12:44:45","date_gmt":"2021-06-17T12:44:45","guid":{"rendered":"https:\/\/www.inventec.dehon.com\/product\/ecofrec-pop-50\/"},"modified":"2026-01-21T10:06:56","modified_gmt":"2026-01-21T09:06:56","slug":"ecofrec-pop-50","status":"publish","type":"product","link":"https:\/\/www.inventec.dehon.com\/es\/product\/ecofrec-pop-50\/","title":{"rendered":"ECOFREC POP 50"},"content":{"rendered":"<p><img decoding=\"async\" src=\"https:\/\/www.inventec.dehon.com\/wp-content\/uploads\/2021\/06\/Ecofrec-syringe-tacky-flux-1-600x600.png\" alt=\"ECOFREC POP 50\" class=\"responsive-img\" align=\"right\" style=\"border-radius:10px; margin-bottom:10px; margin-top:-10px; margin-left:15px; width:300px\" \/><\/p>\n<h2 style=\"color:#9bc947; margin-bottom:15px\">Excelentes propiedades de humectaci\u00f3n<\/h2>\n<ul>\n<li>No hay flujo pegajoso limpio<\/li>\n<li>Proceso PoP<\/li>\n<li>Excelentes propiedades de humectaci\u00f3n<\/li>\n<\/ul>\n<h5>ECOFREC POP 50<\/h5>\n<p>Es un fundente pegajoso dise\u00f1ado para un proceso Package on Package: premontaje de paquetes BGA apilados antes del reflujo. Es adecuado para la soldadura sin plomo y con plomo, con o sin nitr\u00f3geno. Una aplicaci\u00f3n por inmersi\u00f3n o dispensaci\u00f3n. Ambos m\u00e9todos permiten aplicar vol\u00famenes reproducibles de fundente a las esferas de soldadura. <\/p>\n<p>La reolog\u00eda y la pegajosidad de <strong>ECOFREC POP 50<\/strong> est\u00e1n optimizadas para mantener los envases en su sitio antes y durante el reflujo.<\/p>\n<p><!-- PROPIEDADES Section --><\/p>\n<div style=\"font-weight:bold; text-transform:uppercase; border-bottom:2px solid #9DBB2F; padding-bottom:6px; margin-bottom:10px;\">\n  PROPIEDADES\n<\/div>\n<table width=\"100%\" cellpadding=\"0\" cellspacing=\"0\" style=\"border-collapse:collapse; width:100%; max-width:100%;\">\n<tr>\n<th align=\"left\" style=\"background:#7A7A7A; color:#fff; padding:8px 12px; border:1px solid #BDBDBD;\">\n      ESPECIFICACIONES\n    <\/th>\n<th align=\"left\" style=\"background:#7A7A7A; color:#fff; padding:8px 12px; border:1px solid #BDBDBD;\">\n      ECOFREC POP 50\n    <\/th>\n<\/tr>\n<tr>\n<td style=\"padding:8px 12px; border:1px solid #BDBDBD;\">\n      Color\n    <\/td>\n<td style=\"padding:8px 12px; border:1px solid #BDBDBD;\">\n      \u00c1mbar\n    <\/td>\n<\/tr>\n<tr style=\"background:#E6E6E6;\">\n<td style=\"padding:8px 12px; border:1px solid #BDBDBD;\">\n      Olor\n    <\/td>\n<td style=\"padding:8px 12px; border:1px solid #BDBDBD;\">\n      Muy bajo\n    <\/td>\n<\/tr>\n<tr>\n<td style=\"padding:8px 12px; border:1px solid #BDBDBD;\">\n      Solubilidad en agua\n    <\/td>\n<td style=\"padding:8px 12px; border:1px solid #BDBDBD;\">\n      Insoluble\n    <\/td>\n<\/tr>\n<tr style=\"background:#E6E6E6;\">\n<td style=\"padding:8px 12px; border:1px solid #BDBDBD;\">\n      Solubilidad en alcohol\n    <\/td>\n<td style=\"padding:8px 12px; border:1px solid #BDBDBD;\">\n      Soluble\n    <\/td>\n<\/tr>\n<tr>\n<td style=\"padding:8px 12px; border:1px solid #BDBDBD;\">\n      Clasificaci\u00f3n seg\u00fan ANSI\/J-STD-004\n    <\/td>\n<td style=\"padding:8px 12px; border:1px solid #BDBDBD;\">\n      ROL0\n    <\/td>\n<\/tr>\n<tr style=\"background:#E6E6E6;\">\n<td style=\"padding:8px 12px; border:1px solid #BDBDBD;\">\n      Contenido de hal\u00f3genos\n    <\/td>\n<td style=\"padding:8px 12px; border:1px solid #BDBDBD;\">\n      Ning\u00fan hal\u00f3geno\n    <\/td>\n<\/tr>\n<tr>\n<td style=\"padding:8px 12px; border:1px solid #BDBDBD;\">\n      Densidad a 20\u00b0C\n    <\/td>\n<td style=\"padding:8px 12px; border:1px solid #BDBDBD;\">\n      1\n    <\/td>\n<\/tr>\n<tr style=\"background:#E6E6E6;\">\n<td style=\"padding:8px 12px; border:1px solid #BDBDBD;\">\n      Viscosidad (Pa.s a 20\u00b0C)<br \/>\n      (Medida con viscos\u00edmetro BROOKFIELD RVT y sistema Mobile F HELIPATH, a 5 rpm)\n    <\/td>\n<td style=\"padding:8px 12px; border:1px solid #BDBDBD;\">\n      50 \u2013 150\n    <\/td>\n<\/tr>\n<\/table>\n","protected":false},"excerpt":{"rendered":"<ul>\n<li>No hay flujo pegajoso limpio<\/li>\n<li>Proceso PdP<\/li>\n<li>Excelentes propiedades de humectaci\u00f3n<\/li>\n<\/ul>\n","protected":false},"featured_media":4020,"comment_status":"closed","ping_status":"closed","template":"","meta":{"_acf_changed":false,"inline_featured_image":false},"product_brand":[],"product_cat":[2883],"product_tag":[4612,4640,4003,5379,5032,1494,5383,5036,4004,5373,5327,1463,1495,5307,5387],"class_list":{"0":"post-9744","1":"product","2":"type-product","3":"status-publish","4":"has-post-thumbnail","6":"product_cat-soluciones-de-fundente-adhesivo","7":"product_tag-a-base-de-disolvente","8":"product_tag-aplicar-por-inmersion","9":"product_tag-ball-attach-es","10":"product_tag-bola-de-soldadura","11":"product_tag-dispensado","12":"product_tag-ecofrec-pop-50-es","13":"product_tag-esfera","14":"product_tag-excelente-mojabilidad","15":"product_tag-flip-chip-es","16":"product_tag-fundente-adhesivo","17":"product_tag-nitrogeno","18":"product_tag-pop-es","19":"product_tag-pop-50-es","20":"product_tag-sin-limpieza","21":"product_tag-soldadura-por-esferas","22":"pa_application-ball-attach-es","23":"pa_application-flip-chip-es","24":"pa_application-pop-es","25":"pa_brand-ecofrec-es-2","26":"pa_features-a-base-de-disolvente","27":"pa_processes-aplicacion-por-inmersion","28":"pa_processes-dispensacion","29":"pa_product-category-fundente-pegajoso","31":"first","32":"instock","33":"shipping-taxable","34":"product-type-simple"},"acf":[],"_links":{"self":[{"href":"https:\/\/www.inventec.dehon.com\/es\/wp-json\/wp\/v2\/product\/9744","targetHints":{"allow":["GET"]}}],"collection":[{"href":"https:\/\/www.inventec.dehon.com\/es\/wp-json\/wp\/v2\/product"}],"about":[{"href":"https:\/\/www.inventec.dehon.com\/es\/wp-json\/wp\/v2\/types\/product"}],"replies":[{"embeddable":true,"href":"https:\/\/www.inventec.dehon.com\/es\/wp-json\/wp\/v2\/comments?post=9744"}],"wp:featuredmedia":[{"embeddable":true,"href":"https:\/\/www.inventec.dehon.com\/es\/wp-json\/wp\/v2\/media\/4020"}],"wp:attachment":[{"href":"https:\/\/www.inventec.dehon.com\/es\/wp-json\/wp\/v2\/media?parent=9744"}],"wp:term":[{"taxonomy":"product_brand","embeddable":true,"href":"https:\/\/www.inventec.dehon.com\/es\/wp-json\/wp\/v2\/product_brand?post=9744"},{"taxonomy":"product_cat","embeddable":true,"href":"https:\/\/www.inventec.dehon.com\/es\/wp-json\/wp\/v2\/product_cat?post=9744"},{"taxonomy":"product_tag","embeddable":true,"href":"https:\/\/www.inventec.dehon.com\/es\/wp-json\/wp\/v2\/product_tag?post=9744"}],"curies":[{"name":"wp","href":"https:\/\/api.w.org\/{rel}","templated":true}]}}