{"id":9743,"date":"2021-06-21T08:13:02","date_gmt":"2021-06-21T08:13:02","guid":{"rendered":"https:\/\/www.inventec.dehon.com\/product\/ecorel-easy-802m-t4\/"},"modified":"2026-01-22T11:42:59","modified_gmt":"2026-01-22T10:42:59","slug":"ecorel-easy-802m-t4","status":"publish","type":"product","link":"https:\/\/www.inventec.dehon.com\/es\/product\/ecorel-easy-802m-t4\/","title":{"rendered":"ECOREL EASY 802M T4"},"content":{"rendered":"<p><img decoding=\"async\" src=\"https:\/\/www.inventec.dehon.com\/wp-content\/uploads\/2021\/01\/Ecorel-Free-600x600.png\" alt=\"ECOREL EASY 802M T4\" class=\"responsive-img\" align=\"right\" style=\"border-radius:10px; margin-bottom:10px; margin-top:-10px; margin-left:15px; width:300px\" \/><\/p>\n<h2 style=\"color: #9bc947; margin-bottom: 15px;\">Pasta de soldadura sin limpieza, de bajo residuo<\/h2>\n<ul>\n<li>Pasta de soldadura con plomo Sn62Pb36Ag2 en Tipo 4<\/li>\n<li>Proceso de impresi\u00f3n SMT no limpio<\/li>\n<li>Montaje robusto<\/li>\n<\/ul>\n<h5>ECOREL EASY 802M T4<\/h5>\n<p>Se trata de una pasta con plomo que ofrece un gran equilibrio entre la humectabilidad, la capacidad de impresi\u00f3n y la capacidad de soportar diversos perfiles t\u00e9rmicos. Presenta una alta velocidad de impresi\u00f3n, un excelente tiempo de abandono y una larga pegajosidad constante. La fina distribuci\u00f3n del tama\u00f1o de las part\u00edculas de su polvo de tipo 4 mejora la calidad de la impresi\u00f3n en aperturas peque\u00f1as. <a href=\"https:\/\/www.inventec.dehon.com\/es\/product\/ecorel-easy-803s\/\"><strong>ECOREL EASY 803S<\/strong><\/a> combina la aleaci\u00f3n Sn62Pb36Ag2 con la fiable qu\u00edmica de la gama Ecorel.<\/p>\n<p>Las aleaciones que contienen plomo son perfectas para soportar las constantes fluctuaciones de temperatura (de -40 a &gt;130 Celcius). Sin embargo, el uso de soldaduras con plomo es limitado debido al impacto medioambiental del plomo. Se hacen excepciones para la electr\u00f3nica de automoci\u00f3n, aeroespacial y de defensa.<\/p>\n<p>INVENTEC puede ayudarle a proponer una alternativa sin plomo basada en su aplicaci\u00f3n espec\u00edfica.<\/p>\n<p><!-- FEATURES Section --><\/p>\n<div style=\"font-weight:bold; text-transform:uppercase; border-bottom:2px solid #9DBB2F; padding-bottom:6px; margin-bottom:10px;\">\n  PROPIEDADES\n<\/div>\n<table width=\"100%\" cellpadding=\"0\" cellspacing=\"0\" style=\"border-collapse:collapse; width:100%; max-width:100%;\">\n<tr>\n<th align=\"left\" style=\"background:#7A7A7A; color:#fff; padding:8px 12px; border:1px solid #BDBDBD;\">\n      ESPECIFICACIONES\n    <\/th>\n<th align=\"left\" style=\"background:#7A7A7A; color:#fff; padding:8px 12px; border:1px solid #BDBDBD;\">\n      ECOREL\u2122 EASY 802M T4\n    <\/th>\n<\/tr>\n<tr>\n<td style=\"padding:8px 12px; border:1px solid #BDBDBD;\">Aleaci\u00f3n<\/td>\n<td style=\"padding:8px 12px; border:1px solid #BDBDBD;\">Sn62Pb36Ag2<\/td>\n<\/tr>\n<tr style=\"background:#E6E6E6;\">\n<td style=\"padding:8px 12px; border:1px solid #BDBDBD;\">Tama\u00f1o de part\u00edculas (micrones) \/ Tipo<\/td>\n<td style=\"padding:8px 12px; border:1px solid #BDBDBD;\">20-38 \/ Tipo 4<\/td>\n<\/tr>\n<tr>\n<td style=\"padding:8px 12px; border:1px solid #BDBDBD;\">Punto de fusi\u00f3n (\u00b0C)<\/td>\n<td style=\"padding:8px 12px; border:1px solid #BDBDBD;\">178<\/td>\n<\/tr>\n<tr style=\"background:#E6E6E6;\">\n<td style=\"padding:8px 12px; border:1px solid #BDBDBD;\">Contenido de metal (%)<\/td>\n<td style=\"padding:8px 12px; border:1px solid #BDBDBD;\">89,5 \u00b1 0,5<\/td>\n<\/tr>\n<tr>\n<td style=\"padding:8px 12px; border:1px solid #BDBDBD;\">Contenido de hal\u00f3geno<\/td>\n<td style=\"padding:8px 12px; border:1px solid #BDBDBD;\">Sin hal\u00f3geno<\/td>\n<\/tr>\n<tr style=\"background:#E6E6E6;\">\n<td style=\"padding:8px 12px; border:1px solid #BDBDBD;\">Viscosidad* (Pa.s 25\u00b0C)<br \/><font style=\"font-size:0.85em;\">*Viscos\u00edmetro en espiral Malcom \u2013 10 rpm<\/font><\/td>\n<td style=\"padding:8px 12px; border:1px solid #BDBDBD;\">160<br \/>Valor t\u00edpico<\/td>\n<\/tr>\n<tr>\n<td style=\"padding:8px 12px; border:1px solid #BDBDBD;\">Residuos post-reflujo<\/td>\n<td style=\"padding:8px 12px; border:1px solid #BDBDBD;\">Aproximadamente 5 % en peso<\/td>\n<\/tr>\n<\/table>\n<p><!-- FUNCTIONAL TESTS Section --><\/p>\n<div style=\"font-weight:bold; text-transform:uppercase; border-bottom:2px solid #9DBB2F; padding-bottom:6px; margin-bottom:10px;\">\n  CARACTER\u00cdSTICAS\n<\/div>\n<table width=\"100%\" cellpadding=\"0\" cellspacing=\"0\" style=\"border-collapse:collapse; width:100%; max-width:100%;\">\n<tr>\n<th align=\"left\" style=\"background:#7A7A7A; color:#fff; padding:8px 12px; border:1px solid #BDBDBD;\">\n      PRUEBAS FUNCIONALES\n    <\/th>\n<th align=\"left\" style=\"background:#7A7A7A; color:#fff; padding:8px 12px; border:1px solid #BDBDBD;\">\n      RESULTADOS\n    <\/th>\n<th align=\"left\" style=\"background:#7A7A7A; color:#fff; padding:8px 12px; border:1px solid #BDBDBD;\">\n      PROCEDIMIENTOS\n    <\/th>\n<\/tr>\n<tr>\n<td style=\"padding:8px 12px; border:1px solid #BDBDBD;\">Clasificaci\u00f3n de flux<\/td>\n<td style=\"padding:8px 12px; border:1px solid #BDBDBD;\">ROL0<br \/>113<\/td>\n<td style=\"padding:8px 12px; border:1px solid #BDBDBD;\">ANSI\/J-STD-004<br \/>ISO 9454<\/td>\n<\/tr>\n<tr style=\"background:#E6E6E6;\">\n<td style=\"padding:8px 12px; border:1px solid #BDBDBD;\">Prueba de coalescencia<\/td>\n<td style=\"padding:8px 12px; border:1px solid #BDBDBD;\">Aprobado<\/td>\n<td style=\"padding:8px 12px; border:1px solid #BDBDBD;\">ANSI\/J-STD-005<\/td>\n<\/tr>\n<tr>\n<td style=\"padding:8px 12px; border:1px solid #BDBDBD;\">Espejo de cobre<\/td>\n<td style=\"padding:8px 12px; border:1px solid #BDBDBD;\">Aprobado<\/td>\n<td style=\"padding:8px 12px; border:1px solid #BDBDBD;\">ANSI\/J-STD-004<\/td>\n<\/tr>\n<tr style=\"background:#E6E6E6;\">\n<td style=\"padding:8px 12px; border:1px solid #BDBDBD;\">Papel cromato<\/td>\n<td style=\"padding:8px 12px; border:1px solid #BDBDBD;\">Aprobado<\/td>\n<td style=\"padding:8px 12px; border:1px solid #BDBDBD;\">ANSI\/J-STD-004<\/td>\n<\/tr>\n<tr>\n<td style=\"padding:8px 12px; border:1px solid #BDBDBD;\">Corrosi\u00f3n de cobre<\/td>\n<td style=\"padding:8px 12px; border:1px solid #BDBDBD;\">Aprobado<\/td>\n<td style=\"padding:8px 12px; border:1px solid #BDBDBD;\">ANSI\/J-STD-004<\/td>\n<\/tr>\n<tr style=\"background:#E6E6E6;\">\n<td style=\"padding:8px 12px; border:1px solid #BDBDBD;\">Resistencia de aislamiento superficial (IPC)<\/td>\n<td style=\"padding:8px 12px; border:1px solid #BDBDBD;\">Aprobado<\/td>\n<td style=\"padding:8px 12px; border:1px solid #BDBDBD;\">ANSI\/J-STD-004<\/td>\n<\/tr>\n<tr>\n<td style=\"padding:8px 12px; border:1px solid #BDBDBD;\">Resistencia de aislamiento superficial (Bellcore)<\/td>\n<td style=\"padding:8px 12px; border:1px solid #BDBDBD;\">Aprobado<\/td>\n<td style=\"padding:8px 12px; border:1px solid #BDBDBD;\">Bellcore<\/td>\n<\/tr>\n<tr style=\"background:#E6E6E6;\">\n<td style=\"padding:8px 12px; border:1px solid #BDBDBD;\">Electromigraci\u00f3n (IPC \/ Bellcore)<\/td>\n<td style=\"padding:8px 12px; border:1px solid #BDBDBD;\">Aprobado<\/td>\n<td style=\"padding:8px 12px; border:1px solid #BDBDBD;\">ANSI\/J-STD-004 \/ Bellcore<\/td>\n<\/tr>\n<\/table>\n","protected":false},"excerpt":{"rendered":"<ul>\n<li>Pasta de soldadura con plomo Sn62Pb36Ag2 en Tipo 4<\/li>\n<li>Proceso de impresi\u00f3n SMT no limpio<\/li>\n<li>Montaje robusto<\/li>\n<\/ul>\n","protected":false},"featured_media":3490,"comment_status":"closed","ping_status":"closed","template":"","meta":{"_acf_changed":false,"inline_featured_image":false},"product_brand":[],"product_cat":[2873],"product_tag":[1670,1687,5100,1652,1686,5191,5215,5104,5096,5155,5168,5169,4005,5211,5231,5219,1688,4006,5248,5251],"class_list":{"0":"post-9743","1":"product","2":"type-product","3":"status-publish","4":"has-post-thumbnail","6":"industries-equipos-medico-y-escaneres","7":"product_cat-soluciones-de-pasta-de-soldadura-de-alta-fiabilidad","8":"product_tag-802-es","9":"product_tag-802m-es","10":"product_tag-aleacion-con-plomo","11":"product_tag-easy-es","12":"product_tag-ecorel-easy-802m-t4-es","13":"product_tag-impresion","14":"product_tag-pasta-de-soldadura-es","15":"product_tag-pasta-de-soldadura-con-plomo","16":"product_tag-plomo","17":"product_tag-polvo","18":"product_tag-polvo-tipo-3","19":"product_tag-polvo-tipo-4","20":"product_tag-smt-es","21":"product_tag-soldadura-smt-es","22":"product_tag-soldadura-tht-es","23":"product_tag-t3","24":"product_tag-t4-es","25":"product_tag-tht-es","26":"product_tag-tipo-3","27":"product_tag-tipo-4","28":"pa_application-soldadura-smt-tht","29":"pa_brand-ecorel-es-2","30":"pa_features-aleacion-con-plomo","31":"pa_features-polvo-tipo-3-4","32":"pa_processes-impresion","33":"pa_product-category-pastas-de-soldadura","35":"first","36":"instock","37":"shipping-taxable","38":"product-type-simple"},"acf":[],"_links":{"self":[{"href":"https:\/\/www.inventec.dehon.com\/es\/wp-json\/wp\/v2\/product\/9743","targetHints":{"allow":["GET"]}}],"collection":[{"href":"https:\/\/www.inventec.dehon.com\/es\/wp-json\/wp\/v2\/product"}],"about":[{"href":"https:\/\/www.inventec.dehon.com\/es\/wp-json\/wp\/v2\/types\/product"}],"replies":[{"embeddable":true,"href":"https:\/\/www.inventec.dehon.com\/es\/wp-json\/wp\/v2\/comments?post=9743"}],"wp:featuredmedia":[{"embeddable":true,"href":"https:\/\/www.inventec.dehon.com\/es\/wp-json\/wp\/v2\/media\/3490"}],"wp:attachment":[{"href":"https:\/\/www.inventec.dehon.com\/es\/wp-json\/wp\/v2\/media?parent=9743"}],"wp:term":[{"taxonomy":"product_brand","embeddable":true,"href":"https:\/\/www.inventec.dehon.com\/es\/wp-json\/wp\/v2\/product_brand?post=9743"},{"taxonomy":"product_cat","embeddable":true,"href":"https:\/\/www.inventec.dehon.com\/es\/wp-json\/wp\/v2\/product_cat?post=9743"},{"taxonomy":"product_tag","embeddable":true,"href":"https:\/\/www.inventec.dehon.com\/es\/wp-json\/wp\/v2\/product_tag?post=9743"}],"curies":[{"name":"wp","href":"https:\/\/api.w.org\/{rel}","templated":true}]}}