{"id":9738,"date":"2021-09-03T08:44:47","date_gmt":"2021-09-03T08:44:47","guid":{"rendered":"https:\/\/www.inventec.dehon.com\/product\/topklean-mc-1007d\/"},"modified":"2026-01-19T09:57:29","modified_gmt":"2026-01-19T08:57:29","slug":"topklean-mc-1007d","status":"publish","type":"product","link":"https:\/\/www.inventec.dehon.com\/es\/product\/topklean-mc-1007d\/","title":{"rendered":"TOPKLEAN MC 1007D"},"content":{"rendered":"<p><img decoding=\"async\" src=\"https:\/\/www.inventec.dehon.com\/wp-content\/uploads\/2021\/03\/TOPKLEAN-canister-yellow-1-600x600.jpg\" alt=\"TOPKLEAN MC 1007D\" class=\"responsive-img\" align=\"right\" style=\"border-radius:10px; margin-bottom:10px; margin-top:-10px; margin-left:15px; width:300px\" \/><\/p>\n<h2 style=\"color:#9bc947; margin-bottom:15px\">Eliminaci\u00f3n de contaminantes pesados<\/h2>\n<ul>\n<li>Eliminaci\u00f3n de contaminantes pesados<\/li>\n<li>Proceso monosolvente, co-solvente o de pulverizaci\u00f3n<\/li>\n<li>Alternativa ecol\u00f3gica al percloroetileno y al nPB<\/li>\n<\/ul>\n<h5>TOPKLEAN MC 1007D<\/h5>\n<p>Especialmente formulado para la eliminaci\u00f3n de contaminantes pesados como grasas, pastas de pulido, esmerilado y lapeado, teniendo al mismo tiempo una propiedad de desoxidaci\u00f3n en todas las aleaciones de cobre y metales preciosos. Tambi\u00e9n puede utilizarse para eliminar el holl\u00edn, las escamas de \u00f3xido, el alquitr\u00e1n, la cera, las colofonias no endurecidas, el barniz, la laca adhesiva, los pigmentos, los agentes de desmoldeo y las virutas de las piezas geom\u00e9tricas complejas. A una temperatura m\u00e1s alta (85\u00b0C como m\u00e1ximo), puede eliminar los residuos secos y agrietados de las culatas de los motores y otras partes del motor atascadas.<\/p>\n<p>Su baja tensi\u00f3n superficial y su posible uso con ultrasonidos proporcionan unas cualidades de limpieza extraordinarias en un proceso de fase de vapor o de inmersi\u00f3n simple. TOPKLEAN MC 1007D es compatible con todos los metales, aleaciones y tambi\u00e9n con el vidrio y la cer\u00e1mica. No tiene efectos perjudiciales en la mayor\u00eda de los pl\u00e1sticos y elast\u00f3meros. No da\u00f1a las superficies pintadas y es adecuado para eliminar simult\u00e1neamente barnices y lacas en diferentes materiales.<\/p>\n","protected":false},"excerpt":{"rendered":"<ul>\n<li>Eliminaci\u00f3n de contaminantes pesados<\/li>\n<li>Proceso monosolvente, co-solvente o de pulverizaci\u00f3n<\/li>\n<li>Alternativa ecol\u00f3gica al percloroetileno y al nPB<\/li>\n<\/ul>\n","protected":false},"featured_media":24451,"comment_status":"closed","ping_status":"closed","template":"","meta":{"_acf_changed":false,"inline_featured_image":false},"product_brand":[],"product_cat":[2902,2901,2905,2903,616,2906,2904,617],"product_tag":[2627,4483,4283,5415,4307,4395,4487,4323,4419,4749,588,4186,2163,2626,4355,4371,4403,4423,4431,4455,2046,2625],"class_list":{"0":"post-9738","1":"product","2":"type-product","3":"status-publish","4":"has-post-thumbnail","6":"product_cat-desengrase-de-diversos-componentes-metalicos","7":"product_cat-eliminacion-de-aceite-en-diversos-componentes-metalicos","8":"product_cat-eliminacion-de-polimeros-y-resinas","9":"product_cat-eliminacion-de-suspension-de-pulido-con-diamante","10":"product_cat-limpieza","11":"product_cat-proceso-de-eliminacion-de-cera","12":"product_cat-proceso-de-eliminacion-de-pasta-de-pulido","13":"product_cat-soluciones-de-fabricacion-aditiva","14":"product_tag-1007d-es","15":"product_tag-cera-es","16":"product_tag-co-disolvente","17":"product_tag-desengrasado","18":"product_tag-ecologico-es","19":"product_tag-eliminacion-de-aceite-es","20":"product_tag-eliminacion-de-cera-es","21":"product_tag-eliminacion-de-grasa-es","22":"product_tag-eliminacion-de-pasta-de-pulido-es","23":"product_tag-eliminacion-de-polimeros-es","24":"product_tag-fluido","25":"product_tag-fluidos-de-limpieza-con-solvente","26":"product_tag-mc-es","27":"product_tag-mc-1007d-es","28":"product_tag-minerales-es","29":"product_tag-mono-disolvente","30":"product_tag-oxidos-es","31":"product_tag-polimero","32":"product_tag-resinas-es","33":"product_tag-spray","34":"product_tag-topklean-es","35":"product_tag-topklean-mc-1007d-es","36":"pa_application-eliminacion-de-aceites","37":"pa_application-eliminacion-de-cera","38":"pa_application-eliminacion-de-grasas","39":"pa_application-eliminacion-de-oxidos-y-minerales","40":"pa_application-eliminacion-de-pasta-de-pulido","41":"pa_application-eliminacion-de-polimeros-y-resinas","42":"pa_brand-topklean-es-2","43":"pa_features-adecuado-para-hidrocarburos","44":"pa_product-category-fluidos-de-limpieza-con-solvente","46":"first","47":"instock","48":"shipping-taxable","49":"product-type-simple"},"acf":[],"_links":{"self":[{"href":"https:\/\/www.inventec.dehon.com\/es\/wp-json\/wp\/v2\/product\/9738","targetHints":{"allow":["GET"]}}],"collection":[{"href":"https:\/\/www.inventec.dehon.com\/es\/wp-json\/wp\/v2\/product"}],"about":[{"href":"https:\/\/www.inventec.dehon.com\/es\/wp-json\/wp\/v2\/types\/product"}],"replies":[{"embeddable":true,"href":"https:\/\/www.inventec.dehon.com\/es\/wp-json\/wp\/v2\/comments?post=9738"}],"wp:featuredmedia":[{"embeddable":true,"href":"https:\/\/www.inventec.dehon.com\/es\/wp-json\/wp\/v2\/media\/24451"}],"wp:attachment":[{"href":"https:\/\/www.inventec.dehon.com\/es\/wp-json\/wp\/v2\/media?parent=9738"}],"wp:term":[{"taxonomy":"product_brand","embeddable":true,"href":"https:\/\/www.inventec.dehon.com\/es\/wp-json\/wp\/v2\/product_brand?post=9738"},{"taxonomy":"product_cat","embeddable":true,"href":"https:\/\/www.inventec.dehon.com\/es\/wp-json\/wp\/v2\/product_cat?post=9738"},{"taxonomy":"product_tag","embeddable":true,"href":"https:\/\/www.inventec.dehon.com\/es\/wp-json\/wp\/v2\/product_tag?post=9738"}],"curies":[{"name":"wp","href":"https:\/\/api.w.org\/{rel}","templated":true}]}}