{"id":9730,"date":"2021-06-17T12:25:22","date_gmt":"2021-06-17T12:25:22","guid":{"rendered":"https:\/\/www.inventec.dehon.com\/product\/ecofrec-ht504\/"},"modified":"2026-01-20T16:06:57","modified_gmt":"2026-01-20T15:06:57","slug":"ecofrec-ht-504","status":"publish","type":"product","link":"https:\/\/www.inventec.dehon.com\/es\/product\/ecofrec-ht-504\/","title":{"rendered":"ECOFREC HT 504"},"content":{"rendered":"<p><img decoding=\"async\" src=\"https:\/\/www.inventec.dehon.com\/wp-content\/uploads\/2021\/04\/ECOFREC-canister-solvent-based-600x600.png\" alt=\"ECOFREC HT 504\" class=\"responsive-img\" align=\"right\" style=\"border-radius:10px; margin-bottom:10px; margin-top:-10px; margin-left:15px; width:300px\" \/><\/p>\n<h2 style=\"color: #9bc947; margin-bottom: 15px;\">Flux de soldadura de alta temperatura<\/h2>\n<ul>\n<li>Fundente l\u00edquido de colofonia no limpiable con base de disolvente<\/li>\n<li>Proceso de inmersi\u00f3n o cepillado manual<\/li>\n<li>Soldadura a alta temperatura y f\u00e1cil de limpiar<\/li>\n<\/ul>\n<h5>ECOFREC HT 504<\/h5>\n<p>Es un fundente de baja residualidad, a base de colofonia y sin necesidad de limpieza, dise\u00f1ado para la soldadura a alta temperatura de componentes pasivos y otros semiconductores de potencia. Tambi\u00e9n se puede utilizar para la reelaboraci\u00f3n y la reparaci\u00f3n.<\/p>\n<p><strong>ECOFREC HT 504<\/strong> se puede aplicar por inmersi\u00f3n o con pincel. <\/p>\n<p>Para aplicaciones a alta temperatura, se recomienda usar varios ba\u00f1os a diferentes temperaturas de precalentamiento para evitar da\u00f1ar las piezas.<\/p>\n<p><!-- FEATURES Section --><\/p>\n<div style=\"font-weight:bold; border-bottom:2px solid #9DBB2F; padding-bottom:6px; margin-bottom:10px;\">\n  CARACTER\u00cdSTICAS\n<\/div>\n<table width=\"100%\" cellpadding=\"0\" cellspacing=\"0\" style=\"border-collapse:collapse; width:100%; max-width:100%;\">\n<tr>\n<th align=\"left\" style=\"background:#7A7A7A; color:#fff; padding:8px 12px; border:1px solid #BDBDBD;\">\n      ESPECIFICACIONES\n    <\/th>\n<th align=\"left\" style=\"background:#7A7A7A; color:#fff; padding:8px 12px; border:1px solid #BDBDBD;\">\n      ECOFREC HT 504\n    <\/th>\n<\/tr>\n<tr>\n<td style=\"padding:8px 12px; border:1px solid #BDBDBD;\">Apariencia del flux<\/td>\n<td style=\"padding:8px 12px; border:1px solid #BDBDBD;\">\u00c1mbar<\/td>\n<\/tr>\n<tr style=\"background:#E6E6E6;\">\n<td style=\"padding:8px 12px; border:1px solid #BDBDBD;\">Densidad a 20\u00b0C (g\/cm\u00b3)<\/td>\n<td style=\"padding:8px 12px; border:1px solid #BDBDBD;\">1<\/td>\n<\/tr>\n<tr>\n<td style=\"padding:8px 12px; border:1px solid #BDBDBD;\">Contenido s\u00f3lido (%)<\/td>\n<td style=\"padding:8px 12px; border:1px solid #BDBDBD;\">30<\/td>\n<\/tr>\n<tr style=\"background:#E6E6E6;\">\n<td style=\"padding:8px 12px; border:1px solid #BDBDBD;\">\u00cdndice de acidez (mg KOH\/g)<\/td>\n<td style=\"padding:8px 12px; border:1px solid #BDBDBD;\">43,5 \u2013 49,5<\/td>\n<\/tr>\n<tr>\n<td style=\"padding:8px 12px; border:1px solid #BDBDBD;\">Contenido de hal\u00f3geno<\/td>\n<td style=\"padding:8px 12px; border:1px solid #BDBDBD;\">Sin hal\u00f3geno<\/td>\n<\/tr>\n<tr style=\"background:#E6E6E6;\">\n<td style=\"padding:8px 12px; border:1px solid #BDBDBD;\">Punto de autoignici\u00f3n<\/td>\n<td style=\"padding:8px 12px; border:1px solid #BDBDBD;\">&gt; 370\u00b0C<\/td>\n<\/tr>\n<\/table>\n<p><!-- CHARACTERISTICS Section --><\/p>\n<div style=\"font-weight:bold; border-bottom:2px solid #9DBB2F; padding-bottom:6px; margin:30px 0 10px 0;\">\n  CARACTER\u00cdSTICAS\n<\/div>\n<table width=\"100%\" cellpadding=\"0\" cellspacing=\"0\" style=\"border-collapse:collapse; width:100%; max-width:100%;\">\n<tr>\n<th align=\"left\" style=\"background:#7A7A7A; color:#fff; padding:8px 12px; border:1px solid #BDBDBD;\">\n      Pruebas est\u00e1ndar\n    <\/th>\n<th align=\"left\" style=\"background:#7A7A7A; color:#fff; padding:8px 12px; border:1px solid #BDBDBD;\">\n      Resultados\n    <\/th>\n<th align=\"left\" style=\"background:#7A7A7A; color:#fff; padding:8px 12px; border:1px solid #BDBDBD;\">\n      Procedimientos\n    <\/th>\n<\/tr>\n<tr>\n<td style=\"padding:8px 12px; border:1px solid #BDBDBD;\">Clasificaci\u00f3n del flux<\/td>\n<td style=\"padding:8px 12px; border:1px solid #BDBDBD;\">ROL0<\/td>\n<td style=\"padding:8px 12px; border:1px solid #BDBDBD;\">ANSI\/J-STD-004<\/td>\n<\/tr>\n<tr style=\"background:#E6E6E6;\">\n<td style=\"padding:8px 12px; border:1px solid #BDBDBD;\">SIR \/ Electromigraci\u00f3n (IPC)<\/td>\n<td style=\"padding:8px 12px; border:1px solid #BDBDBD;\">Aprobado<\/td>\n<td style=\"padding:8px 12px; border:1px solid #BDBDBD;\">ANSI\/J-STD-004<\/td>\n<\/tr>\n<tr>\n<td style=\"padding:8px 12px; border:1px solid #BDBDBD;\">Papel cromado<\/td>\n<td style=\"padding:8px 12px; border:1px solid #BDBDBD;\">Aprobado<\/td>\n<td style=\"padding:8px 12px; border:1px solid #BDBDBD;\">ANSI\/J-STD-004<\/td>\n<\/tr>\n<tr style=\"background:#E6E6E6;\">\n<td style=\"padding:8px 12px; border:1px solid #BDBDBD;\">Espejo de cobre<\/td>\n<td style=\"padding:8px 12px; border:1px solid #BDBDBD;\">Aprobado<\/td>\n<td style=\"padding:8px 12px; border:1px solid #BDBDBD;\">ANSI\/J-STD-004<\/td>\n<\/tr>\n<\/table>\n","protected":false},"excerpt":{"rendered":"<ul>\n<li>Fundente l\u00edquido de colofonia no limpiable con base de disolvente<\/li>\n<li>Proceso de inmersi\u00f3n o cepillado manual<\/li>\n<li>Soldadura a alta temperatura y f\u00e1cil de limpiar<\/li>\n<\/ul>\n","protected":false},"featured_media":3049,"comment_status":"closed","ping_status":"closed","template":"","meta":{"_acf_changed":false,"inline_featured_image":false},"product_brand":[],"product_cat":[2881,2882],"product_tag":[1639,4612,4636,4640,1637,5295,5343,1383,1638,5371,5347,5351,5307,5355,5211,5231],"class_list":{"0":"post-9730","1":"product","2":"type-product","3":"status-publish","4":"has-post-thumbnail","6":"product_cat-soluciones-de-fundentes-para-soldadura-por-ola","7":"product_cat-soluciones-de-fundentes-para-soldadura-selectiva","8":"product_tag-504-es","9":"product_tag-a-base-de-disolvente","10":"product_tag-aplicar-con-pincel","11":"product_tag-aplicar-por-inmersion","12":"product_tag-ecofrec-ht-504-es","13":"product_tag-flux-liquido","14":"product_tag-flux-liquido-a-base-de-colofonia","15":"product_tag-ht-es","16":"product_tag-ht-504-es","17":"product_tag-reparacion","18":"product_tag-retrabajo","19":"product_tag-retrabajo-de-soldadura","20":"product_tag-sin-limpieza","21":"product_tag-soldadura-manual","22":"product_tag-soldadura-smt-es","23":"product_tag-soldadura-tht-es","24":"pa_application-soldadura-smt-tht","25":"pa_brand-ecofrec-es-2","26":"pa_features-a-base-de-disolvente","27":"pa_processes-aplicacion-con-brocha","28":"pa_processes-aplicacion-por-inmersion","29":"pa_processes-reparacion-y-soldadura-manual","30":"pa_product-category-fundente-liquido","32":"first","33":"instock","34":"shipping-taxable","35":"product-type-simple"},"acf":[],"_links":{"self":[{"href":"https:\/\/www.inventec.dehon.com\/es\/wp-json\/wp\/v2\/product\/9730","targetHints":{"allow":["GET"]}}],"collection":[{"href":"https:\/\/www.inventec.dehon.com\/es\/wp-json\/wp\/v2\/product"}],"about":[{"href":"https:\/\/www.inventec.dehon.com\/es\/wp-json\/wp\/v2\/types\/product"}],"replies":[{"embeddable":true,"href":"https:\/\/www.inventec.dehon.com\/es\/wp-json\/wp\/v2\/comments?post=9730"}],"wp:featuredmedia":[{"embeddable":true,"href":"https:\/\/www.inventec.dehon.com\/es\/wp-json\/wp\/v2\/media\/3049"}],"wp:attachment":[{"href":"https:\/\/www.inventec.dehon.com\/es\/wp-json\/wp\/v2\/media?parent=9730"}],"wp:term":[{"taxonomy":"product_brand","embeddable":true,"href":"https:\/\/www.inventec.dehon.com\/es\/wp-json\/wp\/v2\/product_brand?post=9730"},{"taxonomy":"product_cat","embeddable":true,"href":"https:\/\/www.inventec.dehon.com\/es\/wp-json\/wp\/v2\/product_cat?post=9730"},{"taxonomy":"product_tag","embeddable":true,"href":"https:\/\/www.inventec.dehon.com\/es\/wp-json\/wp\/v2\/product_tag?post=9730"}],"curies":[{"name":"wp","href":"https:\/\/api.w.org\/{rel}","templated":true}]}}