{"id":9729,"date":"2021-06-21T08:07:44","date_gmt":"2021-06-21T08:07:44","guid":{"rendered":"https:\/\/www.inventec.dehon.com\/product\/ecorel-easy-802m2-t3\/"},"modified":"2026-01-22T11:05:30","modified_gmt":"2026-01-22T10:05:30","slug":"ecorel-easy-802m2","status":"publish","type":"product","link":"https:\/\/www.inventec.dehon.com\/es\/product\/ecorel-easy-802m2\/","title":{"rendered":"ECOREL EASY 802M2"},"content":{"rendered":"<p><img decoding=\"async\" src=\"https:\/\/www.inventec.dehon.com\/wp-content\/uploads\/2021\/01\/Ecorel-Free-600x600.png\" alt=\"ECOREL EASY 802M2\" class=\"responsive-img\" align=\"right\" style=\"border-radius:10px; margin-bottom:10px; margin-top:-10px; margin-left:15px; width:300px\" \/><\/p>\n<h2 style=\"color: #9bc947; margin-bottom: 15px;\">Pasta de soldadura sin limpieza, de bajo residuo<\/h2>\n<ul>\n<li>Pasta de soldadura con plomo Sn62Pb36Ag2 en Tipo 3<\/li>\n<li>Proceso de impresi\u00f3n SMT no limpio<\/li>\n<li>Montaje robusto<\/li>\n<\/ul>\n<h5>ECOREL EASY 802M2<\/h5>\n<p>Ofrece un buen equilibrio entre la humectabilidad, la capacidad de impresi\u00f3n y la capacidad de soportar diversos perfiles t\u00e9rmicos. Presenta una alta velocidad de impresi\u00f3n, un excelente tiempo de abandono y una larga pegajosidad constante.<\/p>\n<p>Las aleaciones que contienen plomo son perfectas para soportar las constantes fluctuaciones de temperatura (de -40 a &gt;130 Celcius). Sin embargo, el uso de soldaduras con plomo es limitado debido al impacto medioambiental del plomo. Se hacen excepciones para la electr\u00f3nica de automoci\u00f3n, aeroespacial y de defensa. Inventec puede ayudarle a proponer una alternativa sin plomo basada en su aplicaci\u00f3n espec\u00edfica.<\/p>\n<p><!-- FEATURES Section --><\/p>\n<div style=\"font-weight:bold; text-transform:uppercase; border-bottom:2px solid #9DBB2F; padding-bottom:6px; margin-bottom:10px;\">\n  PROPIEDADES\n<\/div>\n<table width=\"100%\" cellpadding=\"0\" cellspacing=\"0\" style=\"border-collapse:collapse; width:100%; max-width:100%;\">\n<tr>\n<th align=\"left\" style=\"background:#7A7A7A; color:#fff; padding:8px 12px; border:1px solid #BDBDBD;\">\n      ESPECIFICACIONES\n    <\/th>\n<th align=\"left\" style=\"background:#7A7A7A; color:#fff; padding:8px 12px; border:1px solid #BDBDBD;\">\n      ECOREL\u2122 EASY 802 M2\n    <\/th>\n<\/tr>\n<tr>\n<td style=\"padding:8px 12px; border:1px solid #BDBDBD;\">Aleaci\u00f3n<\/td>\n<td style=\"padding:8px 12px; border:1px solid #BDBDBD;\">Sn62Pb36Ag2<\/td>\n<\/tr>\n<tr style=\"background:#E6E6E6;\">\n<td style=\"padding:8px 12px; border:1px solid #BDBDBD;\">Distribuci\u00f3n de tama\u00f1o de part\u00edcula (micrones)<\/td>\n<td style=\"padding:8px 12px; border:1px solid #BDBDBD;\">25-45<\/td>\n<\/tr>\n<tr>\n<td style=\"padding:8px 12px; border:1px solid #BDBDBD;\">Punto de fusi\u00f3n (\u00b0C)<\/td>\n<td style=\"padding:8px 12px; border:1px solid #BDBDBD;\">178<\/td>\n<\/tr>\n<tr style=\"background:#E6E6E6;\">\n<td style=\"padding:8px 12px; border:1px solid #BDBDBD;\">Contenido met\u00e1lico (%)<\/td>\n<td style=\"padding:8px 12px; border:1px solid #BDBDBD;\">89,5 \u00b1 0,5<\/td>\n<\/tr>\n<tr>\n<td style=\"padding:8px 12px; border:1px solid #BDBDBD;\">Residuos despu\u00e9s del soldado por reflujo (%)<\/td>\n<td style=\"padding:8px 12px; border:1px solid #BDBDBD;\">47 \u2013 54<\/td>\n<\/tr>\n<tr style=\"background:#E6E6E6;\">\n<td style=\"padding:8px 12px; border:1px solid #BDBDBD;\">Contenido de hal\u00f3genos<\/td>\n<td style=\"padding:8px 12px; border:1px solid #BDBDBD;\">Sin hal\u00f3genos<\/td>\n<\/tr>\n<tr>\n<td style=\"padding:8px 12px; border:1px solid #BDBDBD;\">Viscosidad* (Pa.s a 25\u00b0C)<br \/><font style=\"font-size:0.85em;\">*Bomba en espiral Malcom \u2013 10 RPM<\/font><\/td>\n<td style=\"padding:8px 12px; border:1px solid #BDBDBD;\">160<br \/>Valor t\u00edpico<\/td>\n<\/tr>\n<\/table>\n<p><!-- FUNCTIONAL TESTS Section --><\/p>\n<div style=\"font-weight:bold; text-transform:uppercase; border-bottom:2px solid #9DBB2F; padding-bottom:6px; margin-bottom:10px;\">\n  CARACTER\u00cdSTICAS\n<\/div>\n<table width=\"100%\" cellpadding=\"0\" cellspacing=\"0\" style=\"border-collapse:collapse; width:100%; max-width:100%;\">\n<tr>\n<th align=\"left\" style=\"background:#7A7A7A; color:#fff; padding:8px 12px; border:1px solid #BDBDBD;\">\n      PRUEBAS FUNCIONALES\n    <\/th>\n<th align=\"left\" style=\"background:#7A7A7A; color:#fff; padding:8px 12px; border:1px solid #BDBDBD;\">\n      RESULTADOS\n    <\/th>\n<th align=\"left\" style=\"background:#7A7A7A; color:#fff; padding:8px 12px; border:1px solid #BDBDBD;\">\n      PROCEDIMIENTOS\n    <\/th>\n<\/tr>\n<tr>\n<td style=\"padding:8px 12px; border:1px solid #BDBDBD;\">Clasificaci\u00f3n del flux<\/td>\n<td style=\"padding:8px 12px; border:1px solid #BDBDBD;\">L0<br \/>113<\/td>\n<td style=\"padding:8px 12px; border:1px solid #BDBDBD;\">ANSI\/J-STD-004<br \/>ISO 9454<\/td>\n<\/tr>\n<tr style=\"background:#E6E6E6;\">\n<td style=\"padding:8px 12px; border:1px solid #BDBDBD;\">Prueba de bolas de soldadura<\/td>\n<td style=\"padding:8px 12px; border:1px solid #BDBDBD;\">Clase 1<\/td>\n<td style=\"padding:8px 12px; border:1px solid #BDBDBD;\">ANSI\/J-STD-004<\/td>\n<\/tr>\n<tr>\n<td style=\"padding:8px 12px; border:1px solid #BDBDBD;\">Espejo de cobre<\/td>\n<td style=\"padding:8px 12px; border:1px solid #BDBDBD;\">Aprobado<\/td>\n<td style=\"padding:8px 12px; border:1px solid #BDBDBD;\">ANSI\/J-STD-004<\/td>\n<\/tr>\n<tr style=\"background:#E6E6E6;\">\n<td style=\"padding:8px 12px; border:1px solid #BDBDBD;\">Corrosi\u00f3n de cobre<\/td>\n<td style=\"padding:8px 12px; border:1px solid #BDBDBD;\">Aprobado<\/td>\n<td style=\"padding:8px 12px; border:1px solid #BDBDBD;\">ANSI\/J-STD-004<\/td>\n<\/tr>\n<tr>\n<td style=\"padding:8px 12px; border:1px solid #BDBDBD;\">Resistencia de aislamiento (Ohm)<br \/>Despu\u00e9s de 21 d\u00edas<br \/>85\u00b0C \u2013 85% HR \u2013 50 Voltios<br \/>Fin del ciclo<br \/>20\u00b0C \u2013 65% HR<\/td>\n<td style=\"padding:8px 12px; border:1px solid #BDBDBD;\">Aprobado<\/p>\n<p>> 10<sup>9<\/sup> <\/p>\n<p>> 10<sup>10<\/sup><\/td>\n<td style=\"padding:8px 12px; border:1px solid #BDBDBD;\">ANSI\/J-STD-004<\/td>\n<\/tr>\n<\/table>\n","protected":false},"excerpt":{"rendered":"<ul>\n<li>Pasta de soldadura con plomo Sn62Pb36Ag2 en Tipo 3<\/li>\n<li>Proceso de impresi\u00f3n SMT no limpio<\/li>\n<li>Montaje robusto<\/li>\n<\/ul>\n","protected":false},"featured_media":3490,"comment_status":"closed","ping_status":"closed","template":"","meta":{"_acf_changed":false,"inline_featured_image":false},"product_brand":[],"product_cat":[2873],"product_tag":[1670,1671,5100,1652,1669,5191,1672,5215,5104,5096,5155,5168,5169,4005,5211,5231,5219,1688,4006,5248,5251],"class_list":{"0":"post-9729","1":"product","2":"type-product","3":"status-publish","4":"has-post-thumbnail","6":"industries-equipos-medico-y-escaneres","7":"product_cat-soluciones-de-pasta-de-soldadura-de-alta-fiabilidad","8":"product_tag-802-es","9":"product_tag-802m2-es","10":"product_tag-aleacion-con-plomo","11":"product_tag-easy-es","12":"product_tag-ecorel-easy-802m2-es","13":"product_tag-impresion","14":"product_tag-m2-es","15":"product_tag-pasta-de-soldadura-es","16":"product_tag-pasta-de-soldadura-con-plomo","17":"product_tag-plomo","18":"product_tag-polvo","19":"product_tag-polvo-tipo-3","20":"product_tag-polvo-tipo-4","21":"product_tag-smt-es","22":"product_tag-soldadura-smt-es","23":"product_tag-soldadura-tht-es","24":"product_tag-t3","25":"product_tag-t4-es","26":"product_tag-tht-es","27":"product_tag-tipo-3","28":"product_tag-tipo-4","29":"pa_application-soldadura-smt-tht","30":"pa_brand-ecorel-es-2","31":"pa_features-aleacion-con-plomo","32":"pa_features-polvo-tipo-3-4","33":"pa_processes-impresion","34":"pa_product-category-pastas-de-soldadura","36":"first","37":"instock","38":"shipping-taxable","39":"product-type-simple"},"acf":[],"_links":{"self":[{"href":"https:\/\/www.inventec.dehon.com\/es\/wp-json\/wp\/v2\/product\/9729","targetHints":{"allow":["GET"]}}],"collection":[{"href":"https:\/\/www.inventec.dehon.com\/es\/wp-json\/wp\/v2\/product"}],"about":[{"href":"https:\/\/www.inventec.dehon.com\/es\/wp-json\/wp\/v2\/types\/product"}],"replies":[{"embeddable":true,"href":"https:\/\/www.inventec.dehon.com\/es\/wp-json\/wp\/v2\/comments?post=9729"}],"wp:featuredmedia":[{"embeddable":true,"href":"https:\/\/www.inventec.dehon.com\/es\/wp-json\/wp\/v2\/media\/3490"}],"wp:attachment":[{"href":"https:\/\/www.inventec.dehon.com\/es\/wp-json\/wp\/v2\/media?parent=9729"}],"wp:term":[{"taxonomy":"product_brand","embeddable":true,"href":"https:\/\/www.inventec.dehon.com\/es\/wp-json\/wp\/v2\/product_brand?post=9729"},{"taxonomy":"product_cat","embeddable":true,"href":"https:\/\/www.inventec.dehon.com\/es\/wp-json\/wp\/v2\/product_cat?post=9729"},{"taxonomy":"product_tag","embeddable":true,"href":"https:\/\/www.inventec.dehon.com\/es\/wp-json\/wp\/v2\/product_tag?post=9729"}],"curies":[{"name":"wp","href":"https:\/\/api.w.org\/{rel}","templated":true}]}}