{"id":9726,"date":"2021-06-18T09:28:54","date_gmt":"2021-06-18T09:28:54","guid":{"rendered":"https:\/\/www.inventec.dehon.com\/product\/ecorel-easy-803m\/"},"modified":"2026-01-22T09:35:58","modified_gmt":"2026-01-22T08:35:58","slug":"ecorel-easy-803m","status":"publish","type":"product","link":"https:\/\/www.inventec.dehon.com\/es\/product\/ecorel-easy-803m\/","title":{"rendered":"ECOREL EASY 803M"},"content":{"rendered":"<p><img decoding=\"async\" src=\"https:\/\/www.inventec.dehon.com\/wp-content\/uploads\/2021\/01\/Ecorel-Free-600x600.png\" alt=\"ECOREL EASY 803M\" class=\"responsive-img\" align=\"right\" style=\"border-radius:10px; margin-bottom:10px; margin-top:-10px; margin-left:15px; width:300px\" \/><\/p>\n<h2 style=\"color: #9bc947; margin-bottom: 15px;\">Pasta de soldadura sin limpieza, de bajo residuo<\/h2>\n<ul>\n<li>Pasta de soldadura con plomo Sn63Pb37<\/li>\n<li>Proceso de impresi\u00f3n SMT no limpio<\/li>\n<li>Montaje robusto.<\/li>\n<\/ul>\n<h5>ECOREL EASY 803M<\/h5>\n<p>Ofrece un buen equilibrio entre la humectabilidad, la capacidad de impresi\u00f3n y la capacidad de soportar diversos perfiles t\u00e9rmicos. Presenta una alta velocidad de impresi\u00f3n, un excelente tiempo de abandono y una larga pegajosidad constante.<\/p>\n<p>Las aleaciones que contienen plomo son perfectas para soportar las constantes fluctuaciones de temperatura (de -40 a &gt;130 Celcius). Sin embargo, el uso de soldaduras con plomo es limitado debido al impacto medioambiental del plomo. Se hacen excepciones para la electr\u00f3nica de automoci\u00f3n, aeroespacial y de defensa. <\/p>\n<p>INVENTEC puede ayudarle a proponer una alternativa sin plomo basada en su aplicaci\u00f3n espec\u00edfica.<\/p>\n<p><!-- PROPIEDADES Section --><\/p>\n<div style=\"font-weight:bold; text-transform:uppercase; border-bottom:2px solid #9DBB2F; padding-bottom:6px; margin-bottom:10px;\">\n  PROPIEDADES\n<\/div>\n<table width=\"100%\" cellpadding=\"0\" cellspacing=\"0\" style=\"border-collapse:collapse; width:100%; max-width:100%;\">\n<tr>\n<th align=\"left\" style=\"background:#7A7A7A; color:#fff; padding:8px 12px; border:1px solid #BDBDBD;\">\n      ESPECIFICACIONES\n    <\/th>\n<th align=\"left\" style=\"background:#7A7A7A; color:#fff; padding:8px 12px; border:1px solid #BDBDBD;\">\n      Ecorel\u2122 Easy 803M\n    <\/th>\n<th align=\"left\" style=\"background:#7A7A7A; color:#fff; padding:8px 12px; border:1px solid #BDBDBD;\">\n      Ecorel\u2122 Easy 803M T4\n    <\/th>\n<\/tr>\n<tr>\n<td style=\"padding:8px 12px; border:1px solid #BDBDBD;\">Aleaci\u00f3n<\/td>\n<td style=\"padding:8px 12px; border:1px solid #BDBDBD;\">Sn63Pb37<\/td>\n<td style=\"padding:8px 12px; border:1px solid #BDBDBD;\">Sn63Pb37<\/td>\n<\/tr>\n<tr style=\"background:#E6E6E6;\">\n<td style=\"padding:8px 12px; border:1px solid #BDBDBD;\">Distribuci\u00f3n granulom\u00e9trica (micras)<\/td>\n<td style=\"padding:8px 12px; border:1px solid #BDBDBD;\">25\u201345<\/td>\n<td style=\"padding:8px 12px; border:1px solid #BDBDBD;\">20\u201338<\/td>\n<\/tr>\n<tr>\n<td style=\"padding:8px 12px; border:1px solid #BDBDBD;\">Punto de fusi\u00f3n (\u00b0C)<\/td>\n<td style=\"padding:8px 12px; border:1px solid #BDBDBD;\">183<\/td>\n<td style=\"padding:8px 12px; border:1px solid #BDBDBD;\">183<\/td>\n<\/tr>\n<tr style=\"background:#E6E6E6;\">\n<td style=\"padding:8px 12px; border:1px solid #BDBDBD;\">Contenido met\u00e1lico (%)<\/td>\n<td style=\"padding:8px 12px; border:1px solid #BDBDBD;\">89,5 \u00b1 0,5<\/td>\n<td style=\"padding:8px 12px; border:1px solid #BDBDBD;\">89,5 \u00b1 0,5<\/td>\n<\/tr>\n<tr>\n<td style=\"padding:8px 12px; border:1px solid #BDBDBD;\">Residuo no vol\u00e1til (%)<\/td>\n<td style=\"padding:8px 12px; border:1px solid #BDBDBD;\">47 \u2013 54<\/td>\n<td style=\"padding:8px 12px; border:1px solid #BDBDBD;\">47 \u2013 54<\/td>\n<\/tr>\n<tr style=\"background:#E6E6E6;\">\n<td style=\"padding:8px 12px; border:1px solid #BDBDBD;\">Contenido en hal\u00f3genos<\/td>\n<td style=\"padding:8px 12px; border:1px solid #BDBDBD;\">Sin hal\u00f3genos<\/td>\n<td style=\"padding:8px 12px; border:1px solid #BDBDBD;\">Sin hal\u00f3genos<\/td>\n<\/tr>\n<tr>\n<td style=\"padding:8px 12px; border:1px solid #BDBDBD;\">\n      Viscosidad* (Pa.s a 25\u00b0C)<br \/><font style=\"font-size:0.85em;\">*Viscos\u00edmetro de espiral Malcom \u2013 10 rpm<\/font>\n    <\/td>\n<td style=\"padding:8px 12px; border:1px solid #BDBDBD;\">\n      160<br \/>\n      Valor t\u00edpico\n    <\/td>\n<td style=\"padding:8px 12px; border:1px solid #BDBDBD;\">\n      160<br \/>\n      Valor t\u00edpico\n    <\/td>\n<\/tr>\n<\/table>\n<p><!-- CARACTER\u00cdSTICAS Section --><\/p>\n<div style=\"font-weight:bold; text-transform:uppercase; border-bottom:2px solid #9DBB2F; padding-bottom:6px; margin-bottom:10px;\">\n  CARACTER\u00cdSTICAS\n<\/div>\n<table width=\"100%\" cellpadding=\"0\" cellspacing=\"0\" style=\"border-collapse:collapse; width:100%; max-width:100%;\">\n<tr>\n<th align=\"left\" style=\"background:#7A7A7A; color:#fff; padding:8px 12px; border:1px solid #BDBDBD;\">\n      ENSAYOS FUNCIONALES\n    <\/th>\n<th align=\"left\" style=\"background:#7A7A7A; color:#fff; padding:8px 12px; border:1px solid #BDBDBD;\">\n      RESULTADOS\n    <\/th>\n<th align=\"left\" style=\"background:#7A7A7A; color:#fff; padding:8px 12px; border:1px solid #BDBDBD;\">\n      PROCEDIMIENTOS\n    <\/th>\n<\/tr>\n<tr>\n<td style=\"padding:8px 12px; border:1px solid #BDBDBD;\">Clasificaci\u00f3n del flux<\/td>\n<td style=\"padding:8px 12px; border:1px solid #BDBDBD;\">\n      L 0<br \/>\n      F-SW 32<br \/>\n      113\n    <\/td>\n<td style=\"padding:8px 12px; border:1px solid #BDBDBD;\">\n      ANSI\/J-STD-004<br \/>\n      DIN 8511<br \/>\n      ISO 9454\n    <\/td>\n<\/tr>\n<tr style=\"background:#E6E6E6;\">\n<td style=\"padding:8px 12px; border:1px solid #BDBDBD;\">Ensayo de coalescencia<\/td>\n<td style=\"padding:8px 12px; border:1px solid #BDBDBD;\">Clase 1<\/td>\n<td style=\"padding:8px 12px; border:1px solid #BDBDBD;\">ANSI\/J-STD-004<\/td>\n<\/tr>\n<tr>\n<td style=\"padding:8px 12px; border:1px solid #BDBDBD;\">Espejo de cobre<\/td>\n<td style=\"padding:8px 12px; border:1px solid #BDBDBD;\">Aprobado<\/td>\n<td style=\"padding:8px 12px; border:1px solid #BDBDBD;\">ANSI\/J-STD-004<\/td>\n<\/tr>\n<tr style=\"background:#E6E6E6;\">\n<td style=\"padding:8px 12px; border:1px solid #BDBDBD;\">Corrosi\u00f3n del cobre<\/td>\n<td style=\"padding:8px 12px; border:1px solid #BDBDBD;\">Aprobado<\/td>\n<td style=\"padding:8px 12px; border:1px solid #BDBDBD;\">ANSI\/J-STD-004<\/td>\n<\/tr>\n<tr>\n<td style=\"padding:8px 12px; border:1px solid #BDBDBD;\">\n      Resistencia de aislamiento (Ohmios)<br \/>\n      Despu\u00e9s de 21 d\u00edas<br \/>\n      85\u00b0C \u2013 85 % HR \u2013 50 Voltios<br \/>\n      Fin de ciclo<br \/>\n      20\u00b0C \u2013 65 % HR\n    <\/td>\n<td style=\"padding:8px 12px; border:1px solid #BDBDBD;\">\n      Aprobado<\/p>\n<p>      &gt; 10<sup>9<\/sup><\/p>\n<p>      &gt; 10<sup>10<\/sup>\n    <\/td>\n<td style=\"padding:8px 12px; border:1px solid #BDBDBD;\">\n<p>      ANSI\/J-STD-004\n    <\/td>\n<\/tr>\n<\/table>\n","protected":false},"excerpt":{"rendered":"<ul>\n<li>Pasta de soldadura con plomo Sn63Pb37<\/li>\n<li>Proceso de impresi\u00f3n SMT no limpio<\/li>\n<li>Montaje robusto<\/li>\n<\/ul>\n","protected":false},"featured_media":3490,"comment_status":"closed","ping_status":"closed","template":"","meta":{"_acf_changed":false,"inline_featured_image":false},"product_brand":[],"product_cat":[2873],"product_tag":[1653,5100,5060,5056,1652,1651,5191,5215,5104,5096,5155,5168,5169,4005,5211,5231,5219,1688,4006,5248,5251],"class_list":{"0":"post-9726","1":"product","2":"type-product","3":"status-publish","4":"has-post-thumbnail","6":"industries-aeroespacial-y-defensa","7":"industries-automocion","8":"industries-equipos-medico-y-escaneres","9":"product_cat-soluciones-de-pasta-de-soldadura-de-alta-fiabilidad","10":"product_tag-803m-es","11":"product_tag-aleacion-con-plomo","12":"product_tag-aleacion-de-alta-fiabilidad","13":"product_tag-alta-fiabilidad","14":"product_tag-easy-es","15":"product_tag-ecorel-easy-803m-es","16":"product_tag-impresion","17":"product_tag-pasta-de-soldadura-es","18":"product_tag-pasta-de-soldadura-con-plomo","19":"product_tag-plomo","20":"product_tag-polvo","21":"product_tag-polvo-tipo-3","22":"product_tag-polvo-tipo-4","23":"product_tag-smt-es","24":"product_tag-soldadura-smt-es","25":"product_tag-soldadura-tht-es","26":"product_tag-t3","27":"product_tag-t4-es","28":"product_tag-tht-es","29":"product_tag-tipo-3","30":"product_tag-tipo-4","31":"pa_application-soldadura-smt-tht","32":"pa_brand-ecorel-es-2","33":"pa_features-aleacion-alta-fiabilidad","34":"pa_features-aleacion-con-plomo","35":"pa_features-polvo-tipo-3-4","36":"pa_processes-impresion","37":"pa_product-category-pastas-de-soldadura","39":"first","40":"instock","41":"shipping-taxable","42":"product-type-simple"},"acf":[],"_links":{"self":[{"href":"https:\/\/www.inventec.dehon.com\/es\/wp-json\/wp\/v2\/product\/9726","targetHints":{"allow":["GET"]}}],"collection":[{"href":"https:\/\/www.inventec.dehon.com\/es\/wp-json\/wp\/v2\/product"}],"about":[{"href":"https:\/\/www.inventec.dehon.com\/es\/wp-json\/wp\/v2\/types\/product"}],"replies":[{"embeddable":true,"href":"https:\/\/www.inventec.dehon.com\/es\/wp-json\/wp\/v2\/comments?post=9726"}],"wp:featuredmedia":[{"embeddable":true,"href":"https:\/\/www.inventec.dehon.com\/es\/wp-json\/wp\/v2\/media\/3490"}],"wp:attachment":[{"href":"https:\/\/www.inventec.dehon.com\/es\/wp-json\/wp\/v2\/media?parent=9726"}],"wp:term":[{"taxonomy":"product_brand","embeddable":true,"href":"https:\/\/www.inventec.dehon.com\/es\/wp-json\/wp\/v2\/product_brand?post=9726"},{"taxonomy":"product_cat","embeddable":true,"href":"https:\/\/www.inventec.dehon.com\/es\/wp-json\/wp\/v2\/product_cat?post=9726"},{"taxonomy":"product_tag","embeddable":true,"href":"https:\/\/www.inventec.dehon.com\/es\/wp-json\/wp\/v2\/product_tag?post=9726"}],"curies":[{"name":"wp","href":"https:\/\/api.w.org\/{rel}","templated":true}]}}