{"id":9724,"date":"2021-06-17T12:10:25","date_gmt":"2021-06-17T12:10:25","guid":{"rendered":"https:\/\/www.inventec.dehon.com\/product\/ecofrec-dd6\/"},"modified":"2026-01-20T15:53:10","modified_gmt":"2026-01-20T14:53:10","slug":"ecofrec-dd6","status":"publish","type":"product","link":"https:\/\/www.inventec.dehon.com\/es\/product\/ecofrec-dd6\/","title":{"rendered":"ECOFREC DD6"},"content":{"rendered":"<p><img decoding=\"async\" src=\"https:\/\/www.inventec.dehon.com\/wp-content\/uploads\/2021\/04\/ECOFREC-canister-solvent-based-600x600.png\" alt=\"ECOFREC DD6\" class=\"responsive-img\" align=\"right\" style=\"border-radius:10px; margin-bottom:10px; margin-top:-10px; margin-left:15px; width:300px\" \/><\/p>\n<h2 style=\"color: #9bc947; margin-bottom: 15px;\">Flux de colofonia sin limpieza, bajo residuo<\/h2>\n<ul>\n<li>Fundente l\u00edquido de colofonia con base de disolvente<\/li>\n<li>Onda -, pulverizaci\u00f3n selectiva, espuma o proceso de cepillado manual<\/li>\n<li>Alta fiabilidad y f\u00e1cil de limpiar<\/li>\n<\/ul>\n<h5>ECOFREC DD6<\/h5>\n<p>Es un fundente de colofonia de bajo residuo con activadores org\u00e1nicos sin hal\u00f3genos. Despu\u00e9s de la soldadura, los residuos de fundente que quedan en la placa de circuito impreso no son agresivos y no pueden causar corrosi\u00f3n. Las prestaciones de aislamiento el\u00e9ctrico son especialmente altas cuando las placas se exponen a condiciones extremas de envejecimiento acelerado.<\/p>\n<p>Es un fundente ideal para la soldadura de una o dos ondas de componentes convencionales o SMD. Adem\u00e1s, en las operaciones de reelaboraci\u00f3n de placas de circuito impreso, cuando se aplica localmente en las conexiones con un cepillo o por pulverizaci\u00f3n, <strong>ECOFREC DD6<\/strong> permite sustituir f\u00e1cilmente los componentes que fallan mediante minionda, aire caliente o termodo.<\/p>\n<p><strong>ECOFREC DD6<\/strong> tambi\u00e9n est\u00e1 disponible en envase de pluma de flujo.<\/p>\n<p><!-- CARACTER\u00cdSTICAS Section --><\/p>\n<div style=\"font-weight:bold; border-bottom:2px solid #9DBB2F; padding-bottom:6px; margin-bottom:10px;\">\n  CARACTER\u00cdSTICAS\n<\/div>\n<table width=\"100%\" cellpadding=\"0\" cellspacing=\"0\" style=\"border-collapse:collapse; width:100%; max-width:100%;\">\n<tr>\n<th align=\"left\" style=\"background:#7A7A7A; color:#fff; padding:8px 12px; border:1px solid #BDBDBD;\">\n      ESPECIFICACIONES\n    <\/th>\n<th align=\"left\" style=\"background:#7A7A7A; color:#fff; padding:8px 12px; border:1px solid #BDBDBD;\">\n      ECOFREC DD6\n    <\/th>\n<\/tr>\n<tr>\n<td style=\"padding:8px 12px; border:1px solid #BDBDBD;\">Densidad a 20\u00b0C<\/td>\n<td style=\"padding:8px 12px; border:1px solid #BDBDBD;\">0,825<\/td>\n<\/tr>\n<tr style=\"background:#E6E6E6;\">\n<td style=\"padding:8px 12px; border:1px solid #BDBDBD;\">Punto de inflamaci\u00f3n<\/td>\n<td style=\"padding:8px 12px; border:1px solid #BDBDBD;\">16\u00b0C<\/td>\n<\/tr>\n<tr>\n<td style=\"padding:8px 12px; border:1px solid #BDBDBD;\">\n      Extracto seco (3 h a 105\u00b0C)\n    <\/td>\n<td style=\"padding:8px 12px; border:1px solid #BDBDBD;\">6 %<\/td>\n<\/tr>\n<tr style=\"background:#E6E6E6;\">\n<td style=\"padding:8px 12px; border:1px solid #BDBDBD;\">\n      \u00cdndice de acidez (mg KOH\/g)\n    <\/td>\n<td style=\"padding:8px 12px; border:1px solid #BDBDBD;\">32<\/td>\n<\/tr>\n<tr>\n<td style=\"padding:8px 12px; border:1px solid #BDBDBD;\">Contenido de hal\u00f3genos<\/td>\n<td style=\"padding:8px 12px; border:1px solid #BDBDBD;\">Sin hal\u00f3genos<\/td>\n<\/tr>\n<tr style=\"background:#E6E6E6;\">\n<td style=\"padding:8px 12px; border:1px solid #BDBDBD;\">\n      Clasificaci\u00f3n seg\u00fan J-STD-004\n    <\/td>\n<td style=\"padding:8px 12px; border:1px solid #BDBDBD;\">ROL0<\/td>\n<\/tr>\n<\/table>\n","protected":false},"excerpt":{"rendered":"<ul>\n<li>Fundente l\u00edquido de colofonia con base de disolvente<\/li>\n<li>Onda -, pulverizaci\u00f3n selectiva, espuma o proceso de cepillado manual<\/li>\n<li>alta fiabilidad y f\u00e1cil de limpiar<\/li>\n<\/ul>\n","protected":false},"featured_media":3049,"comment_status":"closed","ping_status":"closed","template":"","meta":{"_acf_changed":false,"inline_featured_image":false},"product_brand":[],"product_cat":[2884,2881],"product_tag":[4612,5056,1625,1624,5331,5295,5343,5299,5347,5351,5303,5355,589,947,5211,5231],"class_list":{"0":"post-9724","1":"product","2":"type-product","3":"status-publish","4":"has-post-thumbnail","6":"product_cat-soluciones-de-fundentes-para-estanado","7":"product_cat-soluciones-de-fundentes-para-soldadura-por-ola","8":"product_tag-a-base-de-disolvente","9":"product_tag-alta-fiabilidad","10":"product_tag-dd6-es","11":"product_tag-ecofrec-dd6-es","12":"product_tag-facil-de-limpiar","13":"product_tag-flux-liquido","14":"product_tag-flux-liquido-a-base-de-colofonia","15":"product_tag-ola","16":"product_tag-retrabajo","17":"product_tag-retrabajo-de-soldadura","18":"product_tag-selectivo","19":"product_tag-soldadura-manual","20":"product_tag-soldadura-por-ola","21":"product_tag-soldadura-selectiva","22":"product_tag-soldadura-smt-es","23":"product_tag-soldadura-tht-es","24":"pa_application-soldadura-smt-tht","25":"pa_brand-ecofrec-es-2","26":"pa_features-a-base-de-disolvente","27":"pa_processes-reparacion-y-soldadura-manual","28":"pa_processes-soldadura-por-ola-y-selectiva","29":"pa_product-category-fundente-liquido","31":"first","32":"instock","33":"shipping-taxable","34":"product-type-simple"},"acf":[],"_links":{"self":[{"href":"https:\/\/www.inventec.dehon.com\/es\/wp-json\/wp\/v2\/product\/9724","targetHints":{"allow":["GET"]}}],"collection":[{"href":"https:\/\/www.inventec.dehon.com\/es\/wp-json\/wp\/v2\/product"}],"about":[{"href":"https:\/\/www.inventec.dehon.com\/es\/wp-json\/wp\/v2\/types\/product"}],"replies":[{"embeddable":true,"href":"https:\/\/www.inventec.dehon.com\/es\/wp-json\/wp\/v2\/comments?post=9724"}],"wp:featuredmedia":[{"embeddable":true,"href":"https:\/\/www.inventec.dehon.com\/es\/wp-json\/wp\/v2\/media\/3049"}],"wp:attachment":[{"href":"https:\/\/www.inventec.dehon.com\/es\/wp-json\/wp\/v2\/media?parent=9724"}],"wp:term":[{"taxonomy":"product_brand","embeddable":true,"href":"https:\/\/www.inventec.dehon.com\/es\/wp-json\/wp\/v2\/product_brand?post=9724"},{"taxonomy":"product_cat","embeddable":true,"href":"https:\/\/www.inventec.dehon.com\/es\/wp-json\/wp\/v2\/product_cat?post=9724"},{"taxonomy":"product_tag","embeddable":true,"href":"https:\/\/www.inventec.dehon.com\/es\/wp-json\/wp\/v2\/product_tag?post=9724"}],"curies":[{"name":"wp","href":"https:\/\/api.w.org\/{rel}","templated":true}]}}