{"id":9713,"date":"2021-06-17T15:39:39","date_gmt":"2021-06-17T15:39:39","guid":{"rendered":"https:\/\/www.inventec.dehon.com\/product\/ecorel-libre-405y-21\/"},"modified":"2026-03-16T14:53:52","modified_gmt":"2026-03-16T13:53:52","slug":"ecorel-free-405y-21","status":"publish","type":"product","link":"https:\/\/www.inventec.dehon.com\/es\/product\/ecorel-free-405y-21\/","title":{"rendered":"ECOREL FREE 405Y-21"},"content":{"rendered":"<p><img decoding=\"async\" src=\"https:\/\/www.inventec.dehon.com\/wp-content\/uploads\/2021\/01\/Ecorel-Free-600x600.png\" alt=\"ECOREL FREE 405Y-21\" class=\"responsive-img\" align=\"right\" style=\"border-radius:10px; margin-bottom:10px; margin-top:-10px; margin-left:15px; width:300px\" \/><\/p>\n<h2 style=\"color:#9bc947; margin-bottom:15px\">Excelente rendimiento en ciclos t\u00e9rmicos<\/h2>\n<ul>\n<li>Pasta de soldadura sin plomo SAC405<\/li>\n<li>Proceso de impresi\u00f3n SMT no limpio<\/li>\n<li>Alta fiabilidad: cumple con la prueba Bono<\/li>\n<\/ul\n\n\n\n<h5>ECOREL FREE 405Y-21<\/h5>\n<p>Es una pasta de soldadura sin limpieza desarrollada con la qu\u00edmica confiable de la gama ECOREL, que ayuda a garantizar un proceso de ensamblaje robusto. La pasta es adecuada para reflujo en hornos de convecci\u00f3n (se recomienda nitr\u00f3geno), hornos de fase de vapor o hornos de conducci\u00f3n.<\/p>\n<p>La aleaci\u00f3n utilizada en <strong>ECOREL FREE 405Y-21<\/strong> contiene algunos dopantes que participan en el refuerzo de la zona interdend\u00edtica mediante una dispersi\u00f3n m\u00e1s fina de los precipitados, para garantizar una mejor resistencia a la termociclizaci\u00f3n para temperaturas de funcionamiento m\u00e1s altas (m\u00e1s de 130\u00b0C\/266\u00b0F).<\/p>\n<p><!-- CARACTER\u00cdSTICAS Section --><\/p>\n<div style=\"font-weight:bold; text-transform:uppercase; border-bottom:2px solid #9DBB2F; padding-bottom:6px; margin-bottom:10px;\">\n  PROPIEDADES\n<\/div>\n<p><!-- OPCIONES EST\u00c1NDAR Table --><\/p>\n<table width=\"100%\" cellpadding=\"0\" cellspacing=\"0\" style=\"border-collapse:collapse; width:100%; max-width:100%;\">\n<tr>\n<th align=\"left\" style=\"background:#7A7A7A; color:#fff; padding:8px 12px; border:1px solid #BDBDBD;\">\n      ESPECIFICACIONES\n    <\/th>\n<th align=\"left\" style=\"background:#7A7A7A; color:#fff; padding:8px 12px; border:1px solid #BDBDBD;\">\n      ECOREL FREE 405Y-21\n    <\/th>\n<\/tr>\n<tr>\n<td style=\"padding:8px 12px; border:1px solid #BDBDBD;\">Aleaci\u00f3n<\/td>\n<td style=\"padding:8px 12px; border:1px solid #BDBDBD;\">Sn95,5Ag4Cu0,5<\/td>\n<\/tr>\n<tr style=\"background:#E6E6E6;\">\n<td style=\"padding:8px 12px; border:1px solid #BDBDBD;\">Punto de fusi\u00f3n (\u00b0C\/\u00b0F)<\/td>\n<td style=\"padding:8px 12px; border:1px solid #BDBDBD;\">217\u00b0C \/ 422\u00b0F<\/td>\n<\/tr>\n<tr>\n<td style=\"padding:8px 12px; border:1px solid #BDBDBD;\">Contenido met\u00e1lico (%)<\/td>\n<td style=\"padding:8px 12px; border:1px solid #BDBDBD;\">88.5 \u00b1 0.5<\/td>\n<\/tr>\n<tr style=\"background:#E6E6E6;\">\n<td style=\"padding:8px 12px; border:1px solid #BDBDBD;\">Residuos post-reflujo<\/td>\n<td style=\"padding:8px 12px; border:1px solid #BDBDBD;\">Aproximadamente 5 % p\/p<\/td>\n<\/tr>\n<tr>\n<td style=\"padding:8px 12px; border:1px solid #BDBDBD;\">Contenido de hal\u00f3genos<\/td>\n<td style=\"padding:8px 12px; border:1px solid #BDBDBD;\">Sin hal\u00f3genos<\/td>\n<\/tr>\n<tr style=\"background:#E6E6E6;\">\n<td style=\"padding:8px 12px; border:1px solid #BDBDBD;\">Tama\u00f1o del polvo<\/td>\n<td style=\"padding:8px 12px; border:1px solid #BDBDBD;\">20\u201338 micras \/ Tipo 4<\/td>\n<\/tr>\n<tr>\n<td style=\"padding:8px 12px; border:1px solid #BDBDBD;\">Viscosidad bomba de espiral* (Pa.s 25\u00b0C)<\/td>\n<td style=\"padding:8px 12px; border:1px solid #BDBDBD;\">T\u00edpico 165<\/td>\n<\/tr>\n<\/table>\n<p style=\"font-size:0.85em;\">\n  *El equipo utilizado para probar la viscosidad de la bomba de espiral es Malcom a una velocidad de rotaci\u00f3n de 10 rpm.\n<\/p>\n<p><!-- CARACTER\u00cdSTICAS T\u00c9CNICAS Section --><\/p>\n<div style=\"font-weight:bold; text-transform:uppercase; border-bottom:2px solid #9DBB2F; padding-bottom:6px; margin-bottom:10px;\">\n  CARACTER\u00cdSTICAS\n<\/div>\n<table width=\"100%\" cellpadding=\"0\" cellspacing=\"0\" style=\"border-collapse:collapse; width:100%; max-width:100%;\">\n<tr>\n<th align=\"left\" style=\"background:#7A7A7A; color:#fff; padding:8px 12px; border:1px solid #BDBDBD;\">\n      CARACTER\u00cdSTICAS\n    <\/th>\n<th align=\"left\" style=\"background:#7A7A7A; color:#fff; padding:8px 12px; border:1px solid #BDBDBD;\">\n      VALORES\n    <\/th>\n<th align=\"left\" style=\"background:#7A7A7A; color:#fff; padding:8px 12px; border:1px solid #BDBDBD;\">\n      M\u00c9TODO DE ENSAYO\n    <\/th>\n<\/tr>\n<tr>\n<td style=\"padding:8px 12px; border:1px solid #BDBDBD;\">Clasificaci\u00f3n del flux<\/td>\n<td style=\"padding:8px 12px; border:1px solid #BDBDBD;\">ROL0<\/td>\n<td style=\"padding:8px 12px; border:1px solid #BDBDBD;\">ANSI\/J-STD-004<\/td>\n<\/tr>\n<tr style=\"background:#E6E6E6;\">\n<td style=\"padding:8px 12px; border:1px solid #BDBDBD;\">Clasificaci\u00f3n del flux<\/td>\n<td style=\"padding:8px 12px; border:1px solid #BDBDBD;\">113<\/td>\n<td style=\"padding:8px 12px; border:1px solid #BDBDBD;\">ISO 9454<\/td>\n<\/tr>\n<tr>\n<td style=\"padding:8px 12px; border:1px solid #BDBDBD;\">Ensayo de formaci\u00f3n de bolas de soldadura<\/td>\n<td style=\"padding:8px 12px; border:1px solid #BDBDBD;\">Aprobado<\/td>\n<td style=\"padding:8px 12px; border:1px solid #BDBDBD;\">ANSI\/J-STD-005<\/td>\n<\/tr>\n<tr style=\"background:#E6E6E6;\">\n<td style=\"padding:8px 12px; border:1px solid #BDBDBD;\">Ensayo de espejo de cobre<\/td>\n<td style=\"padding:8px 12px; border:1px solid #BDBDBD;\">Aprobado<\/td>\n<td style=\"padding:8px 12px; border:1px solid #BDBDBD;\">ANSI\/J-STD-004<\/td>\n<\/tr>\n<tr>\n<td style=\"padding:8px 12px; border:1px solid #BDBDBD;\">Corrosi\u00f3n del cobre<\/td>\n<td style=\"padding:8px 12px; border:1px solid #BDBDBD;\">Aprobado<\/td>\n<td style=\"padding:8px 12px; border:1px solid #BDBDBD;\">ANSI\/J-STD-004<\/td>\n<\/tr>\n<tr style=\"background:#E6E6E6;\">\n<td style=\"padding:8px 12px; border:1px solid #BDBDBD;\">SIR (IPC)<\/td>\n<td style=\"padding:8px 12px; border:1px solid #BDBDBD;\">Aprobado<\/td>\n<td style=\"padding:8px 12px; border:1px solid #BDBDBD;\">ANSI\/J-STD-004<\/td>\n<\/tr>\n<tr>\n<td style=\"padding:8px 12px; border:1px solid #BDBDBD;\">SIR (Bellcore)<\/td>\n<td style=\"padding:8px 12px; border:1px solid #BDBDBD;\">Aprobado<\/td>\n<td style=\"padding:8px 12px; border:1px solid #BDBDBD;\">Bellcore<\/td>\n<\/tr>\n<tr style=\"background:#E6E6E6;\">\n<td style=\"padding:8px 12px; border:1px solid #BDBDBD;\">Electromigraci\u00f3n (IPC \/ Bellcore)<\/td>\n<td style=\"padding:8px 12px; border:1px solid #BDBDBD;\">Aprobado<\/td>\n<td style=\"padding:8px 12px; border:1px solid #BDBDBD;\">ANSI\/J-STD-004 \/ Bellcore<\/td>\n<\/tr>\n<tr>\n<td style=\"padding:8px 12px; border:1px solid #BDBDBD;\">Bonotest (85\u00b0C \/ 85% HR \u2013 15 d\u00edas)<\/td>\n<td style=\"padding:8px 12px; border:1px solid #BDBDBD;\">Aprobado \u2013 FC = 1.4%<\/td>\n<td style=\"padding:8px 12px; border:1px solid #BDBDBD;\">INVENTEC BRY-MO-058<\/td>\n<\/tr>\n<\/table>\n","protected":false},"excerpt":{"rendered":"<ul>\n<li>Pasta de soldar sin plomo SAC405<\/li>\n<li>Proceso de impresi\u00f3n SMT no limpio<\/li>\n<li>Alta fiabilidad: cumple con la prueba Bono<\/li>\n<\/ul>\n","protected":false},"featured_media":2228,"comment_status":"closed","ping_status":"closed","template":"","meta":{"_acf_changed":false,"inline_featured_image":false},"product_brand":[],"product_cat":[2873],"product_tag":[1513,1514,5060,5088,5056,1512,1287,5191,5215,5092,5155,5168,5169,5084,4005,5211,5231,5219,1688,4006,5248,5251],"class_list":{"0":"post-9713","1":"product","2":"type-product","3":"status-publish","4":"has-post-thumbnail","6":"industries-equipos-medico-y-escaneres","7":"product_cat-soluciones-de-pasta-de-soldadura-de-alta-fiabilidad","8":"product_tag-405y-es","9":"product_tag-405y-21-es","10":"product_tag-aleacion-de-alta-fiabilidad","11":"product_tag-aleacion-sin-plomo","12":"product_tag-alta-fiabilidad","13":"product_tag-ecorel-free-405y-21-es","14":"product_tag-free-es","15":"product_tag-impresion","16":"product_tag-pasta-de-soldadura-es","17":"product_tag-pasta-de-soldadura-sin-plomo","18":"product_tag-polvo","19":"product_tag-polvo-tipo-3","20":"product_tag-polvo-tipo-4","21":"product_tag-sin-plomo","22":"product_tag-smt-es","23":"product_tag-soldadura-smt-es","24":"product_tag-soldadura-tht-es","25":"product_tag-t3","26":"product_tag-t4-es","27":"product_tag-tht-es","28":"product_tag-tipo-3","29":"product_tag-tipo-4","30":"pa_application-soldadura-smt-tht","31":"pa_brand-ecorel-es-2","32":"pa_features-aleacion-alta-fiabilidad","33":"pa_features-aleacion-sin-plomo","34":"pa_features-polvo-tipo-3-4","35":"pa_processes-impresion","36":"pa_product-category-pastas-de-soldadura","38":"first","39":"instock","40":"shipping-taxable","41":"product-type-simple"},"acf":[],"_links":{"self":[{"href":"https:\/\/www.inventec.dehon.com\/es\/wp-json\/wp\/v2\/product\/9713","targetHints":{"allow":["GET"]}}],"collection":[{"href":"https:\/\/www.inventec.dehon.com\/es\/wp-json\/wp\/v2\/product"}],"about":[{"href":"https:\/\/www.inventec.dehon.com\/es\/wp-json\/wp\/v2\/types\/product"}],"replies":[{"embeddable":true,"href":"https:\/\/www.inventec.dehon.com\/es\/wp-json\/wp\/v2\/comments?post=9713"}],"wp:featuredmedia":[{"embeddable":true,"href":"https:\/\/www.inventec.dehon.com\/es\/wp-json\/wp\/v2\/media\/2228"}],"wp:attachment":[{"href":"https:\/\/www.inventec.dehon.com\/es\/wp-json\/wp\/v2\/media?parent=9713"}],"wp:term":[{"taxonomy":"product_brand","embeddable":true,"href":"https:\/\/www.inventec.dehon.com\/es\/wp-json\/wp\/v2\/product_brand?post=9713"},{"taxonomy":"product_cat","embeddable":true,"href":"https:\/\/www.inventec.dehon.com\/es\/wp-json\/wp\/v2\/product_cat?post=9713"},{"taxonomy":"product_tag","embeddable":true,"href":"https:\/\/www.inventec.dehon.com\/es\/wp-json\/wp\/v2\/product_tag?post=9713"}],"curies":[{"name":"wp","href":"https:\/\/api.w.org\/{rel}","templated":true}]}}