{"id":9712,"date":"2021-06-21T08:29:16","date_gmt":"2021-06-21T08:29:16","guid":{"rendered":"https:\/\/www.inventec.dehon.com\/product\/ecorel-easy-803s\/"},"modified":"2026-01-22T11:58:00","modified_gmt":"2026-01-22T10:58:00","slug":"ecorel-easy-803s","status":"publish","type":"product","link":"https:\/\/www.inventec.dehon.com\/es\/product\/ecorel-easy-803s\/","title":{"rendered":"ECOREL EASY 803S"},"content":{"rendered":"<p><img decoding=\"async\" src=\"https:\/\/www.inventec.dehon.com\/wp-content\/uploads\/2021\/01\/Ecorel-Free-600x600.png\" alt=\"ECOREL EASY 803S\" class=\"responsive-img\" align=\"right\" style=\"border-radius:10px; margin-bottom:10px; margin-top:-10px; margin-left:15px; width:300px\" \/><\/p>\n<h2 style=\"color: #9bc947; margin-bottom: 15px;\">Pasta de soldadura con plomo<\/h2>\n<ul>\n<li>Pasta de soldadura con plomo Sn63Pb37<\/li>\n<li>Proceso de impresi\u00f3n SMT no limpio<\/li>\n<li>Impresi\u00f3n de paso fino<\/li>\n<\/ul>\n<h5>ECOREL EASY 803S<\/h5>\n<p>Se trata de una pasta de soldar que no se limpia, desarrollada para la impresi\u00f3n de paso fino. Aplicado mediante rasquetas o cabezal cerrado, el dep\u00f3sito tiene una definici\u00f3n muy n\u00edtida incluso despu\u00e9s de varias horas de abandono en la plantilla. Sus propiedades reol\u00f3gicas son adecuadas para el proceso \u00abpin in paste\u00bb. <strong>ECOREL EASY 803S<\/strong> combina la aleaci\u00f3n Sn63Pb37 con la fiable qu\u00edmica de la gama Ecorel.<\/p>\n<p>Las aleaciones que contienen plomo son perfectas para soportar las constantes fluctuaciones de temperatura (de -40 a &gt;130 Celcius). Sin embargo, el uso de soldaduras con plomo es limitado debido al impacto medioambiental del plomo. <\/p>\n<p>Se hacen excepciones para la electr\u00f3nica de automoci\u00f3n, aeroespacial y de defensa. Inventec puede ayudarle a proponer una alternativa sin plomo basada en su aplicaci\u00f3n espec\u00edfica.<\/p>\n<p><!-- SECCI\u00d3N CARACTER\u00cdSTICAS --><\/p>\n<div style=\"font-weight:bold; text-transform:uppercase; border-bottom:2px solid #9DBB2F; padding-bottom:6px; margin-bottom:10px;\">\n  PROPIEDADES\n<\/div>\n<table width=\"100%\" cellpadding=\"0\" cellspacing=\"0\" style=\"border-collapse:collapse; width:100%; max-width:100%;\">\n<tr>\n<th align=\"left\" style=\"background:#7A7A7A; color:#fff; padding:8px 12px; border:1px solid #BDBDBD;\">\n      ESPECIFICACIONES\n    <\/th>\n<th align=\"left\" style=\"background:#7A7A7A; color:#fff; padding:8px 12px; border:1px solid #BDBDBD;\">\n      ECOREL\u2122 EASY 802S\n    <\/th>\n<th align=\"left\" style=\"background:#7A7A7A; color:#fff; padding:8px 12px; border:1px solid #BDBDBD;\">\n      ECOREL\u2122 EASY 803S\n    <\/th>\n<\/tr>\n<tr>\n<td style=\"padding:8px 12px; border:1px solid #BDBDBD;\">Aleaci\u00f3n<\/td>\n<td style=\"padding:8px 12px; border:1px solid #BDBDBD;\">Sn62Pb36Ag2<\/td>\n<td style=\"padding:8px 12px; border:1px solid #BDBDBD;\">Sn63Pb37<\/td>\n<\/tr>\n<tr style=\"background:#E6E6E6;\">\n<td style=\"padding:8px 12px; border:1px solid #BDBDBD;\">Punto de fusi\u00f3n (\u00b0C)<\/td>\n<td style=\"padding:8px 12px; border:1px solid #BDBDBD;\">178<\/td>\n<td style=\"padding:8px 12px; border:1px solid #BDBDBD;\">183<\/td>\n<\/tr>\n<tr>\n<td style=\"padding:8px 12px; border:1px solid #BDBDBD;\">Distribuci\u00f3n del tama\u00f1o de part\u00edcula del polvo<\/td>\n<td style=\"padding:8px 12px; border:1px solid #BDBDBD;\">25 \u2013 45 micras<\/td>\n<td style=\"padding:8px 12px; border:1px solid #BDBDBD;\">25 \u2013 45 micras<\/td>\n<\/tr>\n<tr style=\"background:#E6E6E6;\">\n<td style=\"padding:8px 12px; border:1px solid #BDBDBD;\">Contenido met\u00e1lico (%)<\/td>\n<td style=\"padding:8px 12px; border:1px solid #BDBDBD;\">89,5 \u00b1 0,5<\/td>\n<td style=\"padding:8px 12px; border:1px solid #BDBDBD;\">89,5 \u00b1 0,5<\/td>\n<\/tr>\n<tr>\n<td style=\"padding:8px 12px; border:1px solid #BDBDBD;\">Residuos tras la soldadura por refusi\u00f3n (%)<\/td>\n<td style=\"padding:8px 12px; border:1px solid #BDBDBD;\">57 \u2013 64<\/td>\n<td style=\"padding:8px 12px; border:1px solid #BDBDBD;\">57 \u2013 64<\/td>\n<\/tr>\n<tr style=\"background:#E6E6E6;\">\n<td style=\"padding:8px 12px; border:1px solid #BDBDBD;\">Contenido de hal\u00f3genos<\/td>\n<td style=\"padding:8px 12px; border:1px solid #BDBDBD;\">Libre de hal\u00f3genos<\/td>\n<td style=\"padding:8px 12px; border:1px solid #BDBDBD;\">Libre de hal\u00f3genos<\/td>\n<\/tr>\n<tr>\n<td style=\"padding:8px 12px; border:1px solid #BDBDBD;\">\n      Viscosidad* (Pa\u00b7s a 25\u00b0C)<br \/>\n      <font style=\"font-size:0.85em;\">*Bomba espiral Malcom \u2013 10 rpm<\/font>\n    <\/td>\n<td style=\"padding:8px 12px; border:1px solid #BDBDBD;\">135<br \/>Valor t\u00edpico<\/td>\n<td style=\"padding:8px 12px; border:1px solid #BDBDBD;\">135<br \/>Valor t\u00edpico<\/td>\n<\/tr>\n<\/table>\n<p><!-- SECCI\u00d3N ENSAYOS FUNCIONALES --><\/p>\n<div style=\"font-weight:bold; text-transform:uppercase; border-bottom:2px solid #9DBB2F; padding-bottom:6px; margin-bottom:10px;\">\n  ENSAYOS FUNCIONALES\n<\/div>\n<table width=\"100%\" cellpadding=\"0\" cellspacing=\"0\" style=\"border-collapse:collapse; width:100%; max-width:100%;\">\n<tr>\n<th align=\"left\" style=\"background:#7A7A7A; color:#fff; padding:8px 12px; border:1px solid #BDBDBD;\">\n      ENSAYOS\n    <\/th>\n<th align=\"left\" style=\"background:#7A7A7A; color:#fff; padding:8px 12px; border:1px solid #BDBDBD;\">\n      RESULTADOS\n    <\/th>\n<th align=\"left\" style=\"background:#7A7A7A; color:#fff; padding:8px 12px; border:1px solid #BDBDBD;\">\n      PROCEDIMIENTOS\n    <\/th>\n<\/tr>\n<tr>\n<td style=\"padding:8px 12px; border:1px solid #BDBDBD;\">Clasificaci\u00f3n del flux<\/td>\n<td style=\"padding:8px 12px; border:1px solid #BDBDBD;\">ROL0<br \/>113<\/td>\n<td style=\"padding:8px 12px; border:1px solid #BDBDBD;\">ANSI\/J-STD-004<br \/>ISO 9454<\/td>\n<\/tr>\n<tr style=\"background:#E6E6E6;\">\n<td style=\"padding:8px 12px; border:1px solid #BDBDBD;\">Ensayo de formaci\u00f3n de bolas de soldadura<\/td>\n<td style=\"padding:8px 12px; border:1px solid #BDBDBD;\">Conforme<\/td>\n<td style=\"padding:8px 12px; border:1px solid #BDBDBD;\">ANSI\/J-STD-005<\/td>\n<\/tr>\n<tr>\n<td style=\"padding:8px 12px; border:1px solid #BDBDBD;\">Espejo de cobre<\/td>\n<td style=\"padding:8px 12px; border:1px solid #BDBDBD;\">Conforme<\/td>\n<td style=\"padding:8px 12px; border:1px solid #BDBDBD;\">ANSI\/J-STD-004<\/td>\n<\/tr>\n<tr style=\"background:#E6E6E6;\">\n<td style=\"padding:8px 12px; border:1px solid #BDBDBD;\">Papel cromato<\/td>\n<td style=\"padding:8px 12px; border:1px solid #BDBDBD;\">Conforme<\/td>\n<td style=\"padding:8px 12px; border:1px solid #BDBDBD;\">ANSI\/J-STD-004<\/td>\n<\/tr>\n<tr>\n<td style=\"padding:8px 12px; border:1px solid #BDBDBD;\">Corrosi\u00f3n del cobre<\/td>\n<td style=\"padding:8px 12px; border:1px solid #BDBDBD;\">Conforme<\/td>\n<td style=\"padding:8px 12px; border:1px solid #BDBDBD;\">ANSI\/J-STD-004<\/td>\n<\/tr>\n<tr style=\"background:#E6E6E6;\">\n<td style=\"padding:8px 12px; border:1px solid #BDBDBD;\">\n      SIR (Ohmios)<br \/>\n      Despu\u00e9s de 21 d\u00edas<br \/>\n      85\u00b0C \u2013 85 % HR \u2013 50 V<br \/>\n      Fin del ciclo<br \/>\n      20\u00b0C \u2013 65 % HR\n    <\/td>\n<td style=\"padding:8px 12px; border:1px solid #BDBDBD;\">\n      Conforme<\/p>\n<p>      &gt; 10<sup>9<\/sup><\/p>\n<p>      &gt; 10<sup>10<\/sup>\n    <\/td>\n<td style=\"padding:8px 12px; border:1px solid #BDBDBD;\">ANSI\/J-STD-004<\/td>\n<\/tr>\n<\/table>\n","protected":false},"excerpt":{"rendered":"<ul>\n<li>Pasta de soldadura con plomo Sn63Pb37<\/li>\n<li>Proceso de impresi\u00f3n SMT no limpio<\/li>\n<li>Impresi\u00f3n de paso fino<\/li>\n<\/ul>\n","protected":false},"featured_media":3490,"comment_status":"closed","ping_status":"closed","template":"","meta":{"_acf_changed":false,"inline_featured_image":false},"product_brand":[],"product_cat":[2873],"product_tag":[1723,5100,5060,5056,1652,1722,5191,5215,5104,5096,5155,5168,5169,4005,5211,5231,5219,1688,4006,5248,5251],"class_list":{"0":"post-9712","1":"product","2":"type-product","3":"status-publish","4":"has-post-thumbnail","6":"industries-equipos-medico-y-escaneres","7":"product_cat-soluciones-de-pasta-de-soldadura-de-alta-fiabilidad","8":"product_tag-803s-es","9":"product_tag-aleacion-con-plomo","10":"product_tag-aleacion-de-alta-fiabilidad","11":"product_tag-alta-fiabilidad","12":"product_tag-easy-es","13":"product_tag-ecorel-easy-803s-es","14":"product_tag-impresion","15":"product_tag-pasta-de-soldadura-es","16":"product_tag-pasta-de-soldadura-con-plomo","17":"product_tag-plomo","18":"product_tag-polvo","19":"product_tag-polvo-tipo-3","20":"product_tag-polvo-tipo-4","21":"product_tag-smt-es","22":"product_tag-soldadura-smt-es","23":"product_tag-soldadura-tht-es","24":"product_tag-t3","25":"product_tag-t4-es","26":"product_tag-tht-es","27":"product_tag-tipo-3","28":"product_tag-tipo-4","29":"pa_application-soldadura-smt-tht","30":"pa_brand-ecorel-es-2","31":"pa_features-aleacion-alta-fiabilidad","32":"pa_features-aleacion-con-plomo","33":"pa_features-polvo-tipo-3-4","34":"pa_processes-impresion","35":"pa_product-category-pastas-de-soldadura","37":"first","38":"instock","39":"shipping-taxable","40":"product-type-simple"},"acf":[],"_links":{"self":[{"href":"https:\/\/www.inventec.dehon.com\/es\/wp-json\/wp\/v2\/product\/9712","targetHints":{"allow":["GET"]}}],"collection":[{"href":"https:\/\/www.inventec.dehon.com\/es\/wp-json\/wp\/v2\/product"}],"about":[{"href":"https:\/\/www.inventec.dehon.com\/es\/wp-json\/wp\/v2\/types\/product"}],"replies":[{"embeddable":true,"href":"https:\/\/www.inventec.dehon.com\/es\/wp-json\/wp\/v2\/comments?post=9712"}],"wp:featuredmedia":[{"embeddable":true,"href":"https:\/\/www.inventec.dehon.com\/es\/wp-json\/wp\/v2\/media\/3490"}],"wp:attachment":[{"href":"https:\/\/www.inventec.dehon.com\/es\/wp-json\/wp\/v2\/media?parent=9712"}],"wp:term":[{"taxonomy":"product_brand","embeddable":true,"href":"https:\/\/www.inventec.dehon.com\/es\/wp-json\/wp\/v2\/product_brand?post=9712"},{"taxonomy":"product_cat","embeddable":true,"href":"https:\/\/www.inventec.dehon.com\/es\/wp-json\/wp\/v2\/product_cat?post=9712"},{"taxonomy":"product_tag","embeddable":true,"href":"https:\/\/www.inventec.dehon.com\/es\/wp-json\/wp\/v2\/product_tag?post=9712"}],"curies":[{"name":"wp","href":"https:\/\/api.w.org\/{rel}","templated":true}]}}