{"id":9706,"date":"2021-06-17T14:46:35","date_gmt":"2021-06-17T14:46:35","guid":{"rendered":"https:\/\/www.inventec.dehon.com\/product\/ecorel-free-305-16\/"},"modified":"2026-01-21T16:51:48","modified_gmt":"2026-01-21T15:51:48","slug":"ecorel-free-305-16","status":"publish","type":"product","link":"https:\/\/www.inventec.dehon.com\/es\/product\/ecorel-free-305-16\/","title":{"rendered":"ECOREL FREE 305-16"},"content":{"rendered":"<p><img decoding=\"async\" src=\"https:\/\/www.inventec.dehon.com\/wp-content\/uploads\/2021\/01\/Ecorel-Free-600x600.png\" alt=\"ECOREL FREE 305-16\" class=\"responsive-img\" align=\"right\" style=\"border-radius:10px; margin-bottom:10px; margin-top:-10px; margin-left:15px; width:300px\" \/><\/p>\n<h2 style=\"color:#9bc947; margin-bottom:15px\">Pasta de soldadura sin plomo para altos vol\u00famenes de producci\u00f3n<\/h2>\n<ul>\n<li>Pasta de soldadura de aleaci\u00f3n sin plomo Sac305<\/li>\n<li>No hay proceso de impresi\u00f3n limpia de smt<\/li>\n<li>Rendimiento global equilibrado y sin hal\u00f3genos<\/li>\n<\/ul>\n<h5>ECOREL FREE 305-16<\/h5>\n<p>Especialmente dise\u00f1ado para atender a la electr\u00f3nica de alto volumen proporcionando un rendimiento global equilibrado para garantizar un proceso de montaje estable. <\/p>\n<p>Es una pasta de soldadura No Clean, que combina las propiedades metal\u00fargicas de una aleaci\u00f3n SAC305 con la qu\u00edmica de alto rendimiento de la gama ECOREL\u2122.<\/p>\n<p><!-- CARACTER\u00cdSTICAS Section --><\/p>\n<div style=\"font-weight:bold; text-transform:uppercase; border-bottom:2px solid #9DBB2F; padding-bottom:6px; margin-bottom:10px;\">\n  CARACTER\u00cdSTICAS\n<\/div>\n<p><!-- OPCIONES EST\u00c1NDAR Table --><\/p>\n<table width=\"100%\" cellpadding=\"0\" cellspacing=\"0\" style=\"border-collapse:collapse; width:100%; max-width:100%;\">\n<tr>\n<th align=\"left\" style=\"background:#7A7A7A; color:#fff; padding:8px 12px; border:1px solid #BDBDBD;\">\n      ESPECIFICACIONES\n    <\/th>\n<th align=\"left\" style=\"background:#7A7A7A; color:#fff; padding:8px 12px; border:1px solid #BDBDBD;\">\n      ECOREL FREE 305-16 T3\n    <\/th>\n<th align=\"left\" style=\"background:#7A7A7A; color:#fff; padding:8px 12px; border:1px solid #BDBDBD;\">\n      ECOREL FREE 305-16 T4\n    <\/th>\n<\/tr>\n<tr>\n<td style=\"padding:8px 12px; border:1px solid #BDBDBD;\">Aleaci\u00f3n<\/td>\n<td style=\"padding:8px 12px; border:1px solid #BDBDBD;\">Sn96,5Ag3Cu0,5<\/td>\n<td style=\"padding:8px 12px; border:1px solid #BDBDBD;\">Sn96,5Ag3Cu0,5<\/td>\n<\/tr>\n<tr style=\"background:#E6E6E6;\">\n<td style=\"padding:8px 12px; border:1px solid #BDBDBD;\">Punto de fusi\u00f3n (\u00b0C\/\u00b0F)<\/td>\n<td style=\"padding:8px 12px; border:1px solid #BDBDBD;\">217 \/ 422<\/td>\n<td style=\"padding:8px 12px; border:1px solid #BDBDBD;\">217 \/ 422<\/td>\n<\/tr>\n<tr>\n<td style=\"padding:8px 12px; border:1px solid #BDBDBD;\">Contenido en metales (%)<\/td>\n<td style=\"padding:8px 12px; border:1px solid #BDBDBD;\">88<\/td>\n<td style=\"padding:8px 12px; border:1px solid #BDBDBD;\">88<\/td>\n<\/tr>\n<tr style=\"background:#E6E6E6;\">\n<td style=\"padding:8px 12px; border:1px solid #BDBDBD;\">Residuos posteriores al reflujo<\/td>\n<td style=\"padding:8px 12px; border:1px solid #BDBDBD;\">Aproximadamente 5 % p\/p<\/td>\n<td style=\"padding:8px 12px; border:1px solid #BDBDBD;\">Aproximadamente 5 % p\/p<\/td>\n<\/tr>\n<tr>\n<td style=\"padding:8px 12px; border:1px solid #BDBDBD;\">Contenido de hal\u00f3geno<\/td>\n<td style=\"padding:8px 12px; border:1px solid #BDBDBD;\">Sin hal\u00f3geno<\/td>\n<td style=\"padding:8px 12px; border:1px solid #BDBDBD;\">Sin hal\u00f3geno<\/td>\n<\/tr>\n<tr style=\"background:#E6E6E6;\">\n<td style=\"padding:8px 12px; border:1px solid #BDBDBD;\">Tama\u00f1o del polvo<\/td>\n<td style=\"padding:8px 12px; border:1px solid #BDBDBD;\">25 \u2013 45 micras \/ Tipo 3<\/td>\n<td style=\"padding:8px 12px; border:1px solid #BDBDBD;\">20 \u2013 38 micras \/ Tipo 4<\/td>\n<\/tr>\n<tr>\n<td style=\"padding:8px 12px; border:1px solid #BDBDBD;\">Bomba espiral* Viscosidad (Pa.s 25\u00b0C)<\/td>\n<td style=\"padding:8px 12px; border:1px solid #BDBDBD;\">T\u00edpico 160<\/td>\n<td style=\"padding:8px 12px; border:1px solid #BDBDBD;\">T\u00edpico 165<\/td>\n<\/tr>\n<\/table>\n<p style=\"font-size:0.85em;\">*El equipo utilizado para probar la viscosidad de la bomba espiral es Malcom a una velocidad de rotaci\u00f3n de 10 rpm.<\/p>\n<p><!-- CARACTER\u00cdSTICAS DETALLADAS Section --><\/p>\n<div style=\"font-weight:bold; text-transform:uppercase; border-bottom:2px solid #9DBB2F; padding-bottom:6px; margin-bottom:10px;\">\n  CARACTER\u00cdSTICAS\n<\/div>\n<table width=\"100%\" cellpadding=\"0\" cellspacing=\"0\" style=\"border-collapse:collapse; width:100%; max-width:100%;\">\n<tr>\n<th align=\"left\" style=\"background:#7A7A7A; color:#fff; padding:8px 12px; border:1px solid #BDBDBD;\">\n      CARACTER\u00cdSTICAS\n    <\/th>\n<th align=\"left\" style=\"background:#7A7A7A; color:#fff; padding:8px 12px; border:1px solid #BDBDBD;\">\n      VALORES\n    <\/th>\n<th align=\"left\" style=\"background:#7A7A7A; color:#fff; padding:8px 12px; border:1px solid #BDBDBD;\">\n      M\u00c9TODO DE PRUEBA\n    <\/th>\n<\/tr>\n<tr>\n<td style=\"padding:8px 12px; border:1px solid #BDBDBD;\">Clasificaci\u00f3n del flux<\/td>\n<td style=\"padding:8px 12px; border:1px solid #BDBDBD;\">ROL0<\/td>\n<td style=\"padding:8px 12px; border:1px solid #BDBDBD;\">ANSI\/J-STD-004<\/td>\n<\/tr>\n<tr style=\"background:#E6E6E6;\">\n<td style=\"padding:8px 12px; border:1px solid #BDBDBD;\">Clasificaci\u00f3n del flux<\/td>\n<td style=\"padding:8px 12px; border:1px solid #BDBDBD;\">113<\/td>\n<td style=\"padding:8px 12px; border:1px solid #BDBDBD;\">ISO 9454<\/td>\n<\/tr>\n<tr>\n<td style=\"padding:8px 12px; border:1px solid #BDBDBD;\">Ensayo de soldadura<\/td>\n<td style=\"padding:8px 12px; border:1px solid #BDBDBD;\">Pasar<\/td>\n<td style=\"padding:8px 12px; border:1px solid #BDBDBD;\">ANSI\/J-STD-005<\/td>\n<\/tr>\n<tr style=\"background:#E6E6E6;\">\n<td style=\"padding:8px 12px; border:1px solid #BDBDBD;\">Espejo de cobre<\/td>\n<td style=\"padding:8px 12px; border:1px solid #BDBDBD;\">Pasar<\/td>\n<td style=\"padding:8px 12px; border:1px solid #BDBDBD;\">ANSI\/J-STD-004<\/td>\n<\/tr>\n<tr>\n<td style=\"padding:8px 12px; border:1px solid #BDBDBD;\">Corrosi\u00f3n del cobre<\/td>\n<td style=\"padding:8px 12px; border:1px solid #BDBDBD;\">Pasar<\/td>\n<td style=\"padding:8px 12px; border:1px solid #BDBDBD;\">ANSI\/J-STD-004<\/td>\n<\/tr>\n<tr style=\"background:#E6E6E6;\">\n<td style=\"padding:8px 12px; border:1px solid #BDBDBD;\">SIR (IPC)<\/td>\n<td style=\"padding:8px 12px; border:1px solid #BDBDBD;\">Pasar<\/td>\n<td style=\"padding:8px 12px; border:1px solid #BDBDBD;\">ANSI\/J-STD-004<\/td>\n<\/tr>\n<tr>\n<td style=\"padding:8px 12px; border:1px solid #BDBDBD;\">SIR (Bellcore)<\/td>\n<td style=\"padding:8px 12px; border:1px solid #BDBDBD;\">Pasar<\/td>\n<td style=\"padding:8px 12px; border:1px solid #BDBDBD;\">Bellcore<\/td>\n<\/tr>\n<tr style=\"background:#E6E6E6;\">\n<td style=\"padding:8px 12px; border:1px solid #BDBDBD;\">Electromigraci\u00f3n (IPC \/ Bellcore)<\/td>\n<td style=\"padding:8px 12px; border:1px solid #BDBDBD;\">Pasar<\/td>\n<td style=\"padding:8px 12px; border:1px solid #BDBDBD;\">ANSI\/J-STD-004 \/ Bellcore<\/td>\n<\/tr>\n<tr>\n<td style=\"padding:8px 12px; border:1px solid #BDBDBD;\">Prueba Bono Corrosion (85\u00b0C \/ 85% HR \u2013 15 d\u00edas)<\/td>\n<td style=\"padding:8px 12px; border:1px solid #BDBDBD;\">Pasar: Factor de corrosi\u00f3n <8%<\/td>\n<td style=\"padding:8px 12px; border:1px solid #BDBDBD;\">Procedimiento Inventec<\/td>\n<\/tr>\n<\/table>\n","protected":false},"excerpt":{"rendered":"<ul>\n<li>Pasta de soldadura de aleaci\u00f3n sin plomo Sac305<\/li>\n<li>No hay proceso de impresi\u00f3n limpia de smt<\/li>\n<li>Rendimiento global equilibrado y sin hal\u00f3genos<\/li>\n<\/ul>\n","protected":false},"featured_media":2228,"comment_status":"closed","ping_status":"closed","template":"","meta":{"_acf_changed":false,"inline_featured_image":false},"product_brand":[],"product_cat":[2879],"product_tag":[1352,1331,5199,5088,1501,1287,5191,5215,5092,5155,5168,5169,5195,5084,4005,5211,5231,5219,1688,4006,5248,5251],"class_list":{"0":"post-9706","1":"product","2":"type-product","3":"status-publish","4":"has-post-thumbnail","6":"product_cat-soluciones-de-pasta-de-soldadura-para-ensamblaje-de-pcbs-de-alto-volumen","7":"product_tag-305-es","8":"product_tag-305-16-es","9":"product_tag-aleacion-sac-305","10":"product_tag-aleacion-sin-plomo","11":"product_tag-ecorel-free-305-16-es","12":"product_tag-free-es","13":"product_tag-impresion","14":"product_tag-pasta-de-soldadura-es","15":"product_tag-pasta-de-soldadura-sin-plomo","16":"product_tag-polvo","17":"product_tag-polvo-tipo-3","18":"product_tag-polvo-tipo-4","19":"product_tag-sac-305","20":"product_tag-sin-plomo","21":"product_tag-smt-es","22":"product_tag-soldadura-smt-es","23":"product_tag-soldadura-tht-es","24":"product_tag-t3","25":"product_tag-t4-es","26":"product_tag-tht-es","27":"product_tag-tipo-3","28":"product_tag-tipo-4","29":"pa_application-soldadura-smt-tht","30":"pa_brand-ecorel-es-2","31":"pa_features-aleacion-sac-305","32":"pa_features-aleacion-sin-plomo","33":"pa_features-polvo-tipo-3-4","34":"pa_processes-impresion","35":"pa_product-category-pastas-de-soldadura","37":"first","38":"instock","39":"shipping-taxable","40":"product-type-simple"},"acf":[],"_links":{"self":[{"href":"https:\/\/www.inventec.dehon.com\/es\/wp-json\/wp\/v2\/product\/9706","targetHints":{"allow":["GET"]}}],"collection":[{"href":"https:\/\/www.inventec.dehon.com\/es\/wp-json\/wp\/v2\/product"}],"about":[{"href":"https:\/\/www.inventec.dehon.com\/es\/wp-json\/wp\/v2\/types\/product"}],"replies":[{"embeddable":true,"href":"https:\/\/www.inventec.dehon.com\/es\/wp-json\/wp\/v2\/comments?post=9706"}],"wp:featuredmedia":[{"embeddable":true,"href":"https:\/\/www.inventec.dehon.com\/es\/wp-json\/wp\/v2\/media\/2228"}],"wp:attachment":[{"href":"https:\/\/www.inventec.dehon.com\/es\/wp-json\/wp\/v2\/media?parent=9706"}],"wp:term":[{"taxonomy":"product_brand","embeddable":true,"href":"https:\/\/www.inventec.dehon.com\/es\/wp-json\/wp\/v2\/product_brand?post=9706"},{"taxonomy":"product_cat","embeddable":true,"href":"https:\/\/www.inventec.dehon.com\/es\/wp-json\/wp\/v2\/product_cat?post=9706"},{"taxonomy":"product_tag","embeddable":true,"href":"https:\/\/www.inventec.dehon.com\/es\/wp-json\/wp\/v2\/product_tag?post=9706"}],"curies":[{"name":"wp","href":"https:\/\/api.w.org\/{rel}","templated":true}]}}