{"id":9702,"date":"2021-06-21T08:20:21","date_gmt":"2021-06-21T08:20:21","guid":{"rendered":"https:\/\/www.inventec.dehon.com\/product\/ecorel-easy-802s\/"},"modified":"2025-07-15T11:48:02","modified_gmt":"2025-07-15T11:48:02","slug":"ecorel-easy-802s","status":"publish","type":"product","link":"https:\/\/www.inventec.dehon.com\/es\/product\/ecorel-easy-802s\/","title":{"rendered":"ECOREL EASY 802S"},"content":{"rendered":"<h2 style=\"color: #9bc947; margin-bottom: 15px;\">Pasta de soldadura con plomo<\/h2>\n<ul>\n<li>Pasta de soldadura con plomo Sn62Pb36Ag2<\/li>\n<li>Proceso de impresi\u00f3n SMT no limpio<\/li>\n<li>Impresi\u00f3n de paso fino<\/li>\n<\/ul>\n<h5>ECOREL EASY 802S<\/h5>\n<p><img decoding=\"async\" class=\"alignleft\" style=\"border-radius: 5px; margin-top: 10px; margin-bottom: 10px;\" src=\"https:\/\/www.inventec.dehon.com\/wp-content\/uploads\/2021\/06\/ECOREL-EASY-802S-803S-solder-paste.jpg\" alt=\"ECOREL EASY 802S\" width=\"150\" \/>Se trata de una pasta de soldar que no se limpia, desarrollada para la impresi\u00f3n de paso fino. Aplicado mediante rasquetas o cabezal cerrado, el dep\u00f3sito tiene una definici\u00f3n muy n\u00edtida incluso despu\u00e9s de varias horas de abandono en la plantilla. Sus propiedades reol\u00f3gicas son adecuadas para el proceso \u00abpin in paste\u00bb. <strong>ECOREL EASY 802S<\/strong> combina la aleaci\u00f3n Sn62Pb36Ag2 con la fiable qu\u00edmica de la gama Ecorel.<\/p>\n<p>Las aleaciones que contienen plomo son perfectas para soportar las constantes fluctuaciones de temperatura (de -40 a &gt;130 Celcius). Sin embargo, el uso de soldaduras con plomo es limitado debido al impacto medioambiental del plomo. <\/p>\n<p>Se hacen excepciones para la electr\u00f3nica de automoci\u00f3n, aeroespacial y de defensa. Inventec puede ayudarle a proponer una alternativa sin plomo basada en su aplicaci\u00f3n espec\u00edfica.<\/p>\n","protected":false},"excerpt":{"rendered":"<ul>\n<li>Pasta de soldadura con plomo Sn62Pb36Ag2<\/li>\n<li>Proceso de impresi\u00f3n SMT no limpio<\/li>\n<li>Impresi\u00f3n de paso fino<\/li>\n<\/ul>\n","protected":false},"featured_media":3490,"comment_status":"closed","ping_status":"closed","template":"","meta":{"_acf_changed":false,"inline_featured_image":false},"product_brand":[],"product_cat":[905,2873],"product_tag":[1713,1652,1712],"class_list":{"0":"post-9702","1":"product","2":"type-product","3":"status-publish","4":"has-post-thumbnail","6":"industries-equipos-medico-y-escaneres","7":"product_cat-sin-categoria","8":"product_cat-soluciones-de-pasta-de-soldadura-de-alta-fiabilidad","9":"product_tag-802s-es","10":"product_tag-easy-es","11":"product_tag-ecorel-easy-802s-es","13":"first","14":"instock","15":"shipping-taxable","16":"product-type-simple"},"acf":[],"_links":{"self":[{"href":"https:\/\/www.inventec.dehon.com\/es\/wp-json\/wp\/v2\/product\/9702","targetHints":{"allow":["GET"]}}],"collection":[{"href":"https:\/\/www.inventec.dehon.com\/es\/wp-json\/wp\/v2\/product"}],"about":[{"href":"https:\/\/www.inventec.dehon.com\/es\/wp-json\/wp\/v2\/types\/product"}],"replies":[{"embeddable":true,"href":"https:\/\/www.inventec.dehon.com\/es\/wp-json\/wp\/v2\/comments?post=9702"}],"wp:featuredmedia":[{"embeddable":true,"href":"https:\/\/www.inventec.dehon.com\/es\/wp-json\/wp\/v2\/media\/3490"}],"wp:attachment":[{"href":"https:\/\/www.inventec.dehon.com\/es\/wp-json\/wp\/v2\/media?parent=9702"}],"wp:term":[{"taxonomy":"product_brand","embeddable":true,"href":"https:\/\/www.inventec.dehon.com\/es\/wp-json\/wp\/v2\/product_brand?post=9702"},{"taxonomy":"product_cat","embeddable":true,"href":"https:\/\/www.inventec.dehon.com\/es\/wp-json\/wp\/v2\/product_cat?post=9702"},{"taxonomy":"product_tag","embeddable":true,"href":"https:\/\/www.inventec.dehon.com\/es\/wp-json\/wp\/v2\/product_tag?post=9702"}],"curies":[{"name":"wp","href":"https:\/\/api.w.org\/{rel}","templated":true}]}}