{"id":4919,"date":"2021-09-06T07:28:35","date_gmt":"2021-09-06T07:28:35","guid":{"rendered":"https:\/\/www.inventec.dehon.com\/product\/promosolv-sili\/"},"modified":"2026-01-16T15:01:22","modified_gmt":"2026-01-16T14:01:22","slug":"promosolv-sili","status":"publish","type":"product","link":"https:\/\/www.inventec.dehon.com\/es\/product\/promosolv-sili\/","title":{"rendered":"PROMOSOLV SILI"},"content":{"rendered":"<p><img decoding=\"async\" src=\"https:\/\/www.inventec.dehon.com\/wp-content\/uploads\/2021\/03\/PROMOSOLV-drum-colorless-Ecoprog-600x600.png\" alt=\"PROMOSOLV SILI\" class=\"responsive-img\" align=\"right\" style=\"border-radius:10px; margin-bottom:10px; margin-top:-10px; margin-left:15px; width:300px\" \/><\/p>\n<h2 style=\"color: #9bc947; margin-bottom: 15px;\">Mejor desengrasante para aceites de silicona<\/h2>\n<ul>\n<li>Desengrasante para aceites de silicona y portador de dep\u00f3sitos de silicona<\/li>\n<li>Proceso en fase de vapor (monosolvente)<\/li>\n<li>Excelente rendimiento de limpieza y bajo impacto HSE<\/li>\n<\/ul>\n<h5>PROMOSOLV SILI<\/h5>\n<p>Se trata de una formulaci\u00f3n patentada de metoxinonafluorobutano (C4F9OCH3) y metilsiloxano, transparente, incolora y con un ligero olor, dise\u00f1ado para sustituir a los disolventes existentes que tienen un PAO y para ser utilizado en las operaciones de limpieza con ultrasonidos. Su alto punto de ebullici\u00f3n y su baj\u00edsima tensi\u00f3n superficial, proporcionan al <strong>PROMOSOLV SILI<\/strong> unas caracter\u00edsticas sobresalientes<\/p>\n<p>Se dedica a eliminar los aceites a base de silicona utilizados principalmente en la industria m\u00e9dica. Tambi\u00e9n puede actuar como soporte para el dep\u00f3sito de siliconas en las superficies (por ejemplo, el dep\u00f3sito de silicona en las agujas para reducir la fricci\u00f3n y, por tanto, las molestias al insertar la aguja en el cuerpo humano).<\/p>\n<p><!-- SPECIFICATIONS Section --><\/p>\n<div style=\"font-weight:bold; text-transform:uppercase; border-bottom:2px solid #9DBB2F; padding-bottom:6px; margin-bottom:10px;\">\n  ESPECIFICACIONES\n<\/div>\n<table width=\"100%\" cellpadding=\"0\" cellspacing=\"0\" style=\"border-collapse:collapse; width:100%; max-width:100%;\">\n<tr>\n<th align=\"left\" style=\"background:#7A7A7A; color:#fff; padding:8px 12px; border:1px solid #BDBDBD;\">Caracter\u00edsticas<\/th>\n<th align=\"left\" style=\"background:#7A7A7A; color:#fff; padding:8px 12px; border:1px solid #BDBDBD;\">Unidades<\/th>\n<th align=\"left\" style=\"background:#7A7A7A; color:#fff; padding:8px 12px; border:1px solid #BDBDBD;\">M\u00e9todos<\/th>\n<th align=\"left\" style=\"background:#7A7A7A; color:#fff; padding:8px 12px; border:1px solid #BDBDBD;\">Valores<\/th>\n<\/tr>\n<tr>\n<td style=\"padding:8px 12px; border:1px solid #BDBDBD;\">Aspecto<\/td>\n<td style=\"padding:8px 12px; border:1px solid #BDBDBD;\">Visual<\/td>\n<td style=\"padding:8px 12px; border:1px solid #BDBDBD;\">&#8211;<\/td>\n<td style=\"padding:8px 12px; border:1px solid #BDBDBD;\">L\u00edquido, incoloro<\/td>\n<\/tr>\n<tr style=\"background:#E6E6E6;\">\n<td style=\"padding:8px 12px; border:1px solid #BDBDBD;\">Densidad (a 20\u00b0C)<\/td>\n<td style=\"padding:8px 12px; border:1px solid #BDBDBD;\">kg\/cm\u00b3<\/td>\n<td style=\"padding:8px 12px; border:1px solid #BDBDBD;\">ASTM D 4052<\/td>\n<td style=\"padding:8px 12px; border:1px solid #BDBDBD;\">1,05<\/td>\n<\/tr>\n<tr>\n<td style=\"padding:8px 12px; border:1px solid #BDBDBD;\">Pureza<\/td>\n<td style=\"padding:8px 12px; border:1px solid #BDBDBD;\">%<\/td>\n<td style=\"padding:8px 12px; border:1px solid #BDBDBD;\">&#8211;<\/td>\n<td style=\"padding:8px 12px; border:1px solid #BDBDBD;\">99,8<\/td>\n<\/tr>\n<tr style=\"background:#E6E6E6;\">\n<td style=\"padding:8px 12px; border:1px solid #BDBDBD;\">Residuos no vol\u00e1tiles<\/td>\n<td style=\"padding:8px 12px; border:1px solid #BDBDBD;\">ppm<\/td>\n<td style=\"padding:8px 12px; border:1px solid #BDBDBD;\">&#8211;<\/td>\n<td style=\"padding:8px 12px; border:1px solid #BDBDBD;\">&lt; 2<\/td>\n<\/tr>\n<\/table>\n<p><!-- CHARACTERISTICS Section --><\/p>\n<div style=\"font-weight:bold; text-transform:uppercase; border-bottom:2px solid #9DBB2F; padding-bottom:6px; margin:30px 0 10px 0;\">\n  CARACTER\u00cdSTICAS\n<\/div>\n<table width=\"100%\" cellpadding=\"0\" cellspacing=\"0\" style=\"border-collapse:collapse; width:100%; max-width:100%;\">\n<tr>\n<th align=\"left\" style=\"background:#7A7A7A; color:#fff; padding:8px 12px; border:1px solid #BDBDBD;\">Tipos<\/th>\n<th align=\"left\" style=\"background:#7A7A7A; color:#fff; padding:8px 12px; border:1px solid #BDBDBD;\">Unidades<\/th>\n<th align=\"left\" style=\"background:#7A7A7A; color:#fff; padding:8px 12px; border:1px solid #BDBDBD;\">M\u00e9todos<\/th>\n<th align=\"left\" style=\"background:#7A7A7A; color:#fff; padding:8px 12px; border:1px solid #BDBDBD;\">Valores<\/th>\n<\/tr>\n<tr>\n<td style=\"padding:8px 12px; border:1px solid #BDBDBD;\">Punto de inflamabilidad (PMCC)<\/td>\n<td style=\"padding:8px 12px; border:1px solid #BDBDBD;\">\u00b0C<\/td>\n<td style=\"padding:8px 12px; border:1px solid #BDBDBD;\">ASTM D93<\/td>\n<td style=\"padding:8px 12px; border:1px solid #BDBDBD;\">Ninguno<\/td>\n<\/tr>\n<tr style=\"background:#E6E6E6;\">\n<td style=\"padding:8px 12px; border:1px solid #BDBDBD;\">Tensi\u00f3n superficial<\/td>\n<td style=\"padding:8px 12px; border:1px solid #BDBDBD;\">mN\/m<\/td>\n<td style=\"padding:8px 12px; border:1px solid #BDBDBD;\">&#8211;<\/td>\n<td style=\"padding:8px 12px; border:1px solid #BDBDBD;\">15<\/td>\n<\/tr>\n<tr>\n<td style=\"padding:8px 12px; border:1px solid #BDBDBD;\">Exposici\u00f3n promedio TLV<\/td>\n<td style=\"padding:8px 12px; border:1px solid #BDBDBD;\">ppm<\/td>\n<td style=\"padding:8px 12px; border:1px solid #BDBDBD;\">calculado<\/td>\n<td style=\"padding:8px 12px; border:1px solid #BDBDBD;\">400<\/td>\n<\/tr>\n<\/table>\n","protected":false},"excerpt":{"rendered":"<ul>\n<li>Desengrasante para aceites de silicona y portador de dep\u00f3sitos de silicona<\/li>\n<li>Proceso en fase de vapor (monosolvente)<\/li>\n<li>Excelente rendimiento de limpieza y bajo impacto HSE<\/li>\n<\/ul>\n","protected":false},"featured_media":2278,"comment_status":"closed","ping_status":"closed","template":"","meta":{"_acf_changed":false,"inline_featured_image":false},"product_brand":[],"product_cat":[2901,616],"product_tag":[4725,4335,4283,4757,4705,4395,4769,4186,1829,2638,2639,4761],"class_list":{"0":"post-4919","1":"product","2":"type-product","3":"status-publish","4":"has-post-thumbnail","6":"industries-agujas","7":"industries-medica","8":"product_cat-eliminacion-de-aceite-en-diversos-componentes-metalicos","9":"product_cat-limpieza","10":"product_tag-agujas","11":"product_tag-bajo-impacto-hse","12":"product_tag-co-disolvente","13":"product_tag-deposito-de-silicona","14":"product_tag-desengrasante-para-aceite-de-silicona","15":"product_tag-eliminacion-de-aceite-es","16":"product_tag-fase-de-vapor","17":"product_tag-fluidos-de-limpieza-con-solvente","18":"product_tag-promosolv-es","19":"product_tag-promosolv-sili-es","20":"product_tag-sili-es","21":"product_tag-silicona-en-la-aguja","22":"pa_application-eliminacion-de-aceites","23":"pa_brand-promosolv-es-2","24":"pa_processes-co-solvente","25":"pa_product-category-fluidos-de-limpieza-con-solvente","27":"first","28":"instock","29":"shipping-taxable","30":"product-type-simple"},"acf":[],"_links":{"self":[{"href":"https:\/\/www.inventec.dehon.com\/es\/wp-json\/wp\/v2\/product\/4919","targetHints":{"allow":["GET"]}}],"collection":[{"href":"https:\/\/www.inventec.dehon.com\/es\/wp-json\/wp\/v2\/product"}],"about":[{"href":"https:\/\/www.inventec.dehon.com\/es\/wp-json\/wp\/v2\/types\/product"}],"replies":[{"embeddable":true,"href":"https:\/\/www.inventec.dehon.com\/es\/wp-json\/wp\/v2\/comments?post=4919"}],"wp:featuredmedia":[{"embeddable":true,"href":"https:\/\/www.inventec.dehon.com\/es\/wp-json\/wp\/v2\/media\/2278"}],"wp:attachment":[{"href":"https:\/\/www.inventec.dehon.com\/es\/wp-json\/wp\/v2\/media?parent=4919"}],"wp:term":[{"taxonomy":"product_brand","embeddable":true,"href":"https:\/\/www.inventec.dehon.com\/es\/wp-json\/wp\/v2\/product_brand?post=4919"},{"taxonomy":"product_cat","embeddable":true,"href":"https:\/\/www.inventec.dehon.com\/es\/wp-json\/wp\/v2\/product_cat?post=4919"},{"taxonomy":"product_tag","embeddable":true,"href":"https:\/\/www.inventec.dehon.com\/es\/wp-json\/wp\/v2\/product_tag?post=4919"}],"curies":[{"name":"wp","href":"https:\/\/api.w.org\/{rel}","templated":true}]}}