{"id":31815,"date":"2025-09-17T08:39:19","date_gmt":"2025-09-17T08:39:19","guid":{"rendered":"https:\/\/www.inventec.dehon.com\/?post_type=product&#038;p=31815"},"modified":"2026-03-02T13:38:46","modified_gmt":"2026-03-02T12:38:46","slug":"topklean-mc-105","status":"publish","type":"product","link":"https:\/\/www.inventec.dehon.com\/es\/product\/topklean-mc-105\/","title":{"rendered":"TOPKLEAN MC 105"},"content":{"rendered":"<p><img decoding=\"async\" src=\"https:\/\/www.inventec.dehon.com\/wp-content\/uploads\/2021\/03\/TOPKLEAN-canister-yellow-1-600x600.jpg\" alt=\"TOPKLEAN MC 105\" class=\"responsive-img\" align=\"right\" style=\"border-radius:10px; margin-bottom:10px; margin-top:-10px; margin-left:15px; width:300px\" \/><\/p>\n<h2 style=\"color:#9bc947; margin-bottom:15px\">Deshidrataci\u00f3n de precisi\u00f3n para un rendimiento de secado impecable<\/h2>\n<ul>\n<li>Fluido hidrofugante<\/li>\n<li>Proceso de secado con solvente<\/li>\n<li>Separaci\u00f3n r\u00e1pida<\/li>\n<\/ul>\n<h5>TOPKLEAN MC 105<\/h5>\n<p>Es un fluido deshidratante a base de hidrocarburos dise\u00f1ado para eliminar r\u00e1pidamente el agua, incluso de las zonas de dif\u00edcil acceso, de las piezas limpias despu\u00e9s del enjuague con agua y antes del secado con disolvente. Tambi\u00e9n puede utilizarse como etapa simple de deshidrataci\u00f3n antes del escurrido, sin necesidad de emplear un solvente de secado, con el fin de eliminar el riesgo de corrosi\u00f3n entre etapas del proceso de transformaci\u00f3n met\u00e1lica.<\/p>\n<p>El secado con disolvente es una alternativa al secado por aire caliente y consume considerablemente menos energ\u00eda. Garantiza que no quedan residuos de agua sobre las piezas. El fluido de dewatering desplaza el agua por gravedad, que se acumula en el fondo del tanque. A continuaci\u00f3n, se retira el agua mediante el drenaje inferior del tanque.<\/p>\n<p>Es compatible con todos los metales y la mayor\u00eda de los pl\u00e1sticos utilizados en la industria.<\/p>\n<p><strong>TOPKLEAN MC 105<\/strong> est\u00e1 homologado y es utilizado por empresas de los sectores de la micromec\u00e1nica, el lujo, la industria aeroespacial y la automoci\u00f3n.<\/p>\n<p><!-- SECCI\u00d3N DE ESPECIFICACIONES --><\/p>\n<div style=\"font-weight:bold; text-transform:uppercase; border-bottom:2px solid #9DBB2F; padding-bottom:6px; margin-bottom:10px;\">\n  ESPECIFICACIONES\n<\/div>\n<table width=\"100%\" cellpadding=\"0\" cellspacing=\"0\" style=\"border-collapse:collapse; width:100%; max-width:100%;\">\n<tr>\n<th align=\"left\" style=\"background:#7A7A7A; color:#fff; padding:8px 12px; border:1px solid #BDBDBD;\">ESPECIFICACIONES<\/th>\n<th align=\"left\" style=\"background:#7A7A7A; color:#fff; padding:8px 12px; border:1px solid #BDBDBD;\">VALORES<\/th>\n<th align=\"left\" style=\"background:#7A7A7A; color:#fff; padding:8px 12px; border:1px solid #BDBDBD;\">M\u00c9TODOS<\/th>\n<\/tr>\n<tr>\n<td style=\"padding:8px 12px; border:1px solid #BDBDBD;\">Aspecto<\/td>\n<td style=\"padding:8px 12px; border:1px solid #BDBDBD;\">Transparente, incoloro<\/td>\n<td style=\"padding:8px 12px; border:1px solid #BDBDBD;\">Visual<\/td>\n<\/tr>\n<tr style=\"background:#E6E6E6;\">\n<td style=\"padding:8px 12px; border:1px solid #BDBDBD;\">Densidad a 15\u00b0C<\/td>\n<td style=\"padding:8px 12px; border:1px solid #BDBDBD;\">0,750 \u2013 0,775<\/td>\n<td style=\"padding:8px 12px; border:1px solid #BDBDBD;\">DIN 51757<\/td>\n<\/tr>\n<\/table>\n<p><!-- SECCI\u00d3N DE CARACTER\u00cdSTICAS --><\/p>\n<div style=\"font-weight:bold; text-transform:uppercase; border-bottom:2px solid #9DBB2F; padding-bottom:6px; margin:30px 0 10px 0;\">\n  CARACTER\u00cdSTICAS\n<\/div>\n<table width=\"100%\" cellpadding=\"0\" cellspacing=\"0\" style=\"border-collapse:collapse; width:100%; max-width:100%;\">\n<tr>\n<th align=\"left\" style=\"background:#7A7A7A; color:#fff; padding:8px 12px; border:1px solid #BDBDBD;\">CARACTER\u00cdSTICAS<\/th>\n<th align=\"left\" style=\"background:#7A7A7A; color:#fff; padding:8px 12px; border:1px solid #BDBDBD;\">VALORES<\/th>\n<th align=\"left\" style=\"background:#7A7A7A; color:#fff; padding:8px 12px; border:1px solid #BDBDBD;\">M\u00c9TODOS<\/th>\n<\/tr>\n<tr>\n<td style=\"padding:8px 12px; border:1px solid #BDBDBD;\">Punto de inflamaci\u00f3n (PMCC)<\/td>\n<td style=\"padding:8px 12px; border:1px solid #BDBDBD;\">60\u00b0C \/ 140\u00b0F<\/td>\n<td style=\"padding:8px 12px; border:1px solid #BDBDBD;\">ASTM D93<\/td>\n<\/tr>\n<tr style=\"background:#E6E6E6;\">\n<td style=\"padding:8px 12px; border:1px solid #BDBDBD;\">Viscosidad (mm\u00b2\/s a 25\u00b0C)<\/td>\n<td style=\"padding:8px 12px; border:1px solid #BDBDBD;\">2,5 mm\u00b2\/s<\/td>\n<td style=\"padding:8px 12px; border:1px solid #BDBDBD;\">ASTM D445<\/td>\n<\/tr>\n<tr>\n<td style=\"padding:8px 12px; border:1px solid #BDBDBD;\">Tensi\u00f3n superficial (dynes\/cm a 20\u00b0C)<\/td>\n<td style=\"padding:8px 12px; border:1px solid #BDBDBD;\">23<\/td>\n<td style=\"padding:8px 12px; border:1px solid #BDBDBD;\">ASTM D971<\/td>\n<\/tr>\n<tr style=\"background:#E6E6E6;\">\n<td style=\"padding:8px 12px; border:1px solid #BDBDBD;\">\u00cdndice de refracci\u00f3n<\/td>\n<td style=\"padding:8px 12px; border:1px solid #BDBDBD;\">1,42<\/td>\n<td style=\"padding:8px 12px; border:1px solid #BDBDBD;\">ASTM D1218<\/td>\n<\/tr>\n<tr>\n<td style=\"padding:8px 12px; border:1px solid #BDBDBD;\">COV<\/td>\n<td style=\"padding:8px 12px; border:1px solid #BDBDBD;\">762 g\/L<\/td>\n<td style=\"padding:8px 12px; border:1px solid #BDBDBD;\"><\/td>\n<\/tr>\n<\/table>\n","protected":false},"excerpt":{"rendered":"<ul>\n<li>Fluido hidrofugante<\/li>\n<li>Proceso de secado con solvente<\/li>\n<li>Separaci\u00f3n r\u00e1pida<\/li>\n<\/ul>\n","protected":false},"featured_media":24451,"comment_status":"closed","ping_status":"closed","template":"","meta":{"_acf_changed":false,"inline_featured_image":false},"product_brand":[],"product_cat":[616,2900],"product_tag":[5734,4243,4271,588,4186,4247,4275,4351,4291,2163,5735,4347,4295,4447,5733],"class_list":{"0":"post-31815","1":"product","2":"type-product","3":"status-publish","4":"has-post-thumbnail","6":"product_cat-limpieza","7":"product_cat-soluciones-de-solventes-para-secado","8":"product_tag-5734","9":"product_tag-aeroespacial-es","10":"product_tag-automotriz","11":"product_tag-fluido","12":"product_tag-fluidos-de-limpieza-con-solvente","13":"product_tag-industria-aeroespacial-es","14":"product_tag-industria-automotriz","15":"product_tag-industria-de-micromecanica","16":"product_tag-liquidos-de-deshidratacion","17":"product_tag-mc-es","18":"product_tag-mc-105","19":"product_tag-micromecanica","20":"product_tag-secado","21":"product_tag-secado-con-solvente","22":"product_tag-topklean-mc-105","23":"pa_brand-topklean-es-2","24":"pa_features-adecuado-para-hidrocarburos","25":"pa_product-category-fluidos-de-limpieza-con-solvente","26":"pa_product-category-fluidos-deshidratantes","28":"first","29":"instock","30":"shipping-taxable","31":"product-type-simple"},"acf":[],"_links":{"self":[{"href":"https:\/\/www.inventec.dehon.com\/es\/wp-json\/wp\/v2\/product\/31815","targetHints":{"allow":["GET"]}}],"collection":[{"href":"https:\/\/www.inventec.dehon.com\/es\/wp-json\/wp\/v2\/product"}],"about":[{"href":"https:\/\/www.inventec.dehon.com\/es\/wp-json\/wp\/v2\/types\/product"}],"replies":[{"embeddable":true,"href":"https:\/\/www.inventec.dehon.com\/es\/wp-json\/wp\/v2\/comments?post=31815"}],"wp:featuredmedia":[{"embeddable":true,"href":"https:\/\/www.inventec.dehon.com\/es\/wp-json\/wp\/v2\/media\/24451"}],"wp:attachment":[{"href":"https:\/\/www.inventec.dehon.com\/es\/wp-json\/wp\/v2\/media?parent=31815"}],"wp:term":[{"taxonomy":"product_brand","embeddable":true,"href":"https:\/\/www.inventec.dehon.com\/es\/wp-json\/wp\/v2\/product_brand?post=31815"},{"taxonomy":"product_cat","embeddable":true,"href":"https:\/\/www.inventec.dehon.com\/es\/wp-json\/wp\/v2\/product_cat?post=31815"},{"taxonomy":"product_tag","embeddable":true,"href":"https:\/\/www.inventec.dehon.com\/es\/wp-json\/wp\/v2\/product_tag?post=31815"}],"curies":[{"name":"wp","href":"https:\/\/api.w.org\/{rel}","templated":true}]}}