{"id":31631,"date":"2025-09-12T09:37:29","date_gmt":"2025-09-12T09:37:29","guid":{"rendered":"https:\/\/www.inventec.dehon.com\/?post_type=product&#038;p=31631"},"modified":"2026-03-16T14:36:26","modified_gmt":"2026-03-16T13:36:26","slug":"promosolv-de1","status":"publish","type":"product","link":"https:\/\/www.inventec.dehon.com\/es\/product\/promosolv-de1\/","title":{"rendered":"PROMOSOLV DE1"},"content":{"rendered":"<p><img decoding=\"async\" src=\"https:\/\/www.inventec.dehon.com\/wp-content\/uploads\/2021\/03\/PROMOSOLV-drum-colorless-Ecoprog-600x600.png\" alt=\"PROMOSOLV DE1\" class=\"responsive-img\" align=\"right\" style=\"border-radius:10px; margin-bottom:10px; margin-top:-10px; margin-left:15px; width:300px\" \/><\/p>\n<h2 style=\"color: #9bc947; margin-bottom: 15px;\">Disolvente para eliminar aceite y grasa<\/h2>\n<ul>\n<li>Eliminaci\u00f3n de una amplia gama de contaminantes\n<li>Proceso en fase vapor<\/li>\n<li>Alternativa a 3M Novec 71DE<\/li>\n<\/ul>\n<h6>PROMOSOLV DE1<\/h6>\n<p>Se ha desarrollado como sustituto directo del tricloroetileno, NPB y de otros disolventes de alto impacto en la salud, la seguridad y el medioambiente. El poder desengrasante est\u00e1 al mismo nivel pero se reduce sustancialmente el impacto HSE. La muy baja tensi\u00f3n superficial permite penetrar en espacios muy estrechos o de dif\u00edcil acceso, proporcionando una limpieza y un aclarado profundos.<\/p>\n<p>Est\u00e1 dedicado a eliminar la mayor\u00eda de tipos de aceites y grasas, excepcto los lubricantes a base de agua. Adem\u00e1s es adecuado para eliminar part\u00edculas. Dependiendo de la naturaleza de los materiales polimerizados, tambi\u00e9n se pueden eliminar algunos barnices, adhesivos, tintas y pinturas. Adem\u00e1s, es equivalente al ya descatalogado Novec 71DE , ya que tiene la misma proporci\u00f3n de componentes y las mismas propiedades.<\/p>\n<p>Compatible con todos los metales y aleaciones, incluidos los muy sensibles. Tambi\u00e9n tiene buena compatibilidad con la mayor\u00eda de los pl\u00e1sticos y elast\u00f3meros, aunque debe hacerse una prueba antes de usarlo.<\/p>\n<p><strong>PROMOSOLV DE1<\/strong> est\u00e1 formulado pensando en la seguridad. Su composici\u00f3n tiene excelentes propiedades supresoras de la inflamabilidad y su formulaci\u00f3n es casi azeotr\u00f3pica, lo que proporciona una estabilidad muy alta al usarlo en un equipo. Algunos productos del mercado pueden perder su compuesto supresor de la inflamabilidad debido a la evaporaci\u00f3n cuando se utilizan en un equipo.<\/p>\n<div style=\"font-family:Lato, sans-serif; color:#333;\">\n<p>  <!-- ESPECIFICACIONES --><\/p>\n<div style=\"font-weight:bold; text-transform:uppercase; border-bottom:2px solid #9DBB2F; padding-bottom:6px; margin-bottom:10px;\">\n    ESPECIFICACIONES\n  <\/div>\n<table width=\"100%\" cellpadding=\"0\" cellspacing=\"0\" style=\"border-collapse:collapse; width:100%; max-width:100%;\">\n<tr>\n<th align=\"left\" style=\"background:#7A7A7A; color:#fff; padding:8px 12px; border:1px solid #BDBDBD;\">ESPECIFICACIONES<\/th>\n<th align=\"left\" style=\"background:#7A7A7A; color:#fff; padding:8px 12px; border:1px solid #BDBDBD;\">VALORES<\/th>\n<th align=\"left\" style=\"background:#7A7A7A; color:#fff; padding:8px 12px; border:1px solid #BDBDBD;\">M\u00c9TODOS<\/th>\n<\/tr>\n<tr>\n<td style=\"padding:8px 12px; border:1px solid #BDBDBD;\">Aspecto<\/td>\n<td style=\"padding:8px 12px; border:1px solid #BDBDBD;\">Transparente, incoloro<\/td>\n<td style=\"padding:8px 12px; border:1px solid #BDBDBD;\">Visual<\/td>\n<\/tr>\n<tr style=\"background:#E6E6E6;\">\n<td style=\"padding:8px 12px; border:1px solid #BDBDBD;\">\u00c9ter metoxi-nonafluorobutano<\/td>\n<td style=\"padding:8px 12px; border:1px solid #BDBDBD;\">50,0% \u00b1 1,0<\/td>\n<td style=\"padding:8px 12px; border:1px solid #BDBDBD;\">Interior \/ BRY-MO-121<\/td>\n<\/tr>\n<tr>\n<td style=\"padding:8px 12px; border:1px solid #BDBDBD;\">1,2- Transdicloroetileno<\/td>\n<td style=\"padding:8px 12px; border:1px solid #BDBDBD;\">50,0% \u00b1 1,0<\/td>\n<td style=\"padding:8px 12px; border:1px solid #BDBDBD;\">Interior \/ BRY-MO-121<\/td>\n<\/tr>\n<\/table>\n<p>  <!-- CARACTER\u00cdSTICAS --><\/p>\n<div style=\"font-weight:bold; text-transform:uppercase; border-bottom:2px solid #9DBB2F; padding-bottom:6px; margin:30px 0 10px 0;\">\n    CARACTER\u00cdSTICAS\n  <\/div>\n<table width=\"100%\" cellpadding=\"0\" cellspacing=\"0\" style=\"border-collapse:collapse; width:100%; max-width:100%;\">\n<tr>\n<th align=\"left\" style=\"background:#7A7A7A; color:#fff; padding:8px 12px; border:1px solid #BDBDBD;\">CARACTER\u00cdSTICAS<\/th>\n<th align=\"left\" style=\"background:#7A7A7A; color:#fff; padding:8px 12px; border:1px solid #BDBDBD;\">VALORES<\/th>\n<\/tr>\n<tr>\n<td style=\"padding:8px 12px; border:1px solid #BDBDBD;\">Punto de ebullici\u00f3n (\u00b0C\/\u00b0F)<\/td>\n<td style=\"padding:8px 12px; border:1px solid #BDBDBD;\">41 \/ 106<\/td>\n<\/tr>\n<tr style=\"background:#E6E6E6;\">\n<td style=\"padding:8px 12px; border:1px solid #BDBDBD;\">Tensi\u00f3n superficial (dinas\/cm)<\/td>\n<td style=\"padding:8px 12px; border:1px solid #BDBDBD;\">16,6<\/td>\n<\/tr>\n<tr>\n<td style=\"padding:8px 12px; border:1px solid #BDBDBD;\">Punto de inflamabilidad<\/td>\n<td style=\"padding:8px 12px; border:1px solid #BDBDBD;\">Ninguno<\/td>\n<\/tr>\n<tr style=\"background:#E6E6E6;\">\n<td style=\"padding:8px 12px; border:1px solid #BDBDBD;\">Densidad (g\/cm3)<\/td>\n<td style=\"padding:8px 12px; border:1px solid #BDBDBD;\">1,37<\/td>\n<\/tr>\n<tr>\n<td style=\"padding:8px 12px; border:1px solid #BDBDBD;\">Pureza (% peso)<\/td>\n<td style=\"padding:8px 12px; border:1px solid #BDBDBD;\">&gt;99,5<\/td>\n<\/tr>\n<tr style=\"background:#E6E6E6;\">\n<td style=\"padding:8px 12px; border:1px solid #BDBDBD;\">Viscosidad din\u00e1mica (mPa.s @25\u00b0C)<\/td>\n<td style=\"padding:8px 12px; border:1px solid #BDBDBD;\">0,43<\/td>\n<\/tr>\n<tr>\n<td style=\"padding:8px 12px; border:1px solid #BDBDBD;\">Presi\u00f3n de vapor (kPa @ 25\u00b0C)<\/td>\n<td style=\"padding:8px 12px; border:1px solid #BDBDBD;\">51<\/td>\n<\/tr>\n<\/table>\n<\/div>\n","protected":false},"excerpt":{"rendered":"<ul>\n<li>Eliminaci\u00f3n de una amplia gama de contaminantes\n<li>Proceso en fase vapor<\/li>\n<li>Alternativa a 3M Novec 71DE<\/li>\n<\/ul>\n<p><a href=\"https:\/\/www.inventec.dehon.com\/wp-content\/uploads\/2025\/09\/GW-Score-42.png\"><img decoding=\"async\" class=\"alignnone size-full wp-image-17026\" src=\"https:\/\/www.inventec.dehon.com\/wp-content\/uploads\/2025\/09\/GW-Score-42.png\" alt=\"GW Score 42\" width=\"334\" \/><\/a><\/p>\n","protected":false},"featured_media":2278,"comment_status":"closed","ping_status":"closed","template":"","meta":{"_acf_changed":false,"inline_featured_image":false},"product_brand":[],"product_cat":[2902,2901,762,616],"product_tag":[3684,4395,4323,4411,4796,4769,4186,4371,3683,4600],"class_list":{"0":"post-31631","1":"product","2":"type-product","3":"status-publish","4":"has-post-thumbnail","6":"product_cat-desengrase-de-diversos-componentes-metalicos","7":"product_cat-eliminacion-de-aceite-en-diversos-componentes-metalicos","8":"product_cat-eliminacion-de-particulas","9":"product_cat-limpieza","10":"product_tag-de1-es","11":"product_tag-eliminacion-de-aceite-es","12":"product_tag-eliminacion-de-grasa-es","13":"product_tag-eliminacion-de-particulas-es","14":"product_tag-enjuague","15":"product_tag-fase-de-vapor","16":"product_tag-fluidos-de-limpieza-con-solvente","17":"product_tag-mono-disolvente","18":"product_tag-promosolv-de1-es","19":"product_tag-reciclable","20":"pa_application-eliminacion-de-aceites","21":"pa_application-eliminacion-de-grasas","22":"pa_application-eliminacion-de-particulas","23":"pa_brand-promosolv-es-2","24":"pa_features-adecuado-para-hidrocarburos","25":"pa_features-reciclable","26":"pa_processes-enjuagando","27":"pa_processes-mono-solvente","28":"pa_product-category-fluidos-de-limpieza-con-solvente","30":"first","31":"instock","32":"shipping-taxable","33":"product-type-simple"},"acf":[],"_links":{"self":[{"href":"https:\/\/www.inventec.dehon.com\/es\/wp-json\/wp\/v2\/product\/31631","targetHints":{"allow":["GET"]}}],"collection":[{"href":"https:\/\/www.inventec.dehon.com\/es\/wp-json\/wp\/v2\/product"}],"about":[{"href":"https:\/\/www.inventec.dehon.com\/es\/wp-json\/wp\/v2\/types\/product"}],"replies":[{"embeddable":true,"href":"https:\/\/www.inventec.dehon.com\/es\/wp-json\/wp\/v2\/comments?post=31631"}],"wp:featuredmedia":[{"embeddable":true,"href":"https:\/\/www.inventec.dehon.com\/es\/wp-json\/wp\/v2\/media\/2278"}],"wp:attachment":[{"href":"https:\/\/www.inventec.dehon.com\/es\/wp-json\/wp\/v2\/media?parent=31631"}],"wp:term":[{"taxonomy":"product_brand","embeddable":true,"href":"https:\/\/www.inventec.dehon.com\/es\/wp-json\/wp\/v2\/product_brand?post=31631"},{"taxonomy":"product_cat","embeddable":true,"href":"https:\/\/www.inventec.dehon.com\/es\/wp-json\/wp\/v2\/product_cat?post=31631"},{"taxonomy":"product_tag","embeddable":true,"href":"https:\/\/www.inventec.dehon.com\/es\/wp-json\/wp\/v2\/product_tag?post=31631"}],"curies":[{"name":"wp","href":"https:\/\/api.w.org\/{rel}","templated":true}]}}