{"id":31533,"date":"2025-09-11T07:29:25","date_gmt":"2025-09-11T07:29:25","guid":{"rendered":"https:\/\/www.inventec.dehon.com\/?post_type=product&#038;p=31533"},"modified":"2026-03-16T14:45:33","modified_gmt":"2026-03-16T13:45:33","slug":"thermasolv-cf6","status":"publish","type":"product","link":"https:\/\/www.inventec.dehon.com\/es\/product\/thermasolv-cf6\/","title":{"rendered":"THERMASOLV CF6"},"content":{"rendered":"<p><img decoding=\"async\" src=\"https:\/\/www.inventec.dehon.com\/wp-content\/uploads\/2023\/09\/Thermasolv-Greenway-600x600.jpg\" alt=\"THERMASOLV CF6\" class=\"responsive-img\" align=\"right\" style=\"border-radius:10px; margin-bottom:10px; margin-top:-10px; margin-left:15px; width:300px\" \/><\/p>\n<h2 style=\"color:#9bc947; margin-bottom:15px\">Fluidos refrigerantes diel\u00e9ctricos para dispositivos electr\u00f3nicos y el\u00e9ctricos<\/h2>\n<ul>\n<li>Caloportador diel\u00e9ctrico<\/li>\n<li>Punto de ebullici\u00f3n: 158\u00b0C\/316\u00b0F<\/li>\n<li>Alta temperatura de operaci\u00f3n<\/li>\n<\/ul>\n<h5>THERMASOLV CF6<\/h5>\n<p>Es un fluido diel\u00e9ctrico para transferencia de calor, dedicado a sistemas de inmersi\u00f3n de una sola fase o de enfriamiento directo. Sus altas propiedades de aislamiento el\u00e9ctrico permiten sumergir dispositivos electr\u00f3nicos y el\u00e9ctricos bajo tensi\u00f3n en el fluido. Las caracter\u00edsticas favorables de viscosidad, densidad y tensi\u00f3n superficial del producto permiten un contacto superficial \u00f3ptimo, lo que contribuye a un rendimiento superior de transferencia de calor.<\/p>\n<p>La excelente compatibilidad con todos los metales, una amplia gama de pl\u00e1sticos y elast\u00f3meros, y la estabilidad qu\u00edmica del fluido hacen que <strong>THERMASOLV CF6<\/strong> sea un fluido ideal para la refrigeraci\u00f3n por inmersi\u00f3n.<\/p>\n<p>La naturaleza qu\u00edmica de <strong>THERMASOLV CF6<\/strong> tambi\u00e9n lo convierte en un producto adecuado como agente adhesivo para el proceso de soldadura de uni\u00f3n de troqueles en preformas. Es f\u00e1cil de pulverizar y no deja residuos despu\u00e9s de la evaporaci\u00f3n en la etapa de refusi\u00f3n.<\/p>\n<p><strong>THERMASOLV CF6<\/strong> est\u00e1 formulado pensando en la seguridad. No es t\u00f3xico, no contiene ninguna frase EUH, no es inflamable y no tiene punto de inflamaci\u00f3n.<\/p>\n<p><!-- ESPECIFICACIONES Section --><\/p>\n<div style=\"font-weight:bold; border-bottom:2px solid #9DBB2F; padding-bottom:6px; margin-bottom:10px;\">\n  ESPECIFICACIONES\n<\/div>\n<table width=\"100%\" cellpadding=\"0\" cellspacing=\"0\" style=\"border-collapse:collapse; width:100%; max-width:100%;\">\n<tr>\n<th align=\"left\" style=\"background:#7A7A7A; color:#fff; padding:8px 12px; border:1px solid #BDBDBD;\">ESPECIFICACIONES<\/th>\n<th align=\"left\" style=\"background:#7A7A7A; color:#fff; padding:8px 12px; border:1px solid #BDBDBD;\">VALORES<\/th>\n<th align=\"left\" style=\"background:#7A7A7A; color:#fff; padding:8px 12px; border:1px solid #BDBDBD;\">M\u00c9TODOS<\/th>\n<\/tr>\n<tr>\n<td style=\"padding:8px 12px; border:1px solid #BDBDBD;\">Aspecto<\/td>\n<td style=\"padding:8px 12px; border:1px solid #BDBDBD;\">Incoloro, claro<\/td>\n<td style=\"padding:8px 12px; border:1px solid #BDBDBD;\">Visual<\/td>\n<\/tr>\n<tr style=\"background:#E6E6E6;\">\n<td style=\"padding:8px 12px; border:1px solid #BDBDBD;\">Pureza (%)<\/td>\n<td style=\"padding:8px 12px; border:1px solid #BDBDBD;\">>99,5<\/td>\n<td style=\"padding:8px 12px; border:1px solid #BDBDBD;\">Interno \/ MO.SB.10033<\/td>\n<\/tr>\n<\/table>\n<p><!-- CARACTER\u00cdSTICAS Section --><\/p>\n<div style=\"font-weight:bold; border-bottom:2px solid #9DBB2F; padding-bottom:6px; margin:30px 0 10px 0;\">\n  CARACTER\u00cdSTICAS\n<\/div>\n<table width=\"100%\" cellpadding=\"0\" cellspacing=\"0\" style=\"border-collapse:collapse; width:100%; max-width:100%;\">\n<tr>\n<th align=\"left\" style=\"background:#7A7A7A; color:#fff; padding:8px 12px; border:1px solid #BDBDBD;\">CARACTER\u00cdSTICAS<\/th>\n<th align=\"left\" style=\"background:#7A7A7A; color:#fff; padding:8px 12px; border:1px solid #BDBDBD;\">VALORES<\/th>\n<\/tr>\n<tr>\n<td style=\"padding:8px 12px; border:1px solid #BDBDBD;\">Punto de inflamabilidad<\/td>\n<td style=\"padding:8px 12px; border:1px solid #BDBDBD;\">No<\/td>\n<\/tr>\n<tr style=\"background:#E6E6E6;\">\n<td style=\"padding:8px 12px; border:1px solid #BDBDBD;\">Punto de ebullici\u00f3n<\/td>\n<td style=\"padding:8px 12px; border:1px solid #BDBDBD;\">158\u00b0C\/316\u00b0F<\/td>\n<\/tr>\n<tr>\n<td style=\"padding:8px 12px; border:1px solid #BDBDBD;\">Punto de fluidez<\/td>\n<td style=\"padding:8px 12px; border:1px solid #BDBDBD;\">-60\u00b0C\/-76\u00b0F<\/td>\n<\/tr>\n<tr style=\"background:#E6E6E6;\">\n<td style=\"padding:8px 12px; border:1px solid #BDBDBD;\">Presi\u00f3n de vapor (kPa @20\u00b0C)<\/td>\n<td style=\"padding:8px 12px; border:1px solid #BDBDBD;\">3.7<\/td>\n<\/tr>\n<tr>\n<td style=\"padding:8px 12px; border:1px solid #BDBDBD;\">Densidad del l\u00edquido (Kg\/m3 a 20\u00b0C)<\/td>\n<td style=\"padding:8px 12px; border:1px solid #BDBDBD;\">1810<\/td>\n<\/tr>\n<tr style=\"background:#E6E6E6;\">\n<td style=\"padding:8px 12px; border:1px solid #BDBDBD;\">Viscosidad cinem\u00e1tica (cSt @20\u00b0C)<\/td>\n<td style=\"padding:8px 12px; border:1px solid #BDBDBD;\">3.0<\/td>\n<\/tr>\n<tr>\n<td style=\"padding:8px 12px; border:1px solid #BDBDBD;\">Calor espec\u00edfico (J\/kg-K @25\u00b0C)<\/td>\n<td style=\"padding:8px 12px; border:1px solid #BDBDBD;\">1151<\/td>\n<\/tr>\n<tr style=\"background:#E6E6E6;\">\n<td style=\"padding:8px 12px; border:1px solid #BDBDBD;\">Tensi\u00f3n superficial (dinas\/cm\u00b2)<\/td>\n<td style=\"padding:8px 12px; border:1px solid #BDBDBD;\">17<\/td>\n<\/tr>\n<tr>\n<td style=\"padding:8px 12px; border:1px solid #BDBDBD;\">Rigidez diel\u00e9ctrica (kV)<\/td>\n<td style=\"padding:8px 12px; border:1px solid #BDBDBD;\">40<\/td>\n<\/tr>\n<tr style=\"background:#E6E6E6;\">\n<td style=\"padding:8px 12px; border:1px solid #BDBDBD;\">Constante diel\u00e9ctrica @1kHz<\/td>\n<td style=\"padding:8px 12px; border:1px solid #BDBDBD;\">4.75<\/td>\n<\/tr>\n<tr>\n<td style=\"padding:8px 12px; border:1px solid #BDBDBD;\">Resistividad (Ohm-cm)<\/td>\n<td style=\"padding:8px 12px; border:1px solid #BDBDBD;\">>1.00E+11<\/td>\n<\/tr>\n<tr style=\"background:#E6E6E6;\">\n<td style=\"padding:8px 12px; border:1px solid #BDBDBD;\">Conductividad t\u00e9rmica (W\/m-K)<\/td>\n<td style=\"padding:8px 12px; border:1px solid #BDBDBD;\">0.066<\/td>\n<\/tr>\n<\/table>\n","protected":false},"excerpt":{"rendered":"<ul>\n<li>Caloportador diel\u00e9ctrico<\/li>\n<li>Punto de ebullici\u00f3n: 158\u00b0C\/316\u00b0F<\/li>\n<li>Alta temperatura de operaci\u00f3n<\/li>\n<\/ul>\n<p><a href=\"https:\/\/www.inventec.dehon.com\/wp-content\/uploads\/2021\/05\/GW-Score-27.png\"><img decoding=\"async\" class=\"alignnone size-full wp-image-16185\" src=\"https:\/\/www.inventec.dehon.com\/wp-content\/uploads\/2021\/05\/GW-Score-27.png\" alt=\"Greenway Score 27\" width=\"278\" \/><\/a><\/p>\n","protected":false},"featured_media":15871,"comment_status":"closed","ping_status":"closed","template":"","meta":{"_acf_changed":false,"inline_featured_image":false},"product_brand":[],"product_cat":[1268,1211],"product_tag":[4515,4612,4560,4552,4564,3612,4556,4531,4544,4536,4604,4327,4467,4608,4600,4519,4596,3611],"class_list":{"0":"post-31533","1":"product","2":"type-product","3":"status-publish","4":"has-post-thumbnail","6":"product_cat-enfriadores","7":"product_cat-refrigeracion","8":"product_tag-1-fase","9":"product_tag-a-base-de-disolvente","10":"product_tag-alto-punto-de-congelacion","11":"product_tag-alto-punto-de-ebullicion","12":"product_tag-alto-punto-de-solidificacion","13":"product_tag-cf6-es","14":"product_tag-ebullicion-alta","15":"product_tag-enfriadores","16":"product_tag-fluido-de-transferencia-de-calor","17":"product_tag-fluidos-dielectricos-de-transferencia-termica","18":"product_tag-grabado-de-semiconductores","19":"product_tag-greenway","20":"product_tag-gwp-ultrabajo","21":"product_tag-pruebas-de-semiconductores","22":"product_tag-reciclable","23":"product_tag-refrigeracion-de-1-fase","24":"product_tag-refrigeracion-monofasica","25":"product_tag-thermasolv-cf6-es","26":"pa_application-semiconductor-ataque","27":"pa_brand-thermasolv-es-2","28":"pa_features-a-base-de-disolvente","29":"pa_features-greenway","30":"pa_features-punto-de-ebullicion-alto-90-c","31":"pa_features-punto-de-fluidez-alto-100-c","32":"pa_features-reciclable","33":"pa_features-refrigeracion-monofasica","34":"pa_features-ultra-bajo-pca","35":"pa_processes-enfriadores","36":"pa_product-category-fluidos-dielectricos-de-transferencia-termica","38":"first","39":"instock","40":"shipping-taxable","41":"product-type-simple"},"acf":[],"_links":{"self":[{"href":"https:\/\/www.inventec.dehon.com\/es\/wp-json\/wp\/v2\/product\/31533","targetHints":{"allow":["GET"]}}],"collection":[{"href":"https:\/\/www.inventec.dehon.com\/es\/wp-json\/wp\/v2\/product"}],"about":[{"href":"https:\/\/www.inventec.dehon.com\/es\/wp-json\/wp\/v2\/types\/product"}],"replies":[{"embeddable":true,"href":"https:\/\/www.inventec.dehon.com\/es\/wp-json\/wp\/v2\/comments?post=31533"}],"wp:featuredmedia":[{"embeddable":true,"href":"https:\/\/www.inventec.dehon.com\/es\/wp-json\/wp\/v2\/media\/15871"}],"wp:attachment":[{"href":"https:\/\/www.inventec.dehon.com\/es\/wp-json\/wp\/v2\/media?parent=31533"}],"wp:term":[{"taxonomy":"product_brand","embeddable":true,"href":"https:\/\/www.inventec.dehon.com\/es\/wp-json\/wp\/v2\/product_brand?post=31533"},{"taxonomy":"product_cat","embeddable":true,"href":"https:\/\/www.inventec.dehon.com\/es\/wp-json\/wp\/v2\/product_cat?post=31533"},{"taxonomy":"product_tag","embeddable":true,"href":"https:\/\/www.inventec.dehon.com\/es\/wp-json\/wp\/v2\/product_tag?post=31533"}],"curies":[{"name":"wp","href":"https:\/\/api.w.org\/{rel}","templated":true}]}}