{"id":31240,"date":"2025-09-05T07:21:32","date_gmt":"2025-09-05T07:21:32","guid":{"rendered":"https:\/\/www.inventec.dehon.com\/?post_type=product&#038;p=31240"},"modified":"2026-03-16T14:36:03","modified_gmt":"2026-03-16T13:36:03","slug":"promosolv-de2","status":"publish","type":"product","link":"https:\/\/www.inventec.dehon.com\/es\/product\/promosolv-de2\/","title":{"rendered":"PROMOSOLV DE2"},"content":{"rendered":"<p><img decoding=\"async\" src=\"https:\/\/www.inventec.dehon.com\/wp-content\/uploads\/2021\/03\/PROMOSOLV-drum-colorless-Ecoprog-600x600.png\" alt=\"PROMOSOLV DE2\" class=\"responsive-img\" align=\"right\" style=\"border-radius:10px; margin-bottom:10px; margin-top:-10px; margin-left:15px; width:300px\" \/><\/p>\n<h2 style=\"color: #9bc947; margin-bottom: 15px;\">Solvente para la eliminaci\u00f3n de cera, part\u00edculas, aceite y grasa<\/h2>\n<ul>\n<li>Eliminaci\u00f3n de una amplia gama de contaminantes<\/li>\n<li>Proceso en fase vapor<\/li>\n<li>Alternativa a NOVEC\u2122 72DE<\/li>\n<\/ul>\n<h5>PROMOSOLV DE2<\/h5>\n<p>ha sido desarrollado como un reemplazo directo para el tricloroetileno, NPB y otros disolventes con un alto impacto en la salud, la seguridad y el medio ambiente. Al tiempo que se reduce sustancialmente el impacto HSE, el poder desengrasante se sit\u00faa en un nivel equivalente. La muy baja tensi\u00f3n superficial permite penetrar espacios muy estrechos o de dif\u00edcil acceso, proporcionando una limpieza y enjuague profundo.<\/p>\n<p>Est\u00e1 dedicado a eliminar la mayor\u00eda de aceites y grasas, con excepci\u00f3n de los lubricantes a base de agua. Adem\u00e1s, es adecuado para eliminar ceras y part\u00edculas. Dependiendo de la naturaleza de los materiales polimerizados, tambi\u00e9n se podr\u00edan eliminar algunos barnices, adhesivos, tintas y pinturas. Adem\u00e1s, es equivalente al <strong>eliminado Novec\u2122 72DE<\/strong> ya que tiene la misma proporci\u00f3n de componentes y las mismas propiedades.<\/p>\n<p>Compatible con todos los metales y aleaciones, incluidos los muy sensibles. Tambi\u00e9n tiene buena compatibilidad con la mayor\u00eda de los pl\u00e1sticos y elast\u00f3meros, aunque debe hacerse una prueba antes de usarlo.<\/p>\n<p><strong>PROMOSOLV DE2<\/strong> est\u00e1 formulado pensando en la seguridad. Su composici\u00f3n tiene excelentes propiedades supresoras de la inflamabilidad y su formulaci\u00f3n es casi azeotr\u00f3pica, lo que proporciona una estabilidad muy alta al usarlo en un equipo. Algunos productos del mercado pueden perder su compuesto supresor de la inflamabilidad debido a la evaporaci\u00f3n cuando se utilizan en un equipo.<\/p>\n<div style=\"font-family:Lato, sans-serif; color:#333;\">\n<p>  <!-- ESPECIFICACIONES Section --><\/p>\n<div style=\"font-weight:bold; text-transform:uppercase; border-bottom:2px solid #9DBB2F; padding-bottom:6px; margin-bottom:10px;\">\n    ESPECIFICACIONES\n  <\/div>\n<table width=\"100%\" cellpadding=\"0\" cellspacing=\"0\" style=\"border-collapse:collapse; width:100%; max-width:100%;\">\n<tr>\n<th align=\"left\" style=\"background:#7A7A7A; color:#fff; padding:8px 12px; border:1px solid #BDBDBD;\">ESPECIFICACIONES<\/th>\n<th align=\"left\" style=\"background:#7A7A7A; color:#fff; padding:8px 12px; border:1px solid #BDBDBD;\">VALORES<\/th>\n<th align=\"left\" style=\"background:#7A7A7A; color:#fff; padding:8px 12px; border:1px solid #BDBDBD;\">M\u00c9TODOS<\/th>\n<\/tr>\n<tr>\n<td style=\"padding:8px 12px; border:1px solid #BDBDBD;\">Aspecto<\/td>\n<td style=\"padding:8px 12px; border:1px solid #BDBDBD;\">Transparente, incoloro<\/td>\n<td style=\"padding:8px 12px; border:1px solid #BDBDBD;\">Visual<\/td>\n<\/tr>\n<tr style=\"background:#E6E6E6;\">\n<td style=\"padding:8px 12px; border:1px solid #BDBDBD;\">Pureza (% peso)<\/td>\n<td style=\"padding:8px 12px; border:1px solid #BDBDBD;\">&gt;99.5<\/td>\n<td style=\"padding:8px 12px; border:1px solid #BDBDBD;\">Interior \/ BRY-MO-121<\/td>\n<\/tr>\n<\/table>\n<p>  <!-- CARACTER\u00cdSTICAS Section --><\/p>\n<div style=\"font-weight:bold; text-transform:uppercase; border-bottom:2px solid #9DBB2F; padding-bottom:6px; margin:30px 0 10px 0;\">\n    CARACTER\u00cdSTICAS\n  <\/div>\n<table width=\"100%\" cellpadding=\"0\" cellspacing=\"0\" style=\"border-collapse:collapse; width:100%; max-width:100%;\">\n<tr>\n<th align=\"left\" style=\"background:#7A7A7A; color:#fff; padding:8px 12px; border:1px solid #BDBDBD;\">CARACTER\u00cdSTICAS<\/th>\n<th align=\"left\" style=\"background:#7A7A7A; color:#fff; padding:8px 12px; border:1px solid #BDBDBD;\">VALORES<\/th>\n<\/tr>\n<tr>\n<td style=\"padding:8px 12px; border:1px solid #BDBDBD;\">Punto de ebullici\u00f3n<\/td>\n<td style=\"padding:8px 12px; border:1px solid #BDBDBD;\">44\u00b0C\/111\u00b0F<\/td>\n<\/tr>\n<tr style=\"background:#E6E6E6;\">\n<td style=\"padding:8px 12px; border:1px solid #BDBDBD;\">Tensi\u00f3n superficial (dinas\/cm)<\/td>\n<td style=\"padding:8px 12px; border:1px solid #BDBDBD;\">19<\/td>\n<\/tr>\n<tr>\n<td style=\"padding:8px 12px; border:1px solid #BDBDBD;\">Punto de inflamabilidad<\/td>\n<td style=\"padding:8px 12px; border:1px solid #BDBDBD;\">Ninguno<\/td>\n<\/tr>\n<tr style=\"background:#E6E6E6;\">\n<td style=\"padding:8px 12px; border:1px solid #BDBDBD;\">Densidad (g\/cm3)<\/td>\n<td style=\"padding:8px 12px; border:1px solid #BDBDBD;\">1,28<\/td>\n<\/tr>\n<tr>\n<td style=\"padding:8px 12px; border:1px solid #BDBDBD;\">Viscosidad (cSt)<\/td>\n<td style=\"padding:8px 12px; border:1px solid #BDBDBD;\">0.35<\/td>\n<\/tr>\n<tr style=\"background:#E6E6E6;\">\n<td style=\"padding:8px 12px; border:1px solid #BDBDBD;\">Calor de vaporizaci\u00f3n (Cal\/g al punto de ebullici\u00f3n)<\/td>\n<td style=\"padding:8px 12px; border:1px solid #BDBDBD;\">52<\/td>\n<\/tr>\n<\/table>\n<\/div>\n","protected":false},"excerpt":{"rendered":"<ul>\n<li>Eliminaci\u00f3n de una amplia gama de contaminantes<\/li>\n<li>Proceso en fase vapor<\/li>\n<li>Alternativa a NOVEC\u2122 72DE<\/li>\n<\/ul>\n<p><a href=\"https:\/\/www.inventec.dehon.com\/wp-content\/uploads\/2021\/04\/GW-Score-40-e1717773466307.png\"><img decoding=\"async\" class=\"alignnone size-full wp-image-17026\" src=\"https:\/\/www.inventec.dehon.com\/wp-content\/uploads\/2021\/04\/GW-Score-40-e1717773466307.png\" alt=\"\" width=\"334\" height=\"256\" \/><\/a><\/p>\n","protected":false},"featured_media":2278,"comment_status":"closed","ping_status":"closed","template":"","meta":{"_acf_changed":false,"inline_featured_image":false},"product_brand":[],"product_cat":[2902,2901,762,616,2906],"product_tag":[4483,5748,4395,4487,4323,4411,4769,588,4186,4371,5747,4600],"class_list":{"0":"post-31240","1":"product","2":"type-product","3":"status-publish","4":"has-post-thumbnail","6":"product_cat-desengrase-de-diversos-componentes-metalicos","7":"product_cat-eliminacion-de-aceite-en-diversos-componentes-metalicos","8":"product_cat-eliminacion-de-particulas","9":"product_cat-limpieza","10":"product_cat-proceso-de-eliminacion-de-cera","11":"product_tag-cera-es","12":"product_tag-de2","13":"product_tag-eliminacion-de-aceite-es","14":"product_tag-eliminacion-de-cera-es","15":"product_tag-eliminacion-de-grasa-es","16":"product_tag-eliminacion-de-particulas-es","17":"product_tag-fase-de-vapor","18":"product_tag-fluido","19":"product_tag-fluidos-de-limpieza-con-solvente","20":"product_tag-mono-disolvente","21":"product_tag-promosolv-de2","22":"product_tag-reciclable","23":"pa_application-eliminacion-de-aceites","24":"pa_application-eliminacion-de-cera","25":"pa_application-eliminacion-de-grasas","26":"pa_application-eliminacion-de-particulas","27":"pa_brand-promosolv-es-2","28":"pa_features-adecuado-para-hidrocarburos","29":"pa_features-reciclable","30":"pa_processes-mono-solvente","31":"pa_product-category-fluidos-de-limpieza-con-solvente","33":"first","34":"instock","35":"shipping-taxable","36":"product-type-simple"},"acf":[],"_links":{"self":[{"href":"https:\/\/www.inventec.dehon.com\/es\/wp-json\/wp\/v2\/product\/31240","targetHints":{"allow":["GET"]}}],"collection":[{"href":"https:\/\/www.inventec.dehon.com\/es\/wp-json\/wp\/v2\/product"}],"about":[{"href":"https:\/\/www.inventec.dehon.com\/es\/wp-json\/wp\/v2\/types\/product"}],"replies":[{"embeddable":true,"href":"https:\/\/www.inventec.dehon.com\/es\/wp-json\/wp\/v2\/comments?post=31240"}],"wp:featuredmedia":[{"embeddable":true,"href":"https:\/\/www.inventec.dehon.com\/es\/wp-json\/wp\/v2\/media\/2278"}],"wp:attachment":[{"href":"https:\/\/www.inventec.dehon.com\/es\/wp-json\/wp\/v2\/media?parent=31240"}],"wp:term":[{"taxonomy":"product_brand","embeddable":true,"href":"https:\/\/www.inventec.dehon.com\/es\/wp-json\/wp\/v2\/product_brand?post=31240"},{"taxonomy":"product_cat","embeddable":true,"href":"https:\/\/www.inventec.dehon.com\/es\/wp-json\/wp\/v2\/product_cat?post=31240"},{"taxonomy":"product_tag","embeddable":true,"href":"https:\/\/www.inventec.dehon.com\/es\/wp-json\/wp\/v2\/product_tag?post=31240"}],"curies":[{"name":"wp","href":"https:\/\/api.w.org\/{rel}","templated":true}]}}