{"id":30939,"date":"2025-09-01T09:19:04","date_gmt":"2025-09-01T09:19:04","guid":{"rendered":"https:\/\/www.inventec.dehon.com\/?post_type=product&#038;p=30939"},"modified":"2026-01-22T16:23:00","modified_gmt":"2026-01-22T15:23:00","slug":"promosolv-coat-diluent-10","status":"publish","type":"product","link":"https:\/\/www.inventec.dehon.com\/es\/product\/promosolv-coat-diluent-10\/","title":{"rendered":"PROMOSOLV COAT DILUENT 10"},"content":{"rendered":"<p><img decoding=\"async\" src=\"https:\/\/www.inventec.dehon.com\/wp-content\/uploads\/2025\/09\/Promosolv-Coat-Range-Jerrycan-600x600.jpg\" alt=\"PROMOSOLV COAT DILUENT 10\" class=\"responsive-img\" align=\"right\" style=\"border-radius:10px; margin-bottom:10px; margin-top:-10px; margin-left:15px; width:300px\" \/><\/p>\n<h2 style=\"color:#9bc947; margin-bottom:15px\">Disolvente portador de alto rendimiento para recubrimientos ultrafinos<\/h2>\n<ul>\n<li>Disolvente para diluci\u00f3n del recubrimiento UT10<\/li>\n<li>Proceso de inmersi\u00f3n y pulverizaci\u00f3n<\/li>\n<li>No inflamable<\/li>\n<\/ul>\n<h5>PROMOSOLV COAT DILUENT 10<\/h5>\n<p>se utiliza para diluir nuestros recubrimientos ultrafinos <a href=\"https:\/\/www.inventec.dehon.com\/es\/product\/promosolv-coat-ut10\/\">PROMOSOLV COAT UT10<\/a> y <a href=\"https:\/\/www.inventec.dehon.com\/es\/product\/promosolv-coat-ut10-uv\/\">PROMOSOLV COAT UT10-UV<\/a>. Se utiliza normalmente cuando el contenido en s\u00f3lidos es demasiado alto debido a la evaporaci\u00f3n del disolvente. Al a\u00f1adir <strong>DILUENT 10<\/strong>, el contenido de s\u00f3lidos disminuir\u00e1 y, por tanto, tambi\u00e9n el espesor del recubrimiento. <strong>PROMOSOLV COAT DILUENT 10<\/strong> tambi\u00e9n puede utilizarse para eliminar el revestimiento o para la limpieza de boquillas y equipos.<\/p>\n<p><!-- PROPIEDADES Section --><\/p>\n<div style=\"font-weight:bold; text-transform:uppercase; border-bottom:2px solid #9DBB2F; padding-bottom:6px; margin-bottom:10px;\">\n  PROPIEDADES\n<\/div>\n<table width=\"100%\" cellpadding=\"0\" cellspacing=\"0\" style=\"border-collapse:collapse; width:100%; max-width:100%;\">\n<tr>\n<th align=\"left\" style=\"background:#7A7A7A; color:#fff; padding:8px 12px; border:1px solid #BDBDBD;\">\n      Caracter\u00edsticas\n    <\/th>\n<th align=\"left\" style=\"background:#7A7A7A; color:#fff; padding:8px 12px; border:1px solid #BDBDBD;\">\n      PROMOSOLV COAT DILUENT 10\n    <\/th>\n<\/tr>\n<tr>\n<td style=\"padding:8px 12px; border:1px solid #BDBDBD;\">Naturaleza qu\u00edmica<\/td>\n<td style=\"padding:8px 12px; border:1px solid #BDBDBD;\">Fluoropol\u00edmero<\/td>\n<\/tr>\n<tr style=\"background:#E6E6E6;\">\n<td style=\"padding:8px 12px; border:1px solid #BDBDBD;\">Aspecto<\/td>\n<td style=\"padding:8px 12px; border:1px solid #BDBDBD;\">Transparente a ligeramente turbio<\/td>\n<\/tr>\n<tr>\n<td style=\"padding:8px 12px; border:1px solid #BDBDBD;\">Densidad (g\/cm\u00b3) a 20\u00b0C<\/td>\n<td style=\"padding:8px 12px; border:1px solid #BDBDBD;\">1,4<\/td>\n<\/tr>\n<tr style=\"background:#E6E6E6;\">\n<td style=\"padding:8px 12px; border:1px solid #BDBDBD;\">Tipo de disolvente<\/td>\n<td style=\"padding:8px 12px; border:1px solid #BDBDBD;\">Hidrofluoro\u00e9ter<\/td>\n<\/tr>\n<tr>\n<td style=\"padding:8px 12px; border:1px solid #BDBDBD;\">Punto de ebullici\u00f3n del disolvente<\/td>\n<td style=\"padding:8px 12px; border:1px solid #BDBDBD;\">61\u201376\u00b0C \/ 142\u2013169\u00b0F<\/td>\n<\/tr>\n<tr style=\"background:#E6E6E6;\">\n<td style=\"padding:8px 12px; border:1px solid #BDBDBD;\">Punto de inflamabilidad<\/td>\n<td style=\"padding:8px 12px; border:1px solid #BDBDBD;\">Ninguno<\/td>\n<\/tr>\n<tr>\n<td style=\"padding:8px 12px; border:1px solid #BDBDBD;\">Viscosidad (cSt)<\/td>\n<td style=\"padding:8px 12px; border:1px solid #BDBDBD;\">~1<\/td>\n<\/tr>\n<\/table>\n","protected":false},"excerpt":{"rendered":"<ul>\n<li>Disolvente para diluci\u00f3n del recubrimiento UT10<\/li>\n<li>Proceso de inmersi\u00f3n y pulverizaci\u00f3n<\/li>\n<li>No inflamable<\/li>\n<\/ul>\n","protected":false},"featured_media":30954,"comment_status":"closed","ping_status":"closed","template":"","meta":{"_acf_changed":false,"inline_featured_image":false},"product_brand":[],"product_cat":[810,859],"product_tag":[4640,4644,3073,4676,1733,3074,4664,4387,3072,4279,4455],"class_list":{"0":"post-30939","1":"product","2":"type-product","3":"status-publish","4":"has-post-thumbnail","6":"product_cat-proteccion","7":"product_cat-recubrimientos-ultrafinos","8":"product_tag-aplicar-por-inmersion","9":"product_tag-aplicar-por-pulverizacion-selectiva","10":"product_tag-coat-diluent-10-es","11":"product_tag-dilucion","12":"product_tag-diluent-es","13":"product_tag-diluent-10-es","14":"product_tag-diluyentes-es","15":"product_tag-no-inflamable","16":"product_tag-promosolv-coat-diluent-10-es","17":"product_tag-proteccion-es","18":"product_tag-spray","19":"pa_brand-promosolv-coat-es-2","20":"pa_processes-aplicacion-por-inmersion","21":"pa_processes-aplicacion-por-pulverizacion-selectiva","22":"pa_product-category-diluyentes","24":"first","25":"instock","26":"shipping-taxable","27":"product-type-simple"},"acf":[],"_links":{"self":[{"href":"https:\/\/www.inventec.dehon.com\/es\/wp-json\/wp\/v2\/product\/30939","targetHints":{"allow":["GET"]}}],"collection":[{"href":"https:\/\/www.inventec.dehon.com\/es\/wp-json\/wp\/v2\/product"}],"about":[{"href":"https:\/\/www.inventec.dehon.com\/es\/wp-json\/wp\/v2\/types\/product"}],"replies":[{"embeddable":true,"href":"https:\/\/www.inventec.dehon.com\/es\/wp-json\/wp\/v2\/comments?post=30939"}],"wp:featuredmedia":[{"embeddable":true,"href":"https:\/\/www.inventec.dehon.com\/es\/wp-json\/wp\/v2\/media\/30954"}],"wp:attachment":[{"href":"https:\/\/www.inventec.dehon.com\/es\/wp-json\/wp\/v2\/media?parent=30939"}],"wp:term":[{"taxonomy":"product_brand","embeddable":true,"href":"https:\/\/www.inventec.dehon.com\/es\/wp-json\/wp\/v2\/product_brand?post=30939"},{"taxonomy":"product_cat","embeddable":true,"href":"https:\/\/www.inventec.dehon.com\/es\/wp-json\/wp\/v2\/product_cat?post=30939"},{"taxonomy":"product_tag","embeddable":true,"href":"https:\/\/www.inventec.dehon.com\/es\/wp-json\/wp\/v2\/product_tag?post=30939"}],"curies":[{"name":"wp","href":"https:\/\/api.w.org\/{rel}","templated":true}]}}