{"id":29478,"date":"2025-06-23T12:18:53","date_gmt":"2025-06-23T12:18:53","guid":{"rendered":"https:\/\/www.inventec.dehon.com\/?post_type=product&#038;p=29478"},"modified":"2026-03-16T14:35:55","modified_gmt":"2026-03-16T13:35:55","slug":"promosolv-dr3-bo","status":"publish","type":"product","link":"https:\/\/www.inventec.dehon.com\/es\/product\/promosolv-dr3-bo\/","title":{"rendered":"PROMOSOLV DR3\/BO"},"content":{"rendered":"<p><img decoding=\"async\" src=\"https:\/\/www.inventec.dehon.com\/wp-content\/uploads\/2021\/03\/PROMOSOLV-drum-colorless-Ecoprog-600x600.png\" alt=\"PROMOSOLV DR3\/BO\" class=\"responsive-img\" align=\"right\" style=\"border-radius:10px; margin-bottom:10px; margin-top:-10px; margin-left:15px; width:300px\" \/><\/p>\n<h2 style=\"color:#9bc947; margin-bottom:15px\">Disolvente para limpieza y enjuague ligera<\/h2>\n<ul>\n<li>Limpiza ligera<\/li>\n<li>Proceso Co-Solvente<\/li>\n<li>NVR Ultra Bajo<\/li>\n<li>Aprobado seg\u00fan Boeing DPM8853<\/li>\n<li>Cumple con la norma A-A-59150<\/li>\n<li>Reemplazo del 3M Novec 7100<\/li>\n<\/ul>\n<h5>PROMOSOLV DR3\/BO<\/h5>\n<p>Es un fluido de limpieza a base de solvente no inflamable, dedicado a la limpieza ligera y la eliminaci\u00f3n de part\u00edculas.<\/p>\n<p>Tiene las mismas propiedades qu\u00edmicas que <a href=\"https:\/\/www.inventec.dehon.com\/es\/product\/promosolv-dr3\/\">PROMOSOLV DR3<\/a> pero con el beneficio adicional de tener un NVR ultra bajo. Esto lo hace especialmente adecuado para la limpieza o enjuague de aplicaciones muy sensibles como los sistemas de suministro de ox\u00edgeno y la fabricaci\u00f3n de discos duros.<\/p>\n<p>La tensi\u00f3n superficial muy baja permite la penetraci\u00f3n en espacios estrechos o de dif\u00edcil acceso, asegurando una limpieza profunda y completa.<\/p>\n<p><strong>PROMOSOLV DR3\/BO<\/strong> es compatible con todos los metales y aleaciones, incluyendo los muy sensibles. Tambi\u00e9n tiene buena compatibilidad con la mayor\u00eda de los pl\u00e1sticos y elast\u00f3meros, aunque debe hacerse una prueba antes de usarlo.<\/p>\n<p><strong>PROMOSOLV DR3\/BO<\/strong> ha sido aprobado por Boeing Space y cumple con la especificaci\u00f3n NPFC &#8211; A-A-59150 Cleaning Compound, Solvent, Hydrofluoroether (HFE) y Boeing DPM 8853.<\/p>\n<p>Normalmente, puede utilizarse para la <strong>limpieza de herramientas de ox\u00edgeno<\/strong>, <strong>limpieza de man\u00f3metros de sistemas de ox\u00edgeno<\/strong>, <strong>sistemas de almacenamiento y suministro de ox\u00edgeno<\/strong>, <strong>verificaci\u00f3n y limpieza de sistemas de ox\u00edgeno en naves espaciales<\/strong>, aplicaciones en aviaci\u00f3n y comando de misiles, sistemas de aire comprimido a bordo de barcos, deposici\u00f3n de lubricantes y aditivos lubricantes en medios de discos duros, limpieza de ensamblajes de cabezales gimbal, eliminaci\u00f3n de part\u00edculas en dispositivos de alta fiabilidad y equipos de conteo de part\u00edculas.<\/p>\n<div style=\"font-family:Lato, sans-serif; color:#333;\">\n<p>  <!-- ESPECIFICACIONES Section --><\/p>\n<div style=\"font-weight:bold; text-transform:uppercase; border-bottom:2px solid #9DBB2F; padding-bottom:6px; margin-bottom:10px;\">\n    ESPECIFICACIONES\n  <\/div>\n<table width=\"100%\" cellpadding=\"0\" cellspacing=\"0\" style=\"border-collapse:collapse; width:100%; max-width:100%;\">\n<tr>\n<th align=\"left\" style=\"background:#7A7A7A; color:#fff; padding:8px 12px; border:1px solid #BDBDBD;\">ESPECIFICACIONES<\/th>\n<th align=\"left\" style=\"background:#7A7A7A; color:#fff; padding:8px 12px; border:1px solid #BDBDBD;\">VALORES<\/th>\n<th align=\"left\" style=\"background:#7A7A7A; color:#fff; padding:8px 12px; border:1px solid #BDBDBD;\">M\u00c9TODOS<\/th>\n<\/tr>\n<tr>\n<td style=\"padding:8px 12px; border:1px solid #BDBDBD;\">Aspecto<\/td>\n<td style=\"padding:8px 12px; border:1px solid #BDBDBD;\">Transparente, incoloro<\/td>\n<td style=\"padding:8px 12px; border:1px solid #BDBDBD;\">Visual<\/td>\n<\/tr>\n<tr style=\"background:#E6E6E6;\">\n<td style=\"padding:8px 12px; border:1px solid #BDBDBD;\">Pureza (% peso)<\/td>\n<td style=\"padding:8px 12px; border:1px solid #BDBDBD;\">>99.5<\/td>\n<td style=\"padding:8px 12px; border:1px solid #BDBDBD;\">Interior \/ BRY-MO-121<\/td>\n<\/tr>\n<tr>\n<td style=\"padding:8px 12px; border:1px solid #BDBDBD;\">Contenido de agua (ppm en peso)<\/td>\n<td style=\"padding:8px 12px; border:1px solid #BDBDBD;\"><50<\/td>\n<td style=\"padding:8px 12px; border:1px solid #BDBDBD;\">Interno \/ BRY-MO-044<\/td>\n<\/tr>\n<tr style=\"background:#E6E6E6;\">\n<td style=\"padding:8px 12px; border:1px solid #BDBDBD;\">Residuo no vol\u00e1til (mg\/L)<\/td>\n<td style=\"padding:8px 12px; border:1px solid #BDBDBD;\"><1<\/td>\n<td style=\"padding:8px 12px; border:1px solid #BDBDBD;\">Interno \/ BRY-MO-131<\/td>\n<\/tr>\n<tr>\n<td style=\"padding:8px 12px; border:1px solid #BDBDBD;\">\u00cdndice de acidez (mgKOH\/g)<\/td>\n<td style=\"padding:8px 12px; border:1px solid #BDBDBD;\"><0.01<\/td>\n<td style=\"padding:8px 12px; border:1px solid #BDBDBD;\">Interno \/ BRY-MO-042<\/td>\n<\/tr>\n<tr style=\"background:#E6E6E6;\">\n<td style=\"padding:8px 12px; border:1px solid #BDBDBD;\">Part\u00edculas<\/td>\n<td style=\"padding:8px 12px; border:1px solid #BDBDBD;\">\n        &gt;5micras : &lt;3\/ml<br \/>\n        &gt;1micra : &lt;5\/ml<br \/>\n        &gt;1\/2 micra : &lt;16\/ml\n      <\/td>\n<td style=\"padding:8px 12px; border:1px solid #BDBDBD;\">Interno \/ BRY-MO-125<\/td>\n<\/tr>\n<\/table>\n<p>  <!-- CARACTER\u00cdSTICAS Section --><\/p>\n<div style=\"font-weight:bold; text-transform:uppercase; border-bottom:2px solid #9DBB2F; padding-bottom:6px; margin:30px 0 10px 0;\">\n    CARACTER\u00cdSTICAS\n  <\/div>\n<table width=\"100%\" cellpadding=\"0\" cellspacing=\"0\" style=\"border-collapse:collapse; width:100%; max-width:100%;\">\n<tr>\n<th align=\"left\" style=\"background:#7A7A7A; color:#fff; padding:8px 12px; border:1px solid #BDBDBD;\">CARACTER\u00cdSTICAS<\/th>\n<th align=\"left\" style=\"background:#7A7A7A; color:#fff; padding:8px 12px; border:1px solid #BDBDBD;\">VALORES<\/th>\n<\/tr>\n<tr>\n<td style=\"padding:8px 12px; border:1px solid #BDBDBD;\">Punto de ebullici\u00f3n<\/td>\n<td style=\"padding:8px 12px; border:1px solid #BDBDBD;\">61\u00b0C\/142\u00b0F<\/td>\n<\/tr>\n<tr style=\"background:#E6E6E6;\">\n<td style=\"padding:8px 12px; border:1px solid #BDBDBD;\">Punto de congelaci\u00f3n<\/td>\n<td style=\"padding:8px 12px; border:1px solid #BDBDBD;\">-135\u00b0C\/-211\u00b0F<\/td>\n<\/tr>\n<tr>\n<td style=\"padding:8px 12px; border:1px solid #BDBDBD;\">Punto de inflamaci\u00f3n<\/td>\n<td style=\"padding:8px 12px; border:1px solid #BDBDBD;\">No<\/td>\n<\/tr>\n<tr style=\"background:#E6E6E6;\">\n<td style=\"padding:8px 12px; border:1px solid #BDBDBD;\">Densidad (g\/cm3)<\/td>\n<td style=\"padding:8px 12px; border:1px solid #BDBDBD;\">1.52<\/td>\n<\/tr>\n<tr>\n<td style=\"padding:8px 12px; border:1px solid #BDBDBD;\">Tensi\u00f3n superficial (dinas\/cm)<\/td>\n<td style=\"padding:8px 12px; border:1px solid #BDBDBD;\">13.6<\/td>\n<\/tr>\n<tr style=\"background:#E6E6E6;\">\n<td style=\"padding:8px 12px; border:1px solid #BDBDBD;\">Presi\u00f3n de vapor (mm Hg)<\/td>\n<td style=\"padding:8px 12px; border:1px solid #BDBDBD;\">202<\/td>\n<\/tr>\n<tr>\n<td style=\"padding:8px 12px; border:1px solid #BDBDBD;\">Viscosidad din\u00e1mica (mPa.s)<\/td>\n<td style=\"padding:8px 12px; border:1px solid #BDBDBD;\">0.75<\/td>\n<\/tr>\n<tr style=\"background:#E6E6E6;\">\n<td style=\"padding:8px 12px; border:1px solid #BDBDBD;\">Calor latente de vaporizaci\u00f3n (kJ\/Kg@bp)<\/td>\n<td style=\"padding:8px 12px; border:1px solid #BDBDBD;\">112<\/td>\n<\/tr>\n<tr>\n<td style=\"padding:8px 12px; border:1px solid #BDBDBD;\">Calor espec\u00edfico (kJ\/Kg.K)<\/td>\n<td style=\"padding:8px 12px; border:1px solid #BDBDBD;\">1.17<\/td>\n<\/tr>\n<\/table>\n<\/div>\n","protected":false},"excerpt":{"rendered":"<ul>\n<li>Limpiza ligera<\/li>\n<li>Proceso Co-Solvente<\/li>\n<li>NVR Ultra Bajo<\/li>\n<li>Aprobado seg\u00fan Boeing DPM8853<\/li>\n<li>Cumple con la norma A-A-59150<\/li>\n<li>Reemplazo del 3M Novec 7100<\/li>\n<\/ul>\n<p><a href=\"https:\/\/www.inventec.dehon.com\/wp-content\/uploads\/2021\/12\/GW-Score-10.png\"><img decoding=\"async\" class=\"alignnone wp-image-15251\" src=\"https:\/\/www.inventec.dehon.com\/wp-content\/uploads\/2021\/12\/GW-Score-10.png\" alt=\"\" width=\"40\" height=\"34\" \/><\/a><\/p>\n","protected":false},"featured_media":2278,"comment_status":"closed","ping_status":"closed","template":"","meta":{"_acf_changed":false,"inline_featured_image":false},"product_brand":[],"product_cat":[616,2899,2900],"product_tag":[4283,2649,4411,4765,4186,4327,4741,4733,4729,1829,2648,4600,4447,4737],"class_list":{"0":"post-29478","1":"product","2":"type-product","3":"status-publish","4":"has-post-thumbnail","6":"product_cat-limpieza","7":"product_cat-soluciones-de-solventes-para-enjuague","8":"product_cat-soluciones-de-solventes-para-secado","9":"product_tag-co-disolvente","10":"product_tag-dr3-es","11":"product_tag-eliminacion-de-particulas-es","12":"product_tag-enjuague-con-disolvente","13":"product_tag-fluidos-de-limpieza-con-solvente","14":"product_tag-greenway","15":"product_tag-limpieza-de-sistemas-de-oxigeno-es","16":"product_tag-limpieza-oxigeno","17":"product_tag-oxigeno-es","18":"product_tag-promosolv-es","19":"product_tag-promosolv-dr3-es","20":"product_tag-reciclable","21":"product_tag-secado-con-solvente","22":"product_tag-sistemas-de-oxigeno","23":"pa_application-eliminacion-de-particulas","24":"pa_application-limpieza-de-sistemas-de-oxigeno","25":"pa_brand-promosolv-es-2","26":"pa_features-greenway","27":"pa_features-reciclable","28":"pa_processes-co-solvente","29":"pa_processes-disolvente-de-secado","30":"pa_processes-enjuague-con-solvente","31":"pa_product-category-fluidos-de-limpieza-con-solvente","33":"first","34":"instock","35":"shipping-taxable","36":"product-type-simple"},"acf":[],"_links":{"self":[{"href":"https:\/\/www.inventec.dehon.com\/es\/wp-json\/wp\/v2\/product\/29478","targetHints":{"allow":["GET"]}}],"collection":[{"href":"https:\/\/www.inventec.dehon.com\/es\/wp-json\/wp\/v2\/product"}],"about":[{"href":"https:\/\/www.inventec.dehon.com\/es\/wp-json\/wp\/v2\/types\/product"}],"replies":[{"embeddable":true,"href":"https:\/\/www.inventec.dehon.com\/es\/wp-json\/wp\/v2\/comments?post=29478"}],"wp:featuredmedia":[{"embeddable":true,"href":"https:\/\/www.inventec.dehon.com\/es\/wp-json\/wp\/v2\/media\/2278"}],"wp:attachment":[{"href":"https:\/\/www.inventec.dehon.com\/es\/wp-json\/wp\/v2\/media?parent=29478"}],"wp:term":[{"taxonomy":"product_brand","embeddable":true,"href":"https:\/\/www.inventec.dehon.com\/es\/wp-json\/wp\/v2\/product_brand?post=29478"},{"taxonomy":"product_cat","embeddable":true,"href":"https:\/\/www.inventec.dehon.com\/es\/wp-json\/wp\/v2\/product_cat?post=29478"},{"taxonomy":"product_tag","embeddable":true,"href":"https:\/\/www.inventec.dehon.com\/es\/wp-json\/wp\/v2\/product_tag?post=29478"}],"curies":[{"name":"wp","href":"https:\/\/api.w.org\/{rel}","templated":true}]}}