{"id":22486,"date":"2023-09-13T07:58:30","date_gmt":"2023-09-13T07:58:30","guid":{"rendered":"https:\/\/www.inventec.dehon.com\/?post_type=product&#038;p=22486"},"modified":"2026-03-23T16:16:19","modified_gmt":"2026-03-23T15:16:19","slug":"thermasolv-im6","status":"publish","type":"product","link":"https:\/\/www.inventec.dehon.com\/es\/product\/thermasolv-im6\/","title":{"rendered":"THERMASOLV IM6"},"content":{"rendered":"<p><img decoding=\"async\" src=\"https:\/\/www.inventec.dehon.com\/wp-content\/uploads\/2023\/09\/Thermasolv-Greenway-600x600.jpg\" alt=\"THERMASOLV IM6\" class=\"responsive-img\" align=\"right\" style=\"border-radius:10px; margin-bottom:10px; margin-top:-10px; margin-left:15px; width:300px\" \/><\/p>\n<h2 style=\"color:#9bc947; margin-bottom:15px\">Fluidos refrigerantes diel\u00e9ctricos para dispositivos electr\u00f3nicos y el\u00e9ctricos<\/h2>\n<ul>\n<li>Caloportador diel\u00e9ctrico<\/li>\n<li>Punto de ebullici\u00f3n: 47\u00b0C\/117\u00b0F<\/li>\n<li>No inflamable y ultra bajo GWP: 1<\/li>\n<\/ul>\n<h5>THERMASOLV IM6<\/h5>\n<p>Es un fluido diel\u00e9ctrico de transferencia de calor, dise\u00f1ado para sistemas de inmersi\u00f3n en 2 fases o de refrigeraci\u00f3n directa. Sus elevadas propiedades de aislamiento el\u00e9ctrico permiten sumergir en el fluido componentes electr\u00f3nicos y dispositivos el\u00e9ctricos bajo tensi\u00f3n. Las caracter\u00edsticas favorables de viscosidad, densidad y tensi\u00f3n superficial del producto permiten un contacto \u00f3ptimo con la superficie, lo que contribuye a un rendimiento superior de transferencia de calor.<\/p>\n<p>Su excelente compatibilidad con todos los metales, una amplia gama de pl\u00e1sticos y elast\u00f3meros y la estabilidad qu\u00edmica del fluido hacen de <strong>THERMASOLV IM6<\/strong> un fluido ideal para la refrigeraci\u00f3n por inmersi\u00f3n. <strong>THERMASOLV IM6<\/strong> presenta tambi\u00e9n una excelente estabilidad al agua, lo que lo convierte en una opci\u00f3n ideal para situaciones con una alta probabilidad de contacto con el agua o en entornos h\u00famedos.<\/p>\n<p><strong>THERMASOLV IM6<\/strong> est\u00e1 formulado pensando en la seguridad. No es t\u00f3xico, no menciona ninguna frase EUH, no es inflamable y no tiene punto de inflamaci\u00f3n. Tambi\u00e9n es una gran soluci\u00f3n sostenible, ya que no tiene ODP, tiene un GWP ultrabajo y puede ofrecerse para reciclaje cuando sea necesario.<\/p>\n<p><!-- ESPECIFICACIONES Section --><\/p>\n<div style=\"font-weight:bold; border-bottom:2px solid #9DBB2F; padding-bottom:6px; margin-bottom:10px;\">\n  ESPECIFICACIONES\n<\/div>\n<table width=\"100%\" cellpadding=\"0\" cellspacing=\"0\" style=\"border-collapse:collapse; width:100%; max-width:100%;\">\n<tr>\n<th align=\"left\" style=\"background:#7A7A7A; color:#fff; padding:8px 12px; border:1px solid #BDBDBD;\">ESPECIFICACIONES<\/th>\n<th align=\"left\" style=\"background:#7A7A7A; color:#fff; padding:8px 12px; border:1px solid #BDBDBD;\">VALORES<\/th>\n<th align=\"left\" style=\"background:#7A7A7A; color:#fff; padding:8px 12px; border:1px solid #BDBDBD;\">M\u00c9TODOS<\/th>\n<\/tr>\n<tr>\n<td style=\"padding:8px 12px; border:1px solid #BDBDBD;\">Aspecto<\/td>\n<td style=\"padding:8px 12px; border:1px solid #BDBDBD;\">Incoloro, claro<\/td>\n<td style=\"padding:8px 12px; border:1px solid #BDBDBD;\">Visual<\/td>\n<\/tr>\n<tr style=\"background:#E6E6E6;\">\n<td style=\"padding:8px 12px; border:1px solid #BDBDBD;\">Pureza (%)<\/td>\n<td style=\"padding:8px 12px; border:1px solid #BDBDBD;\">>99,9<\/td>\n<td style=\"padding:8px 12px; border:1px solid #BDBDBD;\">Interno \/ MO.SB.10033<\/td>\n<\/tr>\n<\/table>\n<p><!-- CARACTER\u00cdSTICAS Section --><\/p>\n<div style=\"font-weight:bold; border-bottom:2px solid #9DBB2F; padding-bottom:6px; margin:30px 0 10px 0;\">\n  CARACTER\u00cdSTICAS\n<\/div>\n<table width=\"100%\" cellpadding=\"0\" cellspacing=\"0\" style=\"border-collapse:collapse; width:100%; max-width:100%;\">\n<tr>\n<th align=\"left\" style=\"background:#7A7A7A; color:#fff; padding:8px 12px; border:1px solid #BDBDBD;\">CARACTER\u00cdSTICAS<\/th>\n<th align=\"left\" style=\"background:#7A7A7A; color:#fff; padding:8px 12px; border:1px solid #BDBDBD;\">VALORES<\/th>\n<\/tr>\n<tr>\n<td style=\"padding:8px 12px; border:1px solid #BDBDBD;\">Punto de ignici\u00f3n<\/td>\n<td style=\"padding:8px 12px; border:1px solid #BDBDBD;\">No<\/td>\n<\/tr>\n<tr style=\"background:#E6E6E6;\">\n<td style=\"padding:8px 12px; border:1px solid #BDBDBD;\">Punto de ebullici\u00f3n<\/td>\n<td style=\"padding:8px 12px; border:1px solid #BDBDBD;\">47\u00b0C\/117\u00b0F<\/td>\n<\/tr>\n<tr>\n<td style=\"padding:8px 12px; border:1px solid #BDBDBD;\">Punto de fluidez<\/td>\n<td style=\"padding:8px 12px; border:1px solid #BDBDBD;\">-117\u00b0C\/-179\u00b0F<\/td>\n<\/tr>\n<tr style=\"background:#E6E6E6;\">\n<td style=\"padding:8px 12px; border:1px solid #BDBDBD;\">Temperatura cr\u00edtica<\/td>\n<td style=\"padding:8px 12px; border:1px solid #BDBDBD;\">170\u00b0C\/337\u00b0F<\/td>\n<\/tr>\n<tr>\n<td style=\"padding:8px 12px; border:1px solid #BDBDBD;\">Presi\u00f3n cr\u00edtica (MPa)<\/td>\n<td style=\"padding:8px 12px; border:1px solid #BDBDBD;\">2,21<\/td>\n<\/tr>\n<tr style=\"background:#E6E6E6;\">\n<td style=\"padding:8px 12px; border:1px solid #BDBDBD;\">Presi\u00f3n de vapor (kPa @20\u00b0C)<\/td>\n<td style=\"padding:8px 12px; border:1px solid #BDBDBD;\">35<\/td>\n<\/tr>\n<tr>\n<td style=\"padding:8px 12px; border:1px solid #BDBDBD;\">Calor de vaporizaci\u00f3n (kJ\/kg @BP)<\/td>\n<td style=\"padding:8px 12px; border:1px solid #BDBDBD;\">93<\/td>\n<\/tr>\n<tr style=\"background:#E6E6E6;\">\n<td style=\"padding:8px 12px; border:1px solid #BDBDBD;\">Densidad del l\u00edquido (Kg\/m3 @20\u00b0C)<\/td>\n<td style=\"padding:8px 12px; border:1px solid #BDBDBD;\">1600<\/td>\n<\/tr>\n<tr>\n<td style=\"padding:8px 12px; border:1px solid #BDBDBD;\">Viscosidad cinem\u00e1tica (cSt @20\u00b0C)<\/td>\n<td style=\"padding:8px 12px; border:1px solid #BDBDBD;\">0,36<\/td>\n<\/tr>\n<tr style=\"background:#E6E6E6;\">\n<td style=\"padding:8px 12px; border:1px solid #BDBDBD;\">Calor espec\u00edfico (J\/kg-K @25\u00b0C)<\/td>\n<td style=\"padding:8px 12px; border:1px solid #BDBDBD;\">1044<\/td>\n<\/tr>\n<tr>\n<td style=\"padding:8px 12px; border:1px solid #BDBDBD;\">Tensi\u00f3n superficial (dinas\/cm\u00b2)<\/td>\n<td style=\"padding:8px 12px; border:1px solid #BDBDBD;\">11,4<\/td>\n<\/tr>\n<tr style=\"background:#E6E6E6;\">\n<td style=\"padding:8px 12px; border:1px solid #BDBDBD;\">Rigidez diel\u00e9ctrica (kV)<\/td>\n<td style=\"padding:8px 12px; border:1px solid #BDBDBD;\">79<\/td>\n<\/tr>\n<tr>\n<td style=\"padding:8px 12px; border:1px solid #BDBDBD;\">Constante diel\u00e9ctrica @1kHz<\/td>\n<td style=\"padding:8px 12px; border:1px solid #BDBDBD;\">1,88<\/td>\n<\/tr>\n<tr style=\"background:#E6E6E6;\">\n<td style=\"padding:8px 12px; border:1px solid #BDBDBD;\">Resistividad (Ohm-cm)<\/td>\n<td style=\"padding:8px 12px; border:1px solid #BDBDBD;\">1,00E+15<\/td>\n<\/tr>\n<tr>\n<td style=\"padding:8px 12px; border:1px solid #BDBDBD;\">Conductividad t\u00e9rmica (W\/m-K)<\/td>\n<td style=\"padding:8px 12px; border:1px solid #BDBDBD;\">0,110<\/td>\n<\/tr>\n<tr style=\"background:#E6E6E6;\">\n<td style=\"padding:8px 12px; border:1px solid #BDBDBD;\">Especificaci\u00f3n del contenido de agua (ppm)<\/td>\n<td style=\"padding:8px 12px; border:1px solid #BDBDBD;\">10<\/td>\n<\/tr>\n<tr>\n<td style=\"padding:8px 12px; border:1px solid #BDBDBD;\">Solubilidad del agua en fluido (ppm peso)<\/td>\n<td style=\"padding:8px 12px; border:1px solid #BDBDBD;\"><10<\/td>\n<\/tr>\n<\/table>\n","protected":false},"excerpt":{"rendered":"<ul>\n<li>Caloportador diel\u00e9ctrico<\/li>\n<li>Punto de ebullici\u00f3n: 47\u00b0C\/117\u00b0F<\/li>\n<li>No inflamable y ultra bajo GWP: 1<\/li>\n<\/ul>\n<p><a href=\"https:\/\/www.inventec.dehon.com\/wp-content\/uploads\/2023\/09\/GW-Score_8.png\"><img decoding=\"async\" class=\"size-full wp-image-16139 alignnone\" src=\"https:\/\/www.inventec.dehon.com\/wp-content\/uploads\/2023\/09\/GW-Score_8.png\" alt=\"\" width=\"278\" height=\"236\" \/><\/a><\/p>\n","protected":false},"featured_media":15871,"comment_status":"closed","ping_status":"closed","template":"","meta":{"_acf_changed":false,"inline_featured_image":false},"product_brand":[],"product_cat":[1211,1212],"product_tag":[4523,4612,4071,4584,4548,4536,4327,4467,1988,4588,4580,4592,4600,4616,4527,4568,1943,1987],"class_list":{"0":"post-22486","1":"product","2":"type-product","3":"status-publish","4":"has-post-thumbnail","6":"product_cat-refrigeracion","7":"product_cat-refrigeracion-por-inmersion","8":"product_tag-2-fases","9":"product_tag-a-base-de-disolvente","10":"product_tag-data-center-es","11":"product_tag-ebullicion-media","12":"product_tag-fluidos-de-transferencia-de-calor","13":"product_tag-fluidos-dielectricos-de-transferencia-termica","14":"product_tag-greenway","15":"product_tag-gwp-ultrabajo","16":"product_tag-im6-es","17":"product_tag-punto-de-congelacion-medio","18":"product_tag-punto-de-ebullicion-medio","19":"product_tag-punto-de-solidificacion-medio","20":"product_tag-reciclable","21":"product_tag-refrigeracion-bifasica","22":"product_tag-refrigeracion-de-2-fases","23":"product_tag-refrigeracion-por-inmersion","24":"product_tag-thermasolv-es","25":"product_tag-thermasolv-im6-es","26":"pa_application-centro-de-datos","27":"pa_brand-thermasolv-es-2","28":"pa_features-a-base-de-disolvente","29":"pa_features-greenway","30":"pa_features-punto-de-ebullicion-medio-4090-c","31":"pa_features-punto-de-fluidez-medio-120-c-100-c","32":"pa_features-reciclable","33":"pa_features-refrigeracion-bifasica","34":"pa_features-ultra-bajo-pca","35":"pa_processes-refrigeracion-por-inmersion","36":"pa_product-category-fluidos-dielectricos-de-transferencia-termica","38":"first","39":"instock","40":"shipping-taxable","41":"product-type-simple"},"acf":[],"_links":{"self":[{"href":"https:\/\/www.inventec.dehon.com\/es\/wp-json\/wp\/v2\/product\/22486","targetHints":{"allow":["GET"]}}],"collection":[{"href":"https:\/\/www.inventec.dehon.com\/es\/wp-json\/wp\/v2\/product"}],"about":[{"href":"https:\/\/www.inventec.dehon.com\/es\/wp-json\/wp\/v2\/types\/product"}],"replies":[{"embeddable":true,"href":"https:\/\/www.inventec.dehon.com\/es\/wp-json\/wp\/v2\/comments?post=22486"}],"wp:featuredmedia":[{"embeddable":true,"href":"https:\/\/www.inventec.dehon.com\/es\/wp-json\/wp\/v2\/media\/15871"}],"wp:attachment":[{"href":"https:\/\/www.inventec.dehon.com\/es\/wp-json\/wp\/v2\/media?parent=22486"}],"wp:term":[{"taxonomy":"product_brand","embeddable":true,"href":"https:\/\/www.inventec.dehon.com\/es\/wp-json\/wp\/v2\/product_brand?post=22486"},{"taxonomy":"product_cat","embeddable":true,"href":"https:\/\/www.inventec.dehon.com\/es\/wp-json\/wp\/v2\/product_cat?post=22486"},{"taxonomy":"product_tag","embeddable":true,"href":"https:\/\/www.inventec.dehon.com\/es\/wp-json\/wp\/v2\/product_tag?post=22486"}],"curies":[{"name":"wp","href":"https:\/\/api.w.org\/{rel}","templated":true}]}}