{"id":22452,"date":"2023-09-13T07:43:01","date_gmt":"2023-09-13T07:43:01","guid":{"rendered":"https:\/\/www.inventec.dehon.com\/?post_type=product&#038;p=22452"},"modified":"2026-03-16T14:45:01","modified_gmt":"2026-03-16T13:45:01","slug":"thermasolv-im2","status":"publish","type":"product","link":"https:\/\/www.inventec.dehon.com\/es\/product\/thermasolv-im2\/","title":{"rendered":"THERMASOLV IM2"},"content":{"rendered":"<p><img decoding=\"async\" src=\"https:\/\/www.inventec.dehon.com\/wp-content\/uploads\/2023\/09\/Thermasolv-Greenway-600x600.jpg\" alt=\"THERMASOLV IM2\" class=\"responsive-img\" align=\"right\" style=\"border-radius:10px; margin-bottom:10px; margin-top:-10px; margin-left:15px; width:300px\" \/><\/p>\n<h2 style=\"color:#9bc947; margin-bottom:15px\">Fluidos refrigerantes diel\u00e9ctricos para dispositivos electr\u00f3nicos y el\u00e9ctricos<\/h2>\n<ul>\n<li>Caloportador diel\u00e9ctrico<\/li>\n<li>Punto de ebullici\u00f3n: 49\u00b0C\/120\u00b0F<\/li>\n<li>No inflamable y ultra bajo GWP<\/li>\n<\/ul>\n<h5>THERMASOLV IM2<\/h5>\n<p>Es un fluido diel\u00e9ctrico de transferencia de calor dise\u00f1ado para sistemas de inmersi\u00f3n en dos fases o de refrigeraci\u00f3n directa. Sus elevadas propiedades de aislamiento el\u00e9ctrico permiten sumergir en el fluido componentes electr\u00f3nicos y dispositivos el\u00e9ctricos bajo tensi\u00f3n. Las caracter\u00edsticas favorables de viscosidad, densidad y tensi\u00f3n superficial del producto permiten un contacto \u00f3ptimo con la superficie, lo que contribuye a un rendimiento superior de transferencia de calor.<\/p>\n<p>Su excelente compatibilidad con todos los metales, una amplia gama de pl\u00e1sticos y elast\u00f3meros y la estabilidad qu\u00edmica del fluido hacen de <strong>THERMASOLV IM2<\/strong> un fluido ideal para la refrigeraci\u00f3n por inmersi\u00f3n.<\/p>\n<p><strong>THERMASOLV IM2<\/strong> est\u00e1 formulado pensando en la seguridad. No es t\u00f3xico, no menciona ninguna frase EUH, no es inflamable y no tiene punto de inflamaci\u00f3n. Tambi\u00e9n tiene propiedades extintoras, lo que proporciona una protecci\u00f3n adicional en caso de incendio. Tambi\u00e9n es una gran soluci\u00f3n sostenible, ya que no tiene ODP, tiene un GWP ultrabajo (<10) y puede ofrecerse para reciclaje cuando sea necesario.<\/p>\n<p><!-- ESPECIFICACIONES Section --><\/p>\n<div style=\"font-weight:bold; border-bottom:2px solid #9DBB2F; padding-bottom:6px; margin-bottom:10px;\">\n  ESPECIFICACIONES\n<\/div>\n<table width=\"100%\" cellpadding=\"0\" cellspacing=\"0\" style=\"border-collapse:collapse; width:100%; max-width:100%;\">\n<tr>\n<th align=\"left\" style=\"background:#7A7A7A; color:#fff; padding:8px 12px; border:1px solid #BDBDBD;\">ESPECIFICACIONES<\/th>\n<th align=\"left\" style=\"background:#7A7A7A; color:#fff; padding:8px 12px; border:1px solid #BDBDBD;\">VALORES<\/th>\n<th align=\"left\" style=\"background:#7A7A7A; color:#fff; padding:8px 12px; border:1px solid #BDBDBD;\">M\u00c9TODOS<\/th>\n<\/tr>\n<tr>\n<td style=\"padding:8px 12px; border:1px solid #BDBDBD;\">Aspecto<\/td>\n<td style=\"padding:8px 12px; border:1px solid #BDBDBD;\">Incoloro, claro<\/td>\n<td style=\"padding:8px 12px; border:1px solid #BDBDBD;\">Visual<\/td>\n<\/tr>\n<tr style=\"background:#E6E6E6;\">\n<td style=\"padding:8px 12px; border:1px solid #BDBDBD;\">Pureza (%)<\/td>\n<td style=\"padding:8px 12px; border:1px solid #BDBDBD;\">>99,9<\/td>\n<td style=\"padding:8px 12px; border:1px solid #BDBDBD;\">Interno \/ MO.SB.10033<\/td>\n<\/tr>\n<\/table>\n<p><!-- CARACTER\u00cdSTICAS Section --><\/p>\n<div style=\"font-weight:bold; border-bottom:2px solid #9DBB2F; padding-bottom:6px; margin:30px 0 10px 0;\">\n  CARACTER\u00cdSTICAS\n<\/div>\n<table width=\"100%\" cellpadding=\"0\" cellspacing=\"0\" style=\"border-collapse:collapse; width:100%; max-width:100%;\">\n<tr>\n<th align=\"left\" style=\"background:#7A7A7A; color:#fff; padding:8px 12px; border:1px solid #BDBDBD;\">CARACTER\u00cdSTICAS<\/th>\n<th align=\"left\" style=\"background:#7A7A7A; color:#fff; padding:8px 12px; border:1px solid #BDBDBD;\">VALORES<\/th>\n<\/tr>\n<tr>\n<td style=\"padding:8px 12px; border:1px solid #BDBDBD;\">Punto de ignici\u00f3n<\/td>\n<td style=\"padding:8px 12px; border:1px solid #BDBDBD;\">No<\/td>\n<\/tr>\n<tr style=\"background:#E6E6E6;\">\n<td style=\"padding:8px 12px; border:1px solid #BDBDBD;\">Punto de ebullici\u00f3n<\/td>\n<td style=\"padding:8px 12px; border:1px solid #BDBDBD;\">49\u00b0C\/120\u00b0F<\/td>\n<\/tr>\n<tr>\n<td style=\"padding:8px 12px; border:1px solid #BDBDBD;\">Punto de fluidez<\/td>\n<td style=\"padding:8px 12px; border:1px solid #BDBDBD;\">-108\u00b0C\/-162\u00b0F<\/td>\n<\/tr>\n<tr style=\"background:#E6E6E6;\">\n<td style=\"padding:8px 12px; border:1px solid #BDBDBD;\">Temperatura cr\u00edtica<\/td>\n<td style=\"padding:8px 12px; border:1px solid #BDBDBD;\">169\u00b0C\/336\u00b0F<\/td>\n<\/tr>\n<tr>\n<td style=\"padding:8px 12px; border:1px solid #BDBDBD;\">Presi\u00f3n cr\u00edtica (MPa)<\/td>\n<td style=\"padding:8px 12px; border:1px solid #BDBDBD;\">1,88<\/td>\n<\/tr>\n<tr style=\"background:#E6E6E6;\">\n<td style=\"padding:8px 12px; border:1px solid #BDBDBD;\">Presi\u00f3n de vapor (kPa @20\u00b0C)<\/td>\n<td style=\"padding:8px 12px; border:1px solid #BDBDBD;\">33<\/td>\n<\/tr>\n<tr>\n<td style=\"padding:8px 12px; border:1px solid #BDBDBD;\">Calor de vaporizaci\u00f3n (kJ\/kg @BP)<\/td>\n<td style=\"padding:8px 12px; border:1px solid #BDBDBD;\">88<\/td>\n<\/tr>\n<tr style=\"background:#E6E6E6;\">\n<td style=\"padding:8px 12px; border:1px solid #BDBDBD;\">Densidad del l\u00edquido (Kg\/m3 @20\u00b0C)<\/td>\n<td style=\"padding:8px 12px; border:1px solid #BDBDBD;\">1600<\/td>\n<\/tr>\n<tr>\n<td style=\"padding:8px 12px; border:1px solid #BDBDBD;\">Viscosidad cinem\u00e1tica (cSt @20\u00b0C)<\/td>\n<td style=\"padding:8px 12px; border:1px solid #BDBDBD;\">0,4<\/td>\n<\/tr>\n<tr style=\"background:#E6E6E6;\">\n<td style=\"padding:8px 12px; border:1px solid #BDBDBD;\">Calor espec\u00edfico (J\/kg-K @25\u00b0C)<\/td>\n<td style=\"padding:8px 12px; border:1px solid #BDBDBD;\">1103<\/td>\n<\/tr>\n<tr>\n<td style=\"padding:8px 12px; border:1px solid #BDBDBD;\">Tensi\u00f3n superficial (dinas\/cm\u00b2)<\/td>\n<td style=\"padding:8px 12px; border:1px solid #BDBDBD;\">10,8<\/td>\n<\/tr>\n<tr style=\"background:#E6E6E6;\">\n<td style=\"padding:8px 12px; border:1px solid #BDBDBD;\">Rigidez diel\u00e9ctrica (kV)<\/td>\n<td style=\"padding:8px 12px; border:1px solid #BDBDBD;\">>40<\/td>\n<\/tr>\n<tr>\n<td style=\"padding:8px 12px; border:1px solid #BDBDBD;\">Constante diel\u00e9ctrica @1kHz<\/td>\n<td style=\"padding:8px 12px; border:1px solid #BDBDBD;\">1,84<\/td>\n<\/tr>\n<tr style=\"background:#E6E6E6;\">\n<td style=\"padding:8px 12px; border:1px solid #BDBDBD;\">Resistividad (Ohm-cm)<\/td>\n<td style=\"padding:8px 12px; border:1px solid #BDBDBD;\">1,00E+13<\/td>\n<\/tr>\n<tr>\n<td style=\"padding:8px 12px; border:1px solid #BDBDBD;\">Conductividad t\u00e9rmica (W\/m-K)<\/td>\n<td style=\"padding:8px 12px; border:1px solid #BDBDBD;\">0,059<\/td>\n<\/tr>\n<tr style=\"background:#E6E6E6;\">\n<td style=\"padding:8px 12px; border:1px solid #BDBDBD;\">Especificaci\u00f3n del contenido de agua (ppm)<\/td>\n<td style=\"padding:8px 12px; border:1px solid #BDBDBD;\">10<\/td>\n<\/tr>\n<tr>\n<td style=\"padding:8px 12px; border:1px solid #BDBDBD;\">Solubilidad del agua en fluido (ppm peso)<\/td>\n<td style=\"padding:8px 12px; border:1px solid #BDBDBD;\">10<\/td>\n<\/tr>\n<\/table>\n","protected":false},"excerpt":{"rendered":"<ul>\n<li>Caloportador diel\u00e9ctrico<\/li>\n<li>Punto de ebullici\u00f3n: 49\u00b0C\/120\u00b0F<\/li>\n<li>No inflamable y ultra bajo GWP<\/li>\n<\/ul>\n<p><a href=\"https:\/\/www.inventec.dehon.com\/wp-content\/uploads\/2023\/09\/GW-Score-14.png\"><img decoding=\"async\" class=\"alignnone wp-image-15841\" src=\"https:\/\/www.inventec.dehon.com\/wp-content\/uploads\/2023\/09\/GW-Score-14.png\" alt=\"\" width=\"100\" height=\"85\" \/><\/a><\/p>\n","protected":false},"featured_media":15871,"comment_status":"closed","ping_status":"closed","template":"","meta":{"_acf_changed":false,"inline_featured_image":false},"product_brand":[],"product_cat":[1262,1211,1212],"product_tag":[4515,4523,4612,4071,4584,4548,4536,4327,1978,4608,4540,4588,4580,4592,4600,4616,4519,4527,4568,1943,1977],"class_list":{"0":"post-22452","1":"product","2":"type-product","3":"status-publish","4":"has-post-thumbnail","6":"product_cat-pruebas-dielectricas","7":"product_cat-refrigeracion","8":"product_cat-refrigeracion-por-inmersion","9":"product_tag-1-fase","10":"product_tag-2-fases","11":"product_tag-a-base-de-disolvente","12":"product_tag-data-center-es","13":"product_tag-ebullicion-media","14":"product_tag-fluidos-de-transferencia-de-calor","15":"product_tag-fluidos-dielectricos-de-transferencia-termica","16":"product_tag-greenway","17":"product_tag-im2-es","18":"product_tag-pruebas-de-semiconductores","19":"product_tag-pruebas-dielectricas","20":"product_tag-punto-de-congelacion-medio","21":"product_tag-punto-de-ebullicion-medio","22":"product_tag-punto-de-solidificacion-medio","23":"product_tag-reciclable","24":"product_tag-refrigeracion-bifasica","25":"product_tag-refrigeracion-de-1-fase","26":"product_tag-refrigeracion-de-2-fases","27":"product_tag-refrigeracion-por-inmersion","28":"product_tag-thermasolv-es","29":"product_tag-thermasolv-im2-es","30":"pa_application-centro-de-datos","31":"pa_application-semiconductor-pruebas","32":"pa_brand-thermasolv-es-2","33":"pa_features-a-base-de-disolvente","34":"pa_features-greenway","35":"pa_features-punto-de-ebullicion-medio-4090-c","36":"pa_features-punto-de-fluidez-medio-120-c-100-c","37":"pa_features-reciclable","38":"pa_features-refrigeracion-bifasica","39":"pa_features-refrigeracion-monofasica","40":"pa_processes-pruebas-dielectricas","41":"pa_processes-refrigeracion-por-inmersion","42":"pa_product-category-fluidos-dielectricos-de-transferencia-termica","44":"first","45":"instock","46":"shipping-taxable","47":"product-type-simple"},"acf":[],"_links":{"self":[{"href":"https:\/\/www.inventec.dehon.com\/es\/wp-json\/wp\/v2\/product\/22452","targetHints":{"allow":["GET"]}}],"collection":[{"href":"https:\/\/www.inventec.dehon.com\/es\/wp-json\/wp\/v2\/product"}],"about":[{"href":"https:\/\/www.inventec.dehon.com\/es\/wp-json\/wp\/v2\/types\/product"}],"replies":[{"embeddable":true,"href":"https:\/\/www.inventec.dehon.com\/es\/wp-json\/wp\/v2\/comments?post=22452"}],"wp:featuredmedia":[{"embeddable":true,"href":"https:\/\/www.inventec.dehon.com\/es\/wp-json\/wp\/v2\/media\/15871"}],"wp:attachment":[{"href":"https:\/\/www.inventec.dehon.com\/es\/wp-json\/wp\/v2\/media?parent=22452"}],"wp:term":[{"taxonomy":"product_brand","embeddable":true,"href":"https:\/\/www.inventec.dehon.com\/es\/wp-json\/wp\/v2\/product_brand?post=22452"},{"taxonomy":"product_cat","embeddable":true,"href":"https:\/\/www.inventec.dehon.com\/es\/wp-json\/wp\/v2\/product_cat?post=22452"},{"taxonomy":"product_tag","embeddable":true,"href":"https:\/\/www.inventec.dehon.com\/es\/wp-json\/wp\/v2\/product_tag?post=22452"}],"curies":[{"name":"wp","href":"https:\/\/api.w.org\/{rel}","templated":true}]}}