{"id":22419,"date":"2023-09-13T07:23:30","date_gmt":"2023-09-13T07:23:30","guid":{"rendered":"https:\/\/www.inventec.dehon.com\/?post_type=product&#038;p=22419"},"modified":"2026-03-16T14:44:52","modified_gmt":"2026-03-16T13:44:52","slug":"thermasolv-im1","status":"publish","type":"product","link":"https:\/\/www.inventec.dehon.com\/es\/product\/thermasolv-im1\/","title":{"rendered":"THERMASOLV IM1"},"content":{"rendered":"<p><img decoding=\"async\" src=\"https:\/\/www.inventec.dehon.com\/wp-content\/uploads\/2023\/09\/Thermasolv-Greenway-600x600.jpg\" alt=\"THERMASOLV IM1\" class=\"responsive-img\" align=\"right\" style=\"border-radius:10px; margin-bottom:10px; margin-top:-10px; margin-left:15px; width:300px\" \/><\/p>\n<h2 style=\"color:#9bc947; margin-bottom:15px\">Fluidos refrigerantes diel\u00e9ctricos para dispositivos electr\u00f3nicos y el\u00e9ctricos<\/h2>\n<ul>\n<li>Caloportador diel\u00e9ctrico<\/li>\n<li>Punto de ebullici\u00f3n: 61\u00b0C\/142\u00b0F<\/li>\n<li>No inflamable y pca medio-bajo<\/li>\n<\/ul>\n<h5>THERMASOLV IM1<\/h5>\n<p>Es un fluido caloportador diel\u00e9ctrico dise\u00f1ado para sistemas de inmersi\u00f3n o refrigeraci\u00f3n directa por una o dos fases. Sus altas propiedades de aislamiento el\u00e9ctrico permiten sumergir en el fluido dispositivos electr\u00f3nicos y el\u00e9ctricos. Sus caracter\u00edsticas de viscosidad, densidad y tensi\u00f3n superficial del producto permiten un contacto \u00f3ptimo con la superficie, lo que contribuye a un rendimiento superior de transferencia de calor.<\/p>\n<p>Su excelente compatibilidad con todos los metales, una amplia gama de pl\u00e1sticos y elast\u00f3meros y la estabilidad qu\u00edmica del fluido hacen de <strong>THERMASOLV IM1<\/strong> un fluido ideal para la refrigeraci\u00f3n por inmersi\u00f3n.<\/p>\n<p><strong>THERMASOLV IM1<\/strong> est\u00e1 formulado pensando en la seguridad. No es t\u00f3xico, no menciona ninguna frase EUH, no es inflamable y no tiene punto de inflamaci\u00f3n. Tambi\u00e9n tiene propiedades extintoras, lo que proporciona una protecci\u00f3n adicional en caso de incendio. Tambi\u00e9n es una gran soluci\u00f3n sostenible, ya que no tiene ODP, tiene un GWP medio bajo y puede ofrecerse para reciclaje cuando sea necesario.<\/p>\n<p><!-- ESPECIFICACIONES Section --><\/p>\n<div style=\"font-weight:bold; text-transform:uppercase; border-bottom:2px solid #9DBB2F; padding-bottom:6px; margin-bottom:10px;\">\n  ESPECIFICACIONES\n<\/div>\n<table width=\"100%\" cellpadding=\"0\" cellspacing=\"0\" style=\"border-collapse:collapse; width:100%; max-width:100%;\">\n<tr>\n<th align=\"left\" style=\"background:#7A7A7A; color:#fff; padding:8px 12px; border:1px solid #BDBDBD;\">ESPECIFICACIONES<\/th>\n<th align=\"left\" style=\"background:#7A7A7A; color:#fff; padding:8px 12px; border:1px solid #BDBDBD;\">VALORES<\/th>\n<th align=\"left\" style=\"background:#7A7A7A; color:#fff; padding:8px 12px; border:1px solid #BDBDBD;\">M\u00c9TODOS<\/th>\n<\/tr>\n<tr>\n<td style=\"padding:8px 12px; border:1px solid #BDBDBD;\">Aspecto<\/td>\n<td style=\"padding:8px 12px; border:1px solid #BDBDBD;\">Incoloro, claro<\/td>\n<td style=\"padding:8px 12px; border:1px solid #BDBDBD;\">Visual<\/td>\n<\/tr>\n<tr style=\"background:#E6E6E6;\">\n<td style=\"padding:8px 12px; border:1px solid #BDBDBD;\">Pureza (%)<\/td>\n<td style=\"padding:8px 12px; border:1px solid #BDBDBD;\">> 99,5<\/td>\n<td style=\"padding:8px 12px; border:1px solid #BDBDBD;\">Interno \/ MO.SB.10033<\/td>\n<\/tr>\n<\/table>\n<p><!-- CARACTER\u00cdSTICAS Section --><\/p>\n<div style=\"font-weight:bold; text-transform:uppercase; border-bottom:2px solid #9DBB2F; padding-bottom:6px; margin:30px 0 10px 0;\">\n  CARACTER\u00cdSTICAS\n<\/div>\n<table width=\"100%\" cellpadding=\"0\" cellspacing=\"0\" style=\"border-collapse:collapse; width:100%; max-width:100%;\">\n<tr>\n<th align=\"left\" style=\"background:#7A7A7A; color:#fff; padding:8px 12px; border:1px solid #BDBDBD;\">CARACTER\u00cdSTICAS<\/th>\n<th align=\"left\" style=\"background:#7A7A7A; color:#fff; padding:8px 12px; border:1px solid #BDBDBD;\">VALORES<\/th>\n<\/tr>\n<tr>\n<td style=\"padding:8px 12px; border:1px solid #BDBDBD;\">Punto de inflamabilidad<\/td>\n<td style=\"padding:8px 12px; border:1px solid #BDBDBD;\">No<\/td>\n<\/tr>\n<tr style=\"background:#E6E6E6;\">\n<td style=\"padding:8px 12px; border:1px solid #BDBDBD;\">Punto de ebullici\u00f3n<\/td>\n<td style=\"padding:8px 12px; border:1px solid #BDBDBD;\">61\u00b0C\/142\u00b0F<\/td>\n<\/tr>\n<tr>\n<td style=\"padding:8px 12px; border:1px solid #BDBDBD;\">Punto de fluidez<\/td>\n<td style=\"padding:8px 12px; border:1px solid #BDBDBD;\">-135\u00b0C\/-211\u00b0F<\/td>\n<\/tr>\n<tr style=\"background:#E6E6E6;\">\n<td style=\"padding:8px 12px; border:1px solid #BDBDBD;\">Temperatura cr\u00edtica<\/td>\n<td style=\"padding:8px 12px; border:1px solid #BDBDBD;\">195\u00b0C\/383\u00b0F<\/td>\n<\/tr>\n<tr>\n<td style=\"padding:8px 12px; border:1px solid #BDBDBD;\">Presi\u00f3n cr\u00edtica (MPa)<\/td>\n<td style=\"padding:8px 12px; border:1px solid #BDBDBD;\">2,23<\/td>\n<\/tr>\n<tr style=\"background:#E6E6E6;\">\n<td style=\"padding:8px 12px; border:1px solid #BDBDBD;\">Presi\u00f3n de vapor (kPa @20\u00b0C)<\/td>\n<td style=\"padding:8px 12px; border:1px solid #BDBDBD;\">27<\/td>\n<\/tr>\n<tr>\n<td style=\"padding:8px 12px; border:1px solid #BDBDBD;\">Calor de vaporizaci\u00f3n (kJ\/kg @BP)<\/td>\n<td style=\"padding:8px 12px; border:1px solid #BDBDBD;\">112<\/td>\n<\/tr>\n<tr style=\"background:#E6E6E6;\">\n<td style=\"padding:8px 12px; border:1px solid #BDBDBD;\">Densidad del l\u00edquido (Kg\/m3 @20\u00b0C)<\/td>\n<td style=\"padding:8px 12px; border:1px solid #BDBDBD;\">1520<\/td>\n<\/tr>\n<tr>\n<td style=\"padding:8px 12px; border:1px solid #BDBDBD;\">Viscosidad cinem\u00e1tica (cSt @20\u00b0C)<\/td>\n<td style=\"padding:8px 12px; border:1px solid #BDBDBD;\">0,38<\/td>\n<\/tr>\n<tr style=\"background:#E6E6E6;\">\n<td style=\"padding:8px 12px; border:1px solid #BDBDBD;\">Calor espec\u00edfico (J\/kg-K @25\u00b0C)<\/td>\n<td style=\"padding:8px 12px; border:1px solid #BDBDBD;\">1183<\/td>\n<\/tr>\n<tr>\n<td style=\"padding:8px 12px; border:1px solid #BDBDBD;\">Tensi\u00f3n superficial (dinas\/cm\u00b2)<\/td>\n<td style=\"padding:8px 12px; border:1px solid #BDBDBD;\">13,6<\/td>\n<\/tr>\n<tr style=\"background:#E6E6E6;\">\n<td style=\"padding:8px 12px; border:1px solid #BDBDBD;\">Rigidez diel\u00e9ctrica (kV)<\/td>\n<td style=\"padding:8px 12px; border:1px solid #BDBDBD;\">28<\/td>\n<\/tr>\n<tr>\n<td style=\"padding:8px 12px; border:1px solid #BDBDBD;\">Constante diel\u00e9ctrica @1kHz<\/td>\n<td style=\"padding:8px 12px; border:1px solid #BDBDBD;\">7,4<\/td>\n<\/tr>\n<tr style=\"background:#E6E6E6;\">\n<td style=\"padding:8px 12px; border:1px solid #BDBDBD;\">Resistividad (Ohm-cm)<\/td>\n<td style=\"padding:8px 12px; border:1px solid #BDBDBD;\">1,00E+09<\/td>\n<\/tr>\n<tr>\n<td style=\"padding:8px 12px; border:1px solid #BDBDBD;\">Conductividad t\u00e9rmica (W\/m-K)<\/td>\n<td style=\"padding:8px 12px; border:1px solid #BDBDBD;\">0,069<\/td>\n<\/tr>\n<tr style=\"background:#E6E6E6;\">\n<td style=\"padding:8px 12px; border:1px solid #BDBDBD;\">Especificaci\u00f3n del contenido de agua (ppm)<\/td>\n<td style=\"padding:8px 12px; border:1px solid #BDBDBD;\">50<\/td>\n<\/tr>\n<tr>\n<td style=\"padding:8px 12px; border:1px solid #BDBDBD;\">Solubilidad del agua en fluido (ppm peso)<\/td>\n<td style=\"padding:8px 12px; border:1px solid #BDBDBD;\">95<\/td>\n<\/tr>\n<\/table>\n","protected":false},"excerpt":{"rendered":"<ul>\n<li>Caloportador diel\u00e9ctrico<\/li>\n<li>Punto de ebullici\u00f3n: 61\u00b0C\/142\u00b0F<\/li>\n<li>No inflamable y pca medio-bajo<\/li>\n<\/ul>\n<p><a href=\"https:\/\/www.inventec.dehon.com\/wp-content\/uploads\/2023\/09\/GW-Score-18.png\"><img decoding=\"async\" class=\"alignnone size-full wp-image-15830\" src=\"https:\/\/www.inventec.dehon.com\/wp-content\/uploads\/2023\/09\/GW-Score-18.png\" alt=\"\" width=\"178\" height=\"151\" \/><\/a><\/p>\n","protected":false},"featured_media":15871,"comment_status":"closed","ping_status":"closed","template":"","meta":{"_acf_changed":false,"inline_featured_image":false},"product_brand":[],"product_cat":[1268,1262,1211,1212],"product_tag":[4515,4523,4612,4572,4576,4071,4584,4531,4548,4536,4327,1968,4608,4540,4580,4600,4616,4519,4527,4568,1943,1967],"class_list":{"0":"post-22419","1":"product","2":"type-product","3":"status-publish","4":"has-post-thumbnail","6":"product_cat-enfriadores","7":"product_cat-pruebas-dielectricas","8":"product_cat-refrigeracion","9":"product_cat-refrigeracion-por-inmersion","10":"product_tag-1-fase","11":"product_tag-2-fases","12":"product_tag-a-base-de-disolvente","13":"product_tag-bajo-punto-de-congelacion","14":"product_tag-bajo-punto-de-solidificacion","15":"product_tag-data-center-es","16":"product_tag-ebullicion-media","17":"product_tag-enfriadores","18":"product_tag-fluidos-de-transferencia-de-calor","19":"product_tag-fluidos-dielectricos-de-transferencia-termica","20":"product_tag-greenway","21":"product_tag-im1-es","22":"product_tag-pruebas-de-semiconductores","23":"product_tag-pruebas-dielectricas","24":"product_tag-punto-de-ebullicion-medio","25":"product_tag-reciclable","26":"product_tag-refrigeracion-bifasica","27":"product_tag-refrigeracion-de-1-fase","28":"product_tag-refrigeracion-de-2-fases","29":"product_tag-refrigeracion-por-inmersion","30":"product_tag-thermasolv-es","31":"product_tag-thermasolv-im1-es","32":"pa_application-centro-de-datos","33":"pa_application-semiconductor-pruebas","34":"pa_brand-thermasolv-es-2","35":"pa_features-a-base-de-disolvente","36":"pa_features-greenway","37":"pa_features-punto-de-ebullicion-medio-4090-c","38":"pa_features-punto-de-fluidez-bajo","39":"pa_features-reciclable","40":"pa_features-refrigeracion-bifasica","41":"pa_features-refrigeracion-monofasica","42":"pa_processes-enfriadores","43":"pa_processes-pruebas-dielectricas","44":"pa_processes-refrigeracion-por-inmersion","45":"pa_product-category-fluidos-dielectricos-de-transferencia-termica","47":"first","48":"instock","49":"shipping-taxable","50":"product-type-simple"},"acf":[],"_links":{"self":[{"href":"https:\/\/www.inventec.dehon.com\/es\/wp-json\/wp\/v2\/product\/22419","targetHints":{"allow":["GET"]}}],"collection":[{"href":"https:\/\/www.inventec.dehon.com\/es\/wp-json\/wp\/v2\/product"}],"about":[{"href":"https:\/\/www.inventec.dehon.com\/es\/wp-json\/wp\/v2\/types\/product"}],"replies":[{"embeddable":true,"href":"https:\/\/www.inventec.dehon.com\/es\/wp-json\/wp\/v2\/comments?post=22419"}],"wp:featuredmedia":[{"embeddable":true,"href":"https:\/\/www.inventec.dehon.com\/es\/wp-json\/wp\/v2\/media\/15871"}],"wp:attachment":[{"href":"https:\/\/www.inventec.dehon.com\/es\/wp-json\/wp\/v2\/media?parent=22419"}],"wp:term":[{"taxonomy":"product_brand","embeddable":true,"href":"https:\/\/www.inventec.dehon.com\/es\/wp-json\/wp\/v2\/product_brand?post=22419"},{"taxonomy":"product_cat","embeddable":true,"href":"https:\/\/www.inventec.dehon.com\/es\/wp-json\/wp\/v2\/product_cat?post=22419"},{"taxonomy":"product_tag","embeddable":true,"href":"https:\/\/www.inventec.dehon.com\/es\/wp-json\/wp\/v2\/product_tag?post=22419"}],"curies":[{"name":"wp","href":"https:\/\/api.w.org\/{rel}","templated":true}]}}