{"id":22324,"date":"2023-09-13T06:40:52","date_gmt":"2023-09-13T06:40:52","guid":{"rendered":"https:\/\/www.inventec.dehon.com\/?post_type=product&#038;p=22324"},"modified":"2026-03-16T14:44:47","modified_gmt":"2026-03-16T13:44:47","slug":"thermasolv-cf2","status":"publish","type":"product","link":"https:\/\/www.inventec.dehon.com\/es\/product\/thermasolv-cf2\/","title":{"rendered":"THERMASOLV CF2"},"content":{"rendered":"<p><img decoding=\"async\" src=\"https:\/\/www.inventec.dehon.com\/wp-content\/uploads\/2023\/09\/Thermasolv-Greenway-600x600.jpg\" alt=\"THERMASOLV CF2\" class=\"responsive-img\" align=\"right\" style=\"border-radius:10px; margin-bottom:10px; margin-top:-10px; margin-left:15px; width:300px\" \/><\/p>\n<h2 style=\"color:#9bc947; margin-bottom:15px\">Fluidos refrigerantes diel\u00e9ctricos para dispositivos electr\u00f3nicos y el\u00e9ctricos<\/h2>\n<ul>\n<li>Caloportador diel\u00e9ctrico<\/li>\n<li>Punto de ebullici\u00f3n: 110\u00b0C\/230\u00b0F<\/li>\n<li>No inflamable y bajo GWP<\/li>\n<\/ul>\n<h5>THERMASOLV CF2<\/h5>\n<p>Es un fluido caloportador diel\u00e9ctrico dise\u00f1ado para sistemas de inmersi\u00f3n o refrigeraci\u00f3n directa por una fase. Sus altas propiedades de aislamiento el\u00e9ctrico permiten sumergir en el fluido dispositivos electr\u00f3nicos y el\u00e9ctricos. Sus caracter\u00edsticas de viscosidad, densidad y tensi\u00f3n superficial del producto permiten un contacto \u00f3ptimo con la superficie, lo que contribuye a un rendimiento superior de transferencia de calor.<\/p>\n<p>Su excelente compatibilidad con todos los metales, una amplia gama de pl\u00e1sticos y elast\u00f3meros y la estabilidad qu\u00edmica del fluido hacen de <strong>THERMASOLV CF2<\/strong> un fluido ideal para la refrigeraci\u00f3n por inmersi\u00f3n.<\/p>\n<p><strong>THERMASOLV CF2<\/strong> est\u00e1 formulado pensando en la seguridad. No es t\u00f3xico, no menciona ninguna frase EUH, no es inflamable y no tiene punto de inflamaci\u00f3n. Tambi\u00e9n es una excelente soluci\u00f3n sostenible, ya que no tiene ODP, tiene un bajo GWP y puede ofrecerse para reciclaje cuando sea necesario.<\/p>\n<p><!-- ESPECIFICACIONES Section --><\/p>\n<div style=\"font-weight:bold; text-transform:uppercase; border-bottom:2px solid #9DBB2F; padding-bottom:6px; margin-bottom:10px;\">\n  ESPECIFICACIONES\n<\/div>\n<table width=\"100%\" cellpadding=\"0\" cellspacing=\"0\" style=\"border-collapse:collapse; width:100%; max-width:100%;\">\n<tr>\n<th align=\"left\" style=\"background:#7A7A7A; color:#fff; padding:8px 12px; border:1px solid #BDBDBD;\">ESPECIFICACIONES<\/th>\n<th align=\"left\" style=\"background:#7A7A7A; color:#fff; padding:8px 12px; border:1px solid #BDBDBD;\">VALORES<\/th>\n<th align=\"left\" style=\"background:#7A7A7A; color:#fff; padding:8px 12px; border:1px solid #BDBDBD;\">M\u00c9TODOS<\/th>\n<\/tr>\n<tr>\n<td style=\"padding:8px 12px; border:1px solid #BDBDBD;\">Aspecto<\/td>\n<td style=\"padding:8px 12px; border:1px solid #BDBDBD;\">Incoloro, claro<\/td>\n<td style=\"padding:8px 12px; border:1px solid #BDBDBD;\">Visual<\/td>\n<\/tr>\n<tr style=\"background:#E6E6E6;\">\n<td style=\"padding:8px 12px; border:1px solid #BDBDBD;\">Pureza (%)<\/td>\n<td style=\"padding:8px 12px; border:1px solid #BDBDBD;\">&gt;99,5<\/td>\n<td style=\"padding:8px 12px; border:1px solid #BDBDBD;\">Interno<\/td>\n<\/tr>\n<\/table>\n<p><!-- CARACTER\u00cdSTICAS Section --><\/p>\n<div style=\"font-weight:bold; text-transform:uppercase; border-bottom:2px solid #9DBB2F; padding-bottom:6px; margin:30px 0 10px 0;\">\n  CARACTER\u00cdSTICAS\n<\/div>\n<table width=\"100%\" cellpadding=\"0\" cellspacing=\"0\" style=\"border-collapse:collapse; width:100%; max-width:100%;\">\n<tr>\n<th align=\"left\" style=\"background:#7A7A7A; color:#fff; padding:8px 12px; border:1px solid #BDBDBD;\">CARACTER\u00cdSTICAS<\/th>\n<th align=\"left\" style=\"background:#7A7A7A; color:#fff; padding:8px 12px; border:1px solid #BDBDBD;\">VALORES<\/th>\n<\/tr>\n<tr>\n<td style=\"padding:8px 12px; border:1px solid #BDBDBD;\">Punto de inflamabilidad<\/td>\n<td style=\"padding:8px 12px; border:1px solid #BDBDBD;\">No<\/td>\n<\/tr>\n<tr style=\"background:#E6E6E6;\">\n<td style=\"padding:8px 12px; border:1px solid #BDBDBD;\">Punto de ebullici\u00f3n<\/td>\n<td style=\"padding:8px 12px; border:1px solid #BDBDBD;\">110\u00b0C \/ 230\u00b0F<\/td>\n<\/tr>\n<tr>\n<td style=\"padding:8px 12px; border:1px solid #BDBDBD;\">Punto de fluidez<\/td>\n<td style=\"padding:8px 12px; border:1px solid #BDBDBD;\">-110\u00b0C \/ -166\u00b0F<\/td>\n<\/tr>\n<tr style=\"background:#E6E6E6;\">\n<td style=\"padding:8px 12px; border:1px solid #BDBDBD;\">Temperatura cr\u00edtica<\/td>\n<td style=\"padding:8px 12px; border:1px solid #BDBDBD;\">285\u00b0C \/ 545\u00b0F<\/td>\n<\/tr>\n<tr>\n<td style=\"padding:8px 12px; border:1px solid #BDBDBD;\">Presi\u00f3n cr\u00edtica (MPa)<\/td>\n<td style=\"padding:8px 12px; border:1px solid #BDBDBD;\">5<\/td>\n<\/tr>\n<tr style=\"background:#E6E6E6;\">\n<td style=\"padding:8px 12px; border:1px solid #BDBDBD;\">Presi\u00f3n de vapor (kPa a 20\u00b0C)<\/td>\n<td style=\"padding:8px 12px; border:1px solid #BDBDBD;\">1,9<\/td>\n<\/tr>\n<tr>\n<td style=\"padding:8px 12px; border:1px solid #BDBDBD;\">Calor de vaporizaci\u00f3n (kJ\/kg @BP)<\/td>\n<td style=\"padding:8px 12px; border:1px solid #BDBDBD;\">88<\/td>\n<\/tr>\n<tr style=\"background:#E6E6E6;\">\n<td style=\"padding:8px 12px; border:1px solid #BDBDBD;\">Densidad del l\u00edquido (kg\/m\u00b3 a 20\u00b0C)<\/td>\n<td style=\"padding:8px 12px; border:1px solid #BDBDBD;\">1815<\/td>\n<\/tr>\n<tr>\n<td style=\"padding:8px 12px; border:1px solid #BDBDBD;\">Viscosidad cinem\u00e1tica (cSt a 20\u00b0C)<\/td>\n<td style=\"padding:8px 12px; border:1px solid #BDBDBD;\">1,35<\/td>\n<\/tr>\n<tr style=\"background:#E6E6E6;\">\n<td style=\"padding:8px 12px; border:1px solid #BDBDBD;\">Calor espec\u00edfico (J\/kg\u00b7K a 25\u00b0C)<\/td>\n<td style=\"padding:8px 12px; border:1px solid #BDBDBD;\">1087<\/td>\n<\/tr>\n<tr>\n<td style=\"padding:8px 12px; border:1px solid #BDBDBD;\">Tensi\u00f3n superficial (dinas\/cm\u00b2)<\/td>\n<td style=\"padding:8px 12px; border:1px solid #BDBDBD;\">15<\/td>\n<\/tr>\n<tr style=\"background:#E6E6E6;\">\n<td style=\"padding:8px 12px; border:1px solid #BDBDBD;\">Rigidez diel\u00e9ctrica (kV)<\/td>\n<td style=\"padding:8px 12px; border:1px solid #BDBDBD;\">39<\/td>\n<\/tr>\n<tr>\n<td style=\"padding:8px 12px; border:1px solid #BDBDBD;\">Constante diel\u00e9ctrica a 1 kHz<\/td>\n<td style=\"padding:8px 12px; border:1px solid #BDBDBD;\">1,79<\/td>\n<\/tr>\n<tr style=\"background:#E6E6E6;\">\n<td style=\"padding:8px 12px; border:1px solid #BDBDBD;\">Resistividad (Ohm\u00b7cm)<\/td>\n<td style=\"padding:8px 12px; border:1px solid #BDBDBD;\">2,50E+14<\/td>\n<\/tr>\n<tr>\n<td style=\"padding:8px 12px; border:1px solid #BDBDBD;\">Conductividad t\u00e9rmica (W\/m\u00b7K)<\/td>\n<td style=\"padding:8px 12px; border:1px solid #BDBDBD;\">0,115<\/td>\n<\/tr>\n<tr style=\"background:#E6E6E6;\">\n<td style=\"padding:8px 12px; border:1px solid #BDBDBD;\">Especificaci\u00f3n del contenido de agua (ppm)<\/td>\n<td style=\"padding:8px 12px; border:1px solid #BDBDBD;\">15<\/td>\n<\/tr>\n<tr>\n<td style=\"padding:8px 12px; border:1px solid #BDBDBD;\">Solubilidad del agua en el fluido (ppm peso)<\/td>\n<td style=\"padding:8px 12px; border:1px solid #BDBDBD;\">&lt;10<\/td>\n<\/tr>\n<\/table>\n","protected":false},"excerpt":{"rendered":"<ul>\n<li>Caloportador diel\u00e9ctrico<\/li>\n<li>Punto de ebullici\u00f3n: 110\u00b0C\/230\u00b0F<\/li>\n<li>No inflamable y bajo GWP<\/li>\n<\/ul>\n<p><a href=\"https:\/\/www.inventec.dehon.com\/wp-content\/uploads\/2023\/09\/GW-Score-29.png\"><img decoding=\"async\" class=\"alignnone size-full wp-image-15813\" src=\"https:\/\/www.inventec.dehon.com\/wp-content\/uploads\/2023\/09\/GW-Score-29.png\" alt=\"\" width=\"178\" height=\"151\" \/><\/a><\/p>\n","protected":false},"featured_media":15871,"comment_status":"closed","ping_status":"closed","template":"","meta":{"_acf_changed":false,"inline_featured_image":false},"product_brand":[],"product_cat":[1268,1211],"product_tag":[4515,4612,4552,1944,4556,4531,4544,4536,4604,4327,4600,4519,4596,1943,1942],"class_list":{"0":"post-22324","1":"product","2":"type-product","3":"status-publish","4":"has-post-thumbnail","6":"product_cat-enfriadores","7":"product_cat-refrigeracion","8":"product_tag-1-fase","9":"product_tag-a-base-de-disolvente","10":"product_tag-alto-punto-de-ebullicion","11":"product_tag-cf2-es","12":"product_tag-ebullicion-alta","13":"product_tag-enfriadores","14":"product_tag-fluido-de-transferencia-de-calor","15":"product_tag-fluidos-dielectricos-de-transferencia-termica","16":"product_tag-grabado-de-semiconductores","17":"product_tag-greenway","18":"product_tag-reciclable","19":"product_tag-refrigeracion-de-1-fase","20":"product_tag-refrigeracion-monofasica","21":"product_tag-thermasolv-es","22":"product_tag-thermasolv-cf2-es","23":"pa_application-semiconductor-ataque","24":"pa_brand-thermasolv-es-2","25":"pa_features-a-base-de-disolvente","26":"pa_features-greenway","27":"pa_features-punto-de-ebullicion-alto-90-c","28":"pa_features-reciclable","29":"pa_features-refrigeracion-monofasica","30":"pa_processes-enfriadores","31":"pa_product-category-fluidos-dielectricos-de-transferencia-termica","33":"first","34":"instock","35":"shipping-taxable","36":"product-type-simple"},"acf":[],"_links":{"self":[{"href":"https:\/\/www.inventec.dehon.com\/es\/wp-json\/wp\/v2\/product\/22324","targetHints":{"allow":["GET"]}}],"collection":[{"href":"https:\/\/www.inventec.dehon.com\/es\/wp-json\/wp\/v2\/product"}],"about":[{"href":"https:\/\/www.inventec.dehon.com\/es\/wp-json\/wp\/v2\/types\/product"}],"replies":[{"embeddable":true,"href":"https:\/\/www.inventec.dehon.com\/es\/wp-json\/wp\/v2\/comments?post=22324"}],"wp:featuredmedia":[{"embeddable":true,"href":"https:\/\/www.inventec.dehon.com\/es\/wp-json\/wp\/v2\/media\/15871"}],"wp:attachment":[{"href":"https:\/\/www.inventec.dehon.com\/es\/wp-json\/wp\/v2\/media?parent=22324"}],"wp:term":[{"taxonomy":"product_brand","embeddable":true,"href":"https:\/\/www.inventec.dehon.com\/es\/wp-json\/wp\/v2\/product_brand?post=22324"},{"taxonomy":"product_cat","embeddable":true,"href":"https:\/\/www.inventec.dehon.com\/es\/wp-json\/wp\/v2\/product_cat?post=22324"},{"taxonomy":"product_tag","embeddable":true,"href":"https:\/\/www.inventec.dehon.com\/es\/wp-json\/wp\/v2\/product_tag?post=22324"}],"curies":[{"name":"wp","href":"https:\/\/api.w.org\/{rel}","templated":true}]}}