{"id":21894,"date":"2024-06-20T08:21:37","date_gmt":"2024-06-20T08:21:37","guid":{"rendered":"https:\/\/www.inventec.dehon.com\/?post_type=product&#038;p=21894"},"modified":"2026-03-16T14:41:55","modified_gmt":"2026-03-16T13:41:55","slug":"topklean-mc-20b","status":"publish","type":"product","link":"https:\/\/www.inventec.dehon.com\/es\/product\/topklean-mc-20b\/","title":{"rendered":"TOPKLEAN MC 20B"},"content":{"rendered":"<p><img decoding=\"async\" src=\"https:\/\/www.inventec.dehon.com\/wp-content\/uploads\/2021\/03\/TOPKLEAN-canister-yellow-1-600x600.jpg\" alt=\"TOPKLEAN MC 20B\" class=\"responsive-img\" align=\"right\" style=\"border-radius:10px; margin-bottom:10px; margin-top:-10px; margin-left:15px; width:300px\" \/><\/p>\n<h2 style=\"color:#9bc947; margin-bottom:15px\">Fluido de limpieza por proceso con cosolvente<\/h2>\n<ul>\n<li>Eliminaci\u00f3n de aceite y grasa<\/li>\n<li>Proceso co-solvente<\/li>\n<li>Evoluci\u00f3n de Topklean MC 20A<\/li>\n<\/ul>\n<h5>TOPKLEAN MC 20B<\/h5>\n<p>Es una evoluci\u00f3n menor de <strong>TOPKLEAN MC 20A<\/strong> y est\u00e1 especialmente dise\u00f1ado para eliminar aceites y grasas de hidrocarburos de todos los metales y la mayor\u00eda de los pl\u00e1sticos. Tambi\u00e9n puede eliminar peque\u00f1as cantidades de aceites y minerales solubles en agua, pero es necesario evaluarlo. Adem\u00e1s, aporta un efecto brillante en aleaciones y metales sensibles.<\/p>\n<p>Se utiliza en el proceso de co-disolvente para ofrecer un proceso de limpieza r\u00e1pido y sostenible con una eficacia de limpieza muy alta . En este proceso, TOPKLEAN MC 20B se enjuaga perfectamente con disolventes de nuestra gama PROMOSOLV\u2122.<\/p>\n<p>El proceso co-disolvente ha cambiado las reglas del juego desde hace m\u00e1s de 15 a\u00f1os. Ha sido desarrollado para sustituir disolventes con un alto impacto HSE por una soluci\u00f3n m\u00e1s sostenible y con un rendimiento de limpieza igualmente fuerte. Destaca especialmente cuando se abordan piezas con espacios muy estrechos o de dif\u00edcil acceso. Por el contrario, un sistema de limpieza a base de agua conlleva el riesgo de que el producto qu\u00edmico de limpieza no se elimine adecuadamente debido a la tensi\u00f3n superficial significativamente mayor del agua.<\/p>\n<p><!-- SPECIFICATIONS Section --><\/p>\n<div style=\"font-weight:bold; text-transform:uppercase; border-bottom:2px solid #9DBB2F; padding-bottom:6px; margin-bottom:10px;\">\n  ESPECIFICACIONES\n<\/div>\n<table width=\"100%\" cellpadding=\"0\" cellspacing=\"0\" style=\"border-collapse:collapse; width:100%; max-width:100%;\">\n<tr>\n<th align=\"left\" style=\"background:#7A7A7A; color:#fff; padding:8px 12px; border:1px solid #BDBDBD;\">ESPECIFICACIONES<\/th>\n<th align=\"left\" style=\"background:#7A7A7A; color:#fff; padding:8px 12px; border:1px solid #BDBDBD;\">VALORES<\/th>\n<th align=\"left\" style=\"background:#7A7A7A; color:#fff; padding:8px 12px; border:1px solid #BDBDBD;\">M\u00c9TODOS<\/th>\n<\/tr>\n<tr>\n<td style=\"padding:8px 12px; border:1px solid #BDBDBD;\">Aspecto<\/td>\n<td style=\"padding:8px 12px; border:1px solid #BDBDBD;\">Transparente, incoloro<\/td>\n<td style=\"padding:8px 12px; border:1px solid #BDBDBD;\">Visual<\/td>\n<\/tr>\n<tr style=\"background:#E6E6E6;\">\n<td style=\"padding:8px 12px; border:1px solid #BDBDBD;\">Densidad (g\/ml a 20 \u00b0C)<\/td>\n<td style=\"padding:8px 12px; border:1px solid #BDBDBD;\">0.830 \u00b1 0.010<\/td>\n<td style=\"padding:8px 12px; border:1px solid #BDBDBD;\">BRY MO 028<\/td>\n<\/tr>\n<\/table>\n<p><!-- CHARACTERISTICS Section --><\/p>\n<div style=\"font-weight:bold; text-transform:uppercase; border-bottom:2px solid #9DBB2F; padding-bottom:6px; margin:30px 0 10px 0;\">\n  CARACTER\u00cdSTICAS\n<\/div>\n<table width=\"100%\" cellpadding=\"0\" cellspacing=\"0\" style=\"border-collapse:collapse; width:100%; max-width:100%;\">\n<tr>\n<th align=\"left\" style=\"background:#7A7A7A; color:#fff; padding:8px 12px; border:1px solid #BDBDBD;\">CARACTER\u00cdSTICAS<\/th>\n<th align=\"left\" style=\"background:#7A7A7A; color:#fff; padding:8px 12px; border:1px solid #BDBDBD;\">VALORES<\/th>\n<th align=\"left\" style=\"background:#7A7A7A; color:#fff; padding:8px 12px; border:1px solid #BDBDBD;\">M\u00c9TODOS<\/th>\n<\/tr>\n<tr>\n<td style=\"padding:8px 12px; border:1px solid #BDBDBD;\">Punto de ebullici\u00f3n (\u00b0C\/\u00b0F)<\/td>\n<td style=\"padding:8px 12px; border:1px solid #BDBDBD;\">&gt;170\u00b0C \/ &gt;338\u00b0F<\/td>\n<td style=\"padding:8px 12px; border:1px solid #BDBDBD;\">ASTM D1078<\/td>\n<\/tr>\n<tr style=\"background:#E6E6E6;\">\n<td style=\"padding:8px 12px; border:1px solid #BDBDBD;\">Punto de inflamaci\u00f3n (PMCC)<\/td>\n<td style=\"padding:8px 12px; border:1px solid #BDBDBD;\">65\u00b0C \/ 149\u00b0F<\/td>\n<td style=\"padding:8px 12px; border:1px solid #BDBDBD;\">ASTM D93<\/td>\n<\/tr>\n<tr>\n<td style=\"padding:8px 12px; border:1px solid #BDBDBD;\">Tensi\u00f3n superficial (dinas\/cm a 20\u00b0C)<\/td>\n<td style=\"padding:8px 12px; border:1px solid #BDBDBD;\">41<\/td>\n<td style=\"padding:8px 12px; border:1px solid #BDBDBD;\">ASTM D971<\/td>\n<\/tr>\n<tr style=\"background:#E6E6E6;\">\n<td style=\"padding:8px 12px; border:1px solid #BDBDBD;\">Miscibilidad en agua<\/td>\n<td style=\"padding:8px 12px; border:1px solid #BDBDBD;\">No miscible<\/td>\n<td style=\"padding:8px 12px; border:1px solid #BDBDBD;\">Interno<\/td>\n<\/tr>\n<tr>\n<td style=\"padding:8px 12px; border:1px solid #BDBDBD;\">Presencia de compuestos arom\u00e1ticos (% en peso)<\/td>\n<td style=\"padding:8px 12px; border:1px solid #BDBDBD;\">&lt;0.01%<\/td>\n<td style=\"padding:8px 12px; border:1px solid #BDBDBD;\">SMS 2728<\/td>\n<\/tr>\n<tr style=\"background:#E6E6E6;\">\n<td style=\"padding:8px 12px; border:1px solid #BDBDBD;\">Viscosidad (mm\u00b2\/s a 25\u00b0C)<\/td>\n<td style=\"padding:8px 12px; border:1px solid #BDBDBD;\">1,6<\/td>\n<td style=\"padding:8px 12px; border:1px solid #BDBDBD;\">ASTM D445<\/td>\n<\/tr>\n<\/table>\n","protected":false},"excerpt":{"rendered":"<ul>\n<li>Eliminaci\u00f3n de aceite y grasa<\/li>\n<li>Proceso co-solvente<\/li>\n<li>Evoluci\u00f3n de Topklean MC 20A<\/li>\n<\/ul>\n<p><a href=\"https:\/\/www.inventec.dehon.com\/wp-content\/uploads\/2023\/07\/GW-Score-47.png\"><img decoding=\"async\" class=\"alignnone size-full wp-image-15530\" src=\"https:\/\/www.inventec.dehon.com\/wp-content\/uploads\/2023\/07\/GW-Score-47.png\" alt=\"\" width=\"278\" height=\"236\" \/><\/a><\/p>\n","protected":false},"featured_media":2438,"comment_status":"closed","ping_status":"closed","template":"","meta":{"_acf_changed":false,"inline_featured_image":false},"product_brand":[],"product_cat":[2902,2901,616],"product_tag":[4283,4395,4323,4239,588,4186,2163,3951,2046],"class_list":{"0":"post-21894","1":"product","2":"type-product","3":"status-publish","4":"has-post-thumbnail","6":"product_cat-desengrase-de-diversos-componentes-metalicos","7":"product_cat-eliminacion-de-aceite-en-diversos-componentes-metalicos","8":"product_cat-limpieza","9":"product_tag-co-disolvente","10":"product_tag-eliminacion-de-aceite-es","11":"product_tag-eliminacion-de-grasa-es","12":"product_tag-fabricacion-aditiva-3","13":"product_tag-fluido","14":"product_tag-fluidos-de-limpieza-con-solvente","15":"product_tag-mc-es","16":"product_tag-mc-20b-es","17":"product_tag-topklean-es","18":"pa_application-eliminacion-de-aceites","19":"pa_application-eliminacion-de-grasas","20":"pa_application-soluciones-para-fabricacion-aditiva","21":"pa_brand-topklean-es-2","22":"pa_features-adecuado-para-hidrocarburos","23":"pa_product-category-fluidos-de-limpieza-con-solvente","25":"first","26":"instock","27":"shipping-taxable","28":"product-type-simple"},"acf":[],"_links":{"self":[{"href":"https:\/\/www.inventec.dehon.com\/es\/wp-json\/wp\/v2\/product\/21894","targetHints":{"allow":["GET"]}}],"collection":[{"href":"https:\/\/www.inventec.dehon.com\/es\/wp-json\/wp\/v2\/product"}],"about":[{"href":"https:\/\/www.inventec.dehon.com\/es\/wp-json\/wp\/v2\/types\/product"}],"replies":[{"embeddable":true,"href":"https:\/\/www.inventec.dehon.com\/es\/wp-json\/wp\/v2\/comments?post=21894"}],"wp:featuredmedia":[{"embeddable":true,"href":"https:\/\/www.inventec.dehon.com\/es\/wp-json\/wp\/v2\/media\/2438"}],"wp:attachment":[{"href":"https:\/\/www.inventec.dehon.com\/es\/wp-json\/wp\/v2\/media?parent=21894"}],"wp:term":[{"taxonomy":"product_brand","embeddable":true,"href":"https:\/\/www.inventec.dehon.com\/es\/wp-json\/wp\/v2\/product_brand?post=21894"},{"taxonomy":"product_cat","embeddable":true,"href":"https:\/\/www.inventec.dehon.com\/es\/wp-json\/wp\/v2\/product_cat?post=21894"},{"taxonomy":"product_tag","embeddable":true,"href":"https:\/\/www.inventec.dehon.com\/es\/wp-json\/wp\/v2\/product_tag?post=21894"}],"curies":[{"name":"wp","href":"https:\/\/api.w.org\/{rel}","templated":true}]}}