{"id":20819,"date":"2023-07-05T07:19:31","date_gmt":"2023-07-05T07:19:31","guid":{"rendered":"https:\/\/www.inventec.dehon.com\/?post_type=product&#038;p=20819"},"modified":"2026-03-16T14:37:28","modified_gmt":"2026-03-16T13:37:28","slug":"quicksolv-fides","status":"publish","type":"product","link":"https:\/\/www.inventec.dehon.com\/es\/product\/quicksolv-fides\/","title":{"rendered":"QUICKSOLV FIDES"},"content":{"rendered":"<p><img decoding=\"async\" src=\"https:\/\/www.inventec.dehon.com\/wp-content\/uploads\/2021\/05\/QUICKSOLV-drum-colorless-1-600x600.png\" alt=\"QUICKSOLV FIDES\" class=\"responsive-img\" align=\"right\" style=\"border-radius:10px; margin-bottom:10px; margin-top:-10px; margin-left:15px; width:300px\" \/><\/p>\n<h2 style=\"color:#9bc947; margin-bottom:15px\">Eliminador de aceites ligeros y polvo<\/h2>\n<ul>\n<li>Eliminaci\u00f3n de aceite y polvo en limpiezas dielectricas<\/li>\n<li>Utilizacion manual o en equipos de aspersion<\/li>\n<li>Seguro &#038; limpieza rapida bajo equipos en tension<\/li>\n<\/ul>\n<h5>QUICKSOLV FIDES<\/h5>\n<p>Ha sido desarrollado para limpiar cuadros el\u00e9ctricos bajo tensi\u00f3n en aquellas industrias que no pueden desconectar de la red el\u00e9ctrica sus instalaciones de producci\u00f3n para realizar una reparaci\u00f3n. Pensado para industrias intensivas en consumo el\u00e9ctrico, refiner\u00edas, siderurgias, azulejeras, Un fluido muy seguro no t\u00f3xico, no inflamable y t\u00e9rmicamente estable. Excelente compatibilidad con pl\u00e1sticos, elast\u00f3meros\u2026 lo que convierte al <strong>QUICKSOLV\u2122 FIDES<\/strong> en muy vers\u00e1til y eficiente.<\/p>\n<p>Su bajo GWP lo convierte en una excelente alternativa para reducir la huella de carbono.<\/p>\n<p><strong>QUICKSOLV\u2122 FIDES<\/strong> es un producto listo para su uso, no debe diluirse.<\/p>\n<p><!-- ESPECIFICACIONES Section --><\/p>\n<div style=\"font-weight:bold; text-transform:uppercase; border-bottom:2px solid #9DBB2F; padding-bottom:6px; margin-bottom:10px;\">\n  ESPECIFICACIONES\n<\/div>\n<table width=\"100%\" cellpadding=\"0\" cellspacing=\"0\" style=\"border-collapse:collapse; width:100%; max-width:100%;\">\n<tr>\n<th align=\"left\" style=\"background:#7A7A7A; color:#fff; padding:8px 12px; border:1px solid #BDBDBD;\">ESPECIFICACIONES<\/th>\n<th align=\"left\" style=\"background:#7A7A7A; color:#fff; padding:8px 12px; border:1px solid #BDBDBD;\">VALORES<\/th>\n<th align=\"left\" style=\"background:#7A7A7A; color:#fff; padding:8px 12px; border:1px solid #BDBDBD;\">M\u00c9TODOS<\/th>\n<\/tr>\n<tr>\n<td style=\"padding:8px 12px; border:1px solid #BDBDBD;\">Aspecto<\/td>\n<td style=\"padding:8px 12px; border:1px solid #BDBDBD;\">Incoloro, claro<\/td>\n<td style=\"padding:8px 12px; border:1px solid #BDBDBD;\">Visual<\/td>\n<\/tr>\n<tr style=\"background:#E6E6E6;\">\n<td style=\"padding:8px 12px; border:1px solid #BDBDBD;\">Pureza (%)<\/td>\n<td style=\"padding:8px 12px; border:1px solid #BDBDBD;\">&gt; 99,5<\/td>\n<td style=\"padding:8px 12px; border:1px solid #BDBDBD;\">MO.SB.10033<\/td>\n<\/tr>\n<\/table>\n<p><!-- CARACTER\u00cdSTICAS Section --><\/p>\n<div style=\"font-weight:bold; text-transform:uppercase; border-bottom:2px solid #9DBB2F; padding-bottom:6px; margin:30px 0 10px 0;\">\n  CARACTER\u00cdSTICAS\n<\/div>\n<table width=\"100%\" cellpadding=\"0\" cellspacing=\"0\" style=\"border-collapse:collapse; width:100%; max-width:100%;\">\n<tr>\n<th align=\"left\" style=\"background:#7A7A7A; color:#fff; padding:8px 12px; border:1px solid #BDBDBD;\">CARACTER\u00cdSTICAS<\/th>\n<th align=\"left\" style=\"background:#7A7A7A; color:#fff; padding:8px 12px; border:1px solid #BDBDBD;\">VALORES<\/th>\n<\/tr>\n<tr>\n<td style=\"padding:8px 12px; border:1px solid #BDBDBD;\">Punto de ebullici\u00f3n<\/td>\n<td style=\"padding:8px 12px; border:1px solid #BDBDBD;\">49\u00b0C\/120\u00b0F<\/td>\n<\/tr>\n<tr style=\"background:#E6E6E6;\">\n<td style=\"padding:8px 12px; border:1px solid #BDBDBD;\">Conductividad t\u00e9rmica (W\/m-K)<\/td>\n<td style=\"padding:8px 12px; border:1px solid #BDBDBD;\">0.059<\/td>\n<\/tr>\n<tr>\n<td style=\"padding:8px 12px; border:1px solid #BDBDBD;\">Punto de inflamaci\u00f3n<\/td>\n<td style=\"padding:8px 12px; border:1px solid #BDBDBD;\">No<\/td>\n<\/tr>\n<tr style=\"background:#E6E6E6;\">\n<td style=\"padding:8px 12px; border:1px solid #BDBDBD;\">Punto de fluidez<\/td>\n<td style=\"padding:8px 12px; border:1px solid #BDBDBD;\">-108\u00b0C\/-162\u00b0C<\/td>\n<\/tr>\n<tr>\n<td style=\"padding:8px 12px; border:1px solid #BDBDBD;\">Tensi\u00f3n superficial (dinas\/cm)<\/td>\n<td style=\"padding:8px 12px; border:1px solid #BDBDBD;\">10.8<\/td>\n<\/tr>\n<tr style=\"background:#E6E6E6;\">\n<td style=\"padding:8px 12px; border:1px solid #BDBDBD;\">Densidad (g\/cm\u00b3)<\/td>\n<td style=\"padding:8px 12px; border:1px solid #BDBDBD;\">1,6<\/td>\n<\/tr>\n<tr>\n<td style=\"padding:8px 12px; border:1px solid #BDBDBD;\">Calor espec\u00edfico (kJ\/kg.K)<\/td>\n<td style=\"padding:8px 12px; border:1px solid #BDBDBD;\">1,103<\/td>\n<\/tr>\n<tr style=\"background:#E6E6E6;\">\n<td style=\"padding:8px 12px; border:1px solid #BDBDBD;\">Calor de vaporizaci\u00f3n @punto de ebullici\u00f3n (kJ\/kg)<\/td>\n<td style=\"padding:8px 12px; border:1px solid #BDBDBD;\">88<\/td>\n<\/tr>\n<tr>\n<td style=\"padding:8px 12px; border:1px solid #BDBDBD;\">Presi\u00f3n de vapor (kPa)<\/td>\n<td style=\"padding:8px 12px; border:1px solid #BDBDBD;\">40<\/td>\n<\/tr>\n<tr style=\"background:#E6E6E6;\">\n<td style=\"padding:8px 12px; border:1px solid #BDBDBD;\">Solubilidad del agua en fluido (ppm peso)<\/td>\n<td style=\"padding:8px 12px; border:1px solid #BDBDBD;\">20<\/td>\n<\/tr>\n<tr>\n<td style=\"padding:8px 12px; border:1px solid #BDBDBD;\">Peso molecular (g\/mol)<\/td>\n<td style=\"padding:8px 12px; border:1px solid #BDBDBD;\">316<\/td>\n<\/tr>\n<tr style=\"background:#E6E6E6;\">\n<td style=\"padding:8px 12px; border:1px solid #BDBDBD;\">Temperatura cr\u00edtica<\/td>\n<td style=\"padding:8px 12px; border:1px solid #BDBDBD;\">169\u00b0C\/336\u00b0F<\/td>\n<\/tr>\n<tr>\n<td style=\"padding:8px 12px; border:1px solid #BDBDBD;\">Presi\u00f3n cr\u00edtica (MPa)<\/td>\n<td style=\"padding:8px 12px; border:1px solid #BDBDBD;\">1.88<\/td>\n<\/tr>\n<tr style=\"background:#E6E6E6;\">\n<td style=\"padding:8px 12px; border:1px solid #BDBDBD;\">Coeficiente de expansi\u00f3n (K\u207b\u00b9)<\/td>\n<td style=\"padding:8px 12px; border:1px solid #BDBDBD;\">0.0018<\/td>\n<\/tr>\n<tr>\n<td style=\"padding:8px 12px; border:1px solid #BDBDBD;\">Viscosidad cinem\u00e1tica (cSt)<\/td>\n<td style=\"padding:8px 12px; border:1px solid #BDBDBD;\">0.4<\/td>\n<\/tr>\n<tr style=\"background:#E6E6E6;\">\n<td style=\"padding:8px 12px; border:1px solid #BDBDBD;\">Viscosidad absoluta (cP)<\/td>\n<td style=\"padding:8px 12px; border:1px solid #BDBDBD;\">0.64<\/td>\n<\/tr>\n<tr>\n<td style=\"padding:8px 12px; border:1px solid #BDBDBD;\">Rango de rigidez diel\u00e9ctrica, brecha de 0,1\u00bb (kV)<\/td>\n<td style=\"padding:8px 12px; border:1px solid #BDBDBD;\">&gt;60<\/td>\n<\/tr>\n<tr style=\"background:#E6E6E6;\">\n<td style=\"padding:8px 12px; border:1px solid #BDBDBD;\">Constante diel\u00e9ctrica @ 1kHz<\/td>\n<td style=\"padding:8px 12px; border:1px solid #BDBDBD;\">1.8<\/td>\n<\/tr>\n<tr>\n<td style=\"padding:8px 12px; border:1px solid #BDBDBD;\">Resistividad de volumen (Ohm-cm)<\/td>\n<td style=\"padding:8px 12px; border:1px solid #BDBDBD;\">10<sup>12<\/sup><\/td>\n<\/tr>\n<\/table>\n","protected":false},"excerpt":{"rendered":"<ul>\n<li>Eliminacion de aceite y polvo en limpiezas dielectricas<\/li>\n<li>Utilizacion manual o en equipos de aspersion<\/li>\n<li>Seguro &#038; limpieza rapida bajo equipos en tension<\/li>\n<\/ul>\n<p><a href=\"https:\/\/www.inventec.dehon.com\/wp-content\/uploads\/2021\/04\/GW-Score-21.png\"><img decoding=\"async\" class=\"alignnone wp-image-15107\" src=\"https:\/\/www.inventec.dehon.com\/wp-content\/uploads\/2021\/04\/GW-Score-21.png\" alt=\"\" width=\"40\" height=\"34\" \/><\/a><\/p>\n","protected":false},"featured_media":3296,"comment_status":"closed","ping_status":"closed","template":"","meta":{"_acf_changed":false,"inline_featured_image":false},"product_brand":[],"product_cat":[2901,762,616,2897],"product_tag":[4395,4411,2462,588,4186,4327,2270,2461,4600],"class_list":{"0":"post-20819","1":"product","2":"type-product","3":"status-publish","4":"has-post-thumbnail","6":"industries-aerosistemas","7":"product_cat-eliminacion-de-aceite-en-diversos-componentes-metalicos","8":"product_cat-eliminacion-de-particulas","9":"product_cat-limpieza","10":"product_cat-limpieza-de-adhesivos-smt-para-electronica-y-semiconductores","11":"product_tag-eliminacion-de-aceite-es","12":"product_tag-eliminacion-de-particulas-es","13":"product_tag-fides-es","14":"product_tag-fluido","15":"product_tag-fluidos-de-limpieza-con-solvente","16":"product_tag-greenway","17":"product_tag-quicksolv-es","18":"product_tag-quicksolv-fides-es","19":"product_tag-reciclable","20":"pa_application-eliminacion-de-aceites","21":"pa_application-eliminacion-de-particulas","22":"pa_brand-quicksolv-es","23":"pa_features-adecuado-para-hidrocarburos","24":"pa_features-greenway","25":"pa_features-reciclable","26":"pa_processes-manual-es","27":"pa_product-category-fluidos-de-limpieza-con-solvente","29":"first","30":"instock","31":"shipping-taxable","32":"product-type-simple"},"acf":[],"_links":{"self":[{"href":"https:\/\/www.inventec.dehon.com\/es\/wp-json\/wp\/v2\/product\/20819","targetHints":{"allow":["GET"]}}],"collection":[{"href":"https:\/\/www.inventec.dehon.com\/es\/wp-json\/wp\/v2\/product"}],"about":[{"href":"https:\/\/www.inventec.dehon.com\/es\/wp-json\/wp\/v2\/types\/product"}],"replies":[{"embeddable":true,"href":"https:\/\/www.inventec.dehon.com\/es\/wp-json\/wp\/v2\/comments?post=20819"}],"wp:featuredmedia":[{"embeddable":true,"href":"https:\/\/www.inventec.dehon.com\/es\/wp-json\/wp\/v2\/media\/3296"}],"wp:attachment":[{"href":"https:\/\/www.inventec.dehon.com\/es\/wp-json\/wp\/v2\/media?parent=20819"}],"wp:term":[{"taxonomy":"product_brand","embeddable":true,"href":"https:\/\/www.inventec.dehon.com\/es\/wp-json\/wp\/v2\/product_brand?post=20819"},{"taxonomy":"product_cat","embeddable":true,"href":"https:\/\/www.inventec.dehon.com\/es\/wp-json\/wp\/v2\/product_cat?post=20819"},{"taxonomy":"product_tag","embeddable":true,"href":"https:\/\/www.inventec.dehon.com\/es\/wp-json\/wp\/v2\/product_tag?post=20819"}],"curies":[{"name":"wp","href":"https:\/\/api.w.org\/{rel}","templated":true}]}}