{"id":20743,"date":"2023-06-29T12:39:49","date_gmt":"2023-06-29T12:39:49","guid":{"rendered":"https:\/\/www.inventec.dehon.com\/?post_type=product&#038;p=20743"},"modified":"2026-03-16T14:33:30","modified_gmt":"2026-03-16T13:33:30","slug":"promoclean-tp-178","status":"publish","type":"product","link":"https:\/\/www.inventec.dehon.com\/es\/product\/promoclean-tp-178\/","title":{"rendered":"PROMOCLEAN TP 178"},"content":{"rendered":"<p><img decoding=\"async\" src=\"https:\/\/www.inventec.dehon.com\/wp-content\/uploads\/2021\/04\/PROMOCLEAN-canister-blue.png\" alt=\"PROMOCLEAN TP 178\" class=\"responsive-img\" align=\"right\" style=\"border-radius:10px; margin-bottom:10px; margin-top:-10px; margin-left:15px; width:300px\" \/><\/p>\n<h2 style=\"color:#9bc947; margin-bottom:15px\">Eliminaci\u00f3n de \u00f3xidos, residuos minerales y pulido l\u00edquido de diamante<\/h2>\n<ul>\n<li>Eliminaci\u00f3n de \u00f3xidos, residuos minerales y abrasivo l\u00edquido diamante<\/li>\n<li>Proceso de inmersi\u00f3n acuosa con ultrasonidos<\/li>\n<li>Sustituto de limpiadores a base de \u00e1cido fosf\u00f3rico<\/li>\n<\/ul>\n<h5>PROMOCLEAN TP 178<\/h5>\n<p>Ha sido formulado para la eliminaci\u00f3n de \u00f3xidos, residuos minerales y abrasivos diamantados resultante de los procesos de pulido en procesos de inmersi\u00f3n por ultrasonidos. Gracias a su pH \u00e1cido, permite eliminar los residuos minerales (calc\u00e1reos o huellas dactilares) &#038; los residuos diamantados de los abrasivos de pulido en la fabricaci\u00f3n de metal duro, herramientas de corte y carbono.<\/p>\n<p>El <strong>PROMOCLEAN TP 178<\/strong> Tambi\u00e9n se utiliza con otros metales como Inox, aleaciones f\u00e9rricas cobre, titanio y aluminio. Abrillanta el lat\u00f3n, aleaciones sensibles a los \u00e1cidos cl\u00e1sicos como el fosf\u00f3rico, sulf\u00farico, y n\u00edtrico. Tambi\u00e9n se utiliza con metales preciosos como oro &#038; plata.<\/p>\n<p>El <strong>PROMOCLEAN TP 178<\/strong> no contiene fosfatos y ayuda a limitar por tanto el fen\u00f3meno de eutrofizaci\u00f3n de los r\u00edos y la eliminaci\u00f3n de recursos naturales.<\/p>\n<div style=\"font-family:Lato; color:#333;\">\n<div style=\"font-weight:bold; border-bottom:2px solid #9DBB2F; padding-bottom:6px; margin-bottom:10px;\">\n    ESPECIFICACIONES\n  <\/div>\n<table width=\"100%\" cellpadding=\"0\" cellspacing=\"0\" style=\"border-collapse:collapse; width:100%; max-width:100%;\">\n<tr>\n<th align=\"left\" style=\"background:#7A7A7A; color:#fff; padding:8px 12px; border:1px solid #BDBDBD;\">\n        ESPECIFICACIONES\n      <\/th>\n<th align=\"left\" style=\"background:#7A7A7A; color:#fff; padding:8px 12px; border:1px solid #BDBDBD;\">\n        VALORES\n      <\/th>\n<th align=\"left\" style=\"background:#7A7A7A; color:#fff; padding:8px 12px; border:1px solid #BDBDBD;\">\n        M\u00c9TODOS\n      <\/th>\n<\/tr>\n<tr>\n<td style=\"padding:8px 12px; border:1px solid #BDBDBD;\">Aspecto<\/td>\n<td style=\"padding:8px 12px; border:1px solid #BDBDBD;\">L\u00edquido amarillo<\/td>\n<td style=\"padding:8px 12px; border:1px solid #BDBDBD;\">Visual<\/td>\n<\/tr>\n<tr style=\"background:#E6E6E6;\">\n<td style=\"padding:8px 12px; border:1px solid #BDBDBD;\">Densidad a 20 \u00b0C (g\/ml)<\/td>\n<td style=\"padding:8px 12px; border:1px solid #BDBDBD;\">1,06 \u00b1 0,01<\/td>\n<td style=\"padding:8px 12px; border:1px solid #BDBDBD;\">BRY-MO-028<\/td>\n<\/tr>\n<tr>\n<td style=\"padding:8px 12px; border:1px solid #BDBDBD;\">pH del producto puro<\/td>\n<td style=\"padding:8px 12px; border:1px solid #BDBDBD;\">2,1<\/td>\n<td style=\"padding:8px 12px; border:1px solid #BDBDBD;\">BRY-MO-011<\/td>\n<\/tr>\n<\/table>\n<\/div>\n<div style=\"font-family:Lato; color:#333; margin-top:30px;\">\n<div style=\"font-weight:bold; border-bottom:2px solid #9DBB2F; padding-bottom:6px; margin-bottom:10px;\">\n    CARACTER\u00cdSTICAS\n  <\/div>\n<table width=\"100%\" cellpadding=\"0\" cellspacing=\"0\" style=\"border-collapse:collapse; width:100%; max-width:100%;\">\n<tr>\n<th align=\"left\" style=\"background:#7A7A7A; color:#fff; padding:8px 12px; border:1px solid #BDBDBD;\">\n        CARACTER\u00cdSTICAS\n      <\/th>\n<th align=\"left\" style=\"background:#7A7A7A; color:#fff; padding:8px 12px; border:1px solid #BDBDBD;\">\n        VALORES\n      <\/th>\n<\/tr>\n<tr>\n<td style=\"padding:8px 12px; border:1px solid #BDBDBD;\">Tensi\u00f3n superficial al 1%<\/td>\n<td style=\"padding:8px 12px; border:1px solid #BDBDBD;\">28 Dinas \/cm2<\/td>\n<\/tr>\n<tr style=\"background:#E6E6E6;\">\n<td style=\"padding:8px 12px; border:1px solid #BDBDBD;\">Solubilidad en agua<\/td>\n<td style=\"padding:8px 12px; border:1px solid #BDBDBD;\">totalmente soluble<\/td>\n<\/tr>\n<\/table>\n<\/div>\n","protected":false},"excerpt":{"rendered":"<ul>\n<li>Eliminaci\u00f3n de \u00f3xidos, residuos minerales y abrasivo l\u00edquido diamante<\/li>\n<li>Proceso de inmersi\u00f3n acuosa con ultrasonidos<\/li>\n<li>Sustituto de limpiadores a base de \u00e1cido fosf\u00f3rico<\/li>\n<\/ul>\n<p><a href=\"https:\/\/www.inventec.dehon.com\/wp-content\/uploads\/2023\/06\/GW-Score-32.png\"><img decoding=\"async\" class=\"alignnone wp-image-15186\" src=\"https:\/\/www.inventec.dehon.com\/wp-content\/uploads\/2023\/06\/GW-Score-32.png\" alt=\"\" width=\"40\" height=\"34\" \/><\/a><\/p>\n","protected":false},"featured_media":2433,"comment_status":"closed","ping_status":"closed","template":"","meta":{"_acf_changed":false,"inline_featured_image":false},"product_brand":[],"product_cat":[698,2903,616],"product_tag":[2451,4808,4812,4419,4327,4259,4263,4255,4355,4403,2449,2068,2450,4471],"class_list":{"0":"post-20743","1":"product","2":"type-product","3":"status-publish","4":"has-post-thumbnail","6":"product_cat-decapado-y-desoxidacion","7":"product_cat-eliminacion-de-suspension-de-pulido-con-diamante","8":"product_cat-limpieza","9":"product_tag-178-es","10":"product_tag-eliminacion-de-minerales-es","11":"product_tag-eliminacion-de-oxidos-es","12":"product_tag-eliminacion-de-pasta-de-pulido-es","13":"product_tag-greenway","14":"product_tag-inmersion-acuosa","15":"product_tag-inmersion-acuosa-ultrasonica","16":"product_tag-liquidos-de-limpieza-acuosos","17":"product_tag-minerales-es","18":"product_tag-oxidos-es","19":"product_tag-promoclean-tp-178-es","20":"product_tag-tp-es","21":"product_tag-tp-178-es","22":"product_tag-ultrasonido","23":"pa_application-eliminacion-de-oxidos-y-minerales","24":"pa_application-eliminacion-de-pasta-de-pulido","25":"pa_brand-promoclean-es","26":"pa_features-greenway","27":"pa_processes-inmersion-ultrasonica-acuosa","28":"pa_product-category-fluidos-de-limpieza-acuosos","30":"first","31":"instock","32":"shipping-taxable","33":"product-type-simple"},"acf":[],"_links":{"self":[{"href":"https:\/\/www.inventec.dehon.com\/es\/wp-json\/wp\/v2\/product\/20743","targetHints":{"allow":["GET"]}}],"collection":[{"href":"https:\/\/www.inventec.dehon.com\/es\/wp-json\/wp\/v2\/product"}],"about":[{"href":"https:\/\/www.inventec.dehon.com\/es\/wp-json\/wp\/v2\/types\/product"}],"replies":[{"embeddable":true,"href":"https:\/\/www.inventec.dehon.com\/es\/wp-json\/wp\/v2\/comments?post=20743"}],"wp:featuredmedia":[{"embeddable":true,"href":"https:\/\/www.inventec.dehon.com\/es\/wp-json\/wp\/v2\/media\/2433"}],"wp:attachment":[{"href":"https:\/\/www.inventec.dehon.com\/es\/wp-json\/wp\/v2\/media?parent=20743"}],"wp:term":[{"taxonomy":"product_brand","embeddable":true,"href":"https:\/\/www.inventec.dehon.com\/es\/wp-json\/wp\/v2\/product_brand?post=20743"},{"taxonomy":"product_cat","embeddable":true,"href":"https:\/\/www.inventec.dehon.com\/es\/wp-json\/wp\/v2\/product_cat?post=20743"},{"taxonomy":"product_tag","embeddable":true,"href":"https:\/\/www.inventec.dehon.com\/es\/wp-json\/wp\/v2\/product_tag?post=20743"}],"curies":[{"name":"wp","href":"https:\/\/api.w.org\/{rel}","templated":true}]}}