{"id":20380,"date":"2023-06-27T07:29:23","date_gmt":"2023-06-27T07:29:23","guid":{"rendered":"https:\/\/www.inventec.dehon.com\/?post_type=product&#038;p=20380"},"modified":"2026-03-16T14:31:39","modified_gmt":"2026-03-16T13:31:39","slug":"promoclean-dewax","status":"publish","type":"product","link":"https:\/\/www.inventec.dehon.com\/es\/product\/promoclean-dewax\/","title":{"rendered":"PROMOCLEAN DEWAX+"},"content":{"rendered":"<p><img decoding=\"async\" src=\"https:\/\/www.inventec.dehon.com\/wp-content\/uploads\/2021\/04\/PROMOCLEAN-canister-blue.png\" alt=\"PROMOCLEAN DEWAX+\" class=\"responsive-img\" align=\"right\" style=\"border-radius:10px; margin-bottom:10px; margin-top:-10px; margin-left:15px; width:300px\" \/><\/p>\n<h2 style=\"color:#9bc947; margin-bottom:15px\">L\u00edquido de limpieza para cera<\/h2>\n<ul>\n<li>Eliminaci\u00f3n de ceras, \u00f3xidos ligeros y residuos minerales<\/li>\n<li>Proceso de inmersi\u00f3n acuosa con ultrasonidos<\/li>\n<li>Perfecta y sostenible separaci\u00f3n de fases<\/li>\n<\/ul>\n<h5>PROMOCLEAN DEWAX+<\/h5>\n<p>Est\u00e1 especialmente dise\u00f1ado para eliminar las ceras despu\u00e9s del tratamiento de la superficie, los \u00f3xidos ligeros y los residuos minerales (como la cal o las huellas dactilares). Es una alternativa m\u00e1s sostenible a los disolventes de cloruro. Debido a la capacidad de eliminar los \u00f3xidos, tambi\u00e9n es perfecto para limpiar antes del recubrimiento o del tratamiento de la superficie, como el PVD, pero es necesario confirmar la diluci\u00f3n y los par\u00e1metros de proceso adecuados. <\/p>\n<p>Se utiliza en un proceso de inmersi\u00f3n acuosa con ultrasonidos. Al tener un pH medianamente \u00e1cido, proporciona un excelente rendimiento de limpieza y puede utilizarse en la mayor\u00eda de los metales, como acero inoxidable, lat\u00f3n, aluminio, oro,  plata y otras aleaciones de hierro y cobre. Adem\u00e1s da un aspecto brillante a las superficies met\u00e1licas despu\u00e9s de la limpieza. <\/p>\n<p><strong>PROMOCLEAN DEWAX+<\/strong> es un producto concentrado a utilizar diluido con agua desionizada o con agua del grifo sin riesgo de que se formen dep\u00f3sitos de cal gracias a sus excelentes propiedades quelantes.  <\/p>\n<div style=\"font-family:Lato; color:#333;\">\n<div style=\"font-weight:bold; border-bottom:2px solid #9DBB2F; padding-bottom:6px; margin-bottom:10px;\">\n    ESPECIFICACIONES\n  <\/div>\n<table width=\"100%\" cellpadding=\"0\" cellspacing=\"0\" style=\"border-collapse:collapse; width:100%; max-width:100%;\">\n<tr>\n<th align=\"left\" style=\"background:#7A7A7A; color:#fff; padding:8px 12px; border:1px solid #BDBDBD;\">\n        Especificaciones\n      <\/th>\n<th align=\"left\" style=\"background:#7A7A7A; color:#fff; padding:8px 12px; border:1px solid #BDBDBD;\">\n        Valores\n      <\/th>\n<th align=\"left\" style=\"background:#7A7A7A; color:#fff; padding:8px 12px; border:1px solid #BDBDBD;\">\n        M\u00e9todos\n      <\/th>\n<\/tr>\n<tr>\n<td style=\"padding:8px 12px; border:1px solid #BDBDBD;\">Aspecto<\/td>\n<td style=\"padding:8px 12px; border:1px solid #BDBDBD;\">L\u00edquido amarillo oscuro<\/td>\n<td style=\"padding:8px 12px; border:1px solid #BDBDBD;\">Visual<\/td>\n<\/tr>\n<tr style=\"background:#E6E6E6;\">\n<td style=\"padding:8px 12px; border:1px solid #BDBDBD;\">Densidad a 20 \u00b0C (g\/ml)<\/td>\n<td style=\"padding:8px 12px; border:1px solid #BDBDBD;\">1,02 \u00b1 0,01<\/td>\n<td style=\"padding:8px 12px; border:1px solid #BDBDBD;\">BRY-MO 028<\/td>\n<\/tr>\n<tr>\n<td style=\"padding:8px 12px; border:1px solid #BDBDBD;\">pH del producto puro<\/td>\n<td style=\"padding:8px 12px; border:1px solid #BDBDBD;\">4,7 \u00b1 0,5<\/td>\n<td style=\"padding:8px 12px; border:1px solid #BDBDBD;\">BRY-MO 011<\/td>\n<\/tr>\n<tr style=\"background:#E6E6E6;\">\n<td style=\"padding:8px 12px; border:1px solid #BDBDBD;\">pH al 1%<\/td>\n<td style=\"padding:8px 12px; border:1px solid #BDBDBD;\">5,1 \u00b1 0,5<\/td>\n<td style=\"padding:8px 12px; border:1px solid #BDBDBD;\">BRY-MO 011<\/td>\n<\/tr>\n<\/table>\n<\/div>\n<div style=\"font-family:Lato; color:#333;\">\n<div style=\"font-weight:bold; border-bottom:2px solid #9DBB2F; padding-bottom:6px; margin:30px 0 10px;\">\n    CARACTER\u00cdSTICAS\n  <\/div>\n<table width=\"100%\" cellpadding=\"0\" cellspacing=\"0\" style=\"border-collapse:collapse; width:100%; max-width:100%;\">\n<tr>\n<th align=\"left\" style=\"background:#7A7A7A; color:#fff; padding:8px 12px; border:1px solid #BDBDBD;\">\n        Caracter\u00edsticas\n      <\/th>\n<th align=\"left\" style=\"background:#7A7A7A; color:#fff; padding:8px 12px; border:1px solid #BDBDBD;\">\n        Valores\n      <\/th>\n<\/tr>\n<tr>\n<td style=\"padding:8px 12px; border:1px solid #BDBDBD;\">Tensi\u00f3n superficial al 1%<\/td>\n<td style=\"padding:8px 12px; border:1px solid #BDBDBD;\">29 Dinas\/cm\u00b2<\/td>\n<\/tr>\n<tr style=\"background:#E6E6E6;\">\n<td style=\"padding:8px 12px; border:1px solid #BDBDBD;\">Solubilidad en agua<\/td>\n<td style=\"padding:8px 12px; border:1px solid #BDBDBD;\">Totalmente soluble<\/td>\n<\/tr>\n<\/table>\n<\/div>\n","protected":false},"excerpt":{"rendered":"<ul>\n<li>Eliminaci\u00f3n de ceras, \u00f3xidos ligeros y residuos minerales<\/li>\n<li>Proceso de inmersi\u00f3n acuosa con ultrasonidos<\/li>\n<li>Perfecta y sostenible separaci\u00f3n de fases<\/li>\n<\/ul>\n<p><a href=\"https:\/\/www.inventec.dehon.com\/wp-content\/uploads\/2023\/06\/GW-Score-25.png\"><img decoding=\"async\" class=\"alignnone wp-image-14947\" src=\"https:\/\/www.inventec.dehon.com\/wp-content\/uploads\/2023\/06\/GW-Score-25.png\" alt=\"\" width=\"40\" height=\"34\" \/><\/a><\/p>\n","protected":false},"featured_media":2433,"comment_status":"closed","ping_status":"closed","template":"","meta":{"_acf_changed":false,"inline_featured_image":false},"product_brand":[],"product_cat":[698,616,2906],"product_tag":[4824,4483,2376,2377,4487,4808,4812,4419,4327,4259,4263,4255,4355,4403,2011,2374,4471],"class_list":{"0":"post-20380","1":"product","2":"type-product","3":"status-publish","4":"has-post-thumbnail","6":"product_cat-decapado-y-desoxidacion","7":"product_cat-limpieza","8":"product_cat-proceso-de-eliminacion-de-cera","9":"product_tag-a-base-de-agua","10":"product_tag-cera-es","11":"product_tag-dewax-es-2","12":"product_tag-dewax-plus-es","13":"product_tag-eliminacion-de-cera-es","14":"product_tag-eliminacion-de-minerales-es","15":"product_tag-eliminacion-de-oxidos-es","16":"product_tag-eliminacion-de-pasta-de-pulido-es","17":"product_tag-greenway","18":"product_tag-inmersion-acuosa","19":"product_tag-inmersion-acuosa-ultrasonica","20":"product_tag-liquidos-de-limpieza-acuosos","21":"product_tag-minerales-es","22":"product_tag-oxidos-es","23":"product_tag-promoclean-es","24":"product_tag-promoclean-dewax-es","25":"product_tag-ultrasonido","26":"pa_application-eliminacion-de-cera","27":"pa_application-eliminacion-de-oxidos-y-minerales","28":"pa_application-eliminacion-de-pasta-de-pulido","29":"pa_brand-promoclean-es","30":"pa_features-adecuado-para-base-acuosa","31":"pa_features-greenway","32":"pa_processes-inmersion-ultrasonica-acuosa","33":"pa_product-category-fluidos-de-limpieza-acuosos","35":"first","36":"instock","37":"shipping-taxable","38":"product-type-simple"},"acf":[],"_links":{"self":[{"href":"https:\/\/www.inventec.dehon.com\/es\/wp-json\/wp\/v2\/product\/20380","targetHints":{"allow":["GET"]}}],"collection":[{"href":"https:\/\/www.inventec.dehon.com\/es\/wp-json\/wp\/v2\/product"}],"about":[{"href":"https:\/\/www.inventec.dehon.com\/es\/wp-json\/wp\/v2\/types\/product"}],"replies":[{"embeddable":true,"href":"https:\/\/www.inventec.dehon.com\/es\/wp-json\/wp\/v2\/comments?post=20380"}],"wp:featuredmedia":[{"embeddable":true,"href":"https:\/\/www.inventec.dehon.com\/es\/wp-json\/wp\/v2\/media\/2433"}],"wp:attachment":[{"href":"https:\/\/www.inventec.dehon.com\/es\/wp-json\/wp\/v2\/media?parent=20380"}],"wp:term":[{"taxonomy":"product_brand","embeddable":true,"href":"https:\/\/www.inventec.dehon.com\/es\/wp-json\/wp\/v2\/product_brand?post=20380"},{"taxonomy":"product_cat","embeddable":true,"href":"https:\/\/www.inventec.dehon.com\/es\/wp-json\/wp\/v2\/product_cat?post=20380"},{"taxonomy":"product_tag","embeddable":true,"href":"https:\/\/www.inventec.dehon.com\/es\/wp-json\/wp\/v2\/product_tag?post=20380"}],"curies":[{"name":"wp","href":"https:\/\/api.w.org\/{rel}","templated":true}]}}