{"id":20310,"date":"2023-06-22T11:59:49","date_gmt":"2023-06-22T11:59:49","guid":{"rendered":"https:\/\/www.inventec.dehon.com\/?post_type=product&#038;p=20310"},"modified":"2026-03-16T14:30:33","modified_gmt":"2026-03-16T13:30:33","slug":"m-aero","status":"publish","type":"product","link":"https:\/\/www.inventec.dehon.com\/es\/product\/m-aero\/","title":{"rendered":"M-AERO"},"content":{"rendered":"<p><img decoding=\"async\" src=\"https:\/\/www.inventec.dehon.com\/wp-content\/uploads\/2023\/06\/M-AERO-canister-blue-1-600x600.jpg\" alt=\"M-AERO\" class=\"responsive-img\" align=\"right\" style=\"border-radius:10px; margin-bottom:10px; margin-top:-10px; margin-left:15px; width:300px\" \/><\/p>\n<h2 style=\"color:#9bc947; margin-bottom:15px\">Limpiador sostenible<\/h2>\n<ul>\n<li>Eliminaci\u00f3n de aceites en metales<\/li>\n<li>Procesos de espray, lavado y chorro por inmersi\u00f3n<\/li>\n<li>Apto para operaciones de pruebas de penetraci\u00f3n<\/li>\n<\/ul>\n<h5>M-AERO<\/h5>\n<p>Est\u00e1 especialmente dise\u00f1ado para la eliminaci\u00f3n de todo tipo de aceites. Gracias a sus excelentes propiedades antiespumantes est\u00e1 indicado para procesos acuosos con espray, lavado o de chorro por inmersi\u00f3n. Su baja alcalinidad lo hace compatible con la mayor\u00eda de los metales utilizados en la industria aeron\u00e1utica. Es un producto concentrado que se utiliza diluido con agua del grifo o agua DI. <\/p>\n<p><strong>M-AERO<\/strong> es especialmente adecuado para las operaciones de pruebas de penetraci\u00f3n.<\/p>\n<p><!-- ESPECIFICACIONES Section --><\/p>\n<div style=\"font-weight:bold; text-transform:uppercase; border-bottom:2px solid #9DBB2F; padding-bottom:6px; margin-bottom:10px;\">\n  ESPECIFICACIONES\n<\/div>\n<table width=\"100%\" cellpadding=\"0\" cellspacing=\"0\" style=\"border-collapse:collapse; width:100%; max-width:100%;\">\n<tr>\n<th align=\"left\" style=\"background:#7A7A7A; color:#fff; padding:8px 12px; border:1px solid #BDBDBD;\">ESPECIFICACIONES<\/th>\n<th align=\"left\" style=\"background:#7A7A7A; color:#fff; padding:8px 12px; border:1px solid #BDBDBD;\">VALORES<\/th>\n<\/tr>\n<tr>\n<td style=\"padding:8px 12px; border:1px solid #BDBDBD;\">Aspecto<\/td>\n<td style=\"padding:8px 12px; border:1px solid #BDBDBD;\">Amarillo p\u00e1lido<\/td>\n<\/tr>\n<tr style=\"background:#E6E6E6;\">\n<td style=\"padding:8px 12px; border:1px solid #BDBDBD;\">Densidad a 20 \u00b0C (g\/ml)<\/td>\n<td style=\"padding:8px 12px; border:1px solid #BDBDBD;\">1,05 \u00b1 0,02<\/td>\n<\/tr>\n<tr>\n<td style=\"padding:8px 12px; border:1px solid #BDBDBD;\">pH del producto puro<\/td>\n<td style=\"padding:8px 12px; border:1px solid #BDBDBD;\">11,75 \u00b1 0,25<\/td>\n<\/tr>\n<\/table>\n<p><!-- CARACTER\u00cdSTICAS Section --><\/p>\n<div style=\"font-weight:bold; text-transform:uppercase; border-bottom:2px solid #9DBB2F; padding-bottom:6px; margin:30px 0 10px 0;\">\n  CARACTER\u00cdSTICAS\n<\/div>\n<table width=\"100%\" cellpadding=\"0\" cellspacing=\"0\" style=\"border-collapse:collapse; width:100%; max-width:100%;\">\n<tr>\n<th align=\"left\" style=\"background:#7A7A7A; color:#fff; padding:8px 12px; border:1px solid #BDBDBD;\">CARACTER\u00cdSTICAS<\/th>\n<th align=\"left\" style=\"background:#7A7A7A; color:#fff; padding:8px 12px; border:1px solid #BDBDBD;\">VALORES<\/th>\n<\/tr>\n<tr>\n<td style=\"padding:8px 12px; border:1px solid #BDBDBD;\">pH al 1 %<\/td>\n<td style=\"padding:8px 12px; border:1px solid #BDBDBD;\">10,8<\/td>\n<\/tr>\n<tr style=\"background:#E6E6E6;\">\n<td style=\"padding:8px 12px; border:1px solid #BDBDBD;\">Solubilidad en agua<\/td>\n<td style=\"padding:8px 12px; border:1px solid #BDBDBD;\">Totalmente soluble<\/td>\n<\/tr>\n<tr>\n<td style=\"padding:8px 12px; border:1px solid #BDBDBD;\">\u00cdndice de refracci\u00f3n 20 \u00b0C<\/td>\n<td style=\"padding:8px 12px; border:1px solid #BDBDBD;\">1,38<\/td>\n<\/tr>\n<tr style=\"background:#E6E6E6;\">\n<td style=\"padding:8px 12px; border:1px solid #BDBDBD;\">Tensi\u00f3n superficial al 1 % (dinas\/cm)<\/td>\n<td style=\"padding:8px 12px; border:1px solid #BDBDBD;\">27<\/td>\n<\/tr>\n<\/table>\n","protected":false},"excerpt":{"rendered":"<ul>\n<li>Eliminaci\u00f3n de aceites en metales<\/li>\n<li>Procesos de espray, lavado y chorro por inmersi\u00f3n<\/li>\n<li>Apto para operaciones de pruebas de penetraci\u00f3n<\/li>\n<\/ul>\n<p><a href=\"https:\/\/www.inventec.dehon.com\/wp-content\/uploads\/2023\/06\/GW-Score-26.png\"><img decoding=\"async\" class=\"alignnone wp-image-14922\" src=\"https:\/\/www.inventec.dehon.com\/wp-content\/uploads\/2023\/06\/GW-Score-26.png\" alt=\"\" width=\"40\" height=\"34\" \/><\/a><\/p>\n","protected":false},"featured_media":14999,"comment_status":"closed","ping_status":"closed","template":"","meta":{"_acf_changed":false,"inline_featured_image":false},"product_brand":[],"product_cat":[2901,616],"product_tag":[2346,4800,4395,4796,4327,4259,4788,4263,4255,2345,4455,4267,4471],"class_list":{"0":"post-20310","1":"product","2":"type-product","3":"status-publish","4":"has-post-thumbnail","6":"industries-aeroespacial-y-defensa","7":"industries-motores","8":"industries-sistemas-de-aterrizaje","9":"industries-tren-motriz","10":"product_cat-eliminacion-de-aceite-en-diversos-componentes-metalicos","11":"product_cat-limpieza","12":"product_tag-aero-es","13":"product_tag-chorro-de-inmersion","14":"product_tag-eliminacion-de-aceite-es","15":"product_tag-enjuague","16":"product_tag-greenway","17":"product_tag-inmersion-acuosa","18":"product_tag-inmersion-acuosa-por-chorro","19":"product_tag-inmersion-acuosa-ultrasonica","20":"product_tag-liquidos-de-limpieza-acuosos","21":"product_tag-m-aero-es","22":"product_tag-spray","23":"product_tag-spray-acuoso","24":"product_tag-ultrasonido","25":"pa_application-eliminacion-de-aceites","26":"pa_brand-m-aero-es-2","27":"pa_features-greenway","28":"pa_processes-chorro-por-inmersion-acuosa","29":"pa_processes-enjuagando","30":"pa_processes-inmersion-ultrasonica-acuosa","31":"pa_processes-spray-a-base-de-agua","32":"pa_product-category-fluidos-de-limpieza-acuosos","34":"first","35":"instock","36":"shipping-taxable","37":"product-type-simple"},"acf":[],"_links":{"self":[{"href":"https:\/\/www.inventec.dehon.com\/es\/wp-json\/wp\/v2\/product\/20310","targetHints":{"allow":["GET"]}}],"collection":[{"href":"https:\/\/www.inventec.dehon.com\/es\/wp-json\/wp\/v2\/product"}],"about":[{"href":"https:\/\/www.inventec.dehon.com\/es\/wp-json\/wp\/v2\/types\/product"}],"replies":[{"embeddable":true,"href":"https:\/\/www.inventec.dehon.com\/es\/wp-json\/wp\/v2\/comments?post=20310"}],"wp:featuredmedia":[{"embeddable":true,"href":"https:\/\/www.inventec.dehon.com\/es\/wp-json\/wp\/v2\/media\/14999"}],"wp:attachment":[{"href":"https:\/\/www.inventec.dehon.com\/es\/wp-json\/wp\/v2\/media?parent=20310"}],"wp:term":[{"taxonomy":"product_brand","embeddable":true,"href":"https:\/\/www.inventec.dehon.com\/es\/wp-json\/wp\/v2\/product_brand?post=20310"},{"taxonomy":"product_cat","embeddable":true,"href":"https:\/\/www.inventec.dehon.com\/es\/wp-json\/wp\/v2\/product_cat?post=20310"},{"taxonomy":"product_tag","embeddable":true,"href":"https:\/\/www.inventec.dehon.com\/es\/wp-json\/wp\/v2\/product_tag?post=20310"}],"curies":[{"name":"wp","href":"https:\/\/api.w.org\/{rel}","templated":true}]}}