{"id":19907,"date":"2023-06-22T12:00:03","date_gmt":"2023-06-22T12:00:03","guid":{"rendered":"https:\/\/www.inventec.dehon.com\/?post_type=product&#038;p=19907"},"modified":"2026-01-29T10:49:46","modified_gmt":"2026-01-29T09:49:46","slug":"promosolv-neo-b2","status":"publish","type":"product","link":"https:\/\/www.inventec.dehon.com\/es\/product\/promosolv-neo-b2\/","title":{"rendered":"PROMOSOLV NEO B2"},"content":{"rendered":"<p><img decoding=\"async\" src=\"https:\/\/www.inventec.dehon.com\/wp-content\/uploads\/2021\/03\/PROMOSOLV-drum-colorless-Ecoprog-600x600.png\" alt=\"PROMOSOLV NEO B2\" class=\"responsive-img\" align=\"right\" style=\"border-radius:10px; margin-bottom:10px; margin-top:-10px; margin-left:15px; width:300px\" \/><\/p>\n<h2 style=\"color:#9bc947; margin-bottom:15px\">Limpiador sostenible<\/h2>\n<ul>\n<li>Eliminaci\u00f3n de una amplia gama de contaminantes<\/li>\n<li>Proceso en fase vapor<\/li>\n<li>Ultra bajo GWP<\/li>\n<li>Reemplazo de 3M Novec 73DE<\/li>\n<\/ul>\n<h5>PROMOSOLV NEO B2<\/h5>\n<p>Se ha desarrollado como sustituto directo del tricloroetileno, NPB y otros disolventes con un alto impacto en la salud, la seguridad y el medio ambiente. Al tiempo que se reduce sustancialmente el impacto HSE, el poder desengrasante se sit\u00faa en un nivel equivalente. La muy baja tensi\u00f3n superficial permite penetrar espacios muy estrechos o de dif\u00edcil acceso, proporcionando una limpieza y enjuague profundo.<\/p>\n<p>El nuevo desarrollo de la gama <strong>PROMOSOLV NEO<\/strong> contiene productos con muy bajo o ning\u00fan GWP y tiempo de vida en la atm\u00f3sfera reduciendo el impacto sobre el efecto invernadero. Tambi\u00e9n se ha mejorado el poder de disoluci\u00f3n, lo que contribuye a un rendimiento de limpieza a\u00fan mejor y m\u00e1s r\u00e1pido.<\/p>\n<p>Est\u00e1 dedicado a eliminar la mayor\u00eda de aceites y grasas, con excepci\u00f3n de los lubricantes a base de agua. Adem\u00e1s, es adecuado para eliminar ceras y part\u00edculas. Dependiendo de la naturaleza de los materiales polimerizados, tambi\u00e9n podr\u00edan eliminarse algunos barnices, adhesivos, tintas y pinturas.<\/p>\n<p><strong>PROMOSOLV NEO B2<\/strong> es un reemplazo directo para 3M Novec 73DE, que est\u00e1 programado para ser eliminado voluntariamente a finales de 2025. Haga clic en el enlace para m\u00e1s informaci\u00f3n sobre el anuncio de la <a href=\"https:\/\/www.inventec.dehon.com\/es\/elimine-gradualmente-los-disolventes-3m\/\">eliminaci\u00f3n de 3M Novec<\/a>.<\/p>\n<p><!-- SPECIFICATIONS Section --><\/p>\n<div style=\"font-weight:bold; text-transform:uppercase; border-bottom:2px solid #9DBB2F; padding-bottom:6px; margin-bottom:10px;\">\n  ESPECIFICACIONES\n<\/div>\n<table width=\"100%\" cellpadding=\"0\" cellspacing=\"0\" style=\"border-collapse:collapse; width:100%; max-width:100%;\">\n<tr>\n<th align=\"left\" style=\"background:#7A7A7A; color:#fff; padding:8px 12px; border:1px solid #BDBDBD;\">ESPECIFICACIONES<\/th>\n<th align=\"left\" style=\"background:#7A7A7A; color:#fff; padding:8px 12px; border:1px solid #BDBDBD;\">VALORES<\/th>\n<th align=\"left\" style=\"background:#7A7A7A; color:#fff; padding:8px 12px; border:1px solid #BDBDBD;\">M\u00c9TODOS<\/th>\n<\/tr>\n<tr>\n<td style=\"padding:8px 12px; border:1px solid #BDBDBD;\">Aspecto<\/td>\n<td style=\"padding:8px 12px; border:1px solid #BDBDBD;\">Transparente, incoloro<\/td>\n<td style=\"padding:8px 12px; border:1px solid #BDBDBD;\">Visual<\/td>\n<\/tr>\n<tr style=\"background:#E6E6E6;\">\n<td style=\"padding:8px 12px; border:1px solid #BDBDBD;\">Mezcla fluorada<\/td>\n<td style=\"padding:8px 12px; border:1px solid #BDBDBD;\">&gt;10%<\/td>\n<td style=\"padding:8px 12px; border:1px solid #BDBDBD;\">Interno \/ MO.SB.10033<\/td>\n<\/tr>\n<tr>\n<td style=\"padding:8px 12px; border:1px solid #BDBDBD;\">1,2- Transdicloroetileno<\/td>\n<td style=\"padding:8px 12px; border:1px solid #BDBDBD;\">&gt;70%<\/td>\n<td style=\"padding:8px 12px; border:1px solid #BDBDBD;\">Interno \/ MO.SB.10033<\/td>\n<\/tr>\n<\/table>\n<p><!-- CHARACTERISTICS Section --><\/p>\n<div style=\"font-weight:bold; text-transform:uppercase; border-bottom:2px solid #9DBB2F; padding-bottom:6px; margin:30px 0 10px 0;\">\n  CARACTER\u00cdSTICAS\n<\/div>\n<table width=\"100%\" cellpadding=\"0\" cellspacing=\"0\" style=\"border-collapse:collapse; width:100%; max-width:100%;\">\n<tr>\n<th align=\"left\" style=\"background:#7A7A7A; color:#fff; padding:8px 12px; border:1px solid #BDBDBD;\">CARACTER\u00cdSTICAS<\/th>\n<th align=\"left\" style=\"background:#7A7A7A; color:#fff; padding:8px 12px; border:1px solid #BDBDBD;\">VALORES<\/th>\n<\/tr>\n<tr>\n<td style=\"padding:8px 12px; border:1px solid #BDBDBD;\">Punto de ebullici\u00f3n (\u00b0C\/\u00b0F)<\/td>\n<td style=\"padding:8px 12px; border:1px solid #BDBDBD;\">43\u00b0C \/ 109\u00b0F<\/td>\n<\/tr>\n<tr style=\"background:#E6E6E6;\">\n<td style=\"padding:8px 12px; border:1px solid #BDBDBD;\">Tensi\u00f3n superficial (dinas\/cm)<\/td>\n<td style=\"padding:8px 12px; border:1px solid #BDBDBD;\">13,6<\/td>\n<\/tr>\n<tr>\n<td style=\"padding:8px 12px; border:1px solid #BDBDBD;\">Punto de inflamabilidad<\/td>\n<td style=\"padding:8px 12px; border:1px solid #BDBDBD;\">Ninguno<\/td>\n<\/tr>\n<tr style=\"background:#E6E6E6;\">\n<td style=\"padding:8px 12px; border:1px solid #BDBDBD;\">Densidad (g\/cm3)<\/td>\n<td style=\"padding:8px 12px; border:1px solid #BDBDBD;\">1,3<\/td>\n<\/tr>\n<tr>\n<td style=\"padding:8px 12px; border:1px solid #BDBDBD;\">Pureza (% peso)<\/td>\n<td style=\"padding:8px 12px; border:1px solid #BDBDBD;\">&gt;99,0<\/td>\n<\/tr>\n<tr style=\"background:#E6E6E6;\">\n<td style=\"padding:8px 12px; border:1px solid #BDBDBD;\">PCA<\/td>\n<td style=\"padding:8px 12px; border:1px solid #BDBDBD;\">29<\/td>\n<\/tr>\n<\/table>\n","protected":false},"excerpt":{"rendered":"<ul>\n<li>Eliminaci\u00f3n de una amplia gama de contaminantes<\/li>\n<li>Proceso en fase vapor<\/li>\n<li>Alta capacidad de limpieza<\/li>\n<li>Ultra bajo GWP: 29<\/li>\n<li>Reemplazo de 3M Novec 73DE<\/li>\n<\/ul>\n<p><a href=\"https:\/\/www.inventec.dehon.com\/wp-content\/uploads\/2023\/06\/GW-Score-36.png\"><img decoding=\"async\" class=\"alignnone size-full wp-image-15225\" src=\"https:\/\/www.inventec.dehon.com\/wp-content\/uploads\/2023\/06\/GW-Score-36.png\" alt=\"GW Score 36\" width=\"278\" height=\"236\" \/><\/a><\/p>\n","protected":false},"featured_media":2278,"comment_status":"closed","ping_status":"closed","template":"","meta":{"_acf_changed":false,"inline_featured_image":false},"product_brand":[],"product_cat":[616],"product_tag":[2359,5415,4395,4323,4411,4419,4749,4753,4769,588,4186,4467,4371,2318,2358,4423,1829,2357,4600,4431],"class_list":{"0":"post-19907","1":"product","2":"type-product","3":"status-publish","4":"has-post-thumbnail","6":"product_cat-limpieza","7":"product_tag-b2-es","8":"product_tag-desengrasado","9":"product_tag-eliminacion-de-aceite-es","10":"product_tag-eliminacion-de-grasa-es","11":"product_tag-eliminacion-de-particulas-es","12":"product_tag-eliminacion-de-pasta-de-pulido-es","13":"product_tag-eliminacion-de-polimeros-es","14":"product_tag-eliminacion-de-resinas-2","15":"product_tag-fase-de-vapor","16":"product_tag-fluido","17":"product_tag-fluidos-de-limpieza-con-solvente","18":"product_tag-gwp-ultrabajo","19":"product_tag-mono-disolvente","20":"product_tag-neo-es","21":"product_tag-neo-b2-es","22":"product_tag-polimero","23":"product_tag-promosolv-es","24":"product_tag-promosolv-neo-b2-es","25":"product_tag-reciclable","26":"product_tag-resinas-es","27":"pa_application-eliminacion-de-aceites","28":"pa_application-eliminacion-de-grasas","29":"pa_application-eliminacion-de-particulas","30":"pa_application-eliminacion-de-pasta-de-pulido","31":"pa_application-eliminacion-de-polimeros-y-resinas","32":"pa_brand-promosolv-es-2","33":"pa_features-adecuado-para-hidrocarburos","34":"pa_features-reciclable","35":"pa_features-ultra-bajo-pca","36":"pa_processes-mono-solvente","37":"pa_product-category-fluidos-de-limpieza-con-solvente","39":"first","40":"instock","41":"shipping-taxable","42":"product-type-simple"},"acf":[],"_links":{"self":[{"href":"https:\/\/www.inventec.dehon.com\/es\/wp-json\/wp\/v2\/product\/19907","targetHints":{"allow":["GET"]}}],"collection":[{"href":"https:\/\/www.inventec.dehon.com\/es\/wp-json\/wp\/v2\/product"}],"about":[{"href":"https:\/\/www.inventec.dehon.com\/es\/wp-json\/wp\/v2\/types\/product"}],"replies":[{"embeddable":true,"href":"https:\/\/www.inventec.dehon.com\/es\/wp-json\/wp\/v2\/comments?post=19907"}],"wp:featuredmedia":[{"embeddable":true,"href":"https:\/\/www.inventec.dehon.com\/es\/wp-json\/wp\/v2\/media\/2278"}],"wp:attachment":[{"href":"https:\/\/www.inventec.dehon.com\/es\/wp-json\/wp\/v2\/media?parent=19907"}],"wp:term":[{"taxonomy":"product_brand","embeddable":true,"href":"https:\/\/www.inventec.dehon.com\/es\/wp-json\/wp\/v2\/product_brand?post=19907"},{"taxonomy":"product_cat","embeddable":true,"href":"https:\/\/www.inventec.dehon.com\/es\/wp-json\/wp\/v2\/product_cat?post=19907"},{"taxonomy":"product_tag","embeddable":true,"href":"https:\/\/www.inventec.dehon.com\/es\/wp-json\/wp\/v2\/product_tag?post=19907"}],"curies":[{"name":"wp","href":"https:\/\/api.w.org\/{rel}","templated":true}]}}